{"id":21118,"date":"2020-05-08T11:30:56","date_gmt":"2020-05-08T09:30:56","guid":{"rendered":"https:\/\/montemedio.com\/?page_id=21118"},"modified":"2022-12-09T11:42:53","modified_gmt":"2022-12-09T10:42:53","slug":"annecy-activities","status":"publish","type":"page","link":"https:\/\/montemedio.com\/en\/","title":{"rendered":"Annecy activities by Mont\u00e9 M\u00e9dio"},"content":{"rendered":"<div id=\"pl-21118\"  class=\"panel-layout\" ><div id=\"pg-21118-0\"  class=\"panel-grid panel-no-style\" ><div id=\"pgc-21118-0-0\"  class=\"panel-grid-cell\" ><div id=\"panel-21118-0-0-0\" class=\"so-panel widget widget_media_video panel-first-child panel-last-child\" data-index=\"0\" ><div style=\"width:100%;\" class=\"wp-video\"><video class=\"wp-video-shortcode\" id=\"video-21118-1\" preload=\"metadata\" controls=\"controls\"><source type=\"video\/youtube\" src=\"https:\/\/www.youtube.com\/watch?v=EfqG5HdJplo&#038;_=1\" \/><a href=\"https:\/\/www.youtube.com\/watch?v=EfqG5HdJplo\">https:\/\/www.youtube.com\/watch?v=EfqG5HdJplo<\/a><\/video><\/div><\/div><\/div><div id=\"pgc-21118-0-1\"  class=\"panel-grid-cell\" ><div id=\"panel-21118-0-1-0\" class=\"so-panel widget widget_black-studio-tinymce widget_black_studio_tinymce panel-first-child panel-last-child\" data-index=\"1\" ><div class=\"textwidget\"><p>With 25 years of experience, in mountain sports around Annecy Haute Savoie, the Mont\u00e9 M\u00e9dio team puts its knowledge and technical skills at the service of anyone looking for new sensations.<\/p>\n<p>Discover the mountain and outdoor activities at your own pace according to your desires in total safety.<\/p>\n<\/div><\/div><\/div><\/div><div id=\"pg-21118-1\"  class=\"panel-grid panel-has-style\" ><div class=\"siteorigin-panels-stretch panel-row-style panel-row-style-for-21118-1\" id=\"activite\" data-stretch-type=\"full\" ><div id=\"pgc-21118-1-0\"  class=\"panel-grid-cell\" ><div id=\"panel-21118-1-0-0\" class=\"so-panel widget widget_text panel-first-child panel-last-child\" data-index=\"2\" ><h2 class=\"widget-title\">Enjoy our activities around the Annecy lake<\/h2>\t\t\t<div class=\"textwidget\"><\/div>\n\t\t<\/div><\/div><\/div><\/div><div id=\"pg-21118-2\"  class=\"panel-grid panel-has-style\" ><div class=\"siteorigin-panels-stretch panel-row-style panel-row-style-for-21118-2\" data-stretch-type=\"full\" ><div id=\"pgc-21118-2-0\"  class=\"panel-grid-cell\" ><div class=\"home-activities panel-cell-style panel-cell-style-for-21118-2-0\" ><div id=\"panel-21118-2-0-0\" class=\"so-panel widget widget_text panel-first-child panel-last-child\" data-index=\"3\" ><div class=\"panel-widget-style panel-widget-style-for-21118-2-0-0\" >\t\t\t<div class=\"textwidget\"><h3 class=\"box-icon-classic-title\"><a href=\"https:\/\/montemedio.com\/en\/canyoning-annecy\/\">Canyoning<\/a><\/h3>\n<\/div>\n\t\t<\/div><\/div><\/div><\/div><div id=\"pgc-21118-2-1\"  class=\"panel-grid-cell\" ><div class=\"home-activities panel-cell-style panel-cell-style-for-21118-2-1\" ><div id=\"panel-21118-2-1-0\" class=\"so-panel widget widget_text panel-first-child panel-last-child\" data-index=\"4\" ><div class=\"panel-widget-style panel-widget-style-for-21118-2-1-0\" >\t\t\t<div class=\"textwidget\"><h3 class=\"box-icon-classic-title\"><a href=\"https:\/\/montemedio.com\/en\/via-ferrata-annecy\/\">Via Ferrata<\/a><\/h3>\n<\/div>\n\t\t<\/div><\/div><\/div><\/div><\/div><\/div><div id=\"pg-21118-3\"  class=\"panel-grid panel-has-style\" ><div class=\"siteorigin-panels-stretch panel-row-style panel-row-style-for-21118-3\" data-stretch-type=\"full\" ><div id=\"pgc-21118-3-0\"  class=\"panel-grid-cell\" ><div class=\"home-activities panel-cell-style panel-cell-style-for-21118-3-0\" ><div id=\"panel-21118-3-0-0\" class=\"so-panel widget widget_text panel-first-child panel-last-child\" data-index=\"5\" ><div class=\"panel-widget-style panel-widget-style-for-21118-3-0-0\" >\t\t\t<div class=\"textwidget\"><h3 class=\"box-icon-classic-title\"><a href=\"https:\/\/montemedio.com\/en\/paragliding-annecy\/\">Paragliding<\/a><\/h3>\n<\/div>\n\t\t<\/div><\/div><\/div><\/div><div id=\"pgc-21118-3-1\"  class=\"panel-grid-cell\" ><div class=\"home-activities panel-cell-style panel-cell-style-for-21118-3-1\" ><div id=\"panel-21118-3-1-0\" class=\"so-panel widget widget_text panel-first-child panel-last-child\" data-index=\"6\" ><div class=\"panel-widget-style panel-widget-style-for-21118-3-1-0\" >\t\t\t<div class=\"textwidget\"><h3 class=\"box-icon-classic-title\"><a href=\"https:\/\/montemedio.com\/en\/rock-climbing-annecy\/\">Rock climbing<\/a><\/h3>\n<\/div>\n\t\t<\/div><\/div><\/div><\/div><div id=\"pgc-21118-3-2\"  class=\"panel-grid-cell\" ><div class=\"home-activities panel-cell-style panel-cell-style-for-21118-3-2\" ><div id=\"panel-21118-3-2-0\" class=\"so-panel widget widget_text panel-first-child panel-last-child\" data-index=\"7\" ><div class=\"panel-widget-style panel-widget-style-for-21118-3-2-0\" >\t\t\t<div class=\"textwidget\"><h3 class=\"box-icon-classic-title\"><a href=\"https:\/\/montemedio.com\/en\/caving-annecy\/\">Caving<\/a><\/h3>\n<\/div>\n\t\t<\/div><\/div><\/div><\/div><\/div><\/div><div id=\"pg-21118-4\"  class=\"panel-grid panel-has-style\" ><div class=\"red-section-faded siteorigin-panels-stretch panel-row-style panel-row-style-for-21118-4\" data-stretch-type=\"full\" ><div id=\"pgc-21118-4-0\"  class=\"panel-grid-cell\" ><div class=\"home-activities panel-cell-style panel-cell-style-for-21118-4-0\" ><div id=\"panel-21118-4-0-0\" class=\"so-panel widget widget_text panel-first-child panel-last-child\" data-index=\"8\" ><div class=\"panel-widget-style panel-widget-style-for-21118-4-0-0\" >\t\t\t<div class=\"textwidget\"><h3 class=\"box-icon-classic-title\"><a href=\"https:\/\/montemedio.com\/en\/the-annecy-zip-line-path\/\">Zip lines<\/a><\/h3>\n<\/div>\n\t\t<\/div><\/div><\/div><\/div><div id=\"pgc-21118-4-1\"  class=\"panel-grid-cell\" ><div class=\"home-activities text panel-cell-style panel-cell-style-for-21118-4-1\" ><div id=\"panel-21118-4-1-0\" class=\"so-panel widget widget_text panel-first-child panel-last-child\" data-index=\"9\" ><div class=\"text-center panel-widget-style panel-widget-style-for-21118-4-1-0\" >\t\t\t<div class=\"textwidget\"><p><span class=\"box-icon-classic-title\">An eco-responsible approach to the mountain, top guides, a base camp by the lake, a unique via ferrata with its zip lines&#8230;<\/span><\/p>\n<\/div>\n\t\t<\/div><\/div><\/div><\/div><\/div><\/div><div id=\"pg-21118-5\"  class=\"panel-grid panel-no-style\" ><div id=\"pgc-21118-5-0\"  class=\"panel-grid-cell\" ><div id=\"panel-21118-5-0-0\" class=\"so-panel widget widget_text panel-first-child panel-last-child\" data-index=\"10\" ><h2 class=\"widget-title\">Do you want to organize an event in Annecy?<\/h2>\t\t\t<div class=\"textwidget\"><\/div>\n\t\t<\/div><\/div><\/div><div id=\"pg-21118-6\"  class=\"panel-grid panel-no-style\" ><div id=\"pgc-21118-6-0\"  class=\"panel-grid-cell\" ><div class=\"home-activities-2 panel-cell-style panel-cell-style-for-21118-6-0\" ><div id=\"panel-21118-6-0-0\" class=\"so-panel widget widget_text panel-first-child panel-last-child\" data-index=\"11\" ><div class=\"panel-widget-style panel-widget-style-for-21118-6-0-0\" >\t\t\t<div class=\"textwidget\"><h3 class=\"text-center\"><a href=\"https:\/\/montemedio.com\/en\/bachelor-party-annecy\/\">Bachelor party<\/a><\/h3>\n<\/div>\n\t\t<\/div><\/div><\/div><\/div><div id=\"pgc-21118-6-1\"  class=\"panel-grid-cell\" ><div class=\"home-activities-2 panel-cell-style panel-cell-style-for-21118-6-1\" ><div id=\"panel-21118-6-1-0\" class=\"so-panel widget widget_text panel-first-child panel-last-child\" data-index=\"12\" ><div class=\"panel-widget-style panel-widget-style-for-21118-6-1-0\" >\t\t\t<div class=\"textwidget\"><h3 class=\"text-center\"><a href=\"https:\/\/montemedio.com\/en\/bachelorette-party-annecy\/\">Bachelorette party<\/a><\/h3>\n<\/div>\n\t\t<\/div><\/div><\/div><\/div><div id=\"pgc-21118-6-2\"  class=\"panel-grid-cell\" ><div class=\"home-activities-2 panel-cell-style panel-cell-style-for-21118-6-2\" ><div id=\"panel-21118-6-2-0\" class=\"so-panel widget widget_text panel-first-child panel-last-child\" data-index=\"13\" ><div class=\"panel-widget-style panel-widget-style-for-21118-6-2-0\" >\t\t\t<div class=\"textwidget\"><h3 class=\"text-center\"><a href=\"https:\/\/montemedio.com\/en\/corporate-event-annecy\/\">Corporate event<\/a><\/h3>\n<\/div>\n\t\t<\/div><\/div><\/div><\/div><div id=\"pgc-21118-6-3\"  class=\"panel-grid-cell\" ><div class=\"home-activities-2 panel-cell-style panel-cell-style-for-21118-6-3\" ><div id=\"panel-21118-6-3-0\" class=\"so-panel widget widget_text panel-first-child panel-last-child\" data-index=\"14\" ><div class=\"panel-widget-style panel-widget-style-for-21118-6-3-0\" >\t\t\t<div class=\"textwidget\"><h3 class=\"text-center\"><a href=\"https:\/\/montemedio.com\/en\/romantic-weekend-annecy\/\">Romantic weekend<\/a><\/h3>\n<\/div>\n\t\t<\/div><\/div><\/div><\/div><div id=\"pgc-21118-6-4\"  class=\"panel-grid-cell\" ><div class=\"home-activities-2 panel-cell-style panel-cell-style-for-21118-6-4\" ><div id=\"panel-21118-6-4-0\" class=\"so-panel widget widget_text panel-first-child panel-last-child\" data-index=\"15\" ><div class=\"panel-widget-style panel-widget-style-for-21118-6-4-0\" >\t\t\t<div class=\"textwidget\"><h3 class=\"text-center\"><a href=\"https:\/\/montemedio.com\/en\/family-outing-in-annecy\/\">Family outing<\/a><\/h3>\n<\/div>\n\t\t<\/div><\/div><\/div><\/div><\/div><div id=\"pg-21118-7\"  class=\"panel-grid panel-no-style\" ><div id=\"pgc-21118-7-0\"  class=\"panel-grid-cell\" ><div id=\"panel-21118-7-0-0\" class=\"so-panel widget widget_mm-widget-team-members panel-first-child panel-last-child\" data-index=\"16\" ><div\n\t\t\t\n\t\t\tclass=\"so-widget-mm-widget-team-members so-widget-mm-widget-team-members-base\"\n\t\t\t\n\t\t>  <div class=\"row\">\n    <div class=\"col-12\">\n      <h2 class=\"widget-title\">The Mont\u00e9 M\u00e9dio team<\/h2>\n    <\/div>\n  <\/div>\n\n<div class=\"row row-sm row-30\">\n    <div class=\"col-12 col-md-4\">\n    <article class=\"team-classic float-left-d\"><div class=\"team-classic-figure\"><img decoding=\"async\" width=\"300\" height=\"300\" src=\"https:\/\/montemedio.com\/wp-content\/uploads\/2020\/04\/Anais-monte-medio.jpg\" class=\"attachment-square-medium size-square-medium\" alt=\"Anais-monte-medio\" srcset=\"https:\/\/montemedio.com\/wp-content\/uploads\/2020\/04\/Anais-monte-medio.jpg 300w, https:\/\/montemedio.com\/wp-content\/uploads\/2020\/04\/Anais-monte-medio-150x150.jpg 150w\" sizes=\"(max-width: 300px) 100vw, 300px\" \/><\/div>\n      <div class=\"team-classic-caption\">\n        <h3 class=\"team-classic-name\">Ana\u00efs<\/h3>\n        <p class=\"team-classic-status\"><\/p>\n      <\/div>\n    <\/article>\n  <\/div>\n    <div class=\"col-12 col-md-4\">\n    <article class=\"team-classic\"><div class=\"team-classic-figure\"><img decoding=\"async\" width=\"350\" height=\"350\" src=\"https:\/\/montemedio.com\/wp-content\/uploads\/2020\/04\/Romain-Monte\u0301-Me\u0301dio-350x350.jpg\" class=\"attachment-square-medium size-square-medium\" alt=\"romain-monte-medio\" srcset=\"https:\/\/montemedio.com\/wp-content\/uploads\/2020\/04\/Romain-Monte\u0301-Me\u0301dio-350x350.jpg 350w, https:\/\/montemedio.com\/wp-content\/uploads\/2020\/04\/Romain-Monte\u0301-Me\u0301dio-150x150.jpg 150w\" sizes=\"(max-width: 350px) 100vw, 350px\" \/><\/div>\n      <div class=\"team-classic-caption\">\n        <h3 class=\"team-classic-name\">Romain<\/h3>\n        <p class=\"team-classic-status\"><\/p>\n      <\/div>\n    <\/article>\n  <\/div>\n    <div class=\"col-12 col-md-4\">\n    <article class=\"team-classic float-right-d\"><div class=\"team-classic-figure\"><img decoding=\"async\" width=\"300\" height=\"300\" src=\"https:\/\/montemedio.com\/wp-content\/uploads\/2020\/04\/Yves-monte-medio.jpg\" class=\"attachment-square-medium size-square-medium\" alt=\"yves-monte-medio\" srcset=\"https:\/\/montemedio.com\/wp-content\/uploads\/2020\/04\/Yves-monte-medio.jpg 300w, https:\/\/montemedio.com\/wp-content\/uploads\/2020\/04\/Yves-monte-medio-150x150.jpg 150w\" sizes=\"(max-width: 300px) 100vw, 300px\" \/><\/div>\n      <div class=\"team-classic-caption\">\n        <h3 class=\"team-classic-name\">Yves<\/h3>\n        <p class=\"team-classic-status\"><\/p>\n      <\/div>\n    <\/article>\n  <\/div>\n  <\/div><\/div><\/div><\/div><\/div><div id=\"pg-21118-8\"  class=\"panel-grid panel-no-style\" ><div id=\"pgc-21118-8-0\"  class=\"panel-grid-cell\" ><div id=\"panel-21118-8-0-0\" class=\"so-panel widget widget_sow-editor panel-first-child panel-last-child\" data-index=\"17\" ><div\n\t\t\t\n\t\t\tclass=\"so-widget-sow-editor so-widget-sow-editor-base\"\n\t\t\t\n\t\t><h2 class=\"widget-title\">Would you like more information?<\/h2>\n<div class=\"siteorigin-widget-tinymce textwidget\">\n\t\n<div class=\"wpcf7 no-js\" id=\"wpcf7-f28977-o1\" lang=\"en-US\" dir=\"ltr\" data-wpcf7-id=\"28977\">\n<div class=\"screen-reader-response\"><p role=\"status\" aria-live=\"polite\" aria-atomic=\"true\"><\/p> <ul><\/ul><\/div>\n<form action=\"\/en\/wp-json\/wp\/v2\/pages\/21118#wpcf7-f28977-o1\" method=\"post\" class=\"wpcf7-form init\" aria-label=\"Contact form\" novalidate=\"novalidate\" data-status=\"init\">\n<fieldset class=\"hidden-fields-container\"><input type=\"hidden\" name=\"_wpcf7\" value=\"28977\" \/><input type=\"hidden\" name=\"_wpcf7_version\" value=\"6.1.5\" \/><input type=\"hidden\" name=\"_wpcf7_locale\" value=\"en_US\" \/><input type=\"hidden\" name=\"_wpcf7_unit_tag\" value=\"wpcf7-f28977-o1\" \/><input type=\"hidden\" name=\"_wpcf7_container_post\" value=\"0\" \/><input type=\"hidden\" name=\"_wpcf7_posted_data_hash\" value=\"\" \/><input type=\"hidden\" name=\"_wpcf7_recaptcha_response\" value=\"\" \/>\n<\/fieldset>\n<div class=\"wpcf7-response-output\" aria-hidden=\"true\"><\/div>\n\n      <div class=\"row row-14 gutters-14\">\n        <div class=\"col-md-6\">\n          <div class=\"row row-14 gutters-14\">\n            <div class=\"col-md-6\">\n              <div class=\"form-wrap\">\n                <label class=\"form-label\" for=\"prenom\">First name<span>*<\/span><\/label>\n                <span class=\"wpcf7-form-control-wrap\" data-name=\"prenom\"><input size=\"40\" maxlength=\"400\" class=\"wpcf7-form-control wpcf7-text wpcf7-validates-as-required form-input\" id=\"prenom\" aria-required=\"true\" aria-invalid=\"false\" placeholder=\"Ex : John\" value=\"\" type=\"text\" name=\"prenom\" \/><\/span>\n              <\/div>\n            <\/div>\n            <div class=\"col-md-6\">\n              <div class=\"form-wrap\">\n                <label class=\"form-label\" for=\"nom\">Last name<span>*<\/span><\/label>\n                <span class=\"wpcf7-form-control-wrap\" data-name=\"nom\"><input size=\"40\" maxlength=\"400\" class=\"wpcf7-form-control wpcf7-text wpcf7-validates-as-required form-input\" id=\"nom\" aria-required=\"true\" aria-invalid=\"false\" placeholder=\"Ex : Doe\" value=\"\" type=\"text\" name=\"nom\" \/><\/span>\n              <\/div>\n            <\/div>\n          <\/div>\n          <div class=\"row row-14 gutters-14\">\n            <div class=\"col-md-6\">\n              <div class=\"form-wrap\">\n                <label class=\"form-label\" for=\"mail\">Email<span>*<\/span><\/label>\n                <span class=\"wpcf7-form-control-wrap\" data-name=\"mail\"><input size=\"40\" maxlength=\"400\" class=\"wpcf7-form-control wpcf7-email wpcf7-validates-as-required wpcf7-text wpcf7-validates-as-email form-input\" id=\"mail\" aria-required=\"true\" aria-invalid=\"false\" placeholder=\"Ex : john.doe@example.com\" value=\"\" type=\"email\" name=\"mail\" \/><\/span>\n              <\/div>\n            <\/div>\n            <div class=\"col-md-6\">\n              <div class=\"form-wrap\">\n                <label class=\"form-label\" for=\"telephone\">Phone<\/label>\n                <span class=\"wpcf7-form-control-wrap\" data-name=\"telephone\"><input size=\"40\" maxlength=\"400\" class=\"wpcf7-form-control wpcf7-text form-input\" id=\"telephone\" aria-invalid=\"false\" placeholder=\"Ex : 00 44 06 1213 0530\" value=\"\" type=\"text\" name=\"telephone\" \/><\/span>\n              <\/div>\n            <\/div>\n          <\/div>\n        <\/div>\n        <div class=\"col-md-6\">\n          <div class=\"form-wrap\">\n            <label class=\"form-label\" for=\"message\">Message<span>*<\/span><\/label>\n            <span class=\"wpcf7-form-control-wrap\" data-name=\"message\"><textarea cols=\"40\" rows=\"10\" maxlength=\"2000\" class=\"wpcf7-form-control wpcf7-textarea wpcf7-validates-as-required form-input textarea-lg\" id=\"message\" aria-required=\"true\" aria-invalid=\"false\" placeholder=\"Your message here ...\" name=\"message\"><\/textarea><\/span>\n          <\/div>\n        <\/div>\n        <div class=\"col-12\">\n          <div class=\"form-wrap\">\n            <label class=\"checkbox-inline\">\n              <span class=\"wpcf7-form-control-wrap\" data-name=\"agree\"><span class=\"wpcf7-form-control wpcf7-checkbox\"><span class=\"wpcf7-list-item first last\"><input type=\"checkbox\" name=\"agree[]\" value=\"I accept your privacy policy\" \/><span class=\"wpcf7-list-item-label\">I accept your privacy policy<\/span><\/span><\/span><\/span>\n            <\/label>\n          <\/div>\n        <\/div>\n      <\/div>\n      <button id=\"submit\" class=\"wpcf7-form-control wpcf7-submit button button-primary button-pipaluk\" type=\"submit\">Send<\/button>\n<input class=\"wpcf7-form-control wpcf7-hidden\" value=\"\" type=\"hidden\" name=\"page-title\" \/>\n<input class=\"wpcf7-form-control wpcf7-hidden\" value=\"\" type=\"hidden\" name=\"page-url\" \/>\n<\/form>\n<\/div>\n\n<\/div>\n<\/div><\/div><\/div><\/div><\/div>","protected":false},"excerpt":{"rendered":"<p>With 25 years of experience, in mountain sports around Annecy Haute Savoie, the Mont\u00e9 M\u00e9dio team puts its knowledge and technical skills at the service of anyone looking for new sensations. Discover the mountain and outdoor activities at your own pace according to your desires in total safety.<\/p>\n","protected":false},"author":1,"featured_media":21122,"parent":0,"menu_order":0,"comment_status":"closed","ping_status":"closed","template":"page-accueil.php","meta":{"footnotes":""},"class_list":["post-21118","page","type-page","status-publish","has-post-thumbnail","hentry"],"yoast_head":"<!-- This site is optimized with the Yoast SEO Premium plugin v26.8 (Yoast SEO v27.3) - https:\/\/yoast.com\/product\/yoast-seo-premium-wordpress\/ -->\n<title>Enjoy outdoor activities around Annecy with Mont\u00e9 M\u00e9dio<\/title>\n<meta name=\"description\" content=\"With 25 years of experience in mountain sports around Annecy Haute Savoie, Mont\u00e9 M\u00e9dio puts its knowledge &amp; technical skills at your service.\" \/>\n<meta name=\"robots\" content=\"index, follow, max-snippet:-1, max-image-preview:large, max-video-preview:-1\" \/>\n<link rel=\"canonical\" href=\"https:\/\/montemedio.com\/en\/\" \/>\n<meta property=\"og:locale\" content=\"en_US\" \/>\n<meta property=\"og:type\" content=\"article\" \/>\n<meta property=\"og:title\" content=\"Annecy activities by Mont\u00e9 M\u00e9dio\" \/>\n<meta property=\"og:description\" content=\"With 25 years of experience in mountain sports around Annecy Haute Savoie, Mont\u00e9 M\u00e9dio puts its knowledge &amp; technical skills at your service.\" \/>\n<meta property=\"og:url\" content=\"https:\/\/montemedio.com\/en\/\" \/>\n<meta property=\"og:site_name\" content=\"Canyoning Annecy et Sport Mont\u00e9 M\u00e9dio\" \/>\n<meta property=\"article:publisher\" content=\"https:\/\/www.facebook.com\/montemedio\/\" \/>\n<meta property=\"article:modified_time\" content=\"2022-12-09T10:42:53+00:00\" \/>\n<meta property=\"og:image\" content=\"https:\/\/montemedio.com\/wp-content\/uploads\/2020\/05\/Activities-Annecy.jpg\" \/>\n\t<meta property=\"og:image:width\" content=\"1200\" \/>\n\t<meta property=\"og:image:height\" content=\"675\" \/>\n\t<meta property=\"og:image:type\" content=\"image\/jpeg\" \/>\n<meta name=\"twitter:card\" content=\"summary_large_image\" \/>\n<meta name=\"twitter:label1\" content=\"Est. reading time\" \/>\n\t<meta name=\"twitter:data1\" content=\"1 minute\" \/>\n<script type=\"application\/ld+json\" class=\"yoast-schema-graph\">{\"@context\":\"https:\\\/\\\/schema.org\",\"@graph\":[{\"@type\":\"WebPage\",\"@id\":\"https:\\\/\\\/montemedio.com\\\/en\\\/\",\"url\":\"https:\\\/\\\/montemedio.com\\\/en\\\/\",\"name\":\"Enjoy outdoor activities around Annecy with Mont\u00e9 M\u00e9dio\",\"isPartOf\":{\"@id\":\"https:\\\/\\\/montemedio.com\\\/en\\\/#website\"},\"primaryImageOfPage\":{\"@id\":\"https:\\\/\\\/montemedio.com\\\/en\\\/#primaryimage\"},\"image\":{\"@id\":\"https:\\\/\\\/montemedio.com\\\/en\\\/#primaryimage\"},\"thumbnailUrl\":\"https:\\\/\\\/montemedio.com\\\/wp-content\\\/uploads\\\/2020\\\/05\\\/Activities-Annecy.jpg\",\"datePublished\":\"2020-05-08T09:30:56+00:00\",\"dateModified\":\"2022-12-09T10:42:53+00:00\",\"description\":\"With 25 years of experience in mountain sports around Annecy Haute Savoie, Mont\u00e9 M\u00e9dio puts its knowledge & technical skills at your service.\",\"breadcrumb\":{\"@id\":\"https:\\\/\\\/montemedio.com\\\/en\\\/#breadcrumb\"},\"inLanguage\":\"en-US\",\"potentialAction\":[{\"@type\":\"ReadAction\",\"target\":[\"https:\\\/\\\/montemedio.com\\\/en\\\/\"]}]},{\"@type\":\"ImageObject\",\"inLanguage\":\"en-US\",\"@id\":\"https:\\\/\\\/montemedio.com\\\/en\\\/#primaryimage\",\"url\":\"https:\\\/\\\/montemedio.com\\\/wp-content\\\/uploads\\\/2020\\\/05\\\/Activities-Annecy.jpg\",\"contentUrl\":\"https:\\\/\\\/montemedio.com\\\/wp-content\\\/uploads\\\/2020\\\/05\\\/Activities-Annecy.jpg\",\"width\":1200,\"height\":675,\"caption\":\"activities-annecy\"},{\"@type\":\"BreadcrumbList\",\"@id\":\"https:\\\/\\\/montemedio.com\\\/en\\\/#breadcrumb\",\"itemListElement\":[{\"@type\":\"ListItem\",\"position\":1,\"name\":\"Homepage\",\"item\":\"https:\\\/\\\/montemedio.com\\\/en\\\/\"},{\"@type\":\"ListItem\",\"position\":2,\"name\":\"Annecy activities by Mont\u00e9 M\u00e9dio\"}]},{\"@type\":\"WebSite\",\"@id\":\"https:\\\/\\\/montemedio.com\\\/en\\\/#website\",\"url\":\"https:\\\/\\\/montemedio.com\\\/en\\\/\",\"name\":\"Canyoning Annecy et Sport Mont\u00e9 M\u00e9dio\",\"description\":\"Partez en qu\u00eate d&#039;\u00e9chapp\u00e9es belles\",\"potentialAction\":[{\"@type\":\"SearchAction\",\"target\":{\"@type\":\"EntryPoint\",\"urlTemplate\":\"https:\\\/\\\/montemedio.com\\\/en\\\/?s={search_term_string}\"},\"query-input\":{\"@type\":\"PropertyValueSpecification\",\"valueRequired\":true,\"valueName\":\"search_term_string\"}}],\"inLanguage\":\"en-US\"}]}<\/script>\n<!-- \/ Yoast SEO Premium plugin. -->","yoast_head_json":{"title":"Enjoy outdoor activities around Annecy with Mont\u00e9 M\u00e9dio","description":"With 25 years of experience in mountain sports around Annecy Haute Savoie, Mont\u00e9 M\u00e9dio puts its knowledge & technical skills at your service.","robots":{"index":"index","follow":"follow","max-snippet":"max-snippet:-1","max-image-preview":"max-image-preview:large","max-video-preview":"max-video-preview:-1"},"canonical":"https:\/\/montemedio.com\/en\/","og_locale":"en_US","og_type":"article","og_title":"Annecy activities by Mont\u00e9 M\u00e9dio","og_description":"With 25 years of experience in mountain sports around Annecy Haute Savoie, Mont\u00e9 M\u00e9dio puts its knowledge & technical skills at your service.","og_url":"https:\/\/montemedio.com\/en\/","og_site_name":"Canyoning Annecy et Sport Mont\u00e9 M\u00e9dio","article_publisher":"https:\/\/www.facebook.com\/montemedio\/","article_modified_time":"2022-12-09T10:42:53+00:00","og_image":[{"width":1200,"height":675,"url":"https:\/\/montemedio.com\/wp-content\/uploads\/2020\/05\/Activities-Annecy.jpg","type":"image\/jpeg"}],"twitter_card":"summary_large_image","twitter_misc":{"Est. reading time":"1 minute"},"schema":{"@context":"https:\/\/schema.org","@graph":[{"@type":"WebPage","@id":"https:\/\/montemedio.com\/en\/","url":"https:\/\/montemedio.com\/en\/","name":"Enjoy outdoor activities around Annecy with Mont\u00e9 M\u00e9dio","isPartOf":{"@id":"https:\/\/montemedio.com\/en\/#website"},"primaryImageOfPage":{"@id":"https:\/\/montemedio.com\/en\/#primaryimage"},"image":{"@id":"https:\/\/montemedio.com\/en\/#primaryimage"},"thumbnailUrl":"https:\/\/montemedio.com\/wp-content\/uploads\/2020\/05\/Activities-Annecy.jpg","datePublished":"2020-05-08T09:30:56+00:00","dateModified":"2022-12-09T10:42:53+00:00","description":"With 25 years of experience in mountain sports around Annecy Haute Savoie, Mont\u00e9 M\u00e9dio puts its knowledge & technical skills at your service.","breadcrumb":{"@id":"https:\/\/montemedio.com\/en\/#breadcrumb"},"inLanguage":"en-US","potentialAction":[{"@type":"ReadAction","target":["https:\/\/montemedio.com\/en\/"]}]},{"@type":"ImageObject","inLanguage":"en-US","@id":"https:\/\/montemedio.com\/en\/#primaryimage","url":"https:\/\/montemedio.com\/wp-content\/uploads\/2020\/05\/Activities-Annecy.jpg","contentUrl":"https:\/\/montemedio.com\/wp-content\/uploads\/2020\/05\/Activities-Annecy.jpg","width":1200,"height":675,"caption":"activities-annecy"},{"@type":"BreadcrumbList","@id":"https:\/\/montemedio.com\/en\/#breadcrumb","itemListElement":[{"@type":"ListItem","position":1,"name":"Homepage","item":"https:\/\/montemedio.com\/en\/"},{"@type":"ListItem","position":2,"name":"Annecy activities by Mont\u00e9 M\u00e9dio"}]},{"@type":"WebSite","@id":"https:\/\/montemedio.com\/en\/#website","url":"https:\/\/montemedio.com\/en\/","name":"Canyoning Annecy et Sport Mont\u00e9 M\u00e9dio","description":"Partez en qu\u00eate d&#039;\u00e9chapp\u00e9es belles","potentialAction":[{"@type":"SearchAction","target":{"@type":"EntryPoint","urlTemplate":"https:\/\/montemedio.com\/en\/?s={search_term_string}"},"query-input":{"@type":"PropertyValueSpecification","valueRequired":true,"valueName":"search_term_string"}}],"inLanguage":"en-US"}]}},"_links":{"self":[{"href":"https:\/\/montemedio.com\/en\/wp-json\/wp\/v2\/pages\/21118","targetHints":{"allow":["GET"]}}],"collection":[{"href":"https:\/\/montemedio.com\/en\/wp-json\/wp\/v2\/pages"}],"about":[{"href":"https:\/\/montemedio.com\/en\/wp-json\/wp\/v2\/types\/page"}],"author":[{"embeddable":true,"href":"https:\/\/montemedio.com\/en\/wp-json\/wp\/v2\/users\/1"}],"replies":[{"embeddable":true,"href":"https:\/\/montemedio.com\/en\/wp-json\/wp\/v2\/comments?post=21118"}],"version-history":[{"count":11,"href":"https:\/\/montemedio.com\/en\/wp-json\/wp\/v2\/pages\/21118\/revisions"}],"predecessor-version":[{"id":28990,"href":"https:\/\/montemedio.com\/en\/wp-json\/wp\/v2\/pages\/21118\/revisions\/28990"}],"wp:featuredmedia":[{"embeddable":true,"href":"https:\/\/montemedio.com\/en\/wp-json\/wp\/v2\/media\/21122"}],"wp:attachment":[{"href":"https:\/\/montemedio.com\/en\/wp-json\/wp\/v2\/media?parent=21118"}],"curies":[{"name":"wp","href":"https:\/\/api.w.org\/{rel}","templated":true}]}}