{"id":21226,"date":"2020-05-12T07:26:34","date_gmt":"2020-05-12T05:26:34","guid":{"rendered":"https:\/\/montemedio.com\/?page_id=21226"},"modified":"2022-12-09T11:42:10","modified_gmt":"2022-12-09T10:42:10","slug":"alpinism-mountaineering","status":"publish","type":"page","link":"https:\/\/montemedio.com\/en\/alpinism-mountaineering\/","title":{"rendered":"Alpinism &#038; Mountaineering"},"content":{"rendered":"<div id=\"pl-21226\"  class=\"panel-layout\" ><div id=\"pg-21226-0\"  class=\"panel-grid panel-no-style\" ><div id=\"pgc-21226-0-0\"  class=\"panel-grid-cell\" ><div id=\"panel-21226-0-0-0\" class=\"so-panel widget widget_sow-editor panel-first-child panel-last-child\" data-index=\"0\" ><div\n\t\t\t\n\t\t\tclass=\"so-widget-sow-editor so-widget-sow-editor-base\"\n\t\t\t\n\t\t>\n<div class=\"siteorigin-widget-tinymce textwidget\">\n\t<p>The adventure in mountains attracts you? Do you dream of Mont Blanc\u00a0or crossing the edges of the Dents de Lanfon?<\/p>\n<\/div>\n<\/div><\/div><\/div><\/div><div id=\"pg-21226-1\"  class=\"panel-grid panel-no-style\" ><div id=\"pgc-21226-1-0\"  class=\"panel-grid-cell\" ><div id=\"panel-21226-1-0-0\" class=\"so-panel widget widget_sow-editor panel-first-child panel-last-child\" data-index=\"1\" ><div\n\t\t\t\n\t\t\tclass=\"so-widget-sow-editor so-widget-sow-editor-base\"\n\t\t\t\n\t\t>\n<div class=\"siteorigin-widget-tinymce textwidget\">\n\t<h2 class=\"red\">From Annecy Mountains to the highest peaks in the Alps<\/h2>\n<p>The Mont\u00e9 M\u00e9dio High Mountain Guides are at your disposal to prepare and guide you in your projects. Depending on your level, your profile, your motivation, your budget and the conditions of the moment, we will do everything in our power so that you can experience strong moments in the mountains.<\/p>\n<p>At our side, you can leave serene and safe, whether it is to start or improve your mountaineering, you will build over the races a relationship of trust with your guide which will lead you towards the objectives that you will have set yourself together.<\/p>\n<\/div>\n<\/div><\/div><\/div><div id=\"pgc-21226-1-1\"  class=\"panel-grid-cell\" ><div id=\"panel-21226-1-1-0\" class=\"so-panel widget widget_media_image panel-first-child panel-last-child\" data-index=\"2\" ><img decoding=\"async\" width=\"600\" height=\"450\" src=\"https:\/\/montemedio.com\/wp-content\/uploads\/2020\/05\/Alpinism-Mountaineering-monte-medio-01.jpg\" class=\"image wp-image-21232 rounded attachment-full size-full\" alt=\"Alpinism &amp; Mountaineering monte medio 01\" style=\"max-width: 100%; height: auto;\" srcset=\"https:\/\/montemedio.com\/wp-content\/uploads\/2020\/05\/Alpinism-Mountaineering-monte-medio-01.jpg 600w, https:\/\/montemedio.com\/wp-content\/uploads\/2020\/05\/Alpinism-Mountaineering-monte-medio-01-300x225.jpg 300w\" sizes=\"(max-width: 600px) 100vw, 600px\" \/><\/div><\/div><\/div><div id=\"pg-21226-2\"  class=\"panel-grid panel-no-style\" ><div id=\"pgc-21226-2-0\"  class=\"panel-grid-cell\" ><div id=\"panel-21226-2-0-0\" class=\"so-panel widget widget_sow-editor panel-first-child panel-last-child\" data-index=\"3\" ><div class=\"text-center rounded panel-widget-style panel-widget-style-for-21226-2-0-0\" ><div\n\t\t\t\n\t\t\tclass=\"so-widget-sow-editor so-widget-sow-editor-base\"\n\t\t\t\n\t\t>\n<div class=\"siteorigin-widget-tinymce textwidget\">\n\t<p>&nbsp;<\/p>\n<div class=\"svg-icon mb-3\"><img decoding=\"async\" src=\"https:\/\/montemedio.com\/wp-content\/themes\/monte-medio\/assets\/images\/insurance 2.svg\" alt=\"\" \/><\/div>\n<h2 class=\"info-box-title vert\">A team of passionate guides<\/h2>\n<\/div>\n<\/div><\/div><\/div><\/div><div id=\"pgc-21226-2-1\"  class=\"panel-grid-cell\" ><div id=\"panel-21226-2-1-0\" class=\"so-panel widget widget_sow-editor panel-first-child panel-last-child\" data-index=\"4\" ><div class=\"text-center rounded panel-widget-style panel-widget-style-for-21226-2-1-0\" ><div\n\t\t\t\n\t\t\tclass=\"so-widget-sow-editor so-widget-sow-editor-base\"\n\t\t\t\n\t\t>\n<div class=\"siteorigin-widget-tinymce textwidget\">\n\t<p>&nbsp;<\/p>\n<div class=\"svg-icon mb-3\"><img decoding=\"async\" src=\"https:\/\/montemedio.com\/wp-content\/themes\/monte-medio\/assets\/images\/map.svg\" alt=\"\" \/><\/div>\n<h2 class=\"info-box-title vert\">Listening to you to make your dreams come true<\/h2>\n<\/div>\n<\/div><\/div><\/div><\/div><div id=\"pgc-21226-2-2\"  class=\"panel-grid-cell\" ><div id=\"panel-21226-2-2-0\" class=\"so-panel widget widget_sow-editor panel-first-child panel-last-child\" data-index=\"5\" ><div class=\"text-center rounded panel-widget-style panel-widget-style-for-21226-2-2-0\" ><div\n\t\t\t\n\t\t\tclass=\"so-widget-sow-editor so-widget-sow-editor-base\"\n\t\t\t\n\t\t>\n<div class=\"siteorigin-widget-tinymce textwidget\">\n\t<p>&nbsp;<\/p>\n<div class=\"svg-icon mb-3\"><img decoding=\"async\" src=\"https:\/\/montemedio.com\/wp-content\/themes\/monte-medio\/assets\/images\/beach.svg\" alt=\"\" \/><\/div>\n<h2 class=\"info-box-title vert\">Seriously begin mountaineering<\/h2>\n<\/div>\n<\/div><\/div><\/div><\/div><\/div><div id=\"pg-21226-3\"  class=\"panel-grid panel-no-style\" ><div id=\"pgc-21226-3-0\"  class=\"panel-grid-cell\" ><div id=\"panel-21226-3-0-0\" class=\"so-panel widget widget_sow-editor panel-first-child panel-last-child\" data-index=\"6\" ><div class=\"text-center text-md-left rounded panel-widget-style panel-widget-style-for-21226-3-0-0\" ><div\n\t\t\t\n\t\t\tclass=\"so-widget-sow-editor so-widget-sow-editor-base\"\n\t\t\t\n\t\t>\n<div class=\"siteorigin-widget-tinymce textwidget\">\n\t<div class=\"svg-icon mb-3 mb-md-0\"><img decoding=\"async\" src=\"https:\/\/montemedio.com\/wp-content\/themes\/monte-medio\/assets\/images\/casque.svg\" alt=\"\" \/><\/div>\n<h2 class=\"info-box-title d-block d-md-inline ml-md-2 align-top\">From mountains of Lake Annecy<\/h2>\n<\/div>\n<\/div><\/div><\/div><\/div><div id=\"pgc-21226-3-1\"  class=\"panel-grid-cell\" ><div id=\"panel-21226-3-1-0\" class=\"so-panel widget widget_sow-editor panel-first-child panel-last-child\" data-index=\"7\" ><div class=\"text-center text-md-left rounded panel-widget-style panel-widget-style-for-21226-3-1-0\" ><div\n\t\t\t\n\t\t\tclass=\"so-widget-sow-editor so-widget-sow-editor-base\"\n\t\t\t\n\t\t>\n<div class=\"siteorigin-widget-tinymce textwidget\">\n\t<div class=\"svg-icon mb-3 mb-md-0\"><img decoding=\"async\" src=\"https:\/\/montemedio.com\/wp-content\/themes\/monte-medio\/assets\/images\/happy.svg\" alt=\"\" \/><\/div>\n<h2 class=\"info-box-title d-block d-md-inline ml-md-2 align-top\">To the highest peaks of the Alps<\/h2>\n<\/div>\n<\/div><\/div><\/div><\/div><\/div><div id=\"pg-21226-4\"  class=\"panel-grid panel-has-style\" ><div class=\"siteorigin-panels-stretch panel-row-style panel-row-style-for-21226-4\" data-stretch-type=\"full\" ><div id=\"pgc-21226-4-0\"  class=\"panel-grid-cell\" ><div id=\"panel-21226-4-0-0\" class=\"so-panel widget widget_sow-editor panel-first-child panel-last-child\" data-index=\"8\" ><div\n\t\t\t\n\t\t\tclass=\"so-widget-sow-editor so-widget-sow-editor-base\"\n\t\t\t\n\t\t><h2 class=\"widget-title\">Our other activities<\/h2>\n<div class=\"siteorigin-widget-tinymce textwidget\">\n\t<\/div>\n<\/div><\/div><\/div><\/div><\/div><div id=\"pg-21226-5\"  class=\"panel-grid panel-has-style\" ><div class=\"red-section-faded siteorigin-panels-stretch panel-row-style panel-row-style-for-21226-5\" data-stretch-type=\"full\" ><div id=\"pgc-21226-5-0\"  class=\"panel-grid-cell\" ><div class=\"home-activities panel-cell-style panel-cell-style-for-21226-5-0\" ><div id=\"panel-21226-5-0-0\" class=\"so-panel widget widget_sow-editor panel-first-child panel-last-child\" data-index=\"9\" ><div class=\"panel-widget-style panel-widget-style-for-21226-5-0-0\" ><div\n\t\t\t\n\t\t\tclass=\"so-widget-sow-editor so-widget-sow-editor-base\"\n\t\t\t\n\t\t>\n<div class=\"siteorigin-widget-tinymce textwidget\">\n\t<h2 class=\"box-icon-classic-title\"><a href=\"https:\/\/montemedio.com\/en\/canyoning-annecy\/\">Canyoning<\/a><\/h2>\n<\/div>\n<\/div><\/div><\/div><\/div><\/div><div id=\"pgc-21226-5-1\"  class=\"panel-grid-cell\" ><div class=\"home-activities panel-cell-style panel-cell-style-for-21226-5-1\" ><div id=\"panel-21226-5-1-0\" class=\"so-panel widget widget_sow-editor panel-first-child panel-last-child\" data-index=\"10\" ><div class=\"panel-widget-style panel-widget-style-for-21226-5-1-0\" ><div\n\t\t\t\n\t\t\tclass=\"so-widget-sow-editor so-widget-sow-editor-base\"\n\t\t\t\n\t\t>\n<div class=\"siteorigin-widget-tinymce textwidget\">\n\t<h2 class=\"box-icon-classic-title\"><a href=\"https:\/\/montemedio.com\/en\/rock-climbing-annecy\/\">Rock climbing<\/a><\/h2>\n<\/div>\n<\/div><\/div><\/div><\/div><\/div><div id=\"pgc-21226-5-2\"  class=\"panel-grid-cell\" ><div class=\"home-activities panel-cell-style panel-cell-style-for-21226-5-2\" ><div id=\"panel-21226-5-2-0\" class=\"so-panel widget widget_sow-editor panel-first-child panel-last-child\" data-index=\"11\" ><div class=\"panel-widget-style panel-widget-style-for-21226-5-2-0\" ><div\n\t\t\t\n\t\t\tclass=\"so-widget-sow-editor so-widget-sow-editor-base\"\n\t\t\t\n\t\t>\n<div class=\"siteorigin-widget-tinymce textwidget\">\n\t<h2 class=\"box-icon-classic-title\"><a href=\"https:\/\/montemedio.com\/en\/paragliding-annecy\/\">Paragliding<\/a><\/h2>\n<\/div>\n<\/div><\/div><\/div><\/div><\/div><div id=\"pgc-21226-5-3\"  class=\"panel-grid-cell\" ><div class=\"home-activities panel-cell-style panel-cell-style-for-21226-5-3\" ><div id=\"panel-21226-5-3-0\" class=\"so-panel widget widget_sow-editor panel-first-child panel-last-child\" data-index=\"12\" ><div class=\"panel-widget-style panel-widget-style-for-21226-5-3-0\" ><div\n\t\t\t\n\t\t\tclass=\"so-widget-sow-editor so-widget-sow-editor-base\"\n\t\t\t\n\t\t>\n<div class=\"siteorigin-widget-tinymce textwidget\">\n\t<h2 class=\"box-icon-classic-title\"><a href=\"https:\/\/montemedio.com\/en\/via-ferrata-annecy\/\">Via Ferrata<\/a><\/h2>\n<\/div>\n<\/div><\/div><\/div><\/div><\/div><\/div><\/div><div id=\"pg-21226-6\"  class=\"panel-grid panel-has-style\" ><div id=\"contact\" class=\"panel-row-style panel-row-style-for-21226-6\" ><div id=\"pgc-21226-6-0\"  class=\"panel-grid-cell\" ><div id=\"panel-21226-6-0-0\" class=\"so-panel widget widget_sow-editor panel-first-child panel-last-child\" data-index=\"13\" ><div\n\t\t\t\n\t\t\tclass=\"so-widget-sow-editor so-widget-sow-editor-base\"\n\t\t\t\n\t\t><h2 class=\"widget-title\">Would you like more information?<\/h2>\n<div class=\"siteorigin-widget-tinymce textwidget\">\n\t\n<div class=\"wpcf7 no-js\" id=\"wpcf7-f28977-o1\" lang=\"en-US\" dir=\"ltr\" data-wpcf7-id=\"28977\">\n<div class=\"screen-reader-response\"><p role=\"status\" aria-live=\"polite\" aria-atomic=\"true\"><\/p> <ul><\/ul><\/div>\n<form action=\"\/en\/wp-json\/wp\/v2\/pages\/21226#wpcf7-f28977-o1\" method=\"post\" class=\"wpcf7-form init\" aria-label=\"Contact form\" novalidate=\"novalidate\" data-status=\"init\">\n<fieldset class=\"hidden-fields-container\"><input type=\"hidden\" name=\"_wpcf7\" value=\"28977\" \/><input type=\"hidden\" name=\"_wpcf7_version\" value=\"6.1.5\" \/><input type=\"hidden\" name=\"_wpcf7_locale\" value=\"en_US\" \/><input type=\"hidden\" name=\"_wpcf7_unit_tag\" value=\"wpcf7-f28977-o1\" \/><input type=\"hidden\" name=\"_wpcf7_container_post\" value=\"0\" \/><input type=\"hidden\" name=\"_wpcf7_posted_data_hash\" value=\"\" \/><input type=\"hidden\" name=\"_wpcf7_recaptcha_response\" value=\"\" \/>\n<\/fieldset>\n<div class=\"wpcf7-response-output\" aria-hidden=\"true\"><\/div>\n\n      <div class=\"row row-14 gutters-14\">\n        <div class=\"col-md-6\">\n          <div class=\"row row-14 gutters-14\">\n            <div class=\"col-md-6\">\n              <div class=\"form-wrap\">\n                <label class=\"form-label\" for=\"prenom\">First name<span>*<\/span><\/label>\n                <span class=\"wpcf7-form-control-wrap\" data-name=\"prenom\"><input size=\"40\" maxlength=\"400\" class=\"wpcf7-form-control wpcf7-text wpcf7-validates-as-required form-input\" id=\"prenom\" aria-required=\"true\" aria-invalid=\"false\" placeholder=\"Ex : John\" value=\"\" type=\"text\" name=\"prenom\" \/><\/span>\n              <\/div>\n            <\/div>\n            <div class=\"col-md-6\">\n              <div class=\"form-wrap\">\n                <label class=\"form-label\" for=\"nom\">Last name<span>*<\/span><\/label>\n                <span class=\"wpcf7-form-control-wrap\" data-name=\"nom\"><input size=\"40\" maxlength=\"400\" class=\"wpcf7-form-control wpcf7-text wpcf7-validates-as-required form-input\" id=\"nom\" aria-required=\"true\" aria-invalid=\"false\" placeholder=\"Ex : Doe\" value=\"\" type=\"text\" name=\"nom\" \/><\/span>\n              <\/div>\n            <\/div>\n          <\/div>\n          <div class=\"row row-14 gutters-14\">\n            <div class=\"col-md-6\">\n              <div class=\"form-wrap\">\n                <label class=\"form-label\" for=\"mail\">Email<span>*<\/span><\/label>\n                <span class=\"wpcf7-form-control-wrap\" data-name=\"mail\"><input size=\"40\" maxlength=\"400\" class=\"wpcf7-form-control wpcf7-email wpcf7-validates-as-required wpcf7-text wpcf7-validates-as-email form-input\" id=\"mail\" aria-required=\"true\" aria-invalid=\"false\" placeholder=\"Ex : john.doe@example.com\" value=\"\" type=\"email\" name=\"mail\" \/><\/span>\n              <\/div>\n            <\/div>\n            <div class=\"col-md-6\">\n              <div class=\"form-wrap\">\n                <label class=\"form-label\" for=\"telephone\">Phone<\/label>\n                <span class=\"wpcf7-form-control-wrap\" data-name=\"telephone\"><input size=\"40\" maxlength=\"400\" class=\"wpcf7-form-control wpcf7-text form-input\" id=\"telephone\" aria-invalid=\"false\" placeholder=\"Ex : 00 44 06 1213 0530\" value=\"\" type=\"text\" name=\"telephone\" \/><\/span>\n              <\/div>\n            <\/div>\n          <\/div>\n        <\/div>\n        <div class=\"col-md-6\">\n          <div class=\"form-wrap\">\n            <label class=\"form-label\" for=\"message\">Message<span>*<\/span><\/label>\n            <span class=\"wpcf7-form-control-wrap\" data-name=\"message\"><textarea cols=\"40\" rows=\"10\" maxlength=\"2000\" class=\"wpcf7-form-control wpcf7-textarea wpcf7-validates-as-required form-input textarea-lg\" id=\"message\" aria-required=\"true\" aria-invalid=\"false\" placeholder=\"Your message here ...\" name=\"message\"><\/textarea><\/span>\n          <\/div>\n        <\/div>\n        <div class=\"col-12\">\n          <div class=\"form-wrap\">\n            <label class=\"checkbox-inline\">\n              <span class=\"wpcf7-form-control-wrap\" data-name=\"agree\"><span class=\"wpcf7-form-control wpcf7-checkbox\"><span class=\"wpcf7-list-item first last\"><input type=\"checkbox\" name=\"agree[]\" value=\"I accept your privacy policy\" \/><span class=\"wpcf7-list-item-label\">I accept your privacy policy<\/span><\/span><\/span><\/span>\n            <\/label>\n          <\/div>\n        <\/div>\n      <\/div>\n      <button id=\"submit\" class=\"wpcf7-form-control wpcf7-submit button button-primary button-pipaluk\" type=\"submit\">Send<\/button>\n<input class=\"wpcf7-form-control wpcf7-hidden\" value=\"\" type=\"hidden\" name=\"page-title\" \/>\n<input class=\"wpcf7-form-control wpcf7-hidden\" value=\"\" type=\"hidden\" name=\"page-url\" \/>\n<\/form>\n<\/div>\n\n<\/div>\n<\/div><\/div><\/div><\/div><\/div><div id=\"pg-21226-7\"  class=\"panel-grid panel-no-style\" ><div id=\"pgc-21226-7-0\"  class=\"panel-grid-cell\" ><div id=\"panel-21226-7-0-0\" class=\"so-panel widget widget_mm-widget-faq panel-first-child panel-last-child\" data-index=\"14\" ><div\n\t\t\t\n\t\t\tclass=\"so-widget-mm-widget-faq so-widget-mm-widget-faq-base\"\n\t\t\t\n\t\t>  <div class=\"row row-30\">\n    <div class=\"col-12\">\n      <h2 class=\"text-left widget-title\">FAQ Alpinism &amp; Mountaineering<\/h2>\n    <\/div>\n  <\/div>\n\n<div class=\"row row-50 justify-content-center justify-content-xl-between row-faq position-relative\">\n    <div class=\"col-md-6 row-faq\">\n    <h3 class=\"red-text\">What summit should I do to learn mountaineering?<\/h3>\n    <p>To begin in mountaineering, we propose you varied outings so that you can pass on all the grounds : ridge of Cosmiques in Chamonix, hiking glaciers, ridge climb on rock\u2026<\/p>\n  <\/div>\n    <div class=\"col-md-6 row-faq\">\n    <h3 class=\"red-text\">What do we need?<\/h3>\n    <p>To mountaineering you must equip yourself with your personal equipment, mountain shoes where you can attach crampons, an ice ax, a backpack, gore tex pant, technical tee-shirts, gore tex jacket and small down jacket. Good quality sunglasses designed for high altitude and sun-cream.<\/p>\n  <\/div>\n    <div class=\"col-md-6 row-faq\">\n    <h3 class=\"red-text\">When can we go mountaineering?<\/h3>\n    <p>In the French Alps and Italian or Swiss neighbors, the best period for mountaineering is spread over three seasons: spring, summer and autumn.<\/p>\n  <\/div>\n  <\/div>\n\n<div class=\"row\">\n  <div class=\"col-12 text-center mt-4\" data-wow-delay=\".1s\">\n    <a href=\"#\" class=\"more-faq fa fa-angle-down active\"><\/a>\n  <\/div>\n<\/div><\/div><\/div><\/div><\/div><\/div>","protected":false},"excerpt":{"rendered":"<p>The adventure in mountains attracts you? Do you dream of Mont Blanc\u00a0or crossing the edges of the Dents de Lanfon? From Annecy Mountains to the highest peaks in the Alps The Mont\u00e9 M\u00e9dio High Mountain Guides are at your disposal to prepare and guide you in your projects. Depending on your level, your profile, your [&hellip;]<\/p>\n","protected":false},"author":1,"featured_media":21237,"parent":0,"menu_order":0,"comment_status":"closed","ping_status":"closed","template":"","meta":{"footnotes":""},"class_list":["post-21226","page","type-page","status-publish","has-post-thumbnail","hentry"],"yoast_head":"<!-- This site is optimized with the Yoast SEO Premium plugin v26.8 (Yoast SEO v27.3) - https:\/\/yoast.com\/product\/yoast-seo-premium-wordpress\/ -->\n<title>Alpinism &amp; Mountaineering &#8211; Canyoning Annecy et Sport Mont\u00e9 M\u00e9dio<\/title>\n<meta name=\"robots\" content=\"index, follow, max-snippet:-1, max-image-preview:large, max-video-preview:-1\" \/>\n<link rel=\"canonical\" href=\"https:\/\/montemedio.com\/en\/alpinism-mountaineering\/\" \/>\n<meta property=\"og:locale\" content=\"en_US\" \/>\n<meta property=\"og:type\" content=\"article\" \/>\n<meta property=\"og:title\" content=\"Alpinism &amp; Mountaineering\" \/>\n<meta property=\"og:description\" content=\"The adventure in mountains attracts you? Do you dream of Mont Blanc\u00a0or crossing the edges of the Dents de Lanfon? From Annecy Mountains to the highest peaks in the Alps The Mont\u00e9 M\u00e9dio High Mountain Guides are at your disposal to prepare and guide you in your projects. Depending on your level, your profile, your [&hellip;]\" \/>\n<meta property=\"og:url\" content=\"https:\/\/montemedio.com\/en\/alpinism-mountaineering\/\" \/>\n<meta property=\"og:site_name\" content=\"Canyoning Annecy et Sport Mont\u00e9 M\u00e9dio\" \/>\n<meta property=\"article:publisher\" content=\"https:\/\/www.facebook.com\/montemedio\/\" \/>\n<meta property=\"article:modified_time\" content=\"2022-12-09T10:42:10+00:00\" \/>\n<meta property=\"og:image\" content=\"https:\/\/montemedio.com\/wp-content\/uploads\/2020\/05\/Alpinism-Mountaineering-monte-medio-02.jpg\" \/>\n\t<meta property=\"og:image:width\" content=\"1200\" \/>\n\t<meta property=\"og:image:height\" content=\"800\" \/>\n\t<meta property=\"og:image:type\" content=\"image\/jpeg\" \/>\n<meta name=\"twitter:card\" content=\"summary_large_image\" \/>\n<meta name=\"twitter:label1\" content=\"Est. reading time\" \/>\n\t<meta name=\"twitter:data1\" content=\"2 minutes\" \/>\n<script type=\"application\/ld+json\" class=\"yoast-schema-graph\">{\"@context\":\"https:\\\/\\\/schema.org\",\"@graph\":[{\"@type\":\"WebPage\",\"@id\":\"https:\\\/\\\/montemedio.com\\\/en\\\/alpinism-mountaineering\\\/\",\"url\":\"https:\\\/\\\/montemedio.com\\\/en\\\/alpinism-mountaineering\\\/\",\"name\":\"Alpinism & Mountaineering &#8211; Canyoning Annecy et Sport Mont\u00e9 M\u00e9dio\",\"isPartOf\":{\"@id\":\"https:\\\/\\\/montemedio.com\\\/en\\\/#website\"},\"primaryImageOfPage\":{\"@id\":\"https:\\\/\\\/montemedio.com\\\/en\\\/alpinism-mountaineering\\\/#primaryimage\"},\"image\":{\"@id\":\"https:\\\/\\\/montemedio.com\\\/en\\\/alpinism-mountaineering\\\/#primaryimage\"},\"thumbnailUrl\":\"https:\\\/\\\/montemedio.com\\\/wp-content\\\/uploads\\\/2020\\\/05\\\/Alpinism-Mountaineering-monte-medio-02.jpg\",\"datePublished\":\"2020-05-12T05:26:34+00:00\",\"dateModified\":\"2022-12-09T10:42:10+00:00\",\"breadcrumb\":{\"@id\":\"https:\\\/\\\/montemedio.com\\\/en\\\/alpinism-mountaineering\\\/#breadcrumb\"},\"inLanguage\":\"en-US\",\"potentialAction\":[{\"@type\":\"ReadAction\",\"target\":[\"https:\\\/\\\/montemedio.com\\\/en\\\/alpinism-mountaineering\\\/\"]}]},{\"@type\":\"ImageObject\",\"inLanguage\":\"en-US\",\"@id\":\"https:\\\/\\\/montemedio.com\\\/en\\\/alpinism-mountaineering\\\/#primaryimage\",\"url\":\"https:\\\/\\\/montemedio.com\\\/wp-content\\\/uploads\\\/2020\\\/05\\\/Alpinism-Mountaineering-monte-medio-02.jpg\",\"contentUrl\":\"https:\\\/\\\/montemedio.com\\\/wp-content\\\/uploads\\\/2020\\\/05\\\/Alpinism-Mountaineering-monte-medio-02.jpg\",\"width\":1200,\"height\":800,\"caption\":\"alpinism-mountaineering\"},{\"@type\":\"BreadcrumbList\",\"@id\":\"https:\\\/\\\/montemedio.com\\\/en\\\/alpinism-mountaineering\\\/#breadcrumb\",\"itemListElement\":[{\"@type\":\"ListItem\",\"position\":1,\"name\":\"Homepage\",\"item\":\"https:\\\/\\\/montemedio.com\\\/en\\\/\"},{\"@type\":\"ListItem\",\"position\":2,\"name\":\"Alpinism &#038; Mountaineering\"}]},{\"@type\":\"WebSite\",\"@id\":\"https:\\\/\\\/montemedio.com\\\/en\\\/#website\",\"url\":\"https:\\\/\\\/montemedio.com\\\/en\\\/\",\"name\":\"Canyoning Annecy et Sport Mont\u00e9 M\u00e9dio\",\"description\":\"Partez en qu\u00eate d&#039;\u00e9chapp\u00e9es belles\",\"potentialAction\":[{\"@type\":\"SearchAction\",\"target\":{\"@type\":\"EntryPoint\",\"urlTemplate\":\"https:\\\/\\\/montemedio.com\\\/en\\\/?s={search_term_string}\"},\"query-input\":{\"@type\":\"PropertyValueSpecification\",\"valueRequired\":true,\"valueName\":\"search_term_string\"}}],\"inLanguage\":\"en-US\"}]}<\/script>\n<!-- \/ Yoast SEO Premium plugin. -->","yoast_head_json":{"title":"Alpinism & Mountaineering &#8211; Canyoning Annecy et Sport Mont\u00e9 M\u00e9dio","robots":{"index":"index","follow":"follow","max-snippet":"max-snippet:-1","max-image-preview":"max-image-preview:large","max-video-preview":"max-video-preview:-1"},"canonical":"https:\/\/montemedio.com\/en\/alpinism-mountaineering\/","og_locale":"en_US","og_type":"article","og_title":"Alpinism & Mountaineering","og_description":"The adventure in mountains attracts you? Do you dream of Mont Blanc\u00a0or crossing the edges of the Dents de Lanfon? From Annecy Mountains to the highest peaks in the Alps The Mont\u00e9 M\u00e9dio High Mountain Guides are at your disposal to prepare and guide you in your projects. Depending on your level, your profile, your [&hellip;]","og_url":"https:\/\/montemedio.com\/en\/alpinism-mountaineering\/","og_site_name":"Canyoning Annecy et Sport Mont\u00e9 M\u00e9dio","article_publisher":"https:\/\/www.facebook.com\/montemedio\/","article_modified_time":"2022-12-09T10:42:10+00:00","og_image":[{"width":1200,"height":800,"url":"https:\/\/montemedio.com\/wp-content\/uploads\/2020\/05\/Alpinism-Mountaineering-monte-medio-02.jpg","type":"image\/jpeg"}],"twitter_card":"summary_large_image","twitter_misc":{"Est. reading time":"2 minutes"},"schema":{"@context":"https:\/\/schema.org","@graph":[{"@type":"WebPage","@id":"https:\/\/montemedio.com\/en\/alpinism-mountaineering\/","url":"https:\/\/montemedio.com\/en\/alpinism-mountaineering\/","name":"Alpinism & Mountaineering &#8211; Canyoning Annecy et Sport Mont\u00e9 M\u00e9dio","isPartOf":{"@id":"https:\/\/montemedio.com\/en\/#website"},"primaryImageOfPage":{"@id":"https:\/\/montemedio.com\/en\/alpinism-mountaineering\/#primaryimage"},"image":{"@id":"https:\/\/montemedio.com\/en\/alpinism-mountaineering\/#primaryimage"},"thumbnailUrl":"https:\/\/montemedio.com\/wp-content\/uploads\/2020\/05\/Alpinism-Mountaineering-monte-medio-02.jpg","datePublished":"2020-05-12T05:26:34+00:00","dateModified":"2022-12-09T10:42:10+00:00","breadcrumb":{"@id":"https:\/\/montemedio.com\/en\/alpinism-mountaineering\/#breadcrumb"},"inLanguage":"en-US","potentialAction":[{"@type":"ReadAction","target":["https:\/\/montemedio.com\/en\/alpinism-mountaineering\/"]}]},{"@type":"ImageObject","inLanguage":"en-US","@id":"https:\/\/montemedio.com\/en\/alpinism-mountaineering\/#primaryimage","url":"https:\/\/montemedio.com\/wp-content\/uploads\/2020\/05\/Alpinism-Mountaineering-monte-medio-02.jpg","contentUrl":"https:\/\/montemedio.com\/wp-content\/uploads\/2020\/05\/Alpinism-Mountaineering-monte-medio-02.jpg","width":1200,"height":800,"caption":"alpinism-mountaineering"},{"@type":"BreadcrumbList","@id":"https:\/\/montemedio.com\/en\/alpinism-mountaineering\/#breadcrumb","itemListElement":[{"@type":"ListItem","position":1,"name":"Homepage","item":"https:\/\/montemedio.com\/en\/"},{"@type":"ListItem","position":2,"name":"Alpinism &#038; Mountaineering"}]},{"@type":"WebSite","@id":"https:\/\/montemedio.com\/en\/#website","url":"https:\/\/montemedio.com\/en\/","name":"Canyoning Annecy et Sport Mont\u00e9 M\u00e9dio","description":"Partez en qu\u00eate d&#039;\u00e9chapp\u00e9es belles","potentialAction":[{"@type":"SearchAction","target":{"@type":"EntryPoint","urlTemplate":"https:\/\/montemedio.com\/en\/?s={search_term_string}"},"query-input":{"@type":"PropertyValueSpecification","valueRequired":true,"valueName":"search_term_string"}}],"inLanguage":"en-US"}]}},"_links":{"self":[{"href":"https:\/\/montemedio.com\/en\/wp-json\/wp\/v2\/pages\/21226","targetHints":{"allow":["GET"]}}],"collection":[{"href":"https:\/\/montemedio.com\/en\/wp-json\/wp\/v2\/pages"}],"about":[{"href":"https:\/\/montemedio.com\/en\/wp-json\/wp\/v2\/types\/page"}],"author":[{"embeddable":true,"href":"https:\/\/montemedio.com\/en\/wp-json\/wp\/v2\/users\/1"}],"replies":[{"embeddable":true,"href":"https:\/\/montemedio.com\/en\/wp-json\/wp\/v2\/comments?post=21226"}],"version-history":[{"count":9,"href":"https:\/\/montemedio.com\/en\/wp-json\/wp\/v2\/pages\/21226\/revisions"}],"predecessor-version":[{"id":28988,"href":"https:\/\/montemedio.com\/en\/wp-json\/wp\/v2\/pages\/21226\/revisions\/28988"}],"wp:featuredmedia":[{"embeddable":true,"href":"https:\/\/montemedio.com\/en\/wp-json\/wp\/v2\/media\/21237"}],"wp:attachment":[{"href":"https:\/\/montemedio.com\/en\/wp-json\/wp\/v2\/media?parent=21226"}],"curies":[{"name":"wp","href":"https:\/\/api.w.org\/{rel}","templated":true}]}}