{"id":21248,"date":"2020-05-12T07:48:34","date_gmt":"2020-05-12T05:48:34","guid":{"rendered":"https:\/\/montemedio.com\/?page_id=21248"},"modified":"2025-02-02T17:59:10","modified_gmt":"2025-02-02T16:59:10","slug":"apero-boat-annecy-lake","status":"publish","type":"page","link":"https:\/\/montemedio.com\/en\/apero-boat-annecy-lake\/","title":{"rendered":"Apero Boat Lake Annecy"},"content":{"rendered":"<div id=\"pl-21248\"  class=\"panel-layout\" ><div id=\"pg-21248-0\"  class=\"panel-grid panel-no-style\" ><div id=\"pgc-21248-0-0\"  class=\"panel-grid-cell\" ><div id=\"panel-21248-0-0-0\" class=\"so-panel widget widget_sow-editor panel-first-child panel-last-child\" data-index=\"0\" ><div\n\t\t\t\n\t\t\tclass=\"so-widget-sow-editor so-widget-sow-editor-base\"\n\t\t\t\n\t\t>\n<div class=\"siteorigin-widget-tinymce textwidget\">\n\t<p>Come aboard one of our privatized boats to discover Lake Annecy from its most beautiful angle.<\/p>\n<\/div>\n<\/div><\/div><\/div><\/div><div id=\"pg-21248-1\"  class=\"panel-grid panel-no-style\" ><div id=\"pgc-21248-1-0\"  class=\"panel-grid-cell\" ><div id=\"panel-21248-1-0-0\" class=\"so-panel widget widget_sow-editor panel-first-child panel-last-child\" data-index=\"1\" ><div\n\t\t\t\n\t\t\tclass=\"so-widget-sow-editor so-widget-sow-editor-base\"\n\t\t\t\n\t\t>\n<div class=\"siteorigin-widget-tinymce textwidget\">\n\t<h2 class=\"red\">Apero boat on the lake Annecy<\/h2>\n<p>From April to November, whether at the start of the day to enjoy the morning tranquility of the lake, or at the end of the afternoon to enjoy a sunset, we offer private boat trips on the Annecy lake.<\/p>\n<p>You can come on board with your own aperitif or ask us to prepare it for you.<\/p>\n<p>The aperitif boat is also available in winter mode to enjoy a fondue on board.<\/p>\n<p>You can accommodate up to 12 people per boat, beyond that you will need an additional boat. The two boats will sail together and can come together during the aperitif break.<\/p>\n<p>Embark wherever you want around the lake (except Doussard): from our <a href=\"https:\/\/montemedio.com\/en\/canyoning-annecy\/\">canyoning<\/a> base in Angon Talloires, after a canyoning descent, but also from Annecy (Quai de la Tournette, Ponton des Aravis) or on another pontoon.<\/p>\n<\/div>\n<\/div><\/div><\/div><div id=\"pgc-21248-1-1\"  class=\"panel-grid-cell\" ><div id=\"panel-21248-1-1-0\" class=\"so-panel widget widget_media_image panel-first-child panel-last-child\" data-index=\"2\" ><img decoding=\"async\" width=\"2560\" height=\"1707\" src=\"https:\/\/montemedio.com\/wp-content\/uploads\/2025\/02\/Apero-boat-Annecy-Monte-Medio-3-scaled.jpg\" class=\"image wp-image-32678 rounded attachment-full size-full\" alt=\"Apero boat Annecy Monte Medio\" style=\"max-width: 100%; height: auto;\" srcset=\"https:\/\/montemedio.com\/wp-content\/uploads\/2025\/02\/Apero-boat-Annecy-Monte-Medio-3-scaled.jpg 2560w, https:\/\/montemedio.com\/wp-content\/uploads\/2025\/02\/Apero-boat-Annecy-Monte-Medio-3-300x200.jpg 300w, https:\/\/montemedio.com\/wp-content\/uploads\/2025\/02\/Apero-boat-Annecy-Monte-Medio-3-1024x683.jpg 1024w, https:\/\/montemedio.com\/wp-content\/uploads\/2025\/02\/Apero-boat-Annecy-Monte-Medio-3-768x512.jpg 768w, https:\/\/montemedio.com\/wp-content\/uploads\/2025\/02\/Apero-boat-Annecy-Monte-Medio-3-1536x1024.jpg 1536w, https:\/\/montemedio.com\/wp-content\/uploads\/2025\/02\/Apero-boat-Annecy-Monte-Medio-3-2048x1365.jpg 2048w, https:\/\/montemedio.com\/wp-content\/uploads\/2025\/02\/Apero-boat-Annecy-Monte-Medio-3-272x182.jpg 272w\" sizes=\"(max-width: 2560px) 100vw, 2560px\" \/><\/div><\/div><\/div><div id=\"pg-21248-2\"  class=\"panel-grid panel-no-style\" ><div id=\"pgc-21248-2-0\"  class=\"panel-grid-cell\" ><div id=\"panel-21248-2-0-0\" class=\"so-panel widget widget_sow-editor panel-first-child panel-last-child\" data-index=\"3\" ><div class=\"text-center rounded panel-widget-style panel-widget-style-for-21248-2-0-0\" ><div\n\t\t\t\n\t\t\tclass=\"so-widget-sow-editor so-widget-sow-editor-base\"\n\t\t\t\n\t\t>\n<div class=\"siteorigin-widget-tinymce textwidget\">\n\t<p>&nbsp;<\/p>\n<div class=\"svg-icon mb-3\"><img decoding=\"async\" src=\"https:\/\/montemedio.com\/wp-content\/themes\/monte-medio\/assets\/images\/insurance 2.svg\" alt=\"\" \/><\/div>\n<h2 class=\"info-box-title vert\">Sail on the most beautiful lake in the Alps<\/h2>\n<\/div>\n<\/div><\/div><\/div><\/div><div id=\"pgc-21248-2-1\"  class=\"panel-grid-cell\" ><div id=\"panel-21248-2-1-0\" class=\"so-panel widget widget_sow-editor panel-first-child panel-last-child\" data-index=\"4\" ><div class=\"text-center rounded panel-widget-style panel-widget-style-for-21248-2-1-0\" ><div\n\t\t\t\n\t\t\tclass=\"so-widget-sow-editor so-widget-sow-editor-base\"\n\t\t\t\n\t\t>\n<div class=\"siteorigin-widget-tinymce textwidget\">\n\t<p>&nbsp;<\/p>\n<div class=\"svg-icon mb-3\"><img decoding=\"async\" src=\"https:\/\/montemedio.com\/wp-content\/themes\/monte-medio\/assets\/images\/map.svg\" alt=\"\" \/><\/div>\n<h2 class=\"info-box-title vert\">Spend a friendly moment on one of our terrace boats<\/h2>\n<\/div>\n<\/div><\/div><\/div><\/div><div id=\"pgc-21248-2-2\"  class=\"panel-grid-cell\" ><div id=\"panel-21248-2-2-0\" class=\"so-panel widget widget_sow-editor panel-first-child panel-last-child\" data-index=\"5\" ><div class=\"text-center rounded panel-widget-style panel-widget-style-for-21248-2-2-0\" ><div\n\t\t\t\n\t\t\tclass=\"so-widget-sow-editor so-widget-sow-editor-base\"\n\t\t\t\n\t\t>\n<div class=\"siteorigin-widget-tinymce textwidget\">\n\t<p>&nbsp;<\/p>\n<div class=\"svg-icon mb-3\"><img decoding=\"async\" src=\"https:\/\/montemedio.com\/wp-content\/themes\/monte-medio\/assets\/images\/beach.svg\" alt=\"\" \/><\/div>\n<h2 class=\"info-box-title vert\">Swimming, aperitif, sunset ...<\/h2>\n<\/div>\n<\/div><\/div><\/div><\/div><\/div><div id=\"pg-21248-3\"  class=\"panel-grid panel-no-style\" ><div id=\"pgc-21248-3-0\"  class=\"panel-grid-cell\" ><div id=\"panel-21248-3-0-0\" class=\"so-panel widget widget_sow-editor panel-first-child panel-last-child\" data-index=\"6\" ><div class=\"text-center text-md-left rounded panel-widget-style panel-widget-style-for-21248-3-0-0\" ><div\n\t\t\t\n\t\t\tclass=\"so-widget-sow-editor so-widget-sow-editor-base\"\n\t\t\t\n\t\t>\n<div class=\"siteorigin-widget-tinymce textwidget\">\n\t<div class=\"svg-icon mb-3 mb-md-0\"><img decoding=\"async\" src=\"https:\/\/montemedio.com\/wp-content\/themes\/monte-medio\/assets\/images\/casque.svg\" alt=\"\" \/><\/div>\n<h2 class=\"info-box-title d-block d-md-inline ml-md-2 align-top\">A tip top team and service<\/h2>\n<\/div>\n<\/div><\/div><\/div><\/div><div id=\"pgc-21248-3-1\"  class=\"panel-grid-cell\" ><div id=\"panel-21248-3-1-0\" class=\"so-panel widget widget_sow-editor panel-first-child panel-last-child\" data-index=\"7\" ><div class=\"text-center text-md-left rounded panel-widget-style panel-widget-style-for-21248-3-1-0\" ><div\n\t\t\t\n\t\t\tclass=\"so-widget-sow-editor so-widget-sow-editor-base\"\n\t\t\t\n\t\t>\n<div class=\"siteorigin-widget-tinymce textwidget\">\n\t<div class=\"svg-icon mb-3 mb-md-0\"><img decoding=\"async\" src=\"https:\/\/montemedio.com\/wp-content\/themes\/monte-medio\/assets\/images\/happy.svg\" alt=\"\" \/><\/div>\n<h2 class=\"info-box-title d-block d-md-inline ml-md-2 align-top\">Several packages for all tastes<\/h2>\n<\/div>\n<\/div><\/div><\/div><\/div><\/div><div id=\"pg-21248-4\"  class=\"panel-grid panel-has-style\" ><div class=\"siteorigin-panels-stretch panel-row-style panel-row-style-for-21248-4\" data-stretch-type=\"full\" ><div id=\"pgc-21248-4-0\"  class=\"panel-grid-cell\" ><div id=\"panel-21248-4-0-0\" class=\"so-panel widget widget_sow-editor panel-first-child panel-last-child\" data-index=\"8\" ><div\n\t\t\t\n\t\t\tclass=\"so-widget-sow-editor so-widget-sow-editor-base\"\n\t\t\t\n\t\t><h2 class=\"widget-title\">Our other activities<\/h2>\n<div class=\"siteorigin-widget-tinymce textwidget\">\n\t<p>&nbsp;<\/p>\n<\/div>\n<\/div><\/div><\/div><\/div><\/div><div id=\"pg-21248-5\"  class=\"panel-grid panel-has-style\" ><div class=\"red-section-faded siteorigin-panels-stretch panel-row-style panel-row-style-for-21248-5\" data-stretch-type=\"full\" ><div id=\"pgc-21248-5-0\"  class=\"panel-grid-cell\" ><div class=\"home-activities panel-cell-style panel-cell-style-for-21248-5-0\" ><div id=\"panel-21248-5-0-0\" class=\"so-panel widget widget_sow-editor panel-first-child panel-last-child\" data-index=\"9\" ><div class=\"panel-widget-style panel-widget-style-for-21248-5-0-0\" ><div\n\t\t\t\n\t\t\tclass=\"so-widget-sow-editor so-widget-sow-editor-base\"\n\t\t\t\n\t\t>\n<div class=\"siteorigin-widget-tinymce textwidget\">\n\t<h2 class=\"box-icon-classic-title\"><a href=\"https:\/\/montemedio.com\/en\/canyoning-annecy\/\">Canyoning<\/a><\/h2>\n<\/div>\n<\/div><\/div><\/div><\/div><\/div><div id=\"pgc-21248-5-1\"  class=\"panel-grid-cell\" ><div class=\"home-activities panel-cell-style panel-cell-style-for-21248-5-1\" ><div id=\"panel-21248-5-1-0\" class=\"so-panel widget widget_sow-editor panel-first-child panel-last-child\" data-index=\"10\" ><div class=\"panel-widget-style panel-widget-style-for-21248-5-1-0\" ><div\n\t\t\t\n\t\t\tclass=\"so-widget-sow-editor so-widget-sow-editor-base\"\n\t\t\t\n\t\t>\n<div class=\"siteorigin-widget-tinymce textwidget\">\n\t<h2 class=\"box-icon-classic-title\"><a href=\"https:\/\/montemedio.com\/en\/rock-climbing-annecy\/\">Rock climbing<\/a><\/h2>\n<\/div>\n<\/div><\/div><\/div><\/div><\/div><div id=\"pgc-21248-5-2\"  class=\"panel-grid-cell\" ><div class=\"home-activities panel-cell-style panel-cell-style-for-21248-5-2\" ><div id=\"panel-21248-5-2-0\" class=\"so-panel widget widget_sow-editor panel-first-child panel-last-child\" data-index=\"11\" ><div class=\"panel-widget-style panel-widget-style-for-21248-5-2-0\" ><div\n\t\t\t\n\t\t\tclass=\"so-widget-sow-editor so-widget-sow-editor-base\"\n\t\t\t\n\t\t>\n<div class=\"siteorigin-widget-tinymce textwidget\">\n\t<h2 class=\"box-icon-classic-title\"><a href=\"https:\/\/montemedio.com\/en\/paragliding-annecy\/\">Paragliding<\/a><\/h2>\n<\/div>\n<\/div><\/div><\/div><\/div><\/div><div id=\"pgc-21248-5-3\"  class=\"panel-grid-cell\" ><div class=\"home-activities panel-cell-style panel-cell-style-for-21248-5-3\" ><div id=\"panel-21248-5-3-0\" class=\"so-panel widget widget_sow-editor panel-first-child panel-last-child\" data-index=\"12\" ><div class=\"panel-widget-style panel-widget-style-for-21248-5-3-0\" ><div\n\t\t\t\n\t\t\tclass=\"so-widget-sow-editor so-widget-sow-editor-base\"\n\t\t\t\n\t\t>\n<div class=\"siteorigin-widget-tinymce textwidget\">\n\t<h2 class=\"box-icon-classic-title\"><a href=\"https:\/\/montemedio.com\/en\/via-ferrata-annecy\/\">Via Ferrata<\/a><\/h2>\n<\/div>\n<\/div><\/div><\/div><\/div><\/div><\/div><\/div><div id=\"pg-21248-6\"  class=\"panel-grid panel-has-style\" ><div id=\"contact\" class=\"panel-row-style panel-row-style-for-21248-6\" ><div id=\"pgc-21248-6-0\"  class=\"panel-grid-cell\" ><div id=\"panel-21248-6-0-0\" class=\"so-panel widget widget_sow-editor panel-first-child panel-last-child\" data-index=\"13\" ><div\n\t\t\t\n\t\t\tclass=\"so-widget-sow-editor so-widget-sow-editor-base\"\n\t\t\t\n\t\t><h2 class=\"widget-title\">Would you like more information?<\/h2>\n<div class=\"siteorigin-widget-tinymce textwidget\">\n\t\n<div class=\"wpcf7 no-js\" id=\"wpcf7-f28977-o1\" lang=\"en-US\" dir=\"ltr\" data-wpcf7-id=\"28977\">\n<div class=\"screen-reader-response\"><p role=\"status\" aria-live=\"polite\" aria-atomic=\"true\"><\/p> <ul><\/ul><\/div>\n<form action=\"\/en\/wp-json\/wp\/v2\/pages\/21248#wpcf7-f28977-o1\" method=\"post\" class=\"wpcf7-form init\" aria-label=\"Contact form\" novalidate=\"novalidate\" data-status=\"init\">\n<fieldset class=\"hidden-fields-container\"><input type=\"hidden\" name=\"_wpcf7\" value=\"28977\" \/><input type=\"hidden\" name=\"_wpcf7_version\" value=\"6.1.5\" \/><input type=\"hidden\" name=\"_wpcf7_locale\" value=\"en_US\" \/><input type=\"hidden\" name=\"_wpcf7_unit_tag\" value=\"wpcf7-f28977-o1\" \/><input type=\"hidden\" name=\"_wpcf7_container_post\" value=\"0\" \/><input type=\"hidden\" name=\"_wpcf7_posted_data_hash\" value=\"\" \/><input type=\"hidden\" name=\"_wpcf7_recaptcha_response\" value=\"\" \/>\n<\/fieldset>\n<div class=\"wpcf7-response-output\" aria-hidden=\"true\"><\/div>\n\n      <div class=\"row row-14 gutters-14\">\n        <div class=\"col-md-6\">\n          <div class=\"row row-14 gutters-14\">\n            <div class=\"col-md-6\">\n              <div class=\"form-wrap\">\n                <label class=\"form-label\" for=\"prenom\">First name<span>*<\/span><\/label>\n                <span class=\"wpcf7-form-control-wrap\" data-name=\"prenom\"><input size=\"40\" maxlength=\"400\" class=\"wpcf7-form-control wpcf7-text wpcf7-validates-as-required form-input\" id=\"prenom\" aria-required=\"true\" aria-invalid=\"false\" placeholder=\"Ex : John\" value=\"\" type=\"text\" name=\"prenom\" \/><\/span>\n              <\/div>\n            <\/div>\n            <div class=\"col-md-6\">\n              <div class=\"form-wrap\">\n                <label class=\"form-label\" for=\"nom\">Last name<span>*<\/span><\/label>\n                <span class=\"wpcf7-form-control-wrap\" data-name=\"nom\"><input size=\"40\" maxlength=\"400\" class=\"wpcf7-form-control wpcf7-text wpcf7-validates-as-required form-input\" id=\"nom\" aria-required=\"true\" aria-invalid=\"false\" placeholder=\"Ex : Doe\" value=\"\" type=\"text\" name=\"nom\" \/><\/span>\n              <\/div>\n            <\/div>\n          <\/div>\n          <div class=\"row row-14 gutters-14\">\n            <div class=\"col-md-6\">\n              <div class=\"form-wrap\">\n                <label class=\"form-label\" for=\"mail\">Email<span>*<\/span><\/label>\n                <span class=\"wpcf7-form-control-wrap\" data-name=\"mail\"><input size=\"40\" maxlength=\"400\" class=\"wpcf7-form-control wpcf7-email wpcf7-validates-as-required wpcf7-text wpcf7-validates-as-email form-input\" id=\"mail\" aria-required=\"true\" aria-invalid=\"false\" placeholder=\"Ex : john.doe@example.com\" value=\"\" type=\"email\" name=\"mail\" \/><\/span>\n              <\/div>\n            <\/div>\n            <div class=\"col-md-6\">\n              <div class=\"form-wrap\">\n                <label class=\"form-label\" for=\"telephone\">Phone<\/label>\n                <span class=\"wpcf7-form-control-wrap\" data-name=\"telephone\"><input size=\"40\" maxlength=\"400\" class=\"wpcf7-form-control wpcf7-text form-input\" id=\"telephone\" aria-invalid=\"false\" placeholder=\"Ex : 00 44 06 1213 0530\" value=\"\" type=\"text\" name=\"telephone\" \/><\/span>\n              <\/div>\n            <\/div>\n          <\/div>\n        <\/div>\n        <div class=\"col-md-6\">\n          <div class=\"form-wrap\">\n            <label class=\"form-label\" for=\"message\">Message<span>*<\/span><\/label>\n            <span class=\"wpcf7-form-control-wrap\" data-name=\"message\"><textarea cols=\"40\" rows=\"10\" maxlength=\"2000\" class=\"wpcf7-form-control wpcf7-textarea wpcf7-validates-as-required form-input textarea-lg\" id=\"message\" aria-required=\"true\" aria-invalid=\"false\" placeholder=\"Your message here ...\" name=\"message\"><\/textarea><\/span>\n          <\/div>\n        <\/div>\n        <div class=\"col-12\">\n          <div class=\"form-wrap\">\n            <label class=\"checkbox-inline\">\n              <span class=\"wpcf7-form-control-wrap\" data-name=\"agree\"><span class=\"wpcf7-form-control wpcf7-checkbox\"><span class=\"wpcf7-list-item first last\"><input type=\"checkbox\" name=\"agree[]\" value=\"I accept your privacy policy\" \/><span class=\"wpcf7-list-item-label\">I accept your privacy policy<\/span><\/span><\/span><\/span>\n            <\/label>\n          <\/div>\n        <\/div>\n      <\/div>\n      <button id=\"submit\" class=\"wpcf7-form-control wpcf7-submit button button-primary button-pipaluk\" type=\"submit\">Send<\/button>\n<input class=\"wpcf7-form-control wpcf7-hidden\" value=\"\" type=\"hidden\" name=\"page-title\" \/>\n<input class=\"wpcf7-form-control wpcf7-hidden\" value=\"\" type=\"hidden\" name=\"page-url\" \/>\n<\/form>\n<\/div>\n\n<\/div>\n<\/div><\/div><\/div><\/div><\/div><div id=\"pg-21248-7\"  class=\"panel-grid panel-no-style\" ><div id=\"pgc-21248-7-0\"  class=\"panel-grid-cell\" ><div id=\"panel-21248-7-0-0\" class=\"so-panel widget widget_mm-widget-faq panel-first-child panel-last-child\" data-index=\"14\" ><div\n\t\t\t\n\t\t\tclass=\"so-widget-mm-widget-faq so-widget-mm-widget-faq-base\"\n\t\t\t\n\t\t>  <div class=\"row row-30\">\n    <div class=\"col-12\">\n      <h2 class=\"text-left widget-title\">FAQ Apero Boat Lake Annecy<\/h2>\n    <\/div>\n  <\/div>\n\n<div class=\"row row-50 justify-content-center justify-content-xl-between row-faq position-relative\">\n    <div class=\"col-md-6 row-faq\">\n    <h3 class=\"red-text\">Where do we board for the apero boat?<\/h3>\n    <p>You can embark from:\nAnnecy \u2013 Quai de la Tournette, Aravis pontoon\nSevrier \u2013 port route opposite Mac Donald\u2019s\nTalloires Angon \u2013 Talloires or Angon wharves\nOn request from other locations near your place of residence.<\/p>\n  <\/div>\n    <div class=\"col-md-6 row-faq\">\n    <h3 class=\"red-text\">When can we board an apero boat?<\/h3>\n    <p>The season starts in April and ends in November.<\/p>\n  <\/div>\n    <div class=\"col-md-6 row-faq\">\n    <h3 class=\"red-text\">Quand est ce que l'on peut embarquer pour un apero boat?<\/h3>\n    <p>La saison d\u00e9marre en avril et finit en novembre.<\/p>\n  <\/div>\n  <\/div>\n\n<div class=\"row\">\n  <div class=\"col-12 text-center mt-4\" data-wow-delay=\".1s\">\n    <a href=\"#\" class=\"more-faq fa fa-angle-down active\"><\/a>\n  <\/div>\n<\/div><\/div><\/div><\/div><\/div><\/div>","protected":false},"excerpt":{"rendered":"<p>Come aboard one of our privatized boats to discover Lake Annecy from its most beautiful angle. Apero boat on the lake Annecy From April to November, whether at the start of the day to enjoy the morning tranquility of the lake, or at the end of the afternoon to enjoy a sunset, we offer private [&hellip;]<\/p>\n","protected":false},"author":1,"featured_media":32672,"parent":0,"menu_order":0,"comment_status":"closed","ping_status":"closed","template":"","meta":{"footnotes":""},"class_list":["post-21248","page","type-page","status-publish","has-post-thumbnail","hentry","type-summer","type-water"],"yoast_head":"<!-- This site is optimized with the Yoast SEO Premium plugin v27.3 (Yoast SEO v27.4) - https:\/\/yoast.com\/product\/yoast-seo-premium-wordpress\/ -->\n<title>Apero Boat Lake Annecy &#8211; Canyoning Annecy et Sport Mont\u00e9 M\u00e9dio<\/title>\n<meta name=\"description\" content=\"Come aboard one of our privatized boats to discover Lake Annecy from its most beautiful angle.\" \/>\n<meta name=\"robots\" content=\"index, follow, max-snippet:-1, max-image-preview:large, max-video-preview:-1\" \/>\n<link rel=\"canonical\" href=\"https:\/\/montemedio.com\/en\/apero-boat-annecy-lake\/\" \/>\n<meta property=\"og:locale\" content=\"en_US\" \/>\n<meta property=\"og:type\" content=\"article\" \/>\n<meta property=\"og:title\" content=\"Apero Boat Lake Annecy\" \/>\n<meta property=\"og:description\" content=\"Come aboard one of our privatized boats to discover Lake Annecy from its most beautiful angle.\" \/>\n<meta property=\"og:url\" content=\"https:\/\/montemedio.com\/en\/apero-boat-annecy-lake\/\" \/>\n<meta property=\"og:site_name\" content=\"Canyoning Annecy et Sport Mont\u00e9 M\u00e9dio\" \/>\n<meta property=\"article:publisher\" content=\"https:\/\/www.facebook.com\/montemedio\/\" \/>\n<meta property=\"article:modified_time\" content=\"2025-02-02T16:59:10+00:00\" \/>\n<meta property=\"og:image\" content=\"https:\/\/montemedio.com\/wp-content\/uploads\/2025\/02\/Apero-boat-Annecy-Monte-Medio-1-scaled.jpg\" \/>\n\t<meta property=\"og:image:width\" content=\"2560\" \/>\n\t<meta property=\"og:image:height\" content=\"1707\" \/>\n\t<meta property=\"og:image:type\" content=\"image\/jpeg\" \/>\n<meta name=\"twitter:card\" content=\"summary_large_image\" \/>\n<meta name=\"twitter:label1\" content=\"Est. reading time\" \/>\n\t<meta name=\"twitter:data1\" content=\"3 minutes\" \/>\n<script type=\"application\/ld+json\" class=\"yoast-schema-graph\">{\"@context\":\"https:\\\/\\\/schema.org\",\"@graph\":[{\"@type\":\"WebPage\",\"@id\":\"https:\\\/\\\/montemedio.com\\\/en\\\/apero-boat-annecy-lake\\\/\",\"url\":\"https:\\\/\\\/montemedio.com\\\/en\\\/apero-boat-annecy-lake\\\/\",\"name\":\"Apero Boat Lake Annecy &#8211; Canyoning Annecy et Sport Mont\u00e9 M\u00e9dio\",\"isPartOf\":{\"@id\":\"https:\\\/\\\/montemedio.com\\\/en\\\/#website\"},\"primaryImageOfPage\":{\"@id\":\"https:\\\/\\\/montemedio.com\\\/en\\\/apero-boat-annecy-lake\\\/#primaryimage\"},\"image\":{\"@id\":\"https:\\\/\\\/montemedio.com\\\/en\\\/apero-boat-annecy-lake\\\/#primaryimage\"},\"thumbnailUrl\":\"https:\\\/\\\/montemedio.com\\\/wp-content\\\/uploads\\\/2025\\\/02\\\/Apero-boat-Annecy-Monte-Medio-1-scaled.jpg\",\"datePublished\":\"2020-05-12T05:48:34+00:00\",\"dateModified\":\"2025-02-02T16:59:10+00:00\",\"description\":\"Come aboard one of our privatized boats to discover Lake Annecy from its most beautiful angle.\",\"breadcrumb\":{\"@id\":\"https:\\\/\\\/montemedio.com\\\/en\\\/apero-boat-annecy-lake\\\/#breadcrumb\"},\"inLanguage\":\"en-US\",\"potentialAction\":[{\"@type\":\"ReadAction\",\"target\":[\"https:\\\/\\\/montemedio.com\\\/en\\\/apero-boat-annecy-lake\\\/\"]}]},{\"@type\":\"ImageObject\",\"inLanguage\":\"en-US\",\"@id\":\"https:\\\/\\\/montemedio.com\\\/en\\\/apero-boat-annecy-lake\\\/#primaryimage\",\"url\":\"https:\\\/\\\/montemedio.com\\\/wp-content\\\/uploads\\\/2025\\\/02\\\/Apero-boat-Annecy-Monte-Medio-1-scaled.jpg\",\"contentUrl\":\"https:\\\/\\\/montemedio.com\\\/wp-content\\\/uploads\\\/2025\\\/02\\\/Apero-boat-Annecy-Monte-Medio-1-scaled.jpg\",\"width\":2560,\"height\":1707,\"caption\":\"Apero boat Annecy Monte Medio\"},{\"@type\":\"BreadcrumbList\",\"@id\":\"https:\\\/\\\/montemedio.com\\\/en\\\/apero-boat-annecy-lake\\\/#breadcrumb\",\"itemListElement\":[{\"@type\":\"ListItem\",\"position\":1,\"name\":\"Homepage\",\"item\":\"https:\\\/\\\/montemedio.com\\\/en\\\/\"},{\"@type\":\"ListItem\",\"position\":2,\"name\":\"Apero Boat Lake Annecy\"}]},{\"@type\":\"WebSite\",\"@id\":\"https:\\\/\\\/montemedio.com\\\/en\\\/#website\",\"url\":\"https:\\\/\\\/montemedio.com\\\/en\\\/\",\"name\":\"Canyoning Annecy et Sport Mont\u00e9 M\u00e9dio\",\"description\":\"Partez en qu\u00eate d&#039;\u00e9chapp\u00e9es belles\",\"potentialAction\":[{\"@type\":\"SearchAction\",\"target\":{\"@type\":\"EntryPoint\",\"urlTemplate\":\"https:\\\/\\\/montemedio.com\\\/en\\\/?s={search_term_string}\"},\"query-input\":{\"@type\":\"PropertyValueSpecification\",\"valueRequired\":true,\"valueName\":\"search_term_string\"}}],\"inLanguage\":\"en-US\"}]}<\/script>\n<!-- \/ Yoast SEO Premium plugin. -->","yoast_head_json":{"title":"Apero Boat Lake Annecy &#8211; Canyoning Annecy et Sport Mont\u00e9 M\u00e9dio","description":"Come aboard one of our privatized boats to discover Lake Annecy from its most beautiful angle.","robots":{"index":"index","follow":"follow","max-snippet":"max-snippet:-1","max-image-preview":"max-image-preview:large","max-video-preview":"max-video-preview:-1"},"canonical":"https:\/\/montemedio.com\/en\/apero-boat-annecy-lake\/","og_locale":"en_US","og_type":"article","og_title":"Apero Boat Lake Annecy","og_description":"Come aboard one of our privatized boats to discover Lake Annecy from its most beautiful angle.","og_url":"https:\/\/montemedio.com\/en\/apero-boat-annecy-lake\/","og_site_name":"Canyoning Annecy et Sport Mont\u00e9 M\u00e9dio","article_publisher":"https:\/\/www.facebook.com\/montemedio\/","article_modified_time":"2025-02-02T16:59:10+00:00","og_image":[{"width":2560,"height":1707,"url":"https:\/\/montemedio.com\/wp-content\/uploads\/2025\/02\/Apero-boat-Annecy-Monte-Medio-1-scaled.jpg","type":"image\/jpeg"}],"twitter_card":"summary_large_image","twitter_misc":{"Est. reading time":"3 minutes"},"schema":{"@context":"https:\/\/schema.org","@graph":[{"@type":"WebPage","@id":"https:\/\/montemedio.com\/en\/apero-boat-annecy-lake\/","url":"https:\/\/montemedio.com\/en\/apero-boat-annecy-lake\/","name":"Apero Boat Lake Annecy &#8211; Canyoning Annecy et Sport Mont\u00e9 M\u00e9dio","isPartOf":{"@id":"https:\/\/montemedio.com\/en\/#website"},"primaryImageOfPage":{"@id":"https:\/\/montemedio.com\/en\/apero-boat-annecy-lake\/#primaryimage"},"image":{"@id":"https:\/\/montemedio.com\/en\/apero-boat-annecy-lake\/#primaryimage"},"thumbnailUrl":"https:\/\/montemedio.com\/wp-content\/uploads\/2025\/02\/Apero-boat-Annecy-Monte-Medio-1-scaled.jpg","datePublished":"2020-05-12T05:48:34+00:00","dateModified":"2025-02-02T16:59:10+00:00","description":"Come aboard one of our privatized boats to discover Lake Annecy from its most beautiful angle.","breadcrumb":{"@id":"https:\/\/montemedio.com\/en\/apero-boat-annecy-lake\/#breadcrumb"},"inLanguage":"en-US","potentialAction":[{"@type":"ReadAction","target":["https:\/\/montemedio.com\/en\/apero-boat-annecy-lake\/"]}]},{"@type":"ImageObject","inLanguage":"en-US","@id":"https:\/\/montemedio.com\/en\/apero-boat-annecy-lake\/#primaryimage","url":"https:\/\/montemedio.com\/wp-content\/uploads\/2025\/02\/Apero-boat-Annecy-Monte-Medio-1-scaled.jpg","contentUrl":"https:\/\/montemedio.com\/wp-content\/uploads\/2025\/02\/Apero-boat-Annecy-Monte-Medio-1-scaled.jpg","width":2560,"height":1707,"caption":"Apero boat Annecy Monte Medio"},{"@type":"BreadcrumbList","@id":"https:\/\/montemedio.com\/en\/apero-boat-annecy-lake\/#breadcrumb","itemListElement":[{"@type":"ListItem","position":1,"name":"Homepage","item":"https:\/\/montemedio.com\/en\/"},{"@type":"ListItem","position":2,"name":"Apero Boat Lake Annecy"}]},{"@type":"WebSite","@id":"https:\/\/montemedio.com\/en\/#website","url":"https:\/\/montemedio.com\/en\/","name":"Canyoning Annecy et Sport Mont\u00e9 M\u00e9dio","description":"Partez en qu\u00eate d&#039;\u00e9chapp\u00e9es belles","potentialAction":[{"@type":"SearchAction","target":{"@type":"EntryPoint","urlTemplate":"https:\/\/montemedio.com\/en\/?s={search_term_string}"},"query-input":{"@type":"PropertyValueSpecification","valueRequired":true,"valueName":"search_term_string"}}],"inLanguage":"en-US"}]}},"_links":{"self":[{"href":"https:\/\/montemedio.com\/en\/wp-json\/wp\/v2\/pages\/21248","targetHints":{"allow":["GET"]}}],"collection":[{"href":"https:\/\/montemedio.com\/en\/wp-json\/wp\/v2\/pages"}],"about":[{"href":"https:\/\/montemedio.com\/en\/wp-json\/wp\/v2\/types\/page"}],"author":[{"embeddable":true,"href":"https:\/\/montemedio.com\/en\/wp-json\/wp\/v2\/users\/1"}],"replies":[{"embeddable":true,"href":"https:\/\/montemedio.com\/en\/wp-json\/wp\/v2\/comments?post=21248"}],"version-history":[{"count":9,"href":"https:\/\/montemedio.com\/en\/wp-json\/wp\/v2\/pages\/21248\/revisions"}],"predecessor-version":[{"id":32680,"href":"https:\/\/montemedio.com\/en\/wp-json\/wp\/v2\/pages\/21248\/revisions\/32680"}],"wp:featuredmedia":[{"embeddable":true,"href":"https:\/\/montemedio.com\/en\/wp-json\/wp\/v2\/media\/32672"}],"wp:attachment":[{"href":"https:\/\/montemedio.com\/en\/wp-json\/wp\/v2\/media?parent=21248"}],"curies":[{"name":"wp","href":"https:\/\/api.w.org\/{rel}","templated":true}]}}