{"id":21308,"date":"2020-03-17T17:38:00","date_gmt":"2020-03-17T16:38:00","guid":{"rendered":"https:\/\/montemedio.com\/?page_id=21308"},"modified":"2022-12-09T11:52:54","modified_gmt":"2022-12-09T10:52:54","slug":"contact-booking","status":"publish","type":"page","link":"https:\/\/montemedio.com\/en\/contact-booking\/","title":{"rendered":"Contact &#038; booking"},"content":{"rendered":"<div id=\"pl-21308\"  class=\"panel-layout\" ><div id=\"pg-21308-0\"  class=\"panel-grid panel-no-style\" ><div id=\"pgc-21308-0-0\"  class=\"panel-grid-cell\" ><div id=\"panel-21308-0-0-0\" class=\"so-panel widget widget_sow-editor panel-first-child\" data-index=\"0\" ><div\n\t\t\t\n\t\t\tclass=\"so-widget-sow-editor so-widget-sow-editor-base\"\n\t\t\t\n\t\t><h2 class=\"widget-title\">Contact-us<\/h2>\n<div class=\"siteorigin-widget-tinymce textwidget\">\n\t<p>You can book your activity in just a few clicks. But if the date or time you want in not available, contact-us.<\/p>\n<\/div>\n<\/div><\/div><div id=\"panel-21308-0-0-1\" class=\"so-panel widget widget_mm-widget-book-now panel-last-child\" data-index=\"1\" ><div\n\t\t\t\n\t\t\tclass=\"so-widget-mm-widget-book-now so-widget-mm-widget-book-now-base\"\n\t\t\t\n\t\t>\n<a class=\"button button-primary button-pipaluk\" href=\"#\" data-toggle=\"modal\" data-target=\"#mm-widget-book-now-2130810001\">Book online<\/a>\n\n<div class=\"modal fade\" id=\"mm-widget-book-now-2130810001\" tabindex=\"-1\" role=\"dialog\" aria-labelledby=\"mm-widget-book-now-2130810001-title\" aria-hidden=\"true\">\n  <div class=\"modal-dialog modal-dialog-centered modal-lg\" role=\"document\">\n    <div class=\"modal-content\">\n      <div class=\"modal-header\">\n        <span class=\"modal-title\" id=\"mm-widget-book-now-2130810001-title\">Book online<\/span>\n        <button type=\"button\" class=\"close\" data-dismiss=\"modal\" aria-label=\"Close\">\n          <span aria-hidden=\"true\">&times;<\/span>\n        <\/button>\n      <\/div>\n      <div class=\"modal-body\">\n        <div style=\"margin:0 auto;width:auto;\"><script src=\"https:\/\/widget.vakario.com\/id\/6337.js\"><\/script><\/div>\n      <\/div>\n      <div class=\"modal-footer\">\n        <button type=\"button\" class=\"btn btn-secondary\" data-dismiss=\"modal\">Close<\/button>\n      <\/div>\n    <\/div>\n  <\/div>\n<\/div>\n<\/div><\/div><\/div><\/div><div id=\"pg-21308-1\"  class=\"panel-grid panel-no-style\" ><div id=\"pgc-21308-1-0\"  class=\"panel-grid-cell\" ><div id=\"panel-21308-1-0-0\" class=\"so-panel widget widget_text panel-first-child panel-last-child\" data-index=\"2\" >\t\t\t<div class=\"textwidget\">\n<div class=\"wpcf7 no-js\" id=\"wpcf7-f28977-o1\" lang=\"en-US\" dir=\"ltr\" data-wpcf7-id=\"28977\">\n<div class=\"screen-reader-response\"><p role=\"status\" aria-live=\"polite\" aria-atomic=\"true\"><\/p> <ul><\/ul><\/div>\n<form action=\"\/en\/wp-json\/wp\/v2\/pages\/21308#wpcf7-f28977-o1\" method=\"post\" class=\"wpcf7-form init\" aria-label=\"Contact form\" novalidate=\"novalidate\" data-status=\"init\">\n<fieldset class=\"hidden-fields-container\"><input type=\"hidden\" name=\"_wpcf7\" value=\"28977\" \/><input type=\"hidden\" name=\"_wpcf7_version\" value=\"6.1.5\" \/><input type=\"hidden\" name=\"_wpcf7_locale\" value=\"en_US\" \/><input type=\"hidden\" name=\"_wpcf7_unit_tag\" value=\"wpcf7-f28977-o1\" \/><input type=\"hidden\" name=\"_wpcf7_container_post\" value=\"0\" \/><input type=\"hidden\" name=\"_wpcf7_posted_data_hash\" value=\"\" \/><input type=\"hidden\" name=\"_wpcf7_recaptcha_response\" value=\"\" \/>\n<\/fieldset>\n<div class=\"wpcf7-response-output\" aria-hidden=\"true\"><\/div>\n\n      <div class=\"row row-14 gutters-14\">\n        <div class=\"col-md-6\">\n          <div class=\"row row-14 gutters-14\">\n            <div class=\"col-md-6\">\n              <div class=\"form-wrap\">\n                <label class=\"form-label\" for=\"prenom\">First name<span>*<\/span><\/label>\n                <span class=\"wpcf7-form-control-wrap\" data-name=\"prenom\"><input size=\"40\" maxlength=\"400\" class=\"wpcf7-form-control wpcf7-text wpcf7-validates-as-required form-input\" id=\"prenom\" aria-required=\"true\" aria-invalid=\"false\" placeholder=\"Ex : John\" value=\"\" type=\"text\" name=\"prenom\" \/><\/span>\n              <\/div>\n            <\/div>\n            <div class=\"col-md-6\">\n              <div class=\"form-wrap\">\n                <label class=\"form-label\" for=\"nom\">Last name<span>*<\/span><\/label>\n                <span class=\"wpcf7-form-control-wrap\" data-name=\"nom\"><input size=\"40\" maxlength=\"400\" class=\"wpcf7-form-control wpcf7-text wpcf7-validates-as-required form-input\" id=\"nom\" aria-required=\"true\" aria-invalid=\"false\" placeholder=\"Ex : Doe\" value=\"\" type=\"text\" name=\"nom\" \/><\/span>\n              <\/div>\n            <\/div>\n          <\/div>\n          <div class=\"row row-14 gutters-14\">\n            <div class=\"col-md-6\">\n              <div class=\"form-wrap\">\n                <label class=\"form-label\" for=\"mail\">Email<span>*<\/span><\/label>\n                <span class=\"wpcf7-form-control-wrap\" data-name=\"mail\"><input size=\"40\" maxlength=\"400\" class=\"wpcf7-form-control wpcf7-email wpcf7-validates-as-required wpcf7-text wpcf7-validates-as-email form-input\" id=\"mail\" aria-required=\"true\" aria-invalid=\"false\" placeholder=\"Ex : john.doe@example.com\" value=\"\" type=\"email\" name=\"mail\" \/><\/span>\n              <\/div>\n            <\/div>\n            <div class=\"col-md-6\">\n              <div class=\"form-wrap\">\n                <label class=\"form-label\" for=\"telephone\">Phone<\/label>\n                <span class=\"wpcf7-form-control-wrap\" data-name=\"telephone\"><input size=\"40\" maxlength=\"400\" class=\"wpcf7-form-control wpcf7-text form-input\" id=\"telephone\" aria-invalid=\"false\" placeholder=\"Ex : 00 44 06 1213 0530\" value=\"\" type=\"text\" name=\"telephone\" \/><\/span>\n              <\/div>\n            <\/div>\n          <\/div>\n        <\/div>\n        <div class=\"col-md-6\">\n          <div class=\"form-wrap\">\n            <label class=\"form-label\" for=\"message\">Message<span>*<\/span><\/label>\n            <span class=\"wpcf7-form-control-wrap\" data-name=\"message\"><textarea cols=\"40\" rows=\"10\" maxlength=\"2000\" class=\"wpcf7-form-control wpcf7-textarea wpcf7-validates-as-required form-input textarea-lg\" id=\"message\" aria-required=\"true\" aria-invalid=\"false\" placeholder=\"Your message here ...\" name=\"message\"><\/textarea><\/span>\n          <\/div>\n        <\/div>\n        <div class=\"col-12\">\n          <div class=\"form-wrap\">\n            <label class=\"checkbox-inline\">\n              <span class=\"wpcf7-form-control-wrap\" data-name=\"agree\"><span class=\"wpcf7-form-control wpcf7-checkbox\"><span class=\"wpcf7-list-item first last\"><input type=\"checkbox\" name=\"agree[]\" value=\"I accept your privacy policy\" \/><span class=\"wpcf7-list-item-label\">I accept your privacy policy<\/span><\/span><\/span><\/span>\n            <\/label>\n          <\/div>\n        <\/div>\n      <\/div>\n      <button id=\"submit\" class=\"wpcf7-form-control wpcf7-submit button button-primary button-pipaluk\" type=\"submit\">Send<\/button>\n<input class=\"wpcf7-form-control wpcf7-hidden\" value=\"\" type=\"hidden\" name=\"page-title\" \/>\n<input class=\"wpcf7-form-control wpcf7-hidden\" value=\"\" type=\"hidden\" name=\"page-url\" \/>\n<\/form>\n<\/div>\n\n<\/div>\n\t\t<\/div><\/div><div id=\"pgc-21308-1-1\"  class=\"panel-grid-cell\" ><div id=\"panel-21308-1-1-0\" class=\"so-panel widget widget_sow-editor panel-first-child panel-last-child\" data-index=\"3\" ><div\n\t\t\t\n\t\t\tclass=\"so-widget-sow-editor so-widget-sow-editor-base\"\n\t\t\t\n\t\t>\n<div class=\"siteorigin-widget-tinymce textwidget\">\n\t<ul class=\"footer-contacts d-inline-block d-sm-block pt-5\">\n \t<li>\n<div class=\"unit\">\n<div class=\"unit-left\"><span class=\"icon fas fa-phone\">\u00a0<\/span><\/div>\n<div class=\"unit-body\"><a class=\"link-phone\" href=\"tel:0033612130530\">(+33) 06 12 13 05 30<\/a><\/div>\n<\/div><\/li>\n \t<li>\n<div class=\"unit\">\n<div class=\"unit-left\"><span class=\"icon fas fa-envelope\">\u00a0<\/span><\/div>\n<div class=\"unit-body\"><a class=\"link-email\" href=\"mailto:contact@montemedio.com\">contact@montemedio.com<\/a><\/div>\n<\/div><\/li>\n \t<li>\n<div class=\"unit\">\n<div class=\"unit-left\"><span class=\"icon fas fa-map-marker-alt\">\u00a0<\/span><\/div>\n<div class=\"unit-body\"><a class=\"\" href=\"https:\/\/g.page\/MonteMedioCanyoningAnnecy?share\" target=\"_blank\" rel=\"noopener\">228 route du ponton, 74290 Talloires<\/a><\/div>\n<\/div><\/li>\n<\/ul><\/div>\n<\/div><\/div><\/div><\/div><div id=\"pg-21308-2\"  class=\"panel-grid panel-has-style\" ><div class=\"siteorigin-panels-stretch panel-row-style panel-row-style-for-21308-2\" data-stretch-type=\"full\" ><div id=\"pgc-21308-2-0\"  class=\"panel-grid-cell\" ><div id=\"panel-21308-2-0-0\" class=\"so-panel widget widget_sow-editor panel-first-child panel-last-child\" data-index=\"4\" ><div class=\"panel-widget-style panel-widget-style-for-21308-2-0-0\" ><div\n\t\t\t\n\t\t\tclass=\"so-widget-sow-editor so-widget-sow-editor-base\"\n\t\t\t\n\t\t>\n<div class=\"siteorigin-widget-tinymce textwidget\">\n\t<span class=\"mb-3 d-block d-md-inline\" style=\"font-size: 40px; line-height: 1.2; color: #222222;\">Follow-us<\/span>\n<div class=\"group-social float-none float-md-right\">\n<div class=\"group-md group-middle group-social\">\n<div class=\"group-social\">\n<ul class=\"list-inline list-inline-sm social-list\">\n \t<li><a class=\"icon fab fa-instagram\" href=\"https:\/\/www.instagram.com\/monte_medio\/\">\u00a0<\/a><\/li>\n \t<li><a class=\"icon fab fa-facebook\" href=\"https:\/\/www.facebook.com\/montemedio\/\">\u00a0<\/a><\/li>\n \t<li><a class=\"icon fab fa-youtube\" href=\"https:\/\/www.youtube.com\/channel\/UCb_PvIlUcxivCp5TUehUNLg\">\u00a0<\/a><\/li>\n<\/ul>\n<\/div>\n<\/div>\n<\/div><\/div>\n<\/div><\/div><\/div><\/div><\/div><\/div><div id=\"pg-21308-3\"  class=\"panel-grid panel-has-style\" ><div class=\"red-section-faded siteorigin-panels-stretch panel-row-style panel-row-style-for-21308-3\" data-stretch-type=\"full\" ><div id=\"pgc-21308-3-0\"  class=\"panel-grid-cell\" ><div\n\t\t\t\n\t\t\tclass=\"so-widget-mm-widget-activities so-widget-mm-widget-activities-base\"\n\t\t\t\n\t\t>  <div class=\"row row-30\">\n    <div class=\"col-12\">\n      <h2 class=\"text-left widget-title\">Our top 6 activities around Annecy<\/h2>\n    <\/div>\n  <\/div>\n\n    <div class=\"row row-30 justify-content-left\">      <div class=\"col-md-6 col-lg-4\">\n        <article class=\"canyoning-item text-center\" style=\"background: url('https:\/\/montemedio.com\/wp-content\/uploads\/2020\/05\/Canyoning-Annecy-Angon-Canyon-Discovery-2-350x350.jpg'), linear-gradient(rgba(0,0,0, 0.3), rgba(0,0,0, 0.3));\">\n          <div class=\"canyoning\">\n            <span class=\"niv\">Level : Accessible<\/span>\n            <h3 class=\"title\">\n              <a href=\"https:\/\/montemedio.com\/en\/activite\/canyoning-annecy-boite-aux-lettres-angon-mailbox\/\">Canyoning Annecy Bo\u00eete aux Lettres Angon &#8220;Mailbox&#8221;<\/a>\n            <\/h3>\n            <a class=\"button button-primary button-pipaluk\" href=\"https:\/\/montemedio.com\/en\/activite\/canyoning-annecy-boite-aux-lettres-angon-mailbox\/\">Book Now<\/a>\n            <p class=\"price\">From 52\u20ac<\/p>\n          <\/div>\n        <\/article>\n      <\/div>\n      <div class=\"col-md-6 col-lg-4\">\n        <article class=\"canyoning-item text-center\" style=\"background: url('https:\/\/montemedio.com\/wp-content\/uploads\/2020\/05\/Canyoning-Annecy-Angon-Canyon-Improvement-7-350x350.jpg'), linear-gradient(rgba(0,0,0, 0.3), rgba(0,0,0, 0.3));\">\n          <div class=\"canyoning\">\n            <span class=\"niv\">Level : Technical<\/span>\n            <h3 class=\"title\">\n              <a href=\"https:\/\/montemedio.com\/en\/activite\/canyoning-annecy-angon-improvement\/\">Canyoning Annnecy Angon Canyon Improvement<\/a>\n            <\/h3>\n            <a class=\"button button-primary button-pipaluk\" href=\"https:\/\/montemedio.com\/en\/activite\/canyoning-annecy-angon-improvement\/\">Book Now<\/a>\n            <p class=\"price\">69\u20ac<\/p>\n          <\/div>\n        <\/article>\n      <\/div>\n      <div class=\"col-md-6 col-lg-4\">\n        <article class=\"canyoning-item text-center\" style=\"background: url('https:\/\/montemedio.com\/wp-content\/uploads\/2020\/05\/Canyoning-Annecy-Montmin-Canyon-Sporty-1-350x350.jpg'), linear-gradient(rgba(0,0,0, 0.3), rgba(0,0,0, 0.3));\">\n          <div class=\"canyoning\">\n            <span class=\"niv\">Level : Sporty<\/span>\n            <h3 class=\"title\">\n              <a href=\"https:\/\/montemedio.com\/en\/activite\/canyoning-annecy-montmin-sporty\/\">Canyoning Annecy Montmin Canyon Sporty<\/a>\n            <\/h3>\n            <a class=\"button button-primary button-pipaluk\" href=\"https:\/\/montemedio.com\/en\/activite\/canyoning-annecy-montmin-sporty\/\">Book Now<\/a>\n            <p class=\"price\">69\u20ac<\/p>\n          <\/div>\n        <\/article>\n      <\/div>\n      <div class=\"col-md-6 col-lg-4\">\n        <article class=\"canyoning-item text-center\" style=\"background: url('https:\/\/montemedio.com\/wp-content\/uploads\/2020\/04\/Via-Ferrata-Annecy-Via-Tyro-1-350x350.jpg'), linear-gradient(rgba(0,0,0, 0.3), rgba(0,0,0, 0.3));\">\n          <div class=\"canyoning\">\n            <span class=\"niv\">Level : Accessible<\/span>\n            <h3 class=\"title\">\n              <a href=\"https:\/\/montemedio.com\/en\/activite\/via-tyro-annecy-via-ferrata\/\">Via Ferrata Annecy &#8211; The Via-Tyro : Via Ferrata Hiking and Ziplines<\/a>\n            <\/h3>\n            <a class=\"button button-primary button-pipaluk\" href=\"https:\/\/montemedio.com\/en\/activite\/via-tyro-annecy-via-ferrata\/\">Book Now<\/a>\n            <p class=\"price\">69\u20ac<\/p>\n          <\/div>\n        <\/article>\n      <\/div>\n      <div class=\"col-md-6 col-lg-4\">\n        <article class=\"canyoning-item text-center\" style=\"background: url('https:\/\/montemedio.com\/wp-content\/uploads\/2020\/04\/Cours-escalade-annecy-350x350.jpg'), linear-gradient(rgba(0,0,0, 0.3), rgba(0,0,0, 0.3));\">\n          <div class=\"canyoning\">\n            <span class=\"niv\">Level : Accessible<\/span>\n            <h3 class=\"title\">\n              <a href=\"https:\/\/montemedio.com\/en\/activite\/beginner-rock-climbing-course-annecy\/\">Beginner rock climbing course Annecy<\/a>\n            <\/h3>\n            <a class=\"button button-primary button-pipaluk\" href=\"https:\/\/montemedio.com\/en\/activite\/beginner-rock-climbing-course-annecy\/\">Book Now<\/a>\n            <p class=\"price\">49\u20ac<\/p>\n          <\/div>\n        <\/article>\n      <\/div>\n      <div class=\"col-md-6 col-lg-4\">\n        <article class=\"canyoning-item text-center\" style=\"background: url('https:\/\/montemedio.com\/wp-content\/uploads\/2020\/05\/Multi-pitch-route-Annecy-2-350x350.jpg'), linear-gradient(rgba(0,0,0, 0.3), rgba(0,0,0, 0.3));\">\n          <div class=\"canyoning\">\n            <span class=\"niv\">Level : Technical<\/span>\n            <h3 class=\"title\">\n              <a href=\"https:\/\/montemedio.com\/en\/activite\/multi-pitch-route-annecy\/\">Multi-pitch route Annecy<\/a>\n            <\/h3>\n            <a class=\"button button-primary button-pipaluk\" href=\"https:\/\/montemedio.com\/en\/activite\/multi-pitch-route-annecy\/\">Book Now<\/a>\n            <p class=\"price\">From 250\u20ac<\/p>\n          <\/div>\n        <\/article>\n      <\/div>\n    <\/div><\/div><\/div><\/div><\/div><\/div>","protected":false},"excerpt":{"rendered":"<p>You can book your activity in just a few clicks. But if the date or time you want in not available, contact-us. \u00a0 (+33) 06 12 13 05 30 \u00a0 contact@montemedio.com \u00a0 228 route du ponton, 74290 Talloires<\/p>\n","protected":false},"author":1,"featured_media":0,"parent":0,"menu_order":0,"comment_status":"closed","ping_status":"closed","template":"","meta":{"footnotes":""},"class_list":["post-21308","page","type-page","status-publish","hentry"],"yoast_head":"<!-- This site is optimized with the Yoast SEO Premium plugin v26.8 (Yoast SEO v27.3) - https:\/\/yoast.com\/product\/yoast-seo-premium-wordpress\/ -->\n<title>Contact &amp; booking &#8211; Canyoning Annecy et Sport Mont\u00e9 M\u00e9dio<\/title>\n<meta name=\"robots\" content=\"index, follow, max-snippet:-1, max-image-preview:large, max-video-preview:-1\" \/>\n<link rel=\"canonical\" href=\"https:\/\/montemedio.com\/en\/contact-booking\/\" \/>\n<meta property=\"og:locale\" content=\"en_US\" \/>\n<meta property=\"og:type\" content=\"article\" \/>\n<meta property=\"og:title\" content=\"Contact &amp; booking\" \/>\n<meta property=\"og:description\" content=\"You can book your activity in just a few clicks. But if the date or time you want in not available, contact-us. \u00a0 (+33) 06 12 13 05 30 \u00a0 contact@montemedio.com \u00a0 228 route du ponton, 74290 Talloires\" \/>\n<meta property=\"og:url\" content=\"https:\/\/montemedio.com\/en\/contact-booking\/\" \/>\n<meta property=\"og:site_name\" content=\"Canyoning Annecy et Sport Mont\u00e9 M\u00e9dio\" \/>\n<meta property=\"article:publisher\" content=\"https:\/\/www.facebook.com\/montemedio\/\" \/>\n<meta property=\"article:modified_time\" content=\"2022-12-09T10:52:54+00:00\" \/>\n<meta name=\"twitter:card\" content=\"summary_large_image\" \/>\n<meta name=\"twitter:label1\" content=\"Est. reading time\" \/>\n\t<meta name=\"twitter:data1\" content=\"1 minute\" \/>\n<script type=\"application\/ld+json\" class=\"yoast-schema-graph\">{\"@context\":\"https:\\\/\\\/schema.org\",\"@graph\":[{\"@type\":\"WebPage\",\"@id\":\"https:\\\/\\\/montemedio.com\\\/en\\\/contact-booking\\\/\",\"url\":\"https:\\\/\\\/montemedio.com\\\/en\\\/contact-booking\\\/\",\"name\":\"Contact & booking &#8211; Canyoning Annecy et Sport Mont\u00e9 M\u00e9dio\",\"isPartOf\":{\"@id\":\"https:\\\/\\\/montemedio.com\\\/en\\\/#website\"},\"datePublished\":\"2020-03-17T16:38:00+00:00\",\"dateModified\":\"2022-12-09T10:52:54+00:00\",\"breadcrumb\":{\"@id\":\"https:\\\/\\\/montemedio.com\\\/en\\\/contact-booking\\\/#breadcrumb\"},\"inLanguage\":\"en-US\",\"potentialAction\":[{\"@type\":\"ReadAction\",\"target\":[\"https:\\\/\\\/montemedio.com\\\/en\\\/contact-booking\\\/\"]}]},{\"@type\":\"BreadcrumbList\",\"@id\":\"https:\\\/\\\/montemedio.com\\\/en\\\/contact-booking\\\/#breadcrumb\",\"itemListElement\":[{\"@type\":\"ListItem\",\"position\":1,\"name\":\"Homepage\",\"item\":\"https:\\\/\\\/montemedio.com\\\/en\\\/\"},{\"@type\":\"ListItem\",\"position\":2,\"name\":\"Contact &#038; booking\"}]},{\"@type\":\"WebSite\",\"@id\":\"https:\\\/\\\/montemedio.com\\\/en\\\/#website\",\"url\":\"https:\\\/\\\/montemedio.com\\\/en\\\/\",\"name\":\"Canyoning Annecy et Sport Mont\u00e9 M\u00e9dio\",\"description\":\"Partez en qu\u00eate d&#039;\u00e9chapp\u00e9es belles\",\"potentialAction\":[{\"@type\":\"SearchAction\",\"target\":{\"@type\":\"EntryPoint\",\"urlTemplate\":\"https:\\\/\\\/montemedio.com\\\/en\\\/?s={search_term_string}\"},\"query-input\":{\"@type\":\"PropertyValueSpecification\",\"valueRequired\":true,\"valueName\":\"search_term_string\"}}],\"inLanguage\":\"en-US\"}]}<\/script>\n<!-- \/ Yoast SEO Premium plugin. -->","yoast_head_json":{"title":"Contact & booking &#8211; Canyoning Annecy et Sport Mont\u00e9 M\u00e9dio","robots":{"index":"index","follow":"follow","max-snippet":"max-snippet:-1","max-image-preview":"max-image-preview:large","max-video-preview":"max-video-preview:-1"},"canonical":"https:\/\/montemedio.com\/en\/contact-booking\/","og_locale":"en_US","og_type":"article","og_title":"Contact & booking","og_description":"You can book your activity in just a few clicks. But if the date or time you want in not available, contact-us. \u00a0 (+33) 06 12 13 05 30 \u00a0 contact@montemedio.com \u00a0 228 route du ponton, 74290 Talloires","og_url":"https:\/\/montemedio.com\/en\/contact-booking\/","og_site_name":"Canyoning Annecy et Sport Mont\u00e9 M\u00e9dio","article_publisher":"https:\/\/www.facebook.com\/montemedio\/","article_modified_time":"2022-12-09T10:52:54+00:00","twitter_card":"summary_large_image","twitter_misc":{"Est. reading time":"1 minute"},"schema":{"@context":"https:\/\/schema.org","@graph":[{"@type":"WebPage","@id":"https:\/\/montemedio.com\/en\/contact-booking\/","url":"https:\/\/montemedio.com\/en\/contact-booking\/","name":"Contact & booking &#8211; Canyoning Annecy et Sport Mont\u00e9 M\u00e9dio","isPartOf":{"@id":"https:\/\/montemedio.com\/en\/#website"},"datePublished":"2020-03-17T16:38:00+00:00","dateModified":"2022-12-09T10:52:54+00:00","breadcrumb":{"@id":"https:\/\/montemedio.com\/en\/contact-booking\/#breadcrumb"},"inLanguage":"en-US","potentialAction":[{"@type":"ReadAction","target":["https:\/\/montemedio.com\/en\/contact-booking\/"]}]},{"@type":"BreadcrumbList","@id":"https:\/\/montemedio.com\/en\/contact-booking\/#breadcrumb","itemListElement":[{"@type":"ListItem","position":1,"name":"Homepage","item":"https:\/\/montemedio.com\/en\/"},{"@type":"ListItem","position":2,"name":"Contact &#038; booking"}]},{"@type":"WebSite","@id":"https:\/\/montemedio.com\/en\/#website","url":"https:\/\/montemedio.com\/en\/","name":"Canyoning Annecy et Sport Mont\u00e9 M\u00e9dio","description":"Partez en qu\u00eate d&#039;\u00e9chapp\u00e9es belles","potentialAction":[{"@type":"SearchAction","target":{"@type":"EntryPoint","urlTemplate":"https:\/\/montemedio.com\/en\/?s={search_term_string}"},"query-input":{"@type":"PropertyValueSpecification","valueRequired":true,"valueName":"search_term_string"}}],"inLanguage":"en-US"}]}},"_links":{"self":[{"href":"https:\/\/montemedio.com\/en\/wp-json\/wp\/v2\/pages\/21308","targetHints":{"allow":["GET"]}}],"collection":[{"href":"https:\/\/montemedio.com\/en\/wp-json\/wp\/v2\/pages"}],"about":[{"href":"https:\/\/montemedio.com\/en\/wp-json\/wp\/v2\/types\/page"}],"author":[{"embeddable":true,"href":"https:\/\/montemedio.com\/en\/wp-json\/wp\/v2\/users\/1"}],"replies":[{"embeddable":true,"href":"https:\/\/montemedio.com\/en\/wp-json\/wp\/v2\/comments?post=21308"}],"version-history":[{"count":8,"href":"https:\/\/montemedio.com\/en\/wp-json\/wp\/v2\/pages\/21308\/revisions"}],"predecessor-version":[{"id":29007,"href":"https:\/\/montemedio.com\/en\/wp-json\/wp\/v2\/pages\/21308\/revisions\/29007"}],"wp:attachment":[{"href":"https:\/\/montemedio.com\/en\/wp-json\/wp\/v2\/media?parent=21308"}],"curies":[{"name":"wp","href":"https:\/\/api.w.org\/{rel}","templated":true}]}}