{"id":21313,"date":"2020-05-12T08:40:42","date_gmt":"2020-05-12T06:40:42","guid":{"rendered":"https:\/\/montemedio.com\/?page_id=21313"},"modified":"2025-01-17T08:56:12","modified_gmt":"2025-01-17T07:56:12","slug":"ski-lessons-la-clusaz","status":"publish","type":"page","link":"https:\/\/montemedio.com\/en\/ski-lessons-la-clusaz\/","title":{"rendered":"Ski lessons"},"content":{"rendered":"<div id=\"pl-21313\"  class=\"panel-layout\" ><div id=\"pg-21313-0\"  class=\"panel-grid panel-no-style\" ><div id=\"pgc-21313-0-0\"  class=\"panel-grid-cell\" ><div id=\"panel-21313-0-0-0\" class=\"so-panel widget widget_sow-editor panel-first-child panel-last-child\" data-index=\"0\" ><div\n\t\t\t\n\t\t\tclass=\"so-widget-sow-editor so-widget-sow-editor-base\"\n\t\t\t\n\t\t>\n<div class=\"siteorigin-widget-tinymce textwidget\">\n\t<p>Mont\u00e9 M\u00e9dio and his team of ski instructors offer private ski lessons in La Clusaz and other ski resorts in the area.<\/p>\n<\/div>\n<\/div><\/div><\/div><\/div><div id=\"pg-21313-1\"  class=\"panel-grid panel-no-style\" ><div id=\"pgc-21313-1-0\"  class=\"panel-grid-cell\" ><div id=\"panel-21313-1-0-0\" class=\"so-panel widget widget_sow-editor panel-first-child panel-last-child\" data-index=\"1\" ><div\n\t\t\t\n\t\t\tclass=\"so-widget-sow-editor so-widget-sow-editor-base\"\n\t\t\t\n\t\t>\n<div class=\"siteorigin-widget-tinymce textwidget\">\n\t<h2 class=\"red\">Learn to ski with a Mont\u00e9 M\u00e9dio ski instructor<\/h2>\n<p>Our teaching methods are ideal for learning to ski quickly or to progress technically.<\/p>\n<p>Thanks to our perfect knowledge of ski resorts, you will be guided by a local who will make you enjoy your ski holiday at 200%<\/p>\n<\/div>\n<\/div><\/div><\/div><div id=\"pgc-21313-1-1\"  class=\"panel-grid-cell\" ><div id=\"panel-21313-1-1-0\" class=\"so-panel widget widget_media_image panel-first-child panel-last-child\" data-index=\"2\" ><img decoding=\"async\" width=\"600\" height=\"600\" src=\"https:\/\/montemedio.com\/wp-content\/uploads\/2020\/05\/Ski-Lessons-La-Clusaz-Monte\u0301-Me\u0301dio.jpg\" class=\"image wp-image-21321 rounded attachment-full size-full\" alt=\"ski-lessons-la-clusaz\" style=\"max-width: 100%; height: auto;\" srcset=\"https:\/\/montemedio.com\/wp-content\/uploads\/2020\/05\/Ski-Lessons-La-Clusaz-Monte\u0301-Me\u0301dio.jpg 600w, https:\/\/montemedio.com\/wp-content\/uploads\/2020\/05\/Ski-Lessons-La-Clusaz-Monte\u0301-Me\u0301dio-300x300.jpg 300w, https:\/\/montemedio.com\/wp-content\/uploads\/2020\/05\/Ski-Lessons-La-Clusaz-Monte\u0301-Me\u0301dio-150x150.jpg 150w, https:\/\/montemedio.com\/wp-content\/uploads\/2020\/05\/Ski-Lessons-La-Clusaz-Monte\u0301-Me\u0301dio-350x350.jpg 350w\" sizes=\"(max-width: 600px) 100vw, 600px\" \/><\/div><\/div><\/div><div id=\"pg-21313-2\"  class=\"panel-grid panel-has-style\" ><div id=\"activite\" class=\"panel-row-style panel-row-style-for-21313-2\" ><div id=\"pgc-21313-2-0\"  class=\"panel-grid-cell\" ><div\n\t\t\t\n\t\t\tclass=\"so-widget-mm-widget-activities so-widget-mm-widget-activities-base\"\n\t\t\t\n\t\t>  <div class=\"row row-30\">\n    <div class=\"col-12\">\n      <h2 class=\"text-left widget-title\">Our ski lessons in La Clusaz<\/h2>\n    <\/div>\n  <\/div>\n\n    <div class=\"row row-30 justify-content-left\">      <div class=\"col-md-6 col-lg-4\">\n        <article class=\"canyoning-item text-center\" style=\"background: url('https:\/\/montemedio.com\/wp-content\/uploads\/2020\/12\/Cours-de-ski-et-snowboard-La-Clusaz-350x350.jpg'), linear-gradient(rgba(0,0,0, 0.3), rgba(0,0,0, 0.3));\">\n          <div class=\"canyoning\">\n            <span class=\"niv\">Level : Accessible<\/span>\n            <h3 class=\"title\">\n              <a href=\"https:\/\/montemedio.com\/en\/activite\/group-ski-or-snowboard-lessons-in-la-clusaz\/\">Group ski or snowboard lessons in La Clusaz<\/a>\n            <\/h3>\n            <a class=\"button button-primary button-pipaluk\" href=\"https:\/\/montemedio.com\/en\/activite\/group-ski-or-snowboard-lessons-in-la-clusaz\/\">Book Now<\/a>\n            <p class=\"price\">A partir de 175\u20ac<\/p>\n          <\/div>\n        <\/article>\n      <\/div>\n      <div class=\"col-md-6 col-lg-4\">\n        <article class=\"canyoning-item text-center\" style=\"background: url('https:\/\/montemedio.com\/wp-content\/uploads\/2020\/12\/Ski-or-snowboard-private-lessons-in-La-Clusaz-2-350x350.jpg'), linear-gradient(rgba(0,0,0, 0.3), rgba(0,0,0, 0.3));\">\n          <div class=\"canyoning\">\n            <span class=\"niv\">Level : Accessible<\/span>\n            <h3 class=\"title\">\n              <a href=\"https:\/\/montemedio.com\/en\/activite\/ski-or-snowboard-private-lessons-in-la-clusaz-2-hours\/\">Ski or snowboard private lessons in La Clusaz &#8211; 2 hours<\/a>\n            <\/h3>\n            <a class=\"button button-primary button-pipaluk\" href=\"https:\/\/montemedio.com\/en\/activite\/ski-or-snowboard-private-lessons-in-la-clusaz-2-hours\/\">Book Now<\/a>\n            <p class=\"price\">From 110\u20ac<\/p>\n          <\/div>\n        <\/article>\n      <\/div>\n      <div class=\"col-md-6 col-lg-4\">\n        <article class=\"canyoning-item text-center\" style=\"background: url('https:\/\/montemedio.com\/wp-content\/uploads\/2020\/12\/Cours-de-ski-et-snowboard-La-Clusaz-350x350.jpg'), linear-gradient(rgba(0,0,0, 0.3), rgba(0,0,0, 0.3));\">\n          <div class=\"canyoning\">\n            <span class=\"niv\">Level : Accessible<\/span>\n            <h3 class=\"title\">\n              <a href=\"https:\/\/montemedio.com\/en\/activite\/ski-or-snowboard-private-lessons-in-la-clusaz-4-hours\/\">Ski or snowboard private lessons in La Clusaz \u2013 4 hours<\/a>\n            <\/h3>\n            <a class=\"button button-primary button-pipaluk\" href=\"https:\/\/montemedio.com\/en\/activite\/ski-or-snowboard-private-lessons-in-la-clusaz-4-hours\/\">Book Now<\/a>\n            <p class=\"price\">From 220\u20ac<\/p>\n          <\/div>\n        <\/article>\n      <\/div>\n      <div class=\"col-md-6 col-lg-4\">\n        <article class=\"canyoning-item text-center\" style=\"background: url('https:\/\/montemedio.com\/wp-content\/uploads\/2020\/12\/Ski-or-snowboard-private-lessons-in-La-Clusaz-2-350x350.jpg'), linear-gradient(rgba(0,0,0, 0.3), rgba(0,0,0, 0.3));\">\n          <div class=\"canyoning\">\n            <span class=\"niv\">Level : Accessible<\/span>\n            <h3 class=\"title\">\n              <a href=\"https:\/\/montemedio.com\/en\/activite\/ski-or-snowboard-private-lessons-in-la-clusaz-day\/\">Ski or snowboard private lessons in La Clusaz \u2013 Day<\/a>\n            <\/h3>\n            <a class=\"button button-primary button-pipaluk\" href=\"https:\/\/montemedio.com\/en\/activite\/ski-or-snowboard-private-lessons-in-la-clusaz-day\/\">Book Now<\/a>\n            <p class=\"price\">From 440\u20ac<\/p>\n          <\/div>\n        <\/article>\n      <\/div>\n    <\/div><\/div><\/div><\/div><\/div><div id=\"pg-21313-3\"  class=\"panel-grid panel-no-style\" ><div id=\"pgc-21313-3-0\"  class=\"panel-grid-cell\" ><div id=\"panel-21313-3-0-0\" class=\"so-panel widget widget_sow-editor panel-first-child panel-last-child\" data-index=\"4\" ><div class=\"text-center rounded panel-widget-style panel-widget-style-for-21313-3-0-0\" ><div\n\t\t\t\n\t\t\tclass=\"so-widget-sow-editor so-widget-sow-editor-base\"\n\t\t\t\n\t\t>\n<div class=\"siteorigin-widget-tinymce textwidget\">\n\t<p>&nbsp;<\/p>\n<div class=\"svg-icon mb-3\"><img decoding=\"async\" src=\"https:\/\/montemedio.com\/wp-content\/themes\/monte-medio\/assets\/images\/insurance 2.svg\" alt=\"\" \/><\/div>\n<h2 class=\"info-box-title vert\">A team of passionate ski instructors<\/h2>\n<\/div>\n<\/div><\/div><\/div><\/div><div id=\"pgc-21313-3-1\"  class=\"panel-grid-cell\" ><div id=\"panel-21313-3-1-0\" class=\"so-panel widget widget_sow-editor panel-first-child panel-last-child\" data-index=\"5\" ><div class=\"text-center rounded panel-widget-style panel-widget-style-for-21313-3-1-0\" ><div\n\t\t\t\n\t\t\tclass=\"so-widget-sow-editor so-widget-sow-editor-base\"\n\t\t\t\n\t\t>\n<div class=\"siteorigin-widget-tinymce textwidget\">\n\t<p>&nbsp;<\/p>\n<div class=\"svg-icon mb-3\"><img decoding=\"async\" src=\"https:\/\/montemedio.com\/wp-content\/themes\/monte-medio\/assets\/images\/happy.svg\" alt=\"\" \/><\/div>\n<h2 class=\"info-box-title vert\">Private lessons to progress at your own pace<\/h2>\n<\/div>\n<\/div><\/div><\/div><\/div><div id=\"pgc-21313-3-2\"  class=\"panel-grid-cell\" ><div id=\"panel-21313-3-2-0\" class=\"so-panel widget widget_sow-editor panel-first-child panel-last-child\" data-index=\"6\" ><div class=\"text-center rounded panel-widget-style panel-widget-style-for-21313-3-2-0\" ><div\n\t\t\t\n\t\t\tclass=\"so-widget-sow-editor so-widget-sow-editor-base\"\n\t\t\t\n\t\t>\n<div class=\"siteorigin-widget-tinymce textwidget\">\n\t<p>&nbsp;<\/p>\n<div class=\"svg-icon mb-3\"><img decoding=\"async\" src=\"https:\/\/montemedio.com\/wp-content\/themes\/monte-medio\/assets\/images\/casque.svg\" alt=\"\" \/><\/div>\n<h2 class=\"info-box-title vert\">From 100 euros<\/h2>\n<\/div>\n<\/div><\/div><\/div><\/div><\/div><div id=\"pg-21313-4\"  class=\"panel-grid panel-has-style\" ><div class=\"siteorigin-panels-stretch panel-row-style panel-row-style-for-21313-4\" data-stretch-type=\"full\" ><div id=\"pgc-21313-4-0\"  class=\"panel-grid-cell\" ><div id=\"panel-21313-4-0-0\" class=\"so-panel widget widget_sow-editor panel-first-child panel-last-child\" data-index=\"7\" ><div\n\t\t\t\n\t\t\tclass=\"so-widget-sow-editor so-widget-sow-editor-base\"\n\t\t\t\n\t\t><h2 class=\"widget-title\">Our other activities<\/h2>\n<div class=\"siteorigin-widget-tinymce textwidget\">\n\t<\/div>\n<\/div><\/div><\/div><\/div><\/div><div id=\"pg-21313-5\"  class=\"panel-grid panel-has-style\" ><div class=\"red-section-faded siteorigin-panels-stretch panel-row-style panel-row-style-for-21313-5\" data-stretch-type=\"full\" ><div id=\"pgc-21313-5-0\"  class=\"panel-grid-cell\" ><div class=\"home-activities panel-cell-style panel-cell-style-for-21313-5-0\" ><div id=\"panel-21313-5-0-0\" class=\"so-panel widget widget_sow-editor panel-first-child panel-last-child\" data-index=\"8\" ><div class=\"panel-widget-style panel-widget-style-for-21313-5-0-0\" ><div\n\t\t\t\n\t\t\tclass=\"so-widget-sow-editor so-widget-sow-editor-base\"\n\t\t\t\n\t\t>\n<div class=\"siteorigin-widget-tinymce textwidget\">\n\t<h2 class=\"box-icon-classic-title\"><a href=\"https:\/\/montemedio.com\/en\/ski-touring\/\">Ski touring<\/a><\/h2>\n<\/div>\n<\/div><\/div><\/div><\/div><\/div><div id=\"pgc-21313-5-1\"  class=\"panel-grid-cell\" ><div class=\"home-activities panel-cell-style panel-cell-style-for-21313-5-1\" ><div id=\"panel-21313-5-1-0\" class=\"so-panel widget widget_sow-editor panel-first-child panel-last-child\" data-index=\"9\" ><div class=\"panel-widget-style panel-widget-style-for-21313-5-1-0\" ><div\n\t\t\t\n\t\t\tclass=\"so-widget-sow-editor so-widget-sow-editor-base\"\n\t\t\t\n\t\t>\n<div class=\"siteorigin-widget-tinymce textwidget\">\n\t<h2 class=\"box-icon-classic-title\"><a href=\"https:\/\/montemedio.com\/en\/snowshoeing-annecy\/\">Snowshoeing<\/a><\/h2>\n<\/div>\n<\/div><\/div><\/div><\/div><\/div><div id=\"pgc-21313-5-2\"  class=\"panel-grid-cell\" ><div class=\"home-activities panel-cell-style panel-cell-style-for-21313-5-2\" ><div id=\"panel-21313-5-2-0\" class=\"so-panel widget widget_sow-editor panel-first-child panel-last-child\" data-index=\"10\" ><div class=\"panel-widget-style panel-widget-style-for-21313-5-2-0\" ><div\n\t\t\t\n\t\t\tclass=\"so-widget-sow-editor so-widget-sow-editor-base\"\n\t\t\t\n\t\t>\n<div class=\"siteorigin-widget-tinymce textwidget\">\n\t<h2 class=\"box-icon-classic-title\"><a href=\"https:\/\/montemedio.com\/en\/hut-to-hut-ski-touring\/\">Hut to hut ski touring<\/a><\/h2>\n<\/div>\n<\/div><\/div><\/div><\/div><\/div><div id=\"pgc-21313-5-3\"  class=\"panel-grid-cell\" ><div class=\"home-activities panel-cell-style panel-cell-style-for-21313-5-3\" ><div id=\"panel-21313-5-3-0\" class=\"so-panel widget widget_sow-editor panel-first-child panel-last-child\" data-index=\"11\" ><div class=\"panel-widget-style panel-widget-style-for-21313-5-3-0\" ><div\n\t\t\t\n\t\t\tclass=\"so-widget-sow-editor so-widget-sow-editor-base\"\n\t\t\t\n\t\t>\n<div class=\"siteorigin-widget-tinymce textwidget\">\n\t<h2 class=\"box-icon-classic-title\"><a href=\"https:\/\/montemedio.com\/en\/off-piste-skiing\/\">Off-piste skiing<\/a><\/h2>\n<\/div>\n<\/div><\/div><\/div><\/div><\/div><\/div><\/div><div id=\"pg-21313-6\"  class=\"panel-grid panel-no-style\" ><div id=\"pgc-21313-6-0\"  class=\"panel-grid-cell\" ><div id=\"panel-21313-6-0-0\" class=\"so-panel widget widget_sow-editor panel-first-child panel-last-child\" data-index=\"12\" ><div\n\t\t\t\n\t\t\tclass=\"so-widget-sow-editor so-widget-sow-editor-base\"\n\t\t\t\n\t\t><h2 class=\"widget-title\">Would you like more information?<\/h2>\n<div class=\"siteorigin-widget-tinymce textwidget\">\n\t\n<div class=\"wpcf7 no-js\" id=\"wpcf7-f28977-o1\" lang=\"en-US\" dir=\"ltr\" data-wpcf7-id=\"28977\">\n<div class=\"screen-reader-response\"><p role=\"status\" aria-live=\"polite\" aria-atomic=\"true\"><\/p> <ul><\/ul><\/div>\n<form action=\"\/en\/wp-json\/wp\/v2\/pages\/21313#wpcf7-f28977-o1\" method=\"post\" class=\"wpcf7-form init\" aria-label=\"Contact form\" novalidate=\"novalidate\" data-status=\"init\">\n<fieldset class=\"hidden-fields-container\"><input type=\"hidden\" name=\"_wpcf7\" value=\"28977\" \/><input type=\"hidden\" name=\"_wpcf7_version\" value=\"6.1.5\" \/><input type=\"hidden\" name=\"_wpcf7_locale\" value=\"en_US\" \/><input type=\"hidden\" name=\"_wpcf7_unit_tag\" value=\"wpcf7-f28977-o1\" \/><input type=\"hidden\" name=\"_wpcf7_container_post\" value=\"0\" \/><input type=\"hidden\" name=\"_wpcf7_posted_data_hash\" value=\"\" \/><input type=\"hidden\" name=\"_wpcf7_recaptcha_response\" value=\"\" \/>\n<\/fieldset>\n<div class=\"wpcf7-response-output\" aria-hidden=\"true\"><\/div>\n\n      <div class=\"row row-14 gutters-14\">\n        <div class=\"col-md-6\">\n          <div class=\"row row-14 gutters-14\">\n            <div class=\"col-md-6\">\n              <div class=\"form-wrap\">\n                <label class=\"form-label\" for=\"prenom\">First name<span>*<\/span><\/label>\n                <span class=\"wpcf7-form-control-wrap\" data-name=\"prenom\"><input size=\"40\" maxlength=\"400\" class=\"wpcf7-form-control wpcf7-text wpcf7-validates-as-required form-input\" id=\"prenom\" aria-required=\"true\" aria-invalid=\"false\" placeholder=\"Ex : John\" value=\"\" type=\"text\" name=\"prenom\" \/><\/span>\n              <\/div>\n            <\/div>\n            <div class=\"col-md-6\">\n              <div class=\"form-wrap\">\n                <label class=\"form-label\" for=\"nom\">Last name<span>*<\/span><\/label>\n                <span class=\"wpcf7-form-control-wrap\" data-name=\"nom\"><input size=\"40\" maxlength=\"400\" class=\"wpcf7-form-control wpcf7-text wpcf7-validates-as-required form-input\" id=\"nom\" aria-required=\"true\" aria-invalid=\"false\" placeholder=\"Ex : Doe\" value=\"\" type=\"text\" name=\"nom\" \/><\/span>\n              <\/div>\n            <\/div>\n          <\/div>\n          <div class=\"row row-14 gutters-14\">\n            <div class=\"col-md-6\">\n              <div class=\"form-wrap\">\n                <label class=\"form-label\" for=\"mail\">Email<span>*<\/span><\/label>\n                <span class=\"wpcf7-form-control-wrap\" data-name=\"mail\"><input size=\"40\" maxlength=\"400\" class=\"wpcf7-form-control wpcf7-email wpcf7-validates-as-required wpcf7-text wpcf7-validates-as-email form-input\" id=\"mail\" aria-required=\"true\" aria-invalid=\"false\" placeholder=\"Ex : john.doe@example.com\" value=\"\" type=\"email\" name=\"mail\" \/><\/span>\n              <\/div>\n            <\/div>\n            <div class=\"col-md-6\">\n              <div class=\"form-wrap\">\n                <label class=\"form-label\" for=\"telephone\">Phone<\/label>\n                <span class=\"wpcf7-form-control-wrap\" data-name=\"telephone\"><input size=\"40\" maxlength=\"400\" class=\"wpcf7-form-control wpcf7-text form-input\" id=\"telephone\" aria-invalid=\"false\" placeholder=\"Ex : 00 44 06 1213 0530\" value=\"\" type=\"text\" name=\"telephone\" \/><\/span>\n              <\/div>\n            <\/div>\n          <\/div>\n        <\/div>\n        <div class=\"col-md-6\">\n          <div class=\"form-wrap\">\n            <label class=\"form-label\" for=\"message\">Message<span>*<\/span><\/label>\n            <span class=\"wpcf7-form-control-wrap\" data-name=\"message\"><textarea cols=\"40\" rows=\"10\" maxlength=\"2000\" class=\"wpcf7-form-control wpcf7-textarea wpcf7-validates-as-required form-input textarea-lg\" id=\"message\" aria-required=\"true\" aria-invalid=\"false\" placeholder=\"Your message here ...\" name=\"message\"><\/textarea><\/span>\n          <\/div>\n        <\/div>\n        <div class=\"col-12\">\n          <div class=\"form-wrap\">\n            <label class=\"checkbox-inline\">\n              <span class=\"wpcf7-form-control-wrap\" data-name=\"agree\"><span class=\"wpcf7-form-control wpcf7-checkbox\"><span class=\"wpcf7-list-item first last\"><input type=\"checkbox\" name=\"agree[]\" value=\"I accept your privacy policy\" \/><span class=\"wpcf7-list-item-label\">I accept your privacy policy<\/span><\/span><\/span><\/span>\n            <\/label>\n          <\/div>\n        <\/div>\n      <\/div>\n      <button id=\"submit\" class=\"wpcf7-form-control wpcf7-submit button button-primary button-pipaluk\" type=\"submit\">Send<\/button>\n<input class=\"wpcf7-form-control wpcf7-hidden\" value=\"\" type=\"hidden\" name=\"page-title\" \/>\n<input class=\"wpcf7-form-control wpcf7-hidden\" value=\"\" type=\"hidden\" name=\"page-url\" \/>\n<\/form>\n<\/div>\n\n<\/div>\n<\/div><\/div><\/div><\/div><\/div>","protected":false},"excerpt":{"rendered":"<p>Mont\u00e9 M\u00e9dio and his team of ski instructors offer private ski lessons in La Clusaz and other ski resorts in the area. Learn to ski with a Mont\u00e9 M\u00e9dio ski instructor Our teaching methods are ideal for learning to ski quickly or to progress technically. Thanks to our perfect knowledge of ski resorts, you will [&hellip;]<\/p>\n","protected":false},"author":1,"featured_media":21324,"parent":0,"menu_order":0,"comment_status":"closed","ping_status":"closed","template":"","meta":{"footnotes":""},"class_list":["post-21313","page","type-page","status-publish","has-post-thumbnail","hentry","type-summer","type-hiver-en","type-winter"],"yoast_head":"<!-- This site is optimized with the Yoast SEO Premium plugin v27.3 (Yoast SEO v27.4) - https:\/\/yoast.com\/product\/yoast-seo-premium-wordpress\/ -->\n<title>Ski lessons in La Clusaz &#8211; Canyoning Annecy et Sport Mont\u00e9 M\u00e9dio<\/title>\n<meta name=\"description\" content=\"Mont\u00e9 M\u00e9dio and his team of ski instructors offer private ski lessons in La Clusaz and other ski resorts in the area.\" \/>\n<meta name=\"robots\" content=\"index, follow, max-snippet:-1, max-image-preview:large, max-video-preview:-1\" \/>\n<link rel=\"canonical\" href=\"https:\/\/montemedio.com\/en\/ski-lessons-la-clusaz\/\" \/>\n<meta property=\"og:locale\" content=\"en_US\" \/>\n<meta property=\"og:type\" content=\"article\" \/>\n<meta property=\"og:title\" content=\"Ski lessons\" \/>\n<meta property=\"og:description\" content=\"Mont\u00e9 M\u00e9dio and his team of ski instructors offer private ski lessons in La Clusaz and other ski resorts in the area.\" \/>\n<meta property=\"og:url\" content=\"https:\/\/montemedio.com\/en\/ski-lessons-la-clusaz\/\" \/>\n<meta property=\"og:site_name\" content=\"Canyoning Annecy et Sport Mont\u00e9 M\u00e9dio\" \/>\n<meta property=\"article:publisher\" content=\"https:\/\/www.facebook.com\/montemedio\/\" \/>\n<meta property=\"article:modified_time\" content=\"2025-01-17T07:56:12+00:00\" \/>\n<meta property=\"og:image\" content=\"https:\/\/montemedio.com\/wp-content\/uploads\/2020\/05\/Ski-lessons-La-Clusaz-2.jpg\" \/>\n\t<meta property=\"og:image:width\" content=\"1200\" \/>\n\t<meta property=\"og:image:height\" content=\"629\" \/>\n\t<meta property=\"og:image:type\" content=\"image\/jpeg\" \/>\n<meta name=\"twitter:card\" content=\"summary_large_image\" \/>\n<meta name=\"twitter:label1\" content=\"Est. reading time\" \/>\n\t<meta name=\"twitter:data1\" content=\"2 minutes\" \/>\n<script type=\"application\/ld+json\" class=\"yoast-schema-graph\">{\"@context\":\"https:\\\/\\\/schema.org\",\"@graph\":[{\"@type\":\"WebPage\",\"@id\":\"https:\\\/\\\/montemedio.com\\\/en\\\/ski-lessons-la-clusaz\\\/\",\"url\":\"https:\\\/\\\/montemedio.com\\\/en\\\/ski-lessons-la-clusaz\\\/\",\"name\":\"Ski lessons in La Clusaz &#8211; Canyoning Annecy et Sport Mont\u00e9 M\u00e9dio\",\"isPartOf\":{\"@id\":\"https:\\\/\\\/montemedio.com\\\/en\\\/#website\"},\"primaryImageOfPage\":{\"@id\":\"https:\\\/\\\/montemedio.com\\\/en\\\/ski-lessons-la-clusaz\\\/#primaryimage\"},\"image\":{\"@id\":\"https:\\\/\\\/montemedio.com\\\/en\\\/ski-lessons-la-clusaz\\\/#primaryimage\"},\"thumbnailUrl\":\"https:\\\/\\\/montemedio.com\\\/wp-content\\\/uploads\\\/2020\\\/05\\\/Ski-lessons-La-Clusaz-2.jpg\",\"datePublished\":\"2020-05-12T06:40:42+00:00\",\"dateModified\":\"2025-01-17T07:56:12+00:00\",\"description\":\"Mont\u00e9 M\u00e9dio and his team of ski instructors offer private ski lessons in La Clusaz and other ski resorts in the area.\",\"breadcrumb\":{\"@id\":\"https:\\\/\\\/montemedio.com\\\/en\\\/ski-lessons-la-clusaz\\\/#breadcrumb\"},\"inLanguage\":\"en-US\",\"potentialAction\":[{\"@type\":\"ReadAction\",\"target\":[\"https:\\\/\\\/montemedio.com\\\/en\\\/ski-lessons-la-clusaz\\\/\"]}]},{\"@type\":\"ImageObject\",\"inLanguage\":\"en-US\",\"@id\":\"https:\\\/\\\/montemedio.com\\\/en\\\/ski-lessons-la-clusaz\\\/#primaryimage\",\"url\":\"https:\\\/\\\/montemedio.com\\\/wp-content\\\/uploads\\\/2020\\\/05\\\/Ski-lessons-La-Clusaz-2.jpg\",\"contentUrl\":\"https:\\\/\\\/montemedio.com\\\/wp-content\\\/uploads\\\/2020\\\/05\\\/Ski-lessons-La-Clusaz-2.jpg\",\"width\":1200,\"height\":629,\"caption\":\"ski-lessons-la-clusaz\"},{\"@type\":\"BreadcrumbList\",\"@id\":\"https:\\\/\\\/montemedio.com\\\/en\\\/ski-lessons-la-clusaz\\\/#breadcrumb\",\"itemListElement\":[{\"@type\":\"ListItem\",\"position\":1,\"name\":\"Homepage\",\"item\":\"https:\\\/\\\/montemedio.com\\\/en\\\/\"},{\"@type\":\"ListItem\",\"position\":2,\"name\":\"Ski lessons\"}]},{\"@type\":\"WebSite\",\"@id\":\"https:\\\/\\\/montemedio.com\\\/en\\\/#website\",\"url\":\"https:\\\/\\\/montemedio.com\\\/en\\\/\",\"name\":\"Canyoning Annecy et Sport Mont\u00e9 M\u00e9dio\",\"description\":\"Partez en qu\u00eate d&#039;\u00e9chapp\u00e9es belles\",\"potentialAction\":[{\"@type\":\"SearchAction\",\"target\":{\"@type\":\"EntryPoint\",\"urlTemplate\":\"https:\\\/\\\/montemedio.com\\\/en\\\/?s={search_term_string}\"},\"query-input\":{\"@type\":\"PropertyValueSpecification\",\"valueRequired\":true,\"valueName\":\"search_term_string\"}}],\"inLanguage\":\"en-US\"}]}<\/script>\n<!-- \/ Yoast SEO Premium plugin. -->","yoast_head_json":{"title":"Ski lessons in La Clusaz &#8211; Canyoning Annecy et Sport Mont\u00e9 M\u00e9dio","description":"Mont\u00e9 M\u00e9dio and his team of ski instructors offer private ski lessons in La Clusaz and other ski resorts in the area.","robots":{"index":"index","follow":"follow","max-snippet":"max-snippet:-1","max-image-preview":"max-image-preview:large","max-video-preview":"max-video-preview:-1"},"canonical":"https:\/\/montemedio.com\/en\/ski-lessons-la-clusaz\/","og_locale":"en_US","og_type":"article","og_title":"Ski lessons","og_description":"Mont\u00e9 M\u00e9dio and his team of ski instructors offer private ski lessons in La Clusaz and other ski resorts in the area.","og_url":"https:\/\/montemedio.com\/en\/ski-lessons-la-clusaz\/","og_site_name":"Canyoning Annecy et Sport Mont\u00e9 M\u00e9dio","article_publisher":"https:\/\/www.facebook.com\/montemedio\/","article_modified_time":"2025-01-17T07:56:12+00:00","og_image":[{"width":1200,"height":629,"url":"https:\/\/montemedio.com\/wp-content\/uploads\/2020\/05\/Ski-lessons-La-Clusaz-2.jpg","type":"image\/jpeg"}],"twitter_card":"summary_large_image","twitter_misc":{"Est. reading time":"2 minutes"},"schema":{"@context":"https:\/\/schema.org","@graph":[{"@type":"WebPage","@id":"https:\/\/montemedio.com\/en\/ski-lessons-la-clusaz\/","url":"https:\/\/montemedio.com\/en\/ski-lessons-la-clusaz\/","name":"Ski lessons in La Clusaz &#8211; Canyoning Annecy et Sport Mont\u00e9 M\u00e9dio","isPartOf":{"@id":"https:\/\/montemedio.com\/en\/#website"},"primaryImageOfPage":{"@id":"https:\/\/montemedio.com\/en\/ski-lessons-la-clusaz\/#primaryimage"},"image":{"@id":"https:\/\/montemedio.com\/en\/ski-lessons-la-clusaz\/#primaryimage"},"thumbnailUrl":"https:\/\/montemedio.com\/wp-content\/uploads\/2020\/05\/Ski-lessons-La-Clusaz-2.jpg","datePublished":"2020-05-12T06:40:42+00:00","dateModified":"2025-01-17T07:56:12+00:00","description":"Mont\u00e9 M\u00e9dio and his team of ski instructors offer private ski lessons in La Clusaz and other ski resorts in the area.","breadcrumb":{"@id":"https:\/\/montemedio.com\/en\/ski-lessons-la-clusaz\/#breadcrumb"},"inLanguage":"en-US","potentialAction":[{"@type":"ReadAction","target":["https:\/\/montemedio.com\/en\/ski-lessons-la-clusaz\/"]}]},{"@type":"ImageObject","inLanguage":"en-US","@id":"https:\/\/montemedio.com\/en\/ski-lessons-la-clusaz\/#primaryimage","url":"https:\/\/montemedio.com\/wp-content\/uploads\/2020\/05\/Ski-lessons-La-Clusaz-2.jpg","contentUrl":"https:\/\/montemedio.com\/wp-content\/uploads\/2020\/05\/Ski-lessons-La-Clusaz-2.jpg","width":1200,"height":629,"caption":"ski-lessons-la-clusaz"},{"@type":"BreadcrumbList","@id":"https:\/\/montemedio.com\/en\/ski-lessons-la-clusaz\/#breadcrumb","itemListElement":[{"@type":"ListItem","position":1,"name":"Homepage","item":"https:\/\/montemedio.com\/en\/"},{"@type":"ListItem","position":2,"name":"Ski lessons"}]},{"@type":"WebSite","@id":"https:\/\/montemedio.com\/en\/#website","url":"https:\/\/montemedio.com\/en\/","name":"Canyoning Annecy et Sport Mont\u00e9 M\u00e9dio","description":"Partez en qu\u00eate d&#039;\u00e9chapp\u00e9es belles","potentialAction":[{"@type":"SearchAction","target":{"@type":"EntryPoint","urlTemplate":"https:\/\/montemedio.com\/en\/?s={search_term_string}"},"query-input":{"@type":"PropertyValueSpecification","valueRequired":true,"valueName":"search_term_string"}}],"inLanguage":"en-US"}]}},"_links":{"self":[{"href":"https:\/\/montemedio.com\/en\/wp-json\/wp\/v2\/pages\/21313","targetHints":{"allow":["GET"]}}],"collection":[{"href":"https:\/\/montemedio.com\/en\/wp-json\/wp\/v2\/pages"}],"about":[{"href":"https:\/\/montemedio.com\/en\/wp-json\/wp\/v2\/types\/page"}],"author":[{"embeddable":true,"href":"https:\/\/montemedio.com\/en\/wp-json\/wp\/v2\/users\/1"}],"replies":[{"embeddable":true,"href":"https:\/\/montemedio.com\/en\/wp-json\/wp\/v2\/comments?post=21313"}],"version-history":[{"count":14,"href":"https:\/\/montemedio.com\/en\/wp-json\/wp\/v2\/pages\/21313\/revisions"}],"predecessor-version":[{"id":32605,"href":"https:\/\/montemedio.com\/en\/wp-json\/wp\/v2\/pages\/21313\/revisions\/32605"}],"wp:featuredmedia":[{"embeddable":true,"href":"https:\/\/montemedio.com\/en\/wp-json\/wp\/v2\/media\/21324"}],"wp:attachment":[{"href":"https:\/\/montemedio.com\/en\/wp-json\/wp\/v2\/media?parent=21313"}],"curies":[{"name":"wp","href":"https:\/\/api.w.org\/{rel}","templated":true}]}}