{"id":21527,"date":"2020-05-12T11:50:26","date_gmt":"2020-05-12T09:50:26","guid":{"rendered":"https:\/\/montemedio.com\/?page_id=21527"},"modified":"2021-06-21T22:03:11","modified_gmt":"2021-06-21T20:03:11","slug":"legal-notice","status":"publish","type":"page","link":"https:\/\/montemedio.com\/en\/legal-notice\/","title":{"rendered":"Legal notice"},"content":{"rendered":"<div id=\"pl-21527\"  class=\"panel-layout\" ><div id=\"pg-21527-0\"  class=\"panel-grid panel-no-style\" ><div id=\"pgc-21527-0-0\"  class=\"panel-grid-cell\" ><div id=\"panel-21527-0-0-0\" class=\"so-panel widget widget_sow-editor panel-first-child panel-last-child\" data-index=\"0\" ><div\n\t\t\t\n\t\t\tclass=\"so-widget-sow-editor so-widget-sow-editor-base\"\n\t\t\t\n\t\t>\n<div class=\"siteorigin-widget-tinymce textwidget\">\n\t<p><strong>The Mont\u00e9 M\u00e9dio website<\/strong> <a href=\"https:\/\/www.montemedio.com\">https:\/\/www.montemedio.com<\/a><\/p>\n<p>is edited and is the property of <strong>SARL MONTEMEDIO<\/strong>, responsible for the publication Romain Isnart<\/p>\n<p><strong>Websites hosted<\/strong> by OVH - Headquarters: 2 rue Kellermann - 59100 Roubaix - France.<\/p>\n<p><strong>SARL MONTEMEDIO adress :<\/strong> 432 route des vignes 74290 TALLOIRES- MONTMIN<\/p>\n<p><strong>SIRET identifier<\/strong> 847 510 690 RCS Annecy<\/p>\n<p><strong>Email address:<\/strong> <a href=\"mailto:contact@montemedio.com\">contact@montemedio.com<\/a><\/p>\n<p><strong>Phone:<\/strong> <a href=\"tel:0033612130530\">+33 6 12 13 05 30<\/a><\/p>\n<p><strong>Copyright :<\/strong> All of these sites are subject to French and international legislation on copyright and intellectual property. All reproduction rights are reserved, including downloadable documents and iconographic and photographic representations (copyright Mont\u00e9 M\u00e9dio, OT Lac d'Annecy, unsplash or partners).<br \/>\nReproduction of all or part of this site on any electronic medium is strictly prohibited without the express authorization of the publication director.<\/p>\n<p><strong>Modification of the sites:<\/strong> The editorial team reserves the right to modify or correct the content of the sites and this legal notice at any time and without notice.<\/p>\n<p><strong>Links to other websites:<\/strong> Links to other websites on this site are offered exclusively to provide you with the most complete information.<br \/>\nFor this reason, we decline any responsibility concerning these sites or the information appearing there, the software or other documents which are there or concerning the consequences of their use. If you decide to access external sites linked to our site, you do so under your sole responsibility.<\/p>\n<p><strong>Disclaimer<\/strong>: It is up to the user of this site to take all appropriate measures to protect their own data and \/ or software from contamination by possible viruses circulating on the Internet.<br \/>\nMont\u00e9 M\u00e9dio cannot be held responsible for direct or indirect damage resulting from the use of websites or other sites linked to it, in particular due to non-access to its site, malfunctions related to the Internet, 'host of the site or the host of part of the site or interruption of service due to maintenance or update.<br \/>\nThis website is governed by French law.<\/p>\n<\/div>\n<\/div><\/div><\/div><\/div><\/div>","protected":false},"excerpt":{"rendered":"<p>The Mont\u00e9 M\u00e9dio website https:\/\/www.montemedio.com is edited and is the property of SARL MONTEMEDIO, responsible for the publication Romain Isnart Websites hosted by OVH &#8211; Headquarters: 2 rue Kellermann &#8211; 59100 Roubaix &#8211; France. SARL MONTEMEDIO adress : 432 route des vignes 74290 TALLOIRES- MONTMIN SIRET identifier 847 510 690 RCS Annecy Email address: contact@montemedio.com [&hellip;]<\/p>\n","protected":false},"author":1,"featured_media":0,"parent":0,"menu_order":0,"comment_status":"closed","ping_status":"closed","template":"","meta":{"footnotes":""},"class_list":["post-21527","page","type-page","status-publish","hentry"],"yoast_head":"<!-- This site is optimized with the Yoast SEO Premium plugin v26.8 (Yoast SEO v27.3) - https:\/\/yoast.com\/product\/yoast-seo-premium-wordpress\/ -->\n<title>Legal notice &#8211; Canyoning Annecy et Sport Mont\u00e9 M\u00e9dio<\/title>\n<meta name=\"robots\" content=\"noindex, nofollow\" \/>\n<meta property=\"og:locale\" content=\"en_US\" \/>\n<meta property=\"og:type\" content=\"article\" \/>\n<meta property=\"og:title\" content=\"Legal notice\" \/>\n<meta property=\"og:description\" content=\"The Mont\u00e9 M\u00e9dio website https:\/\/www.montemedio.com is edited and is the property of SARL MONTEMEDIO, responsible for the publication Romain Isnart Websites hosted by OVH - Headquarters: 2 rue Kellermann - 59100 Roubaix - France. SARL MONTEMEDIO adress : 432 route des vignes 74290 TALLOIRES- MONTMIN SIRET identifier 847 510 690 RCS Annecy Email address: contact@montemedio.com [&hellip;]\" \/>\n<meta property=\"og:url\" content=\"https:\/\/montemedio.com\/en\/legal-notice\/\" \/>\n<meta property=\"og:site_name\" content=\"Canyoning Annecy et Sport Mont\u00e9 M\u00e9dio\" \/>\n<meta property=\"article:publisher\" content=\"https:\/\/www.facebook.com\/montemedio\/\" \/>\n<meta property=\"article:modified_time\" content=\"2021-06-21T20:03:11+00:00\" \/>\n<meta name=\"twitter:card\" content=\"summary_large_image\" \/>\n<meta name=\"twitter:label1\" content=\"Est. reading time\" \/>\n\t<meta name=\"twitter:data1\" content=\"2 minutes\" \/>\n<script type=\"application\/ld+json\" class=\"yoast-schema-graph\">{\"@context\":\"https:\\\/\\\/schema.org\",\"@graph\":[{\"@type\":\"WebPage\",\"@id\":\"https:\\\/\\\/montemedio.com\\\/en\\\/legal-notice\\\/\",\"url\":\"https:\\\/\\\/montemedio.com\\\/en\\\/legal-notice\\\/\",\"name\":\"Legal notice &#8211; Canyoning Annecy et Sport Mont\u00e9 M\u00e9dio\",\"isPartOf\":{\"@id\":\"https:\\\/\\\/montemedio.com\\\/en\\\/#website\"},\"datePublished\":\"2020-05-12T09:50:26+00:00\",\"dateModified\":\"2021-06-21T20:03:11+00:00\",\"breadcrumb\":{\"@id\":\"https:\\\/\\\/montemedio.com\\\/en\\\/legal-notice\\\/#breadcrumb\"},\"inLanguage\":\"en-US\",\"potentialAction\":[{\"@type\":\"ReadAction\",\"target\":[\"https:\\\/\\\/montemedio.com\\\/en\\\/legal-notice\\\/\"]}]},{\"@type\":\"BreadcrumbList\",\"@id\":\"https:\\\/\\\/montemedio.com\\\/en\\\/legal-notice\\\/#breadcrumb\",\"itemListElement\":[{\"@type\":\"ListItem\",\"position\":1,\"name\":\"Homepage\",\"item\":\"https:\\\/\\\/montemedio.com\\\/en\\\/\"},{\"@type\":\"ListItem\",\"position\":2,\"name\":\"Legal notice\"}]},{\"@type\":\"WebSite\",\"@id\":\"https:\\\/\\\/montemedio.com\\\/en\\\/#website\",\"url\":\"https:\\\/\\\/montemedio.com\\\/en\\\/\",\"name\":\"Canyoning Annecy et Sport Mont\u00e9 M\u00e9dio\",\"description\":\"Partez en qu\u00eate d&#039;\u00e9chapp\u00e9es belles\",\"potentialAction\":[{\"@type\":\"SearchAction\",\"target\":{\"@type\":\"EntryPoint\",\"urlTemplate\":\"https:\\\/\\\/montemedio.com\\\/en\\\/?s={search_term_string}\"},\"query-input\":{\"@type\":\"PropertyValueSpecification\",\"valueRequired\":true,\"valueName\":\"search_term_string\"}}],\"inLanguage\":\"en-US\"}]}<\/script>\n<!-- \/ Yoast SEO Premium plugin. -->","yoast_head_json":{"title":"Legal notice &#8211; Canyoning Annecy et Sport Mont\u00e9 M\u00e9dio","robots":{"index":"noindex","follow":"nofollow"},"og_locale":"en_US","og_type":"article","og_title":"Legal notice","og_description":"The Mont\u00e9 M\u00e9dio website https:\/\/www.montemedio.com is edited and is the property of SARL MONTEMEDIO, responsible for the publication Romain Isnart Websites hosted by OVH - Headquarters: 2 rue Kellermann - 59100 Roubaix - France. SARL MONTEMEDIO adress : 432 route des vignes 74290 TALLOIRES- MONTMIN SIRET identifier 847 510 690 RCS Annecy Email address: contact@montemedio.com [&hellip;]","og_url":"https:\/\/montemedio.com\/en\/legal-notice\/","og_site_name":"Canyoning Annecy et Sport Mont\u00e9 M\u00e9dio","article_publisher":"https:\/\/www.facebook.com\/montemedio\/","article_modified_time":"2021-06-21T20:03:11+00:00","twitter_card":"summary_large_image","twitter_misc":{"Est. reading time":"2 minutes"},"schema":{"@context":"https:\/\/schema.org","@graph":[{"@type":"WebPage","@id":"https:\/\/montemedio.com\/en\/legal-notice\/","url":"https:\/\/montemedio.com\/en\/legal-notice\/","name":"Legal notice &#8211; Canyoning Annecy et Sport Mont\u00e9 M\u00e9dio","isPartOf":{"@id":"https:\/\/montemedio.com\/en\/#website"},"datePublished":"2020-05-12T09:50:26+00:00","dateModified":"2021-06-21T20:03:11+00:00","breadcrumb":{"@id":"https:\/\/montemedio.com\/en\/legal-notice\/#breadcrumb"},"inLanguage":"en-US","potentialAction":[{"@type":"ReadAction","target":["https:\/\/montemedio.com\/en\/legal-notice\/"]}]},{"@type":"BreadcrumbList","@id":"https:\/\/montemedio.com\/en\/legal-notice\/#breadcrumb","itemListElement":[{"@type":"ListItem","position":1,"name":"Homepage","item":"https:\/\/montemedio.com\/en\/"},{"@type":"ListItem","position":2,"name":"Legal notice"}]},{"@type":"WebSite","@id":"https:\/\/montemedio.com\/en\/#website","url":"https:\/\/montemedio.com\/en\/","name":"Canyoning Annecy et Sport Mont\u00e9 M\u00e9dio","description":"Partez en qu\u00eate d&#039;\u00e9chapp\u00e9es belles","potentialAction":[{"@type":"SearchAction","target":{"@type":"EntryPoint","urlTemplate":"https:\/\/montemedio.com\/en\/?s={search_term_string}"},"query-input":{"@type":"PropertyValueSpecification","valueRequired":true,"valueName":"search_term_string"}}],"inLanguage":"en-US"}]}},"_links":{"self":[{"href":"https:\/\/montemedio.com\/en\/wp-json\/wp\/v2\/pages\/21527","targetHints":{"allow":["GET"]}}],"collection":[{"href":"https:\/\/montemedio.com\/en\/wp-json\/wp\/v2\/pages"}],"about":[{"href":"https:\/\/montemedio.com\/en\/wp-json\/wp\/v2\/types\/page"}],"author":[{"embeddable":true,"href":"https:\/\/montemedio.com\/en\/wp-json\/wp\/v2\/users\/1"}],"replies":[{"embeddable":true,"href":"https:\/\/montemedio.com\/en\/wp-json\/wp\/v2\/comments?post=21527"}],"version-history":[{"count":1,"href":"https:\/\/montemedio.com\/en\/wp-json\/wp\/v2\/pages\/21527\/revisions"}],"predecessor-version":[{"id":26400,"href":"https:\/\/montemedio.com\/en\/wp-json\/wp\/v2\/pages\/21527\/revisions\/26400"}],"wp:attachment":[{"href":"https:\/\/montemedio.com\/en\/wp-json\/wp\/v2\/media?parent=21527"}],"curies":[{"name":"wp","href":"https:\/\/api.w.org\/{rel}","templated":true}]}}