{"id":21536,"date":"2020-05-12T12:02:14","date_gmt":"2020-05-12T10:02:14","guid":{"rendered":"https:\/\/montemedio.com\/?page_id=21536"},"modified":"2022-12-09T12:05:25","modified_gmt":"2022-12-09T11:05:25","slug":"hot-air-balloon-annecy","status":"publish","type":"page","link":"https:\/\/montemedio.com\/en\/hot-air-balloon-annecy\/","title":{"rendered":"Hot air balloon Annecy"},"content":{"rendered":"<div id=\"pl-21536\"  class=\"panel-layout\" ><div id=\"pg-21536-0\"  class=\"panel-grid panel-no-style\" ><div id=\"pgc-21536-0-0\"  class=\"panel-grid-cell\" ><div id=\"panel-21536-0-0-0\" class=\"so-panel widget widget_sow-editor panel-first-child panel-last-child\" data-index=\"0\" ><div\n\t\t\t\n\t\t\tclass=\"so-widget-sow-editor so-widget-sow-editor-base\"\n\t\t\t\n\t\t>\n<div class=\"siteorigin-widget-tinymce textwidget\">\n\t<p><span lang=\"en\">Enjoy a hot air balloon flight to discover the Lake Annecy and admire the surroundings from the sky!<\/span><\/p>\n<\/div>\n<\/div><\/div><\/div><\/div><div id=\"pg-21536-1\"  class=\"panel-grid panel-no-style\" ><div id=\"pgc-21536-1-0\"  class=\"panel-grid-cell\" ><div id=\"panel-21536-1-0-0\" class=\"so-panel widget widget_sow-editor panel-first-child panel-last-child\" data-index=\"1\" ><div\n\t\t\t\n\t\t\tclass=\"so-widget-sow-editor so-widget-sow-editor-base\"\n\t\t\t\n\t\t>\n<div class=\"siteorigin-widget-tinymce textwidget\">\n\t<h2 class=\"red\">Fly in a hot air balloon over Annecy: an unforgettable experience<\/h2>\n<p>During the flight, you can enjoy a magnificent view and hopefully see Mont Blanc and the three lakes in the region. All this in a soothing calm!<\/p>\n<p>With the most often favorable conditions for a balloon flight in a magnificent setting, Lake Annecy is a perfect place to board a balloon.<\/p>\n<p>All year long, come and share a moment with us in Annecy aboard a hot air balloon. You will participate in setting up the aircraft under the pilot's instructions and then you will be able to board the balloon. During the flight you can take photos of the Annecy region and enjoy the calm aboard the hot air balloon. The return to the ground made very gently where a snack will await you.<\/p>\n<p>Leave with your eyes full of stars and memories in your head!<\/p>\n<p>Price : 290 euros per person<\/p>\n<\/div>\n<\/div><\/div><\/div><div id=\"pgc-21536-1-1\"  class=\"panel-grid-cell\" ><div id=\"panel-21536-1-1-0\" class=\"so-panel widget widget_media_image panel-first-child panel-last-child\" data-index=\"2\" ><img decoding=\"async\" width=\"500\" height=\"333\" src=\"https:\/\/montemedio.com\/wp-content\/uploads\/2020\/05\/Hot-Air-Balloon-Annecy-Monte-Medio-02.jpg\" class=\"image wp-image-21548 rounded attachment-full size-full\" alt=\"hot-air-balloon-annecy\" style=\"max-width: 100%; height: auto;\" srcset=\"https:\/\/montemedio.com\/wp-content\/uploads\/2020\/05\/Hot-Air-Balloon-Annecy-Monte-Medio-02.jpg 500w, https:\/\/montemedio.com\/wp-content\/uploads\/2020\/05\/Hot-Air-Balloon-Annecy-Monte-Medio-02-300x200.jpg 300w, https:\/\/montemedio.com\/wp-content\/uploads\/2020\/05\/Hot-Air-Balloon-Annecy-Monte-Medio-02-272x182.jpg 272w\" sizes=\"(max-width: 500px) 100vw, 500px\" \/><\/div><\/div><\/div><div id=\"pg-21536-2\"  class=\"panel-grid panel-no-style\" ><div id=\"pgc-21536-2-0\"  class=\"panel-grid-cell\" ><div id=\"panel-21536-2-0-0\" class=\"so-panel widget widget_sow-editor panel-first-child panel-last-child\" data-index=\"3\" ><div class=\"text-center rounded panel-widget-style panel-widget-style-for-21536-2-0-0\" ><div\n\t\t\t\n\t\t\tclass=\"so-widget-sow-editor so-widget-sow-editor-base\"\n\t\t\t\n\t\t>\n<div class=\"siteorigin-widget-tinymce textwidget\">\n\t<p>&nbsp;<\/p>\n<div class=\"svg-icon mb-3\"><img decoding=\"async\" src=\"https:\/\/montemedio.com\/wp-content\/themes\/monte-medio\/assets\/images\/insurance 2.svg\" alt=\"\" \/><\/div>\n<h2 class=\"info-box-title vert\">Meeting in the morning at 7:00 a.m.<\/h2>\n<\/div>\n<\/div><\/div><\/div><\/div><div id=\"pgc-21536-2-1\"  class=\"panel-grid-cell\" ><div id=\"panel-21536-2-1-0\" class=\"so-panel widget widget_sow-editor panel-first-child panel-last-child\" data-index=\"4\" ><div class=\"text-center rounded panel-widget-style panel-widget-style-for-21536-2-1-0\" ><div\n\t\t\t\n\t\t\tclass=\"so-widget-sow-editor so-widget-sow-editor-base\"\n\t\t\t\n\t\t>\n<div class=\"siteorigin-widget-tinymce textwidget\">\n\t<p>&nbsp;<\/p>\n<div class=\"svg-icon mb-3\"><img decoding=\"async\" src=\"https:\/\/montemedio.com\/wp-content\/themes\/monte-medio\/assets\/images\/map.svg\" alt=\"\" \/><\/div>\n<h2 class=\"info-box-title vert\">The activity lasts 3 hours including about 45 minutes to 1:30 flight<\/h2>\n<\/div>\n<\/div><\/div><\/div><\/div><div id=\"pgc-21536-2-2\"  class=\"panel-grid-cell\" ><div id=\"panel-21536-2-2-0\" class=\"so-panel widget widget_sow-editor panel-first-child panel-last-child\" data-index=\"5\" ><div class=\"text-center rounded panel-widget-style panel-widget-style-for-21536-2-2-0\" ><div\n\t\t\t\n\t\t\tclass=\"so-widget-sow-editor so-widget-sow-editor-base\"\n\t\t\t\n\t\t>\n<div class=\"siteorigin-widget-tinymce textwidget\">\n\t<p>&nbsp;<\/p>\n<div class=\"svg-icon mb-3\"><img decoding=\"async\" src=\"https:\/\/montemedio.com\/wp-content\/themes\/monte-medio\/assets\/images\/beach.svg\" alt=\"\" \/><\/div>\n<h2 class=\"info-box-title vert\">Fly in a hot air balloon over Lake Annecy<\/h2>\n<\/div>\n<\/div><\/div><\/div><\/div><\/div><div id=\"pg-21536-3\"  class=\"panel-grid panel-no-style\" ><div id=\"pgc-21536-3-0\"  class=\"panel-grid-cell\" ><div id=\"panel-21536-3-0-0\" class=\"so-panel widget widget_sow-editor panel-first-child panel-last-child\" data-index=\"6\" ><div class=\"text-center text-md-left rounded panel-widget-style panel-widget-style-for-21536-3-0-0\" ><div\n\t\t\t\n\t\t\tclass=\"so-widget-sow-editor so-widget-sow-editor-base\"\n\t\t\t\n\t\t>\n<div class=\"siteorigin-widget-tinymce textwidget\">\n\t<div class=\"svg-icon mb-3 mb-md-0\"><img decoding=\"async\" src=\"https:\/\/montemedio.com\/wp-content\/themes\/monte-medio\/assets\/images\/casque.svg\" alt=\"\" \/><\/div>\n<h2 class=\"info-box-title vert\">3 people maximum per hot air balloon<\/h2>\n<\/div>\n<\/div><\/div><\/div><\/div><div id=\"pgc-21536-3-1\"  class=\"panel-grid-cell\" ><div id=\"panel-21536-3-1-0\" class=\"so-panel widget widget_sow-editor panel-first-child panel-last-child\" data-index=\"7\" ><div class=\"text-center text-md-left rounded panel-widget-style panel-widget-style-for-21536-3-1-0\" ><div\n\t\t\t\n\t\t\tclass=\"so-widget-sow-editor so-widget-sow-editor-base\"\n\t\t\t\n\t\t>\n<div class=\"siteorigin-widget-tinymce textwidget\">\n\t<div class=\"svg-icon mb-3 mb-md-0\"><img decoding=\"async\" src=\"https:\/\/montemedio.com\/wp-content\/themes\/monte-medio\/assets\/images\/happy.svg\" alt=\"\" \/><\/div>\n<h2 class=\"info-box-title vert\">Accessible to all (minimum size 1.20m)<\/h2>\n<\/div>\n<\/div><\/div><\/div><\/div><\/div><div id=\"pg-21536-4\"  class=\"panel-grid panel-has-style\" ><div class=\"siteorigin-panels-stretch panel-row-style panel-row-style-for-21536-4\" data-stretch-type=\"full\" ><div id=\"pgc-21536-4-0\"  class=\"panel-grid-cell\" ><div id=\"panel-21536-4-0-0\" class=\"so-panel widget widget_sow-editor panel-first-child panel-last-child\" data-index=\"8\" ><div\n\t\t\t\n\t\t\tclass=\"so-widget-sow-editor so-widget-sow-editor-base\"\n\t\t\t\n\t\t><h2 class=\"widget-title\">Our other activities<\/h2>\n<div class=\"siteorigin-widget-tinymce textwidget\">\n\t<p>&nbsp;<\/p>\n<\/div>\n<\/div><\/div><\/div><\/div><\/div><div id=\"pg-21536-5\"  class=\"panel-grid panel-has-style\" ><div class=\"red-section-faded siteorigin-panels-stretch panel-row-style panel-row-style-for-21536-5\" data-stretch-type=\"full\" ><div id=\"pgc-21536-5-0\"  class=\"panel-grid-cell\" ><div class=\"home-activities panel-cell-style panel-cell-style-for-21536-5-0\" ><div id=\"panel-21536-5-0-0\" class=\"so-panel widget widget_sow-editor panel-first-child panel-last-child\" data-index=\"9\" ><div class=\"panel-widget-style panel-widget-style-for-21536-5-0-0\" ><div\n\t\t\t\n\t\t\tclass=\"so-widget-sow-editor so-widget-sow-editor-base\"\n\t\t\t\n\t\t>\n<div class=\"siteorigin-widget-tinymce textwidget\">\n\t<h2 class=\"box-icon-classic-title\"><a href=\"https:\/\/montemedio.com\/en\/canyoning-annecy\/\">Canyoning<\/a><\/h2>\n<\/div>\n<\/div><\/div><\/div><\/div><\/div><div id=\"pgc-21536-5-1\"  class=\"panel-grid-cell\" ><div class=\"home-activities panel-cell-style panel-cell-style-for-21536-5-1\" ><div id=\"panel-21536-5-1-0\" class=\"so-panel widget widget_sow-editor panel-first-child panel-last-child\" data-index=\"10\" ><div class=\"panel-widget-style panel-widget-style-for-21536-5-1-0\" ><div\n\t\t\t\n\t\t\tclass=\"so-widget-sow-editor so-widget-sow-editor-base\"\n\t\t\t\n\t\t>\n<div class=\"siteorigin-widget-tinymce textwidget\">\n\t<h2 class=\"box-icon-classic-title\"><a href=\"https:\/\/montemedio.com\/en\/rock-climbing-annecy\/\">Rock climbing<\/a><\/h2>\n<\/div>\n<\/div><\/div><\/div><\/div><\/div><div id=\"pgc-21536-5-2\"  class=\"panel-grid-cell\" ><div class=\"home-activities panel-cell-style panel-cell-style-for-21536-5-2\" ><div id=\"panel-21536-5-2-0\" class=\"so-panel widget widget_sow-editor panel-first-child panel-last-child\" data-index=\"11\" ><div class=\"panel-widget-style panel-widget-style-for-21536-5-2-0\" ><div\n\t\t\t\n\t\t\tclass=\"so-widget-sow-editor so-widget-sow-editor-base\"\n\t\t\t\n\t\t>\n<div class=\"siteorigin-widget-tinymce textwidget\">\n\t<h2 class=\"box-icon-classic-title\"><a href=\"https:\/\/montemedio.com\/en\/paragliding-annecy\/\">Paragliding<\/a><\/h2>\n<\/div>\n<\/div><\/div><\/div><\/div><\/div><div id=\"pgc-21536-5-3\"  class=\"panel-grid-cell\" ><div class=\"home-activities panel-cell-style panel-cell-style-for-21536-5-3\" ><div id=\"panel-21536-5-3-0\" class=\"so-panel widget widget_sow-editor panel-first-child panel-last-child\" data-index=\"12\" ><div class=\"panel-widget-style panel-widget-style-for-21536-5-3-0\" ><div\n\t\t\t\n\t\t\tclass=\"so-widget-sow-editor so-widget-sow-editor-base\"\n\t\t\t\n\t\t>\n<div class=\"siteorigin-widget-tinymce textwidget\">\n\t<h2 class=\"box-icon-classic-title\"><a href=\"https:\/\/montemedio.com\/en\/via-ferrata-annecy\/\">Via Ferrata<\/a><\/h2>\n<\/div>\n<\/div><\/div><\/div><\/div><\/div><\/div><\/div><div id=\"pg-21536-6\"  class=\"panel-grid panel-has-style\" ><div id=\"contact\" class=\"panel-row-style panel-row-style-for-21536-6\" ><div id=\"pgc-21536-6-0\"  class=\"panel-grid-cell\" ><div id=\"panel-21536-6-0-0\" class=\"so-panel widget widget_sow-editor panel-first-child panel-last-child\" data-index=\"13\" ><div\n\t\t\t\n\t\t\tclass=\"so-widget-sow-editor so-widget-sow-editor-base\"\n\t\t\t\n\t\t><h2 class=\"widget-title\">Would you like more information?<\/h2>\n<div class=\"siteorigin-widget-tinymce textwidget\">\n\t\n<div class=\"wpcf7 no-js\" id=\"wpcf7-f28977-o1\" lang=\"en-US\" dir=\"ltr\" data-wpcf7-id=\"28977\">\n<div class=\"screen-reader-response\"><p role=\"status\" aria-live=\"polite\" aria-atomic=\"true\"><\/p> <ul><\/ul><\/div>\n<form action=\"\/en\/wp-json\/wp\/v2\/pages\/21536#wpcf7-f28977-o1\" method=\"post\" class=\"wpcf7-form init\" aria-label=\"Contact form\" novalidate=\"novalidate\" data-status=\"init\">\n<fieldset class=\"hidden-fields-container\"><input type=\"hidden\" name=\"_wpcf7\" value=\"28977\" \/><input type=\"hidden\" name=\"_wpcf7_version\" value=\"6.1.5\" \/><input type=\"hidden\" name=\"_wpcf7_locale\" value=\"en_US\" \/><input type=\"hidden\" name=\"_wpcf7_unit_tag\" value=\"wpcf7-f28977-o1\" \/><input type=\"hidden\" name=\"_wpcf7_container_post\" value=\"0\" \/><input type=\"hidden\" name=\"_wpcf7_posted_data_hash\" value=\"\" \/><input type=\"hidden\" name=\"_wpcf7_recaptcha_response\" value=\"\" \/>\n<\/fieldset>\n<div class=\"wpcf7-response-output\" aria-hidden=\"true\"><\/div>\n\n      <div class=\"row row-14 gutters-14\">\n        <div class=\"col-md-6\">\n          <div class=\"row row-14 gutters-14\">\n            <div class=\"col-md-6\">\n              <div class=\"form-wrap\">\n                <label class=\"form-label\" for=\"prenom\">First name<span>*<\/span><\/label>\n                <span class=\"wpcf7-form-control-wrap\" data-name=\"prenom\"><input size=\"40\" maxlength=\"400\" class=\"wpcf7-form-control wpcf7-text wpcf7-validates-as-required form-input\" id=\"prenom\" aria-required=\"true\" aria-invalid=\"false\" placeholder=\"Ex : John\" value=\"\" type=\"text\" name=\"prenom\" \/><\/span>\n              <\/div>\n            <\/div>\n            <div class=\"col-md-6\">\n              <div class=\"form-wrap\">\n                <label class=\"form-label\" for=\"nom\">Last name<span>*<\/span><\/label>\n                <span class=\"wpcf7-form-control-wrap\" data-name=\"nom\"><input size=\"40\" maxlength=\"400\" class=\"wpcf7-form-control wpcf7-text wpcf7-validates-as-required form-input\" id=\"nom\" aria-required=\"true\" aria-invalid=\"false\" placeholder=\"Ex : Doe\" value=\"\" type=\"text\" name=\"nom\" \/><\/span>\n              <\/div>\n            <\/div>\n          <\/div>\n          <div class=\"row row-14 gutters-14\">\n            <div class=\"col-md-6\">\n              <div class=\"form-wrap\">\n                <label class=\"form-label\" for=\"mail\">Email<span>*<\/span><\/label>\n                <span class=\"wpcf7-form-control-wrap\" data-name=\"mail\"><input size=\"40\" maxlength=\"400\" class=\"wpcf7-form-control wpcf7-email wpcf7-validates-as-required wpcf7-text wpcf7-validates-as-email form-input\" id=\"mail\" aria-required=\"true\" aria-invalid=\"false\" placeholder=\"Ex : john.doe@example.com\" value=\"\" type=\"email\" name=\"mail\" \/><\/span>\n              <\/div>\n            <\/div>\n            <div class=\"col-md-6\">\n              <div class=\"form-wrap\">\n                <label class=\"form-label\" for=\"telephone\">Phone<\/label>\n                <span class=\"wpcf7-form-control-wrap\" data-name=\"telephone\"><input size=\"40\" maxlength=\"400\" class=\"wpcf7-form-control wpcf7-text form-input\" id=\"telephone\" aria-invalid=\"false\" placeholder=\"Ex : 00 44 06 1213 0530\" value=\"\" type=\"text\" name=\"telephone\" \/><\/span>\n              <\/div>\n            <\/div>\n          <\/div>\n        <\/div>\n        <div class=\"col-md-6\">\n          <div class=\"form-wrap\">\n            <label class=\"form-label\" for=\"message\">Message<span>*<\/span><\/label>\n            <span class=\"wpcf7-form-control-wrap\" data-name=\"message\"><textarea cols=\"40\" rows=\"10\" maxlength=\"2000\" class=\"wpcf7-form-control wpcf7-textarea wpcf7-validates-as-required form-input textarea-lg\" id=\"message\" aria-required=\"true\" aria-invalid=\"false\" placeholder=\"Your message here ...\" name=\"message\"><\/textarea><\/span>\n          <\/div>\n        <\/div>\n        <div class=\"col-12\">\n          <div class=\"form-wrap\">\n            <label class=\"checkbox-inline\">\n              <span class=\"wpcf7-form-control-wrap\" data-name=\"agree\"><span class=\"wpcf7-form-control wpcf7-checkbox\"><span class=\"wpcf7-list-item first last\"><input type=\"checkbox\" name=\"agree[]\" value=\"I accept your privacy policy\" \/><span class=\"wpcf7-list-item-label\">I accept your privacy policy<\/span><\/span><\/span><\/span>\n            <\/label>\n          <\/div>\n        <\/div>\n      <\/div>\n      <button id=\"submit\" class=\"wpcf7-form-control wpcf7-submit button button-primary button-pipaluk\" type=\"submit\">Send<\/button>\n<input class=\"wpcf7-form-control wpcf7-hidden\" value=\"\" type=\"hidden\" name=\"page-title\" \/>\n<input class=\"wpcf7-form-control wpcf7-hidden\" value=\"\" type=\"hidden\" name=\"page-url\" \/>\n<\/form>\n<\/div>\n\n<\/div>\n<\/div><\/div><\/div><\/div><\/div><div id=\"pg-21536-7\"  class=\"panel-grid panel-no-style\" ><div id=\"pgc-21536-7-0\"  class=\"panel-grid-cell\" ><div id=\"panel-21536-7-0-0\" class=\"so-panel widget widget_mm-widget-faq panel-first-child panel-last-child\" data-index=\"14\" ><div\n\t\t\t\n\t\t\tclass=\"so-widget-mm-widget-faq so-widget-mm-widget-faq-base\"\n\t\t\t\n\t\t>  <div class=\"row row-30\">\n    <div class=\"col-12\">\n      <h2 class=\"text-left widget-title\">FAQ Hot air balloon Annecy<\/h2>\n    <\/div>\n  <\/div>\n\n<div class=\"row row-50 justify-content-center justify-content-xl-between row-faq position-relative\">\n    <div class=\"col-md-6 row-faq\">\n    <h3 class=\"red-text\">Where is the departure of the balloon flight?<\/h3>\n    <p>You find the pilot at the Z.A. of Perroix Talloires.\nAppointment a few minutes before the time of your flight.<\/p>\n  <\/div>\n    <div class=\"col-md-6 row-faq\">\n    <h3 class=\"red-text\">What do we need?<\/h3>\n    <p>To fly, plan closed shoes, sunglasses, your camera to take some pictures, a windbreaker and your smile!<\/p>\n  <\/div>\n  <\/div>\n\n<div class=\"row\">\n  <div class=\"col-12 text-center mt-4\" data-wow-delay=\".1s\">\n    <a href=\"#\" class=\"more-faq fa fa-angle-down active\"><\/a>\n  <\/div>\n<\/div><\/div><\/div><\/div><\/div><\/div>","protected":false},"excerpt":{"rendered":"<p>Enjoy a hot air balloon flight to discover the Lake Annecy and admire the surroundings from the sky! Fly in a hot air balloon over Annecy: an unforgettable experience During the flight, you can enjoy a magnificent view and hopefully see Mont Blanc and the three lakes in the region. All this in a soothing [&hellip;]<\/p>\n","protected":false},"author":1,"featured_media":21586,"parent":0,"menu_order":0,"comment_status":"closed","ping_status":"closed","template":"","meta":{"footnotes":""},"class_list":["post-21536","page","type-page","status-publish","has-post-thumbnail","hentry"],"yoast_head":"<!-- This site is optimized with the Yoast SEO Premium plugin v26.8 (Yoast SEO v27.3) - https:\/\/yoast.com\/product\/yoast-seo-premium-wordpress\/ -->\n<title>Hot air balloon Annecy &#8211; Canyoning Annecy et Sport Mont\u00e9 M\u00e9dio<\/title>\n<meta name=\"description\" content=\"Enjoy a hot air balloon flight to discover the Lake Annecy and admire the surroundings from the sky!\" \/>\n<meta name=\"robots\" content=\"index, follow, max-snippet:-1, max-image-preview:large, max-video-preview:-1\" \/>\n<link rel=\"canonical\" href=\"https:\/\/montemedio.com\/en\/hot-air-balloon-annecy\/\" \/>\n<meta property=\"og:locale\" content=\"en_US\" \/>\n<meta property=\"og:type\" content=\"article\" \/>\n<meta property=\"og:title\" content=\"Hot air balloon Annecy\" \/>\n<meta property=\"og:description\" content=\"Enjoy a hot air balloon flight to discover the Lake Annecy and admire the surroundings from the sky!\" \/>\n<meta property=\"og:url\" content=\"https:\/\/montemedio.com\/en\/hot-air-balloon-annecy\/\" \/>\n<meta property=\"og:site_name\" content=\"Canyoning Annecy et Sport Mont\u00e9 M\u00e9dio\" \/>\n<meta property=\"article:publisher\" content=\"https:\/\/www.facebook.com\/montemedio\/\" \/>\n<meta property=\"article:modified_time\" content=\"2022-12-09T11:05:25+00:00\" \/>\n<meta property=\"og:image\" content=\"https:\/\/montemedio.com\/wp-content\/uploads\/2020\/05\/Hot-Air-Balloon-Annecy-Monte-Medio-04.jpg\" \/>\n\t<meta property=\"og:image:width\" content=\"1100\" \/>\n\t<meta property=\"og:image:height\" content=\"734\" \/>\n\t<meta property=\"og:image:type\" content=\"image\/jpeg\" \/>\n<meta name=\"twitter:card\" content=\"summary_large_image\" \/>\n<meta name=\"twitter:label1\" content=\"Est. reading time\" \/>\n\t<meta name=\"twitter:data1\" content=\"3 minutes\" \/>\n<script type=\"application\/ld+json\" class=\"yoast-schema-graph\">{\"@context\":\"https:\\\/\\\/schema.org\",\"@graph\":[{\"@type\":\"WebPage\",\"@id\":\"https:\\\/\\\/montemedio.com\\\/en\\\/hot-air-balloon-annecy\\\/\",\"url\":\"https:\\\/\\\/montemedio.com\\\/en\\\/hot-air-balloon-annecy\\\/\",\"name\":\"Hot air balloon Annecy &#8211; Canyoning Annecy et Sport Mont\u00e9 M\u00e9dio\",\"isPartOf\":{\"@id\":\"https:\\\/\\\/montemedio.com\\\/en\\\/#website\"},\"primaryImageOfPage\":{\"@id\":\"https:\\\/\\\/montemedio.com\\\/en\\\/hot-air-balloon-annecy\\\/#primaryimage\"},\"image\":{\"@id\":\"https:\\\/\\\/montemedio.com\\\/en\\\/hot-air-balloon-annecy\\\/#primaryimage\"},\"thumbnailUrl\":\"https:\\\/\\\/montemedio.com\\\/wp-content\\\/uploads\\\/2020\\\/05\\\/Hot-Air-Balloon-Annecy-Monte-Medio-04.jpg\",\"datePublished\":\"2020-05-12T10:02:14+00:00\",\"dateModified\":\"2022-12-09T11:05:25+00:00\",\"description\":\"Enjoy a hot air balloon flight to discover the Lake Annecy and admire the surroundings from the sky!\",\"breadcrumb\":{\"@id\":\"https:\\\/\\\/montemedio.com\\\/en\\\/hot-air-balloon-annecy\\\/#breadcrumb\"},\"inLanguage\":\"en-US\",\"potentialAction\":[{\"@type\":\"ReadAction\",\"target\":[\"https:\\\/\\\/montemedio.com\\\/en\\\/hot-air-balloon-annecy\\\/\"]}]},{\"@type\":\"ImageObject\",\"inLanguage\":\"en-US\",\"@id\":\"https:\\\/\\\/montemedio.com\\\/en\\\/hot-air-balloon-annecy\\\/#primaryimage\",\"url\":\"https:\\\/\\\/montemedio.com\\\/wp-content\\\/uploads\\\/2020\\\/05\\\/Hot-Air-Balloon-Annecy-Monte-Medio-04.jpg\",\"contentUrl\":\"https:\\\/\\\/montemedio.com\\\/wp-content\\\/uploads\\\/2020\\\/05\\\/Hot-Air-Balloon-Annecy-Monte-Medio-04.jpg\",\"width\":1100,\"height\":734,\"caption\":\"hot-air-balloon-annecy\"},{\"@type\":\"BreadcrumbList\",\"@id\":\"https:\\\/\\\/montemedio.com\\\/en\\\/hot-air-balloon-annecy\\\/#breadcrumb\",\"itemListElement\":[{\"@type\":\"ListItem\",\"position\":1,\"name\":\"Homepage\",\"item\":\"https:\\\/\\\/montemedio.com\\\/en\\\/\"},{\"@type\":\"ListItem\",\"position\":2,\"name\":\"Hot air balloon Annecy\"}]},{\"@type\":\"WebSite\",\"@id\":\"https:\\\/\\\/montemedio.com\\\/en\\\/#website\",\"url\":\"https:\\\/\\\/montemedio.com\\\/en\\\/\",\"name\":\"Canyoning Annecy et Sport Mont\u00e9 M\u00e9dio\",\"description\":\"Partez en qu\u00eate d&#039;\u00e9chapp\u00e9es belles\",\"potentialAction\":[{\"@type\":\"SearchAction\",\"target\":{\"@type\":\"EntryPoint\",\"urlTemplate\":\"https:\\\/\\\/montemedio.com\\\/en\\\/?s={search_term_string}\"},\"query-input\":{\"@type\":\"PropertyValueSpecification\",\"valueRequired\":true,\"valueName\":\"search_term_string\"}}],\"inLanguage\":\"en-US\"}]}<\/script>\n<!-- \/ Yoast SEO Premium plugin. -->","yoast_head_json":{"title":"Hot air balloon Annecy &#8211; Canyoning Annecy et Sport Mont\u00e9 M\u00e9dio","description":"Enjoy a hot air balloon flight to discover the Lake Annecy and admire the surroundings from the sky!","robots":{"index":"index","follow":"follow","max-snippet":"max-snippet:-1","max-image-preview":"max-image-preview:large","max-video-preview":"max-video-preview:-1"},"canonical":"https:\/\/montemedio.com\/en\/hot-air-balloon-annecy\/","og_locale":"en_US","og_type":"article","og_title":"Hot air balloon Annecy","og_description":"Enjoy a hot air balloon flight to discover the Lake Annecy and admire the surroundings from the sky!","og_url":"https:\/\/montemedio.com\/en\/hot-air-balloon-annecy\/","og_site_name":"Canyoning Annecy et Sport Mont\u00e9 M\u00e9dio","article_publisher":"https:\/\/www.facebook.com\/montemedio\/","article_modified_time":"2022-12-09T11:05:25+00:00","og_image":[{"width":1100,"height":734,"url":"https:\/\/montemedio.com\/wp-content\/uploads\/2020\/05\/Hot-Air-Balloon-Annecy-Monte-Medio-04.jpg","type":"image\/jpeg"}],"twitter_card":"summary_large_image","twitter_misc":{"Est. reading time":"3 minutes"},"schema":{"@context":"https:\/\/schema.org","@graph":[{"@type":"WebPage","@id":"https:\/\/montemedio.com\/en\/hot-air-balloon-annecy\/","url":"https:\/\/montemedio.com\/en\/hot-air-balloon-annecy\/","name":"Hot air balloon Annecy &#8211; Canyoning Annecy et Sport Mont\u00e9 M\u00e9dio","isPartOf":{"@id":"https:\/\/montemedio.com\/en\/#website"},"primaryImageOfPage":{"@id":"https:\/\/montemedio.com\/en\/hot-air-balloon-annecy\/#primaryimage"},"image":{"@id":"https:\/\/montemedio.com\/en\/hot-air-balloon-annecy\/#primaryimage"},"thumbnailUrl":"https:\/\/montemedio.com\/wp-content\/uploads\/2020\/05\/Hot-Air-Balloon-Annecy-Monte-Medio-04.jpg","datePublished":"2020-05-12T10:02:14+00:00","dateModified":"2022-12-09T11:05:25+00:00","description":"Enjoy a hot air balloon flight to discover the Lake Annecy and admire the surroundings from the sky!","breadcrumb":{"@id":"https:\/\/montemedio.com\/en\/hot-air-balloon-annecy\/#breadcrumb"},"inLanguage":"en-US","potentialAction":[{"@type":"ReadAction","target":["https:\/\/montemedio.com\/en\/hot-air-balloon-annecy\/"]}]},{"@type":"ImageObject","inLanguage":"en-US","@id":"https:\/\/montemedio.com\/en\/hot-air-balloon-annecy\/#primaryimage","url":"https:\/\/montemedio.com\/wp-content\/uploads\/2020\/05\/Hot-Air-Balloon-Annecy-Monte-Medio-04.jpg","contentUrl":"https:\/\/montemedio.com\/wp-content\/uploads\/2020\/05\/Hot-Air-Balloon-Annecy-Monte-Medio-04.jpg","width":1100,"height":734,"caption":"hot-air-balloon-annecy"},{"@type":"BreadcrumbList","@id":"https:\/\/montemedio.com\/en\/hot-air-balloon-annecy\/#breadcrumb","itemListElement":[{"@type":"ListItem","position":1,"name":"Homepage","item":"https:\/\/montemedio.com\/en\/"},{"@type":"ListItem","position":2,"name":"Hot air balloon Annecy"}]},{"@type":"WebSite","@id":"https:\/\/montemedio.com\/en\/#website","url":"https:\/\/montemedio.com\/en\/","name":"Canyoning Annecy et Sport Mont\u00e9 M\u00e9dio","description":"Partez en qu\u00eate d&#039;\u00e9chapp\u00e9es belles","potentialAction":[{"@type":"SearchAction","target":{"@type":"EntryPoint","urlTemplate":"https:\/\/montemedio.com\/en\/?s={search_term_string}"},"query-input":{"@type":"PropertyValueSpecification","valueRequired":true,"valueName":"search_term_string"}}],"inLanguage":"en-US"}]}},"_links":{"self":[{"href":"https:\/\/montemedio.com\/en\/wp-json\/wp\/v2\/pages\/21536","targetHints":{"allow":["GET"]}}],"collection":[{"href":"https:\/\/montemedio.com\/en\/wp-json\/wp\/v2\/pages"}],"about":[{"href":"https:\/\/montemedio.com\/en\/wp-json\/wp\/v2\/types\/page"}],"author":[{"embeddable":true,"href":"https:\/\/montemedio.com\/en\/wp-json\/wp\/v2\/users\/1"}],"replies":[{"embeddable":true,"href":"https:\/\/montemedio.com\/en\/wp-json\/wp\/v2\/comments?post=21536"}],"version-history":[{"count":8,"href":"https:\/\/montemedio.com\/en\/wp-json\/wp\/v2\/pages\/21536\/revisions"}],"predecessor-version":[{"id":29024,"href":"https:\/\/montemedio.com\/en\/wp-json\/wp\/v2\/pages\/21536\/revisions\/29024"}],"wp:featuredmedia":[{"embeddable":true,"href":"https:\/\/montemedio.com\/en\/wp-json\/wp\/v2\/media\/21586"}],"wp:attachment":[{"href":"https:\/\/montemedio.com\/en\/wp-json\/wp\/v2\/media?parent=21536"}],"curies":[{"name":"wp","href":"https:\/\/api.w.org\/{rel}","templated":true}]}}