{"id":21861,"date":"2020-05-12T14:51:05","date_gmt":"2020-05-12T12:51:05","guid":{"rendered":"https:\/\/montemedio.com\/?page_id=21861"},"modified":"2022-12-09T12:05:51","modified_gmt":"2022-12-09T11:05:51","slug":"hut-to-hut-ski-touring","status":"publish","type":"page","link":"https:\/\/montemedio.com\/en\/hut-to-hut-ski-touring\/","title":{"rendered":"Hut to hut ski touring"},"content":{"rendered":"<div id=\"pl-21861\"  class=\"panel-layout\" ><div id=\"pg-21861-0\"  class=\"panel-grid panel-no-style\" ><div id=\"pgc-21861-0-0\"  class=\"panel-grid-cell\" ><div id=\"panel-21861-0-0-0\" class=\"so-panel widget widget_sow-editor panel-first-child panel-last-child\" data-index=\"0\" ><div\n\t\t\t\n\t\t\tclass=\"so-widget-sow-editor so-widget-sow-editor-base\"\n\t\t\t\n\t\t>\n<div class=\"siteorigin-widget-tinymce textwidget\">\n\t<p id=\"tw-target-text\" class=\"tw-data-text tw-ta tw-text-small\" dir=\"ltr\" data-placeholder=\"Traduction\"><span lang=\"en\">Another way to discover the mountain in ski touring\u2026 <\/span><span lang=\"en\">To immerse yourself in the mountains for several days to ski is a fantastic experience.<\/span><\/p>\n<\/div>\n<\/div><\/div><\/div><\/div><div id=\"pg-21861-1\"  class=\"panel-grid panel-no-style\" ><div id=\"pgc-21861-1-0\"  class=\"panel-grid-cell\" ><div id=\"panel-21861-1-0-0\" class=\"so-panel widget widget_sow-editor panel-first-child panel-last-child\" data-index=\"1\" ><div\n\t\t\t\n\t\t\tclass=\"so-widget-sow-editor so-widget-sow-editor-base\"\n\t\t\t\n\t\t>\n<div class=\"siteorigin-widget-tinymce textwidget\">\n\t<h2 class=\"red\">Discover the ski raid with our guides<\/h2>\n<p>Your guide is an essential part in the preparation and your support during the raid to free you from the responsibility of safety, the direction of the route, the worry of the schedules, the nivological conditions and\u2026<\/p>\n<p>Slow progress towards the summits and the huts, your efforts will be rewarded by great skiing and new horizons.<\/p>\n<\/div>\n<\/div><\/div><\/div><div id=\"pgc-21861-1-1\"  class=\"panel-grid-cell\" ><div id=\"panel-21861-1-1-0\" class=\"so-panel widget widget_media_image panel-first-child panel-last-child\" data-index=\"2\" ><img decoding=\"async\" width=\"600\" height=\"600\" src=\"https:\/\/montemedio.com\/wp-content\/uploads\/2020\/05\/Hut-to-Hut-Ski-Touring-Monte\u0301-Me\u0301dio-01.jpg\" class=\"image wp-image-21867 rounded attachment-full size-full\" alt=\"hut-to-hut-ski-touring\" style=\"max-width: 100%; height: auto;\" srcset=\"https:\/\/montemedio.com\/wp-content\/uploads\/2020\/05\/Hut-to-Hut-Ski-Touring-Monte\u0301-Me\u0301dio-01.jpg 600w, https:\/\/montemedio.com\/wp-content\/uploads\/2020\/05\/Hut-to-Hut-Ski-Touring-Monte\u0301-Me\u0301dio-01-300x300.jpg 300w, https:\/\/montemedio.com\/wp-content\/uploads\/2020\/05\/Hut-to-Hut-Ski-Touring-Monte\u0301-Me\u0301dio-01-150x150.jpg 150w, https:\/\/montemedio.com\/wp-content\/uploads\/2020\/05\/Hut-to-Hut-Ski-Touring-Monte\u0301-Me\u0301dio-01-350x350.jpg 350w\" sizes=\"(max-width: 600px) 100vw, 600px\" \/><\/div><\/div><\/div><div id=\"pg-21861-2\"  class=\"panel-grid panel-no-style\" ><div id=\"pgc-21861-2-0\"  class=\"panel-grid-cell\" ><div id=\"panel-21861-2-0-0\" class=\"so-panel widget widget_media_image panel-first-child panel-last-child\" data-index=\"3\" ><img decoding=\"async\" width=\"500\" height=\"334\" src=\"https:\/\/montemedio.com\/wp-content\/uploads\/2020\/05\/Hut-to-Hut-Ski-Touring-Monte\u0301-Me\u0301dio-04.jpg\" class=\"image wp-image-21870 rounded attachment-full size-full\" alt=\"hut-to-hut-ski-touring\" style=\"max-width: 100%; height: auto;\" title=\"raid-a-ski\" srcset=\"https:\/\/montemedio.com\/wp-content\/uploads\/2020\/05\/Hut-to-Hut-Ski-Touring-Monte\u0301-Me\u0301dio-04.jpg 500w, https:\/\/montemedio.com\/wp-content\/uploads\/2020\/05\/Hut-to-Hut-Ski-Touring-Monte\u0301-Me\u0301dio-04-300x200.jpg 300w, https:\/\/montemedio.com\/wp-content\/uploads\/2020\/05\/Hut-to-Hut-Ski-Touring-Monte\u0301-Me\u0301dio-04-272x182.jpg 272w\" sizes=\"(max-width: 500px) 100vw, 500px\" \/><\/div><\/div><div id=\"pgc-21861-2-1\"  class=\"panel-grid-cell\" ><div id=\"panel-21861-2-1-0\" class=\"so-panel widget widget_sow-editor panel-first-child panel-last-child\" data-index=\"4\" ><div\n\t\t\t\n\t\t\tclass=\"so-widget-sow-editor so-widget-sow-editor-base\"\n\t\t\t\n\t\t>\n<div class=\"siteorigin-widget-tinymce textwidget\">\n\t<h2 class=\"red\">We organize ski raids \u00e0 la carte, according to your goal and your desires\u2026<\/h2>\n<p>The practice of ski touring from hut to hut or ski touring from the same hut extends throughout the Alps. Our years of practice and our many experiences have led us to select for you some of the most beautiful ski tours: Chamonix \u2013 Zermatt, Simplon, the Dolomites, the Vanoise, the Aosta Valley, Beaufortain, Maurienne \u2026<\/p>\n<p class=\"tw-data-text tw-ta tw-text-small\" dir=\"ltr\" data-placeholder=\"Traduction\"><span lang=\"en\">Contact us to tell us about your project and we will set up your custom ski tour.<\/span><\/p>\n<\/div>\n<\/div><\/div><\/div><\/div><div id=\"pg-21861-3\"  class=\"panel-grid panel-no-style\" ><div id=\"pgc-21861-3-0\"  class=\"panel-grid-cell\" ><div id=\"panel-21861-3-0-0\" class=\"so-panel widget widget_sow-editor panel-first-child panel-last-child\" data-index=\"5\" ><div class=\"text-center rounded panel-widget-style panel-widget-style-for-21861-3-0-0\" ><div\n\t\t\t\n\t\t\tclass=\"so-widget-sow-editor so-widget-sow-editor-base\"\n\t\t\t\n\t\t>\n<div class=\"siteorigin-widget-tinymce textwidget\">\n\t<p>&nbsp;<\/p>\n<div class=\"svg-icon mb-3\"><img decoding=\"async\" src=\"https:\/\/montemedio.com\/wp-content\/themes\/monte-medio\/assets\/images\/insurance 2.svg\" alt=\"\" \/><\/div>\n<h2 class=\"info-box-title vert\">A team of passionate guides<\/h2>\n<\/div>\n<\/div><\/div><\/div><\/div><div id=\"pgc-21861-3-1\"  class=\"panel-grid-cell\" ><div id=\"panel-21861-3-1-0\" class=\"so-panel widget widget_sow-editor panel-first-child panel-last-child\" data-index=\"6\" ><div class=\"text-center rounded panel-widget-style panel-widget-style-for-21861-3-1-0\" ><div\n\t\t\t\n\t\t\tclass=\"so-widget-sow-editor so-widget-sow-editor-base\"\n\t\t\t\n\t\t>\n<div class=\"siteorigin-widget-tinymce textwidget\">\n\t<p>&nbsp;<\/p>\n<div class=\"svg-icon mb-3\"><img decoding=\"async\" src=\"https:\/\/montemedio.com\/wp-content\/themes\/monte-medio\/assets\/images\/happy.svg\" alt=\"\" \/><\/div>\n<h2 class=\"info-box-title vert\">To discover the multi day ski trip<\/h2>\n<\/div>\n<\/div><\/div><\/div><\/div><div id=\"pgc-21861-3-2\"  class=\"panel-grid-cell\" ><div id=\"panel-21861-3-2-0\" class=\"so-panel widget widget_sow-editor panel-first-child panel-last-child\" data-index=\"7\" ><div class=\"text-center rounded panel-widget-style panel-widget-style-for-21861-3-2-0\" ><div\n\t\t\t\n\t\t\tclass=\"so-widget-sow-editor so-widget-sow-editor-base\"\n\t\t\t\n\t\t>\n<div class=\"siteorigin-widget-tinymce textwidget\">\n\t<p>&nbsp;<\/p>\n<div class=\"svg-icon mb-3\"><img decoding=\"async\" src=\"https:\/\/montemedio.com\/wp-content\/themes\/monte-medio\/assets\/images\/casque.svg\" alt=\"\" \/><\/div>\n<h2 class=\"info-box-title vert\">Let us know your desires<\/h2>\n<\/div>\n<\/div><\/div><\/div><\/div><\/div><div id=\"pg-21861-4\"  class=\"panel-grid panel-has-style\" ><div class=\"siteorigin-panels-stretch panel-row-style panel-row-style-for-21861-4\" data-stretch-type=\"full\" ><div id=\"pgc-21861-4-0\"  class=\"panel-grid-cell\" ><div id=\"panel-21861-4-0-0\" class=\"so-panel widget widget_sow-editor panel-first-child panel-last-child\" data-index=\"8\" ><div\n\t\t\t\n\t\t\tclass=\"so-widget-sow-editor so-widget-sow-editor-base\"\n\t\t\t\n\t\t><h2 class=\"widget-title\">Our other activities<\/h2>\n<div class=\"siteorigin-widget-tinymce textwidget\">\n\t<\/div>\n<\/div><\/div><\/div><\/div><\/div><div id=\"pg-21861-5\"  class=\"panel-grid panel-has-style\" ><div class=\"red-section-faded siteorigin-panels-stretch panel-row-style panel-row-style-for-21861-5\" data-stretch-type=\"full\" ><div id=\"pgc-21861-5-0\"  class=\"panel-grid-cell\" ><div class=\"home-activities panel-cell-style panel-cell-style-for-21861-5-0\" ><div id=\"panel-21861-5-0-0\" class=\"so-panel widget widget_sow-editor panel-first-child panel-last-child\" data-index=\"9\" ><div class=\"panel-widget-style panel-widget-style-for-21861-5-0-0\" ><div\n\t\t\t\n\t\t\tclass=\"so-widget-sow-editor so-widget-sow-editor-base\"\n\t\t\t\n\t\t>\n<div class=\"siteorigin-widget-tinymce textwidget\">\n\t<h2 class=\"box-icon-classic-title\"><a href=\"https:\/\/montemedio.com\/en\/ski-lessons-la-clusaz\/\">Ski lessons<\/a><\/h2>\n<\/div>\n<\/div><\/div><\/div><\/div><\/div><div id=\"pgc-21861-5-1\"  class=\"panel-grid-cell\" ><div class=\"home-activities panel-cell-style panel-cell-style-for-21861-5-1\" ><div id=\"panel-21861-5-1-0\" class=\"so-panel widget widget_sow-editor panel-first-child panel-last-child\" data-index=\"10\" ><div class=\"panel-widget-style panel-widget-style-for-21861-5-1-0\" ><div\n\t\t\t\n\t\t\tclass=\"so-widget-sow-editor so-widget-sow-editor-base\"\n\t\t\t\n\t\t>\n<div class=\"siteorigin-widget-tinymce textwidget\">\n\t<h2 class=\"box-icon-classic-title\"><a href=\"https:\/\/montemedio.com\/en\/snowshoeing-annecy\/\">Snowshoeing<\/a><\/h2>\n<\/div>\n<\/div><\/div><\/div><\/div><\/div><div id=\"pgc-21861-5-2\"  class=\"panel-grid-cell\" ><div class=\"home-activities panel-cell-style panel-cell-style-for-21861-5-2\" ><div id=\"panel-21861-5-2-0\" class=\"so-panel widget widget_sow-editor panel-first-child panel-last-child\" data-index=\"11\" ><div class=\"panel-widget-style panel-widget-style-for-21861-5-2-0\" ><div\n\t\t\t\n\t\t\tclass=\"so-widget-sow-editor so-widget-sow-editor-base\"\n\t\t\t\n\t\t>\n<div class=\"siteorigin-widget-tinymce textwidget\">\n\t<h2 class=\"box-icon-classic-title\"><a href=\"https:\/\/montemedio.com\/en\/ski-touring\/\">Ski touring<\/a><\/h2>\n<\/div>\n<\/div><\/div><\/div><\/div><\/div><div id=\"pgc-21861-5-3\"  class=\"panel-grid-cell\" ><div class=\"home-activities panel-cell-style panel-cell-style-for-21861-5-3\" ><div id=\"panel-21861-5-3-0\" class=\"so-panel widget widget_sow-editor panel-first-child panel-last-child\" data-index=\"12\" ><div class=\"panel-widget-style panel-widget-style-for-21861-5-3-0\" ><div\n\t\t\t\n\t\t\tclass=\"so-widget-sow-editor so-widget-sow-editor-base\"\n\t\t\t\n\t\t>\n<div class=\"siteorigin-widget-tinymce textwidget\">\n\t<h2 class=\"box-icon-classic-title\"><a href=\"https:\/\/montemedio.com\/en\/off-piste-skiing\/\">Off-piste skiing<\/a><\/h2>\n<\/div>\n<\/div><\/div><\/div><\/div><\/div><\/div><\/div><div id=\"pg-21861-6\"  class=\"panel-grid panel-has-style\" ><div id=\"contact\" class=\"panel-row-style panel-row-style-for-21861-6\" ><div id=\"pgc-21861-6-0\"  class=\"panel-grid-cell\" ><div id=\"panel-21861-6-0-0\" class=\"so-panel widget widget_sow-editor panel-first-child panel-last-child\" data-index=\"13\" ><div\n\t\t\t\n\t\t\tclass=\"so-widget-sow-editor so-widget-sow-editor-base\"\n\t\t\t\n\t\t><h2 class=\"widget-title\">Would you like more information?<\/h2>\n<div class=\"siteorigin-widget-tinymce textwidget\">\n\t\n<div class=\"wpcf7 no-js\" id=\"wpcf7-f28977-o1\" lang=\"en-US\" dir=\"ltr\" data-wpcf7-id=\"28977\">\n<div class=\"screen-reader-response\"><p role=\"status\" aria-live=\"polite\" aria-atomic=\"true\"><\/p> <ul><\/ul><\/div>\n<form action=\"\/en\/wp-json\/wp\/v2\/pages\/21861#wpcf7-f28977-o1\" method=\"post\" class=\"wpcf7-form init\" aria-label=\"Contact form\" novalidate=\"novalidate\" data-status=\"init\">\n<fieldset class=\"hidden-fields-container\"><input type=\"hidden\" name=\"_wpcf7\" value=\"28977\" \/><input type=\"hidden\" name=\"_wpcf7_version\" value=\"6.1.5\" \/><input type=\"hidden\" name=\"_wpcf7_locale\" value=\"en_US\" \/><input type=\"hidden\" name=\"_wpcf7_unit_tag\" value=\"wpcf7-f28977-o1\" \/><input type=\"hidden\" name=\"_wpcf7_container_post\" value=\"0\" \/><input type=\"hidden\" name=\"_wpcf7_posted_data_hash\" value=\"\" \/><input type=\"hidden\" name=\"_wpcf7_recaptcha_response\" value=\"\" \/>\n<\/fieldset>\n<div class=\"wpcf7-response-output\" aria-hidden=\"true\"><\/div>\n\n      <div class=\"row row-14 gutters-14\">\n        <div class=\"col-md-6\">\n          <div class=\"row row-14 gutters-14\">\n            <div class=\"col-md-6\">\n              <div class=\"form-wrap\">\n                <label class=\"form-label\" for=\"prenom\">First name<span>*<\/span><\/label>\n                <span class=\"wpcf7-form-control-wrap\" data-name=\"prenom\"><input size=\"40\" maxlength=\"400\" class=\"wpcf7-form-control wpcf7-text wpcf7-validates-as-required form-input\" id=\"prenom\" aria-required=\"true\" aria-invalid=\"false\" placeholder=\"Ex : John\" value=\"\" type=\"text\" name=\"prenom\" \/><\/span>\n              <\/div>\n            <\/div>\n            <div class=\"col-md-6\">\n              <div class=\"form-wrap\">\n                <label class=\"form-label\" for=\"nom\">Last name<span>*<\/span><\/label>\n                <span class=\"wpcf7-form-control-wrap\" data-name=\"nom\"><input size=\"40\" maxlength=\"400\" class=\"wpcf7-form-control wpcf7-text wpcf7-validates-as-required form-input\" id=\"nom\" aria-required=\"true\" aria-invalid=\"false\" placeholder=\"Ex : Doe\" value=\"\" type=\"text\" name=\"nom\" \/><\/span>\n              <\/div>\n            <\/div>\n          <\/div>\n          <div class=\"row row-14 gutters-14\">\n            <div class=\"col-md-6\">\n              <div class=\"form-wrap\">\n                <label class=\"form-label\" for=\"mail\">Email<span>*<\/span><\/label>\n                <span class=\"wpcf7-form-control-wrap\" data-name=\"mail\"><input size=\"40\" maxlength=\"400\" class=\"wpcf7-form-control wpcf7-email wpcf7-validates-as-required wpcf7-text wpcf7-validates-as-email form-input\" id=\"mail\" aria-required=\"true\" aria-invalid=\"false\" placeholder=\"Ex : john.doe@example.com\" value=\"\" type=\"email\" name=\"mail\" \/><\/span>\n              <\/div>\n            <\/div>\n            <div class=\"col-md-6\">\n              <div class=\"form-wrap\">\n                <label class=\"form-label\" for=\"telephone\">Phone<\/label>\n                <span class=\"wpcf7-form-control-wrap\" data-name=\"telephone\"><input size=\"40\" maxlength=\"400\" class=\"wpcf7-form-control wpcf7-text form-input\" id=\"telephone\" aria-invalid=\"false\" placeholder=\"Ex : 00 44 06 1213 0530\" value=\"\" type=\"text\" name=\"telephone\" \/><\/span>\n              <\/div>\n            <\/div>\n          <\/div>\n        <\/div>\n        <div class=\"col-md-6\">\n          <div class=\"form-wrap\">\n            <label class=\"form-label\" for=\"message\">Message<span>*<\/span><\/label>\n            <span class=\"wpcf7-form-control-wrap\" data-name=\"message\"><textarea cols=\"40\" rows=\"10\" maxlength=\"2000\" class=\"wpcf7-form-control wpcf7-textarea wpcf7-validates-as-required form-input textarea-lg\" id=\"message\" aria-required=\"true\" aria-invalid=\"false\" placeholder=\"Your message here ...\" name=\"message\"><\/textarea><\/span>\n          <\/div>\n        <\/div>\n        <div class=\"col-12\">\n          <div class=\"form-wrap\">\n            <label class=\"checkbox-inline\">\n              <span class=\"wpcf7-form-control-wrap\" data-name=\"agree\"><span class=\"wpcf7-form-control wpcf7-checkbox\"><span class=\"wpcf7-list-item first last\"><input type=\"checkbox\" name=\"agree[]\" value=\"I accept your privacy policy\" \/><span class=\"wpcf7-list-item-label\">I accept your privacy policy<\/span><\/span><\/span><\/span>\n            <\/label>\n          <\/div>\n        <\/div>\n      <\/div>\n      <button id=\"submit\" class=\"wpcf7-form-control wpcf7-submit button button-primary button-pipaluk\" type=\"submit\">Send<\/button>\n<input class=\"wpcf7-form-control wpcf7-hidden\" value=\"\" type=\"hidden\" name=\"page-title\" \/>\n<input class=\"wpcf7-form-control wpcf7-hidden\" value=\"\" type=\"hidden\" name=\"page-url\" \/>\n<\/form>\n<\/div>\n\n<\/div>\n<\/div><\/div><\/div><\/div><\/div><\/div>","protected":false},"excerpt":{"rendered":"<p>Another way to discover the mountain in ski touring\u2026 To immerse yourself in the mountains for several days to ski is a fantastic experience. Discover the ski raid with our guides Your guide is an essential part in the preparation and your support during the raid to free you from the responsibility of safety, the [&hellip;]<\/p>\n","protected":false},"author":1,"featured_media":21877,"parent":0,"menu_order":0,"comment_status":"closed","ping_status":"closed","template":"","meta":{"footnotes":""},"class_list":["post-21861","page","type-page","status-publish","has-post-thumbnail","hentry","type-activites-hiver"],"yoast_head":"<!-- This site is optimized with the Yoast SEO Premium plugin v27.3 (Yoast SEO v27.4) - https:\/\/yoast.com\/product\/yoast-seo-premium-wordpress\/ -->\n<title>Hut to hut ski touring &#8211; Canyoning Annecy et Sport Mont\u00e9 M\u00e9dio<\/title>\n<meta name=\"description\" content=\"Another way to discover the mountain in ski touring\u2026To immerse yourself in the mountains for several days to ski is a fantastic experience.\" \/>\n<meta name=\"robots\" content=\"index, follow, max-snippet:-1, max-image-preview:large, max-video-preview:-1\" \/>\n<link rel=\"canonical\" href=\"https:\/\/montemedio.com\/en\/hut-to-hut-ski-touring\/\" \/>\n<meta property=\"og:locale\" content=\"en_US\" \/>\n<meta property=\"og:type\" content=\"article\" \/>\n<meta property=\"og:title\" content=\"Hut to hut ski touring\" \/>\n<meta property=\"og:description\" content=\"Another way to discover the mountain in ski touring\u2026To immerse yourself in the mountains for several days to ski is a fantastic experience.\" \/>\n<meta property=\"og:url\" content=\"https:\/\/montemedio.com\/en\/hut-to-hut-ski-touring\/\" \/>\n<meta property=\"og:site_name\" content=\"Canyoning Annecy et Sport Mont\u00e9 M\u00e9dio\" \/>\n<meta property=\"article:publisher\" content=\"https:\/\/www.facebook.com\/montemedio\/\" \/>\n<meta property=\"article:modified_time\" content=\"2022-12-09T11:05:51+00:00\" \/>\n<meta property=\"og:image\" content=\"https:\/\/montemedio.com\/wp-content\/uploads\/2020\/05\/Hut-to-Hut-Ski-Touring-Monte\u0301-Me\u0301dio-02.jpg\" \/>\n\t<meta property=\"og:image:width\" content=\"1500\" \/>\n\t<meta property=\"og:image:height\" content=\"1125\" \/>\n\t<meta property=\"og:image:type\" content=\"image\/jpeg\" \/>\n<meta name=\"twitter:card\" content=\"summary_large_image\" \/>\n<meta name=\"twitter:label1\" content=\"Est. reading time\" \/>\n\t<meta name=\"twitter:data1\" content=\"2 minutes\" \/>\n<script type=\"application\/ld+json\" class=\"yoast-schema-graph\">{\"@context\":\"https:\\\/\\\/schema.org\",\"@graph\":[{\"@type\":\"WebPage\",\"@id\":\"https:\\\/\\\/montemedio.com\\\/en\\\/hut-to-hut-ski-touring\\\/\",\"url\":\"https:\\\/\\\/montemedio.com\\\/en\\\/hut-to-hut-ski-touring\\\/\",\"name\":\"Hut to hut ski touring &#8211; Canyoning Annecy et Sport Mont\u00e9 M\u00e9dio\",\"isPartOf\":{\"@id\":\"https:\\\/\\\/montemedio.com\\\/en\\\/#website\"},\"primaryImageOfPage\":{\"@id\":\"https:\\\/\\\/montemedio.com\\\/en\\\/hut-to-hut-ski-touring\\\/#primaryimage\"},\"image\":{\"@id\":\"https:\\\/\\\/montemedio.com\\\/en\\\/hut-to-hut-ski-touring\\\/#primaryimage\"},\"thumbnailUrl\":\"https:\\\/\\\/montemedio.com\\\/wp-content\\\/uploads\\\/2020\\\/05\\\/Hut-to-Hut-Ski-Touring-Monte\u0301-Me\u0301dio-02.jpg\",\"datePublished\":\"2020-05-12T12:51:05+00:00\",\"dateModified\":\"2022-12-09T11:05:51+00:00\",\"description\":\"Another way to discover the mountain in ski touring\u2026To immerse yourself in the mountains for several days to ski is a fantastic experience.\",\"breadcrumb\":{\"@id\":\"https:\\\/\\\/montemedio.com\\\/en\\\/hut-to-hut-ski-touring\\\/#breadcrumb\"},\"inLanguage\":\"en-US\",\"potentialAction\":[{\"@type\":\"ReadAction\",\"target\":[\"https:\\\/\\\/montemedio.com\\\/en\\\/hut-to-hut-ski-touring\\\/\"]}]},{\"@type\":\"ImageObject\",\"inLanguage\":\"en-US\",\"@id\":\"https:\\\/\\\/montemedio.com\\\/en\\\/hut-to-hut-ski-touring\\\/#primaryimage\",\"url\":\"https:\\\/\\\/montemedio.com\\\/wp-content\\\/uploads\\\/2020\\\/05\\\/Hut-to-Hut-Ski-Touring-Monte\u0301-Me\u0301dio-02.jpg\",\"contentUrl\":\"https:\\\/\\\/montemedio.com\\\/wp-content\\\/uploads\\\/2020\\\/05\\\/Hut-to-Hut-Ski-Touring-Monte\u0301-Me\u0301dio-02.jpg\",\"width\":1500,\"height\":1125,\"caption\":\"hut-to-hut-ski-touring\"},{\"@type\":\"BreadcrumbList\",\"@id\":\"https:\\\/\\\/montemedio.com\\\/en\\\/hut-to-hut-ski-touring\\\/#breadcrumb\",\"itemListElement\":[{\"@type\":\"ListItem\",\"position\":1,\"name\":\"Homepage\",\"item\":\"https:\\\/\\\/montemedio.com\\\/en\\\/\"},{\"@type\":\"ListItem\",\"position\":2,\"name\":\"Hut to hut ski touring\"}]},{\"@type\":\"WebSite\",\"@id\":\"https:\\\/\\\/montemedio.com\\\/en\\\/#website\",\"url\":\"https:\\\/\\\/montemedio.com\\\/en\\\/\",\"name\":\"Canyoning Annecy et Sport Mont\u00e9 M\u00e9dio\",\"description\":\"Partez en qu\u00eate d&#039;\u00e9chapp\u00e9es belles\",\"potentialAction\":[{\"@type\":\"SearchAction\",\"target\":{\"@type\":\"EntryPoint\",\"urlTemplate\":\"https:\\\/\\\/montemedio.com\\\/en\\\/?s={search_term_string}\"},\"query-input\":{\"@type\":\"PropertyValueSpecification\",\"valueRequired\":true,\"valueName\":\"search_term_string\"}}],\"inLanguage\":\"en-US\"}]}<\/script>\n<!-- \/ Yoast SEO Premium plugin. -->","yoast_head_json":{"title":"Hut to hut ski touring &#8211; Canyoning Annecy et Sport Mont\u00e9 M\u00e9dio","description":"Another way to discover the mountain in ski touring\u2026To immerse yourself in the mountains for several days to ski is a fantastic experience.","robots":{"index":"index","follow":"follow","max-snippet":"max-snippet:-1","max-image-preview":"max-image-preview:large","max-video-preview":"max-video-preview:-1"},"canonical":"https:\/\/montemedio.com\/en\/hut-to-hut-ski-touring\/","og_locale":"en_US","og_type":"article","og_title":"Hut to hut ski touring","og_description":"Another way to discover the mountain in ski touring\u2026To immerse yourself in the mountains for several days to ski is a fantastic experience.","og_url":"https:\/\/montemedio.com\/en\/hut-to-hut-ski-touring\/","og_site_name":"Canyoning Annecy et Sport Mont\u00e9 M\u00e9dio","article_publisher":"https:\/\/www.facebook.com\/montemedio\/","article_modified_time":"2022-12-09T11:05:51+00:00","og_image":[{"width":1500,"height":1125,"url":"https:\/\/montemedio.com\/wp-content\/uploads\/2020\/05\/Hut-to-Hut-Ski-Touring-Monte\u0301-Me\u0301dio-02.jpg","type":"image\/jpeg"}],"twitter_card":"summary_large_image","twitter_misc":{"Est. reading time":"2 minutes"},"schema":{"@context":"https:\/\/schema.org","@graph":[{"@type":"WebPage","@id":"https:\/\/montemedio.com\/en\/hut-to-hut-ski-touring\/","url":"https:\/\/montemedio.com\/en\/hut-to-hut-ski-touring\/","name":"Hut to hut ski touring &#8211; Canyoning Annecy et Sport Mont\u00e9 M\u00e9dio","isPartOf":{"@id":"https:\/\/montemedio.com\/en\/#website"},"primaryImageOfPage":{"@id":"https:\/\/montemedio.com\/en\/hut-to-hut-ski-touring\/#primaryimage"},"image":{"@id":"https:\/\/montemedio.com\/en\/hut-to-hut-ski-touring\/#primaryimage"},"thumbnailUrl":"https:\/\/montemedio.com\/wp-content\/uploads\/2020\/05\/Hut-to-Hut-Ski-Touring-Monte\u0301-Me\u0301dio-02.jpg","datePublished":"2020-05-12T12:51:05+00:00","dateModified":"2022-12-09T11:05:51+00:00","description":"Another way to discover the mountain in ski touring\u2026To immerse yourself in the mountains for several days to ski is a fantastic experience.","breadcrumb":{"@id":"https:\/\/montemedio.com\/en\/hut-to-hut-ski-touring\/#breadcrumb"},"inLanguage":"en-US","potentialAction":[{"@type":"ReadAction","target":["https:\/\/montemedio.com\/en\/hut-to-hut-ski-touring\/"]}]},{"@type":"ImageObject","inLanguage":"en-US","@id":"https:\/\/montemedio.com\/en\/hut-to-hut-ski-touring\/#primaryimage","url":"https:\/\/montemedio.com\/wp-content\/uploads\/2020\/05\/Hut-to-Hut-Ski-Touring-Monte\u0301-Me\u0301dio-02.jpg","contentUrl":"https:\/\/montemedio.com\/wp-content\/uploads\/2020\/05\/Hut-to-Hut-Ski-Touring-Monte\u0301-Me\u0301dio-02.jpg","width":1500,"height":1125,"caption":"hut-to-hut-ski-touring"},{"@type":"BreadcrumbList","@id":"https:\/\/montemedio.com\/en\/hut-to-hut-ski-touring\/#breadcrumb","itemListElement":[{"@type":"ListItem","position":1,"name":"Homepage","item":"https:\/\/montemedio.com\/en\/"},{"@type":"ListItem","position":2,"name":"Hut to hut ski touring"}]},{"@type":"WebSite","@id":"https:\/\/montemedio.com\/en\/#website","url":"https:\/\/montemedio.com\/en\/","name":"Canyoning Annecy et Sport Mont\u00e9 M\u00e9dio","description":"Partez en qu\u00eate d&#039;\u00e9chapp\u00e9es belles","potentialAction":[{"@type":"SearchAction","target":{"@type":"EntryPoint","urlTemplate":"https:\/\/montemedio.com\/en\/?s={search_term_string}"},"query-input":{"@type":"PropertyValueSpecification","valueRequired":true,"valueName":"search_term_string"}}],"inLanguage":"en-US"}]}},"_links":{"self":[{"href":"https:\/\/montemedio.com\/en\/wp-json\/wp\/v2\/pages\/21861","targetHints":{"allow":["GET"]}}],"collection":[{"href":"https:\/\/montemedio.com\/en\/wp-json\/wp\/v2\/pages"}],"about":[{"href":"https:\/\/montemedio.com\/en\/wp-json\/wp\/v2\/types\/page"}],"author":[{"embeddable":true,"href":"https:\/\/montemedio.com\/en\/wp-json\/wp\/v2\/users\/1"}],"replies":[{"embeddable":true,"href":"https:\/\/montemedio.com\/en\/wp-json\/wp\/v2\/comments?post=21861"}],"version-history":[{"count":5,"href":"https:\/\/montemedio.com\/en\/wp-json\/wp\/v2\/pages\/21861\/revisions"}],"predecessor-version":[{"id":29026,"href":"https:\/\/montemedio.com\/en\/wp-json\/wp\/v2\/pages\/21861\/revisions\/29026"}],"wp:featuredmedia":[{"embeddable":true,"href":"https:\/\/montemedio.com\/en\/wp-json\/wp\/v2\/media\/21877"}],"wp:attachment":[{"href":"https:\/\/montemedio.com\/en\/wp-json\/wp\/v2\/media?parent=21861"}],"curies":[{"name":"wp","href":"https:\/\/api.w.org\/{rel}","templated":true}]}}