{"id":21978,"date":"2020-05-12T16:12:47","date_gmt":"2020-05-12T14:12:47","guid":{"rendered":"https:\/\/montemedio.com\/?page_id=21978"},"modified":"2022-12-09T11:55:35","modified_gmt":"2022-12-09T10:55:35","slug":"family-outing-in-annecy","status":"publish","type":"page","link":"https:\/\/montemedio.com\/en\/family-outing-in-annecy\/","title":{"rendered":"Family outing in Annecy"},"content":{"rendered":"<div id=\"pl-21978\"  class=\"panel-layout\" ><div id=\"pg-21978-0\"  class=\"panel-grid panel-no-style\" ><div id=\"pgc-21978-0-0\"  class=\"panel-grid-cell\" ><div id=\"panel-21978-0-0-0\" class=\"so-panel widget widget_sow-editor panel-first-child panel-last-child\" data-index=\"0\" ><div\n\t\t\t\n\t\t\tclass=\"so-widget-sow-editor so-widget-sow-editor-base\"\n\t\t\t\n\t\t>\n<div class=\"siteorigin-widget-tinymce textwidget\">\n\t<p>Lake Annecy is a wonderful place to discover with your family. Parents and children enjoy a magnificent environment here where outdoor activities are as numerous as they are original: from simple hiking, to cycling around the lake, to mountain activities such as climbing, via ferrata or canyoning.<\/p>\n<\/div>\n<\/div><\/div><\/div><\/div><div id=\"pg-21978-1\"  class=\"panel-grid panel-no-style\" ><div id=\"pgc-21978-1-0\"  class=\"panel-grid-cell\" ><div id=\"panel-21978-1-0-0\" class=\"so-panel widget widget_media_video panel-first-child panel-last-child\" data-index=\"1\" ><div style=\"width:100%;\" class=\"wp-video\"><video class=\"wp-video-shortcode\" id=\"video-21978-1\" preload=\"metadata\" controls=\"controls\"><source type=\"video\/youtube\" src=\"https:\/\/youtu.be\/EfqG5HdJplo?_=1\" \/><a href=\"https:\/\/youtu.be\/EfqG5HdJplo\">https:\/\/youtu.be\/EfqG5HdJplo<\/a><\/video><\/div><\/div><\/div><\/div><div id=\"pg-21978-2\"  class=\"panel-grid panel-has-style\" ><div id=\"activite\" class=\"panel-row-style panel-row-style-for-21978-2\" ><div id=\"pgc-21978-2-0\"  class=\"panel-grid-cell\" ><div\n\t\t\t\n\t\t\tclass=\"so-widget-mm-widget-activities so-widget-mm-widget-activities-base\"\n\t\t\t\n\t\t>  <div class=\"row row-30\">\n    <div class=\"col-12\">\n      <h2 class=\"text-left widget-title\">Discover our best activities<\/h2>\n    <\/div>\n  <\/div>\n\n    <div class=\"row row-30 justify-content-left\">      <div class=\"col-md-6 col-lg-4\">\n        <article class=\"canyoning-item text-center\" style=\"background: url('https:\/\/montemedio.com\/wp-content\/uploads\/2024\/04\/Canyoning-Annecy-Seythenex-4-350x350.jpg'), linear-gradient(rgba(0,0,0, 0.3), rgba(0,0,0, 0.3));\">\n          <div class=\"canyoning\">\n            <span class=\"niv\">Level : Accessible<\/span>\n            <h3 class=\"title\">\n              <a href=\"https:\/\/montemedio.com\/en\/activite\/canyoning-annecy-aquatic-hike-pont-du-diable\/\">Aquatic Hike Pont du Diable from 6 years old<\/a>\n            <\/h3>\n            <a class=\"button button-primary button-pipaluk\" href=\"https:\/\/montemedio.com\/en\/activite\/canyoning-annecy-aquatic-hike-pont-du-diable\/\">Book Now<\/a>\n            <p class=\"price\">50\u20ac<\/p>\n          <\/div>\n        <\/article>\n      <\/div>\n      <div class=\"col-md-6 col-lg-4\">\n        <article class=\"canyoning-item text-center\" style=\"background: url('https:\/\/montemedio.com\/wp-content\/uploads\/2020\/05\/Canyoning-Annecy-Angon-Canyon-Discovery-2-350x350.jpg'), linear-gradient(rgba(0,0,0, 0.3), rgba(0,0,0, 0.3));\">\n          <div class=\"canyoning\">\n            <span class=\"niv\">Level : Accessible<\/span>\n            <h3 class=\"title\">\n              <a href=\"https:\/\/montemedio.com\/en\/activite\/canyoning-annecy-boite-aux-lettres-angon-mailbox\/\">Canyoning Annecy Bo\u00eete aux Lettres Angon &#8220;Mailbox&#8221;<\/a>\n            <\/h3>\n            <a class=\"button button-primary button-pipaluk\" href=\"https:\/\/montemedio.com\/en\/activite\/canyoning-annecy-boite-aux-lettres-angon-mailbox\/\">Book Now<\/a>\n            <p class=\"price\">From 52\u20ac<\/p>\n          <\/div>\n        <\/article>\n      <\/div>\n      <div class=\"col-md-6 col-lg-4\">\n        <article class=\"canyoning-item text-center\" style=\"background: url('https:\/\/montemedio.com\/wp-content\/uploads\/2020\/04\/Via-Ferrata-Annecy-Via-Tyro-1-350x350.jpg'), linear-gradient(rgba(0,0,0, 0.3), rgba(0,0,0, 0.3));\">\n          <div class=\"canyoning\">\n            <span class=\"niv\">Level : Accessible<\/span>\n            <h3 class=\"title\">\n              <a href=\"https:\/\/montemedio.com\/en\/activite\/via-tyro-annecy-via-ferrata\/\">Via Ferrata Annecy &#8211; The Via-Tyro : Via Ferrata Hiking and Ziplines<\/a>\n            <\/h3>\n            <a class=\"button button-primary button-pipaluk\" href=\"https:\/\/montemedio.com\/en\/activite\/via-tyro-annecy-via-ferrata\/\">Book Now<\/a>\n            <p class=\"price\">69\u20ac<\/p>\n          <\/div>\n        <\/article>\n      <\/div>\n      <div class=\"col-md-6 col-lg-4\">\n        <article class=\"canyoning-item text-center\" style=\"background: url('https:\/\/montemedio.com\/wp-content\/uploads\/2020\/04\/Cours-escalade-annecy-350x350.jpg'), linear-gradient(rgba(0,0,0, 0.3), rgba(0,0,0, 0.3));\">\n          <div class=\"canyoning\">\n            <span class=\"niv\">Level : Accessible<\/span>\n            <h3 class=\"title\">\n              <a href=\"https:\/\/montemedio.com\/en\/activite\/beginner-rock-climbing-course-annecy\/\">Beginner rock climbing course Annecy<\/a>\n            <\/h3>\n            <a class=\"button button-primary button-pipaluk\" href=\"https:\/\/montemedio.com\/en\/activite\/beginner-rock-climbing-course-annecy\/\">Book Now<\/a>\n            <p class=\"price\">49\u20ac<\/p>\n          <\/div>\n        <\/article>\n      <\/div>\n      <div class=\"col-md-6 col-lg-4\">\n        <article class=\"canyoning-item text-center\" style=\"background: url('https:\/\/montemedio.com\/wp-content\/uploads\/2020\/05\/Rock-climbing-course-Annecy-Kids-2-days-3-e1589532079384-350x350.jpg'), linear-gradient(rgba(0,0,0, 0.3), rgba(0,0,0, 0.3));\">\n          <div class=\"canyoning\">\n            <span class=\"niv\">Level : Accessible<\/span>\n            <h3 class=\"title\">\n              <a href=\"https:\/\/montemedio.com\/en\/activite\/rock-climbing-course-annecy-kids-2-days\/\">Rock climbing course Annecy &#8211; Kids 2 days<\/a>\n            <\/h3>\n            <a class=\"button button-primary button-pipaluk\" href=\"https:\/\/montemedio.com\/en\/activite\/rock-climbing-course-annecy-kids-2-days\/\">Book Now<\/a>\n            <p class=\"price\">140\u20ac<\/p>\n          <\/div>\n        <\/article>\n      <\/div>\n      <div class=\"col-md-6 col-lg-4\">\n        <article class=\"canyoning-item text-center\" style=\"background: url('https:\/\/montemedio.com\/wp-content\/uploads\/2020\/05\/The-Annecy-Zipline-path-Monte\u0301-Me\u0301dio-350x350.jpg'), linear-gradient(rgba(0,0,0, 0.3), rgba(0,0,0, 0.3));\">\n          <div class=\"canyoning\">\n            <span class=\"niv\">Level : Accessible<\/span>\n            <h3 class=\"title\">\n              <a href=\"https:\/\/montemedio.com\/en\/activite\/the-annecy-zip-line-path\/\">The Annecy zip line path<\/a>\n            <\/h3>\n            <a class=\"button button-primary button-pipaluk\" href=\"https:\/\/montemedio.com\/en\/activite\/the-annecy-zip-line-path\/\">Book Now<\/a>\n            <p class=\"price\">34\u20ac<\/p>\n          <\/div>\n        <\/article>\n      <\/div>\n    <\/div><\/div><\/div><\/div><\/div><div id=\"pg-21978-3\"  class=\"panel-grid panel-no-style\" ><div id=\"pgc-21978-3-0\"  class=\"panel-grid-cell\" ><div id=\"panel-21978-3-0-0\" class=\"so-panel widget widget_mm-widget-faq panel-first-child panel-last-child\" data-index=\"3\" ><div\n\t\t\t\n\t\t\tclass=\"so-widget-mm-widget-faq so-widget-mm-widget-faq-base\"\n\t\t\t\n\t\t>  <div class=\"row row-30\">\n    <div class=\"col-12\">\n      <h2 class=\"text-left widget-title\">Your questions about family activities in Annecy<\/h2>\n    <\/div>\n  <\/div>\n\n<div class=\"row row-50 justify-content-center justify-content-xl-between row-faq position-relative\">\n    <div class=\"col-md-6 row-faq\">\n    <h3 class=\"red-text\">What activity can we do with children from 5 years old?<\/h3>\n    <p>From 5 years old, children can already go rock climbing! This can be done in lessons or internships with other children but also with the family.\nAt 5 years old, one can also already go on short hikes.<\/p>\n  <\/div>\n    <div class=\"col-md-6 row-faq\">\n    <h3 class=\"red-text\">From 6 years old?<\/h3>\n    <p>Children from 6 years old can go on a paragliding flight or a caving excursion.<\/p>\n  <\/div>\n    <div class=\"col-md-6 row-faq\">\n    <h3 class=\"red-text\">From 10 years old?<\/h3>\n    <p>At 10, it is the right age to discover canyoning on the route of the Angon mailbox and the path of the zip lines.<\/p>\n  <\/div>\n    <div class=\"col-md-6 row-faq\">\n    <h3 class=\"red-text\">From 12 years old?<\/h3>\n    <p>This is the right time to do Via Tyro, a route of via ferrata and zip lines.<\/p>\n  <\/div>\n    <div class=\"col-md-6 row-faq\">\n    <h3 class=\"red-text\">From 14 years old?<\/h3>\n    <p>We can go for more sporty or more technical canyoning courses like that of Montmin or the improvement of Angon.<\/p>\n  <\/div>\n  <\/div>\n\n<div class=\"row\">\n  <div class=\"col-12 text-center mt-4\" data-wow-delay=\".1s\">\n    <a href=\"#\" class=\"more-faq fa fa-angle-down active\"><\/a>\n  <\/div>\n<\/div><\/div><\/div><\/div><\/div><div id=\"pg-21978-4\"  class=\"panel-grid panel-no-style\" ><div id=\"pgc-21978-4-0\"  class=\"panel-grid-cell\" ><div id=\"panel-21978-4-0-0\" class=\"so-panel widget widget_sow-editor panel-first-child panel-last-child\" data-index=\"4\" ><div\n\t\t\t\n\t\t\tclass=\"so-widget-sow-editor so-widget-sow-editor-base\"\n\t\t\t\n\t\t><h2 class=\"widget-title\">Would you like more information?<\/h2>\n<div class=\"siteorigin-widget-tinymce textwidget\">\n\t\n<div class=\"wpcf7 no-js\" id=\"wpcf7-f28977-o1\" lang=\"en-US\" dir=\"ltr\" data-wpcf7-id=\"28977\">\n<div class=\"screen-reader-response\"><p role=\"status\" aria-live=\"polite\" aria-atomic=\"true\"><\/p> <ul><\/ul><\/div>\n<form action=\"\/en\/wp-json\/wp\/v2\/pages\/21978#wpcf7-f28977-o1\" method=\"post\" class=\"wpcf7-form init\" aria-label=\"Contact form\" novalidate=\"novalidate\" data-status=\"init\">\n<fieldset class=\"hidden-fields-container\"><input type=\"hidden\" name=\"_wpcf7\" value=\"28977\" \/><input type=\"hidden\" name=\"_wpcf7_version\" value=\"6.1.5\" \/><input type=\"hidden\" name=\"_wpcf7_locale\" value=\"en_US\" \/><input type=\"hidden\" name=\"_wpcf7_unit_tag\" value=\"wpcf7-f28977-o1\" \/><input type=\"hidden\" name=\"_wpcf7_container_post\" value=\"0\" \/><input type=\"hidden\" name=\"_wpcf7_posted_data_hash\" value=\"\" \/><input type=\"hidden\" name=\"_wpcf7_recaptcha_response\" value=\"\" \/>\n<\/fieldset>\n<div class=\"wpcf7-response-output\" aria-hidden=\"true\"><\/div>\n\n      <div class=\"row row-14 gutters-14\">\n        <div class=\"col-md-6\">\n          <div class=\"row row-14 gutters-14\">\n            <div class=\"col-md-6\">\n              <div class=\"form-wrap\">\n                <label class=\"form-label\" for=\"prenom\">First name<span>*<\/span><\/label>\n                <span class=\"wpcf7-form-control-wrap\" data-name=\"prenom\"><input size=\"40\" maxlength=\"400\" class=\"wpcf7-form-control wpcf7-text wpcf7-validates-as-required form-input\" id=\"prenom\" aria-required=\"true\" aria-invalid=\"false\" placeholder=\"Ex : John\" value=\"\" type=\"text\" name=\"prenom\" \/><\/span>\n              <\/div>\n            <\/div>\n            <div class=\"col-md-6\">\n              <div class=\"form-wrap\">\n                <label class=\"form-label\" for=\"nom\">Last name<span>*<\/span><\/label>\n                <span class=\"wpcf7-form-control-wrap\" data-name=\"nom\"><input size=\"40\" maxlength=\"400\" class=\"wpcf7-form-control wpcf7-text wpcf7-validates-as-required form-input\" id=\"nom\" aria-required=\"true\" aria-invalid=\"false\" placeholder=\"Ex : Doe\" value=\"\" type=\"text\" name=\"nom\" \/><\/span>\n              <\/div>\n            <\/div>\n          <\/div>\n          <div class=\"row row-14 gutters-14\">\n            <div class=\"col-md-6\">\n              <div class=\"form-wrap\">\n                <label class=\"form-label\" for=\"mail\">Email<span>*<\/span><\/label>\n                <span class=\"wpcf7-form-control-wrap\" data-name=\"mail\"><input size=\"40\" maxlength=\"400\" class=\"wpcf7-form-control wpcf7-email wpcf7-validates-as-required wpcf7-text wpcf7-validates-as-email form-input\" id=\"mail\" aria-required=\"true\" aria-invalid=\"false\" placeholder=\"Ex : john.doe@example.com\" value=\"\" type=\"email\" name=\"mail\" \/><\/span>\n              <\/div>\n            <\/div>\n            <div class=\"col-md-6\">\n              <div class=\"form-wrap\">\n                <label class=\"form-label\" for=\"telephone\">Phone<\/label>\n                <span class=\"wpcf7-form-control-wrap\" data-name=\"telephone\"><input size=\"40\" maxlength=\"400\" class=\"wpcf7-form-control wpcf7-text form-input\" id=\"telephone\" aria-invalid=\"false\" placeholder=\"Ex : 00 44 06 1213 0530\" value=\"\" type=\"text\" name=\"telephone\" \/><\/span>\n              <\/div>\n            <\/div>\n          <\/div>\n        <\/div>\n        <div class=\"col-md-6\">\n          <div class=\"form-wrap\">\n            <label class=\"form-label\" for=\"message\">Message<span>*<\/span><\/label>\n            <span class=\"wpcf7-form-control-wrap\" data-name=\"message\"><textarea cols=\"40\" rows=\"10\" maxlength=\"2000\" class=\"wpcf7-form-control wpcf7-textarea wpcf7-validates-as-required form-input textarea-lg\" id=\"message\" aria-required=\"true\" aria-invalid=\"false\" placeholder=\"Your message here ...\" name=\"message\"><\/textarea><\/span>\n          <\/div>\n        <\/div>\n        <div class=\"col-12\">\n          <div class=\"form-wrap\">\n            <label class=\"checkbox-inline\">\n              <span class=\"wpcf7-form-control-wrap\" data-name=\"agree\"><span class=\"wpcf7-form-control wpcf7-checkbox\"><span class=\"wpcf7-list-item first last\"><input type=\"checkbox\" name=\"agree[]\" value=\"I accept your privacy policy\" \/><span class=\"wpcf7-list-item-label\">I accept your privacy policy<\/span><\/span><\/span><\/span>\n            <\/label>\n          <\/div>\n        <\/div>\n      <\/div>\n      <button id=\"submit\" class=\"wpcf7-form-control wpcf7-submit button button-primary button-pipaluk\" type=\"submit\">Send<\/button>\n<input class=\"wpcf7-form-control wpcf7-hidden\" value=\"\" type=\"hidden\" name=\"page-title\" \/>\n<input class=\"wpcf7-form-control wpcf7-hidden\" value=\"\" type=\"hidden\" name=\"page-url\" \/>\n<\/form>\n<\/div>\n\n<\/div>\n<\/div><\/div><\/div><\/div><\/div>","protected":false},"excerpt":{"rendered":"<p>Lake Annecy is a wonderful place to discover with your family. Parents and children enjoy a magnificent environment here where outdoor activities are as numerous as they are original: from simple hiking, to cycling around the lake, to mountain activities such as climbing, via ferrata or canyoning.<\/p>\n","protected":false},"author":1,"featured_media":21980,"parent":0,"menu_order":0,"comment_status":"closed","ping_status":"closed","template":"","meta":{"footnotes":""},"class_list":["post-21978","page","type-page","status-publish","has-post-thumbnail","hentry"],"yoast_head":"<!-- This site is optimized with the Yoast SEO Premium plugin v26.8 (Yoast SEO v27.3) - https:\/\/yoast.com\/product\/yoast-seo-premium-wordpress\/ -->\n<title>Family outing in Annecy &#8211; Canyoning Annecy et Sport Mont\u00e9 M\u00e9dio<\/title>\n<meta name=\"description\" content=\"Discover the most beautiful activities to discover with your family and for your children. Rock climbing, via ferrata, canyoning, paragliding, zip line...\" \/>\n<meta name=\"robots\" content=\"index, follow, max-snippet:-1, max-image-preview:large, max-video-preview:-1\" \/>\n<link rel=\"canonical\" href=\"https:\/\/montemedio.com\/en\/family-outing-in-annecy\/\" \/>\n<meta property=\"og:locale\" content=\"en_US\" \/>\n<meta property=\"og:type\" content=\"article\" \/>\n<meta property=\"og:title\" content=\"Family outing in Annecy\" \/>\n<meta property=\"og:description\" content=\"Discover the most beautiful activities to discover with your family and for your children. Rock climbing, via ferrata, canyoning, paragliding, zip line...\" \/>\n<meta property=\"og:url\" content=\"https:\/\/montemedio.com\/en\/family-outing-in-annecy\/\" \/>\n<meta property=\"og:site_name\" content=\"Canyoning Annecy et Sport Mont\u00e9 M\u00e9dio\" \/>\n<meta property=\"article:publisher\" content=\"https:\/\/www.facebook.com\/montemedio\/\" \/>\n<meta property=\"article:modified_time\" content=\"2022-12-09T10:55:35+00:00\" \/>\n<meta property=\"og:image\" content=\"https:\/\/montemedio.com\/wp-content\/uploads\/2020\/05\/Family-outing-in-Annecy.jpg\" \/>\n\t<meta property=\"og:image:width\" content=\"1200\" \/>\n\t<meta property=\"og:image:height\" content=\"900\" \/>\n\t<meta property=\"og:image:type\" content=\"image\/jpeg\" \/>\n<meta name=\"twitter:card\" content=\"summary_large_image\" \/>\n<meta name=\"twitter:label1\" content=\"Est. reading time\" \/>\n\t<meta name=\"twitter:data1\" content=\"1 minute\" \/>\n<script type=\"application\/ld+json\" class=\"yoast-schema-graph\">{\"@context\":\"https:\\\/\\\/schema.org\",\"@graph\":[{\"@type\":\"WebPage\",\"@id\":\"https:\\\/\\\/montemedio.com\\\/en\\\/family-outing-in-annecy\\\/\",\"url\":\"https:\\\/\\\/montemedio.com\\\/en\\\/family-outing-in-annecy\\\/\",\"name\":\"Family outing in Annecy &#8211; Canyoning Annecy et Sport Mont\u00e9 M\u00e9dio\",\"isPartOf\":{\"@id\":\"https:\\\/\\\/montemedio.com\\\/en\\\/#website\"},\"primaryImageOfPage\":{\"@id\":\"https:\\\/\\\/montemedio.com\\\/en\\\/family-outing-in-annecy\\\/#primaryimage\"},\"image\":{\"@id\":\"https:\\\/\\\/montemedio.com\\\/en\\\/family-outing-in-annecy\\\/#primaryimage\"},\"thumbnailUrl\":\"https:\\\/\\\/montemedio.com\\\/wp-content\\\/uploads\\\/2020\\\/05\\\/Family-outing-in-Annecy.jpg\",\"datePublished\":\"2020-05-12T14:12:47+00:00\",\"dateModified\":\"2022-12-09T10:55:35+00:00\",\"description\":\"Discover the most beautiful activities to discover with your family and for your children. Rock climbing, via ferrata, canyoning, paragliding, zip line...\",\"breadcrumb\":{\"@id\":\"https:\\\/\\\/montemedio.com\\\/en\\\/family-outing-in-annecy\\\/#breadcrumb\"},\"inLanguage\":\"en-US\",\"potentialAction\":[{\"@type\":\"ReadAction\",\"target\":[\"https:\\\/\\\/montemedio.com\\\/en\\\/family-outing-in-annecy\\\/\"]}]},{\"@type\":\"ImageObject\",\"inLanguage\":\"en-US\",\"@id\":\"https:\\\/\\\/montemedio.com\\\/en\\\/family-outing-in-annecy\\\/#primaryimage\",\"url\":\"https:\\\/\\\/montemedio.com\\\/wp-content\\\/uploads\\\/2020\\\/05\\\/Family-outing-in-Annecy.jpg\",\"contentUrl\":\"https:\\\/\\\/montemedio.com\\\/wp-content\\\/uploads\\\/2020\\\/05\\\/Family-outing-in-Annecy.jpg\",\"width\":1200,\"height\":900,\"caption\":\"family-outing-in-annecy\"},{\"@type\":\"BreadcrumbList\",\"@id\":\"https:\\\/\\\/montemedio.com\\\/en\\\/family-outing-in-annecy\\\/#breadcrumb\",\"itemListElement\":[{\"@type\":\"ListItem\",\"position\":1,\"name\":\"Homepage\",\"item\":\"https:\\\/\\\/montemedio.com\\\/en\\\/\"},{\"@type\":\"ListItem\",\"position\":2,\"name\":\"Family outing in Annecy\"}]},{\"@type\":\"WebSite\",\"@id\":\"https:\\\/\\\/montemedio.com\\\/en\\\/#website\",\"url\":\"https:\\\/\\\/montemedio.com\\\/en\\\/\",\"name\":\"Canyoning Annecy et Sport Mont\u00e9 M\u00e9dio\",\"description\":\"Partez en qu\u00eate d&#039;\u00e9chapp\u00e9es belles\",\"potentialAction\":[{\"@type\":\"SearchAction\",\"target\":{\"@type\":\"EntryPoint\",\"urlTemplate\":\"https:\\\/\\\/montemedio.com\\\/en\\\/?s={search_term_string}\"},\"query-input\":{\"@type\":\"PropertyValueSpecification\",\"valueRequired\":true,\"valueName\":\"search_term_string\"}}],\"inLanguage\":\"en-US\"}]}<\/script>\n<!-- \/ Yoast SEO Premium plugin. -->","yoast_head_json":{"title":"Family outing in Annecy &#8211; Canyoning Annecy et Sport Mont\u00e9 M\u00e9dio","description":"Discover the most beautiful activities to discover with your family and for your children. Rock climbing, via ferrata, canyoning, paragliding, zip line...","robots":{"index":"index","follow":"follow","max-snippet":"max-snippet:-1","max-image-preview":"max-image-preview:large","max-video-preview":"max-video-preview:-1"},"canonical":"https:\/\/montemedio.com\/en\/family-outing-in-annecy\/","og_locale":"en_US","og_type":"article","og_title":"Family outing in Annecy","og_description":"Discover the most beautiful activities to discover with your family and for your children. Rock climbing, via ferrata, canyoning, paragliding, zip line...","og_url":"https:\/\/montemedio.com\/en\/family-outing-in-annecy\/","og_site_name":"Canyoning Annecy et Sport Mont\u00e9 M\u00e9dio","article_publisher":"https:\/\/www.facebook.com\/montemedio\/","article_modified_time":"2022-12-09T10:55:35+00:00","og_image":[{"width":1200,"height":900,"url":"https:\/\/montemedio.com\/wp-content\/uploads\/2020\/05\/Family-outing-in-Annecy.jpg","type":"image\/jpeg"}],"twitter_card":"summary_large_image","twitter_misc":{"Est. reading time":"1 minute"},"schema":{"@context":"https:\/\/schema.org","@graph":[{"@type":"WebPage","@id":"https:\/\/montemedio.com\/en\/family-outing-in-annecy\/","url":"https:\/\/montemedio.com\/en\/family-outing-in-annecy\/","name":"Family outing in Annecy &#8211; Canyoning Annecy et Sport Mont\u00e9 M\u00e9dio","isPartOf":{"@id":"https:\/\/montemedio.com\/en\/#website"},"primaryImageOfPage":{"@id":"https:\/\/montemedio.com\/en\/family-outing-in-annecy\/#primaryimage"},"image":{"@id":"https:\/\/montemedio.com\/en\/family-outing-in-annecy\/#primaryimage"},"thumbnailUrl":"https:\/\/montemedio.com\/wp-content\/uploads\/2020\/05\/Family-outing-in-Annecy.jpg","datePublished":"2020-05-12T14:12:47+00:00","dateModified":"2022-12-09T10:55:35+00:00","description":"Discover the most beautiful activities to discover with your family and for your children. Rock climbing, via ferrata, canyoning, paragliding, zip line...","breadcrumb":{"@id":"https:\/\/montemedio.com\/en\/family-outing-in-annecy\/#breadcrumb"},"inLanguage":"en-US","potentialAction":[{"@type":"ReadAction","target":["https:\/\/montemedio.com\/en\/family-outing-in-annecy\/"]}]},{"@type":"ImageObject","inLanguage":"en-US","@id":"https:\/\/montemedio.com\/en\/family-outing-in-annecy\/#primaryimage","url":"https:\/\/montemedio.com\/wp-content\/uploads\/2020\/05\/Family-outing-in-Annecy.jpg","contentUrl":"https:\/\/montemedio.com\/wp-content\/uploads\/2020\/05\/Family-outing-in-Annecy.jpg","width":1200,"height":900,"caption":"family-outing-in-annecy"},{"@type":"BreadcrumbList","@id":"https:\/\/montemedio.com\/en\/family-outing-in-annecy\/#breadcrumb","itemListElement":[{"@type":"ListItem","position":1,"name":"Homepage","item":"https:\/\/montemedio.com\/en\/"},{"@type":"ListItem","position":2,"name":"Family outing in Annecy"}]},{"@type":"WebSite","@id":"https:\/\/montemedio.com\/en\/#website","url":"https:\/\/montemedio.com\/en\/","name":"Canyoning Annecy et Sport Mont\u00e9 M\u00e9dio","description":"Partez en qu\u00eate d&#039;\u00e9chapp\u00e9es belles","potentialAction":[{"@type":"SearchAction","target":{"@type":"EntryPoint","urlTemplate":"https:\/\/montemedio.com\/en\/?s={search_term_string}"},"query-input":{"@type":"PropertyValueSpecification","valueRequired":true,"valueName":"search_term_string"}}],"inLanguage":"en-US"}]}},"_links":{"self":[{"href":"https:\/\/montemedio.com\/en\/wp-json\/wp\/v2\/pages\/21978","targetHints":{"allow":["GET"]}}],"collection":[{"href":"https:\/\/montemedio.com\/en\/wp-json\/wp\/v2\/pages"}],"about":[{"href":"https:\/\/montemedio.com\/en\/wp-json\/wp\/v2\/types\/page"}],"author":[{"embeddable":true,"href":"https:\/\/montemedio.com\/en\/wp-json\/wp\/v2\/users\/1"}],"replies":[{"embeddable":true,"href":"https:\/\/montemedio.com\/en\/wp-json\/wp\/v2\/comments?post=21978"}],"version-history":[{"count":7,"href":"https:\/\/montemedio.com\/en\/wp-json\/wp\/v2\/pages\/21978\/revisions"}],"predecessor-version":[{"id":29009,"href":"https:\/\/montemedio.com\/en\/wp-json\/wp\/v2\/pages\/21978\/revisions\/29009"}],"wp:featuredmedia":[{"embeddable":true,"href":"https:\/\/montemedio.com\/en\/wp-json\/wp\/v2\/media\/21980"}],"wp:attachment":[{"href":"https:\/\/montemedio.com\/en\/wp-json\/wp\/v2\/media?parent=21978"}],"curies":[{"name":"wp","href":"https:\/\/api.w.org\/{rel}","templated":true}]}}