{"id":24571,"date":"2020-12-11T12:40:56","date_gmt":"2020-12-11T11:40:56","guid":{"rendered":"https:\/\/montemedio.com\/?page_id=24571"},"modified":"2022-12-09T12:09:17","modified_gmt":"2022-12-09T11:09:17","slug":"courses","status":"publish","type":"page","link":"https:\/\/montemedio.com\/en\/courses\/","title":{"rendered":"Mont\u00e9 M\u00e9dio Courses"},"content":{"rendered":"<div id=\"pl-24571\"  class=\"panel-layout\" ><div id=\"pg-24571-0\"  class=\"panel-grid panel-no-style\" ><div id=\"pgc-24571-0-0\"  class=\"panel-grid-cell\" ><div id=\"panel-24571-0-0-0\" class=\"so-panel widget widget_text panel-first-child panel-last-child\" data-index=\"0\" >\t\t\t<div class=\"textwidget\"><p>Mont\u00e9 M\u00e9dio uses all its knowledge and technique to organize training courses around Annecy. Whether for climbing, canyoning or multi-activity, our offer, which is growing year after year, offers a variety of courses adapted to the age and level of each individual.<\/p>\n<h6>In the program :<\/h6>\n<p>Several days of activities supervised by passionate instructors. For children aged 5 to 10, cliff climbing courses. Teens will have the choice between climbing or multi-activity courses. Finally, adults will be able to discover or improve their climbing skills during courses in cliffs or multi-pitch routes. We also offer a course to introduce you to the independent practice of canyoning.<\/p>\n<\/div>\n\t\t<\/div><\/div><\/div><div id=\"pg-24571-1\"  class=\"panel-grid panel-has-style\" ><div id=\"activite\" class=\"panel-row-style panel-row-style-for-24571-1\" ><div id=\"pgc-24571-1-0\"  class=\"panel-grid-cell\" ><div\n\t\t\t\n\t\t\tclass=\"so-widget-mm-widget-activities so-widget-mm-widget-activities-base\"\n\t\t\t\n\t\t>  <div class=\"row row-30\">\n    <div class=\"col-12\">\n      <h2 class=\"text-left widget-title\">Courses for children and teens<\/h2>\n    <\/div>\n  <\/div>\n\n    <div class=\"row row-30 justify-content-left\">      <div class=\"col-md-6 col-lg-4\">\n        <article class=\"canyoning-item text-center\" style=\"background: url('https:\/\/montemedio.com\/wp-content\/uploads\/2020\/12\/Stage-escalade-Annecy-\u2013-Ados-2-demi-journees-350x350.jpg'), linear-gradient(rgba(0,0,0, 0.3), rgba(0,0,0, 0.3));\">\n          <div class=\"canyoning\">\n            <span class=\"niv\">Level : Accessible<\/span>\n            <h3 class=\"title\">\n              <a href=\"https:\/\/montemedio.com\/en\/activite\/rock-climbing-course-annecy-teenagers-2-half-days\/\">Rock climbing course Annecy \u2013 Teenagers 2 half-days<\/a>\n            <\/h3>\n            <a class=\"button button-primary button-pipaluk\" href=\"https:\/\/montemedio.com\/en\/activite\/rock-climbing-course-annecy-teenagers-2-half-days\/\">Book Now<\/a>\n            <p class=\"price\">89\u20ac<\/p>\n          <\/div>\n        <\/article>\n      <\/div>\n      <div class=\"col-md-6 col-lg-4\">\n        <article class=\"canyoning-item text-center\" style=\"background: url('https:\/\/montemedio.com\/wp-content\/uploads\/2020\/12\/Stage-escalade-Annecy-\u2013-Enfants-2-demi-journees-350x350.jpg'), linear-gradient(rgba(0,0,0, 0.3), rgba(0,0,0, 0.3));\">\n          <div class=\"canyoning\">\n            <span class=\"niv\">Level : Accessible<\/span>\n            <h3 class=\"title\">\n              <a href=\"https:\/\/montemedio.com\/en\/activite\/rock-climbing-course-annecy-kids-2-half-days\/\">Rock climbing course Annecy \u2013 Kids 2 half-days<\/a>\n            <\/h3>\n            <a class=\"button button-primary button-pipaluk\" href=\"https:\/\/montemedio.com\/en\/activite\/rock-climbing-course-annecy-kids-2-half-days\/\">Book Now<\/a>\n            <p class=\"price\">89\u20ac<\/p>\n          <\/div>\n        <\/article>\n      <\/div>\n      <div class=\"col-md-6 col-lg-4\">\n        <article class=\"canyoning-item text-center\" style=\"background: url('https:\/\/montemedio.com\/wp-content\/uploads\/2020\/05\/Rock-climbing-course-Annecy-Kids-2-days-3-e1589532079384-350x350.jpg'), linear-gradient(rgba(0,0,0, 0.3), rgba(0,0,0, 0.3));\">\n          <div class=\"canyoning\">\n            <span class=\"niv\">Level : Accessible<\/span>\n            <h3 class=\"title\">\n              <a href=\"https:\/\/montemedio.com\/en\/activite\/rock-climbing-course-annecy-kids-2-days\/\">Rock climbing course Annecy &#8211; Kids 2 days<\/a>\n            <\/h3>\n            <a class=\"button button-primary button-pipaluk\" href=\"https:\/\/montemedio.com\/en\/activite\/rock-climbing-course-annecy-kids-2-days\/\">Book Now<\/a>\n            <p class=\"price\">140\u20ac<\/p>\n          <\/div>\n        <\/article>\n      <\/div>\n    <\/div><\/div><\/div><\/div><\/div><div id=\"pg-24571-2\"  class=\"panel-grid panel-no-style\" ><div id=\"pgc-24571-2-0\"  class=\"panel-grid-cell\" ><div id=\"panel-24571-2-0-0\" class=\"so-panel widget widget_sow-button panel-first-child panel-last-child\" data-index=\"2\" ><div\n\t\t\t\n\t\t\tclass=\"so-widget-sow-button so-widget-sow-button-atom-499c58c6a9cb-22954\"\n\t\t\t\n\t\t><div class=\"ow-button-base ow-button-align-center\"\n>\n\t\t\t<a\n\t\t\t\t\thref=\"https:\/\/montemedio.com\/wp-content\/uploads\/2020\/06\/2020_PLANNING_STAGES_ETE.pdf\"\n\t\t\t\t\tclass=\"sowb-button ow-icon-placement-left ow-button-hover\" target=\"_blank\" rel=\"noopener noreferrer\" \t>\n\t\t<span>\n\t\t\t<span class=\"sow-icon-fontawesome sow-far\" data-sow-icon=\"&#xf073;\"\n\t\tstyle=\"\" \n\t\taria-hidden=\"true\"><\/span>\n\t\t\tSee the schedule for Children and Teenagers\t\t<\/span>\n\t\t\t<\/a>\n\t<\/div>\n<\/div><\/div><\/div><\/div><div id=\"pg-24571-3\"  class=\"panel-grid panel-has-style\" ><div id=\"activite\" class=\"panel-row-style panel-row-style-for-24571-3\" ><div id=\"pgc-24571-3-0\"  class=\"panel-grid-cell\" ><div\n\t\t\t\n\t\t\tclass=\"so-widget-mm-widget-activities so-widget-mm-widget-activities-base\"\n\t\t\t\n\t\t>  <div class=\"row row-30\">\n    <div class=\"col-12\">\n      <h2 class=\"text-left widget-title\">Rock climbing courses for adults<\/h2>\n    <\/div>\n  <\/div>\n\n    <div class=\"row row-30 justify-content-left\">    <\/div><\/div><\/div><\/div><\/div><div id=\"pg-24571-4\"  class=\"panel-grid panel-has-style\" ><div id=\"activite\" class=\"panel-row-style panel-row-style-for-24571-4\" ><div id=\"pgc-24571-4-0\"  class=\"panel-grid-cell\" ><div\n\t\t\t\n\t\t\tclass=\"so-widget-mm-widget-activities so-widget-mm-widget-activities-base\"\n\t\t\t\n\t\t>  <div class=\"row row-30\">\n    <div class=\"col-12\">\n      <h2 class=\"text-left widget-title\">Canyoning courses<\/h2>\n    <\/div>\n  <\/div>\n\n    <div class=\"row row-30 justify-content-left\">    <\/div><\/div><\/div><\/div><\/div><div id=\"pg-24571-5\"  class=\"panel-grid panel-has-style\" ><div class=\"siteorigin-panels-stretch panel-row-style panel-row-style-for-24571-5\" data-stretch-type=\"full\" ><div id=\"pgc-24571-5-0\"  class=\"panel-grid-cell\" ><div id=\"panel-24571-5-0-0\" class=\"so-panel widget widget_text panel-first-child panel-last-child\" data-index=\"5\" ><h2 class=\"widget-title\">Our other activities<\/h2>\t\t\t<div class=\"textwidget\"><\/div>\n\t\t<\/div><\/div><\/div><\/div><div id=\"pg-24571-6\"  class=\"panel-grid panel-has-style\" ><div class=\"red-section-faded siteorigin-panels-stretch panel-row-style panel-row-style-for-24571-6\" data-stretch-type=\"full\" ><div id=\"pgc-24571-6-0\"  class=\"panel-grid-cell\" ><div class=\"home-activities panel-cell-style panel-cell-style-for-24571-6-0\" ><div id=\"panel-24571-6-0-0\" class=\"so-panel widget widget_sow-editor panel-first-child panel-last-child\" data-index=\"6\" ><div class=\"panel-widget-style panel-widget-style-for-24571-6-0-0\" ><div\n\t\t\t\n\t\t\tclass=\"so-widget-sow-editor so-widget-sow-editor-base\"\n\t\t\t\n\t\t>\n<div class=\"siteorigin-widget-tinymce textwidget\">\n\t<h3 class=\"box-icon-classic-title\"><a href=\"https:\/\/montemedio.com\/en\/paragliding-annecy\/\">Paragliding<\/a><\/h3>\n<\/div>\n<\/div><\/div><\/div><\/div><\/div><div id=\"pgc-24571-6-1\"  class=\"panel-grid-cell\" ><div class=\"home-activities panel-cell-style panel-cell-style-for-24571-6-1\" ><div id=\"panel-24571-6-1-0\" class=\"so-panel widget widget_sow-editor panel-first-child panel-last-child\" data-index=\"7\" ><div class=\"panel-widget-style panel-widget-style-for-24571-6-1-0\" ><div\n\t\t\t\n\t\t\tclass=\"so-widget-sow-editor so-widget-sow-editor-base\"\n\t\t\t\n\t\t>\n<div class=\"siteorigin-widget-tinymce textwidget\">\n\t<h3 class=\"box-icon-classic-title\"><a href=\"https:\/\/montemedio.com\/en\/rock-climbing-annecy\/\">Rock climbing<\/a><\/h3>\n<\/div>\n<\/div><\/div><\/div><\/div><\/div><div id=\"pgc-24571-6-2\"  class=\"panel-grid-cell\" ><div class=\"home-activities panel-cell-style panel-cell-style-for-24571-6-2\" ><div id=\"panel-24571-6-2-0\" class=\"so-panel widget widget_sow-editor panel-first-child panel-last-child\" data-index=\"8\" ><div class=\"panel-widget-style panel-widget-style-for-24571-6-2-0\" ><div\n\t\t\t\n\t\t\tclass=\"so-widget-sow-editor so-widget-sow-editor-base\"\n\t\t\t\n\t\t>\n<div class=\"siteorigin-widget-tinymce textwidget\">\n\t<h3 class=\"box-icon-classic-title\"><a href=\"https:\/\/montemedio.com\/en\/via-ferrata-annecy\/\">Via Ferrata<\/a><\/h3>\n<\/div>\n<\/div><\/div><\/div><\/div><\/div><div id=\"pgc-24571-6-3\"  class=\"panel-grid-cell\" ><div class=\"home-activities panel-cell-style panel-cell-style-for-24571-6-3\" ><div id=\"panel-24571-6-3-0\" class=\"so-panel widget widget_sow-editor panel-first-child panel-last-child\" data-index=\"9\" ><div class=\"panel-widget-style panel-widget-style-for-24571-6-3-0\" ><div\n\t\t\t\n\t\t\tclass=\"so-widget-sow-editor so-widget-sow-editor-base\"\n\t\t\t\n\t\t>\n<div class=\"siteorigin-widget-tinymce textwidget\">\n\t<h3 class=\"box-icon-classic-title\"><a href=\"https:\/\/montemedio.com\/en\/caving-annecy\/\">Caving<\/a><\/h3>\n<\/div>\n<\/div><\/div><\/div><\/div><\/div><\/div><\/div><div id=\"pg-24571-7\"  class=\"panel-grid panel-no-style\" ><div id=\"pgc-24571-7-0\"  class=\"panel-grid-cell\" ><div id=\"panel-24571-7-0-0\" class=\"so-panel widget widget_sow-editor panel-first-child panel-last-child\" data-index=\"10\" ><div\n\t\t\t\n\t\t\tclass=\"so-widget-sow-editor so-widget-sow-editor-base\"\n\t\t\t\n\t\t><h2 class=\"widget-title\">Would you like more information?<\/h2>\n<div class=\"siteorigin-widget-tinymce textwidget\">\n\t\n<div class=\"wpcf7 no-js\" id=\"wpcf7-f28977-o1\" lang=\"en-US\" dir=\"ltr\" data-wpcf7-id=\"28977\">\n<div class=\"screen-reader-response\"><p role=\"status\" aria-live=\"polite\" aria-atomic=\"true\"><\/p> <ul><\/ul><\/div>\n<form action=\"\/en\/wp-json\/wp\/v2\/pages\/24571#wpcf7-f28977-o1\" method=\"post\" class=\"wpcf7-form init\" aria-label=\"Contact form\" novalidate=\"novalidate\" data-status=\"init\">\n<fieldset class=\"hidden-fields-container\"><input type=\"hidden\" name=\"_wpcf7\" value=\"28977\" \/><input type=\"hidden\" name=\"_wpcf7_version\" value=\"6.1.5\" \/><input type=\"hidden\" name=\"_wpcf7_locale\" value=\"en_US\" \/><input type=\"hidden\" name=\"_wpcf7_unit_tag\" value=\"wpcf7-f28977-o1\" \/><input type=\"hidden\" name=\"_wpcf7_container_post\" value=\"0\" \/><input type=\"hidden\" name=\"_wpcf7_posted_data_hash\" value=\"\" \/><input type=\"hidden\" name=\"_wpcf7_recaptcha_response\" value=\"\" \/>\n<\/fieldset>\n<div class=\"wpcf7-response-output\" aria-hidden=\"true\"><\/div>\n\n      <div class=\"row row-14 gutters-14\">\n        <div class=\"col-md-6\">\n          <div class=\"row row-14 gutters-14\">\n            <div class=\"col-md-6\">\n              <div class=\"form-wrap\">\n                <label class=\"form-label\" for=\"prenom\">First name<span>*<\/span><\/label>\n                <span class=\"wpcf7-form-control-wrap\" data-name=\"prenom\"><input size=\"40\" maxlength=\"400\" class=\"wpcf7-form-control wpcf7-text wpcf7-validates-as-required form-input\" id=\"prenom\" aria-required=\"true\" aria-invalid=\"false\" placeholder=\"Ex : John\" value=\"\" type=\"text\" name=\"prenom\" \/><\/span>\n              <\/div>\n            <\/div>\n            <div class=\"col-md-6\">\n              <div class=\"form-wrap\">\n                <label class=\"form-label\" for=\"nom\">Last name<span>*<\/span><\/label>\n                <span class=\"wpcf7-form-control-wrap\" data-name=\"nom\"><input size=\"40\" maxlength=\"400\" class=\"wpcf7-form-control wpcf7-text wpcf7-validates-as-required form-input\" id=\"nom\" aria-required=\"true\" aria-invalid=\"false\" placeholder=\"Ex : Doe\" value=\"\" type=\"text\" name=\"nom\" \/><\/span>\n              <\/div>\n            <\/div>\n          <\/div>\n          <div class=\"row row-14 gutters-14\">\n            <div class=\"col-md-6\">\n              <div class=\"form-wrap\">\n                <label class=\"form-label\" for=\"mail\">Email<span>*<\/span><\/label>\n                <span class=\"wpcf7-form-control-wrap\" data-name=\"mail\"><input size=\"40\" maxlength=\"400\" class=\"wpcf7-form-control wpcf7-email wpcf7-validates-as-required wpcf7-text wpcf7-validates-as-email form-input\" id=\"mail\" aria-required=\"true\" aria-invalid=\"false\" placeholder=\"Ex : john.doe@example.com\" value=\"\" type=\"email\" name=\"mail\" \/><\/span>\n              <\/div>\n            <\/div>\n            <div class=\"col-md-6\">\n              <div class=\"form-wrap\">\n                <label class=\"form-label\" for=\"telephone\">Phone<\/label>\n                <span class=\"wpcf7-form-control-wrap\" data-name=\"telephone\"><input size=\"40\" maxlength=\"400\" class=\"wpcf7-form-control wpcf7-text form-input\" id=\"telephone\" aria-invalid=\"false\" placeholder=\"Ex : 00 44 06 1213 0530\" value=\"\" type=\"text\" name=\"telephone\" \/><\/span>\n              <\/div>\n            <\/div>\n          <\/div>\n        <\/div>\n        <div class=\"col-md-6\">\n          <div class=\"form-wrap\">\n            <label class=\"form-label\" for=\"message\">Message<span>*<\/span><\/label>\n            <span class=\"wpcf7-form-control-wrap\" data-name=\"message\"><textarea cols=\"40\" rows=\"10\" maxlength=\"2000\" class=\"wpcf7-form-control wpcf7-textarea wpcf7-validates-as-required form-input textarea-lg\" id=\"message\" aria-required=\"true\" aria-invalid=\"false\" placeholder=\"Your message here ...\" name=\"message\"><\/textarea><\/span>\n          <\/div>\n        <\/div>\n        <div class=\"col-12\">\n          <div class=\"form-wrap\">\n            <label class=\"checkbox-inline\">\n              <span class=\"wpcf7-form-control-wrap\" data-name=\"agree\"><span class=\"wpcf7-form-control wpcf7-checkbox\"><span class=\"wpcf7-list-item first last\"><input type=\"checkbox\" name=\"agree[]\" value=\"I accept your privacy policy\" \/><span class=\"wpcf7-list-item-label\">I accept your privacy policy<\/span><\/span><\/span><\/span>\n            <\/label>\n          <\/div>\n        <\/div>\n      <\/div>\n      <button id=\"submit\" class=\"wpcf7-form-control wpcf7-submit button button-primary button-pipaluk\" type=\"submit\">Send<\/button>\n<input class=\"wpcf7-form-control wpcf7-hidden\" value=\"\" type=\"hidden\" name=\"page-title\" \/>\n<input class=\"wpcf7-form-control wpcf7-hidden\" value=\"\" type=\"hidden\" name=\"page-url\" \/>\n<\/form>\n<\/div>\n\n<\/div>\n<\/div><\/div><\/div><\/div><\/div>","protected":false},"excerpt":{"rendered":"<p>Mont\u00e9 M\u00e9dio uses all its knowledge and technique to organize training courses around Annecy. Whether for climbing, canyoning or multi-activity, our offer, which is growing year after year, offers a variety of courses adapted to the age and level of each individual. In the program : Several days of activities supervised by passionate instructors. For [&hellip;]<\/p>\n","protected":false},"author":1,"featured_media":17806,"parent":0,"menu_order":0,"comment_status":"closed","ping_status":"closed","template":"","meta":{"footnotes":""},"class_list":["post-24571","page","type-page","status-publish","has-post-thumbnail","hentry"],"yoast_head":"<!-- This site is optimized with the Yoast SEO Premium plugin v26.8 (Yoast SEO v27.3) - https:\/\/yoast.com\/product\/yoast-seo-premium-wordpress\/ -->\n<title>Mont\u00e9 M\u00e9dio Courses &#8211; Canyoning Annecy et Sport Mont\u00e9 M\u00e9dio<\/title>\n<meta name=\"robots\" content=\"index, follow, max-snippet:-1, max-image-preview:large, max-video-preview:-1\" \/>\n<link rel=\"canonical\" href=\"https:\/\/montemedio.com\/en\/courses\/\" \/>\n<meta property=\"og:locale\" content=\"en_US\" \/>\n<meta property=\"og:type\" content=\"article\" \/>\n<meta property=\"og:title\" content=\"Mont\u00e9 M\u00e9dio Courses\" \/>\n<meta property=\"og:description\" content=\"Mont\u00e9 M\u00e9dio uses all its knowledge and technique to organize training courses around Annecy. Whether for climbing, canyoning or multi-activity, our offer, which is growing year after year, offers a variety of courses adapted to the age and level of each individual. In the program : Several days of activities supervised by passionate instructors. For [&hellip;]\" \/>\n<meta property=\"og:url\" content=\"https:\/\/montemedio.com\/en\/courses\/\" \/>\n<meta property=\"og:site_name\" content=\"Canyoning Annecy et Sport Mont\u00e9 M\u00e9dio\" \/>\n<meta property=\"article:publisher\" content=\"https:\/\/www.facebook.com\/montemedio\/\" \/>\n<meta property=\"article:modified_time\" content=\"2022-12-09T11:09:17+00:00\" \/>\n<meta property=\"og:image\" content=\"https:\/\/montemedio.com\/wp-content\/uploads\/2018\/07\/P7111151-1.jpg\" \/>\n\t<meta property=\"og:image:width\" content=\"1333\" \/>\n\t<meta property=\"og:image:height\" content=\"1000\" \/>\n\t<meta property=\"og:image:type\" content=\"image\/jpeg\" \/>\n<meta name=\"twitter:card\" content=\"summary_large_image\" \/>\n<meta name=\"twitter:label1\" content=\"Est. reading time\" \/>\n\t<meta name=\"twitter:data1\" content=\"1 minute\" \/>\n<script type=\"application\/ld+json\" class=\"yoast-schema-graph\">{\"@context\":\"https:\\\/\\\/schema.org\",\"@graph\":[{\"@type\":\"WebPage\",\"@id\":\"https:\\\/\\\/montemedio.com\\\/en\\\/courses\\\/\",\"url\":\"https:\\\/\\\/montemedio.com\\\/en\\\/courses\\\/\",\"name\":\"Mont\u00e9 M\u00e9dio Courses &#8211; Canyoning Annecy et Sport Mont\u00e9 M\u00e9dio\",\"isPartOf\":{\"@id\":\"https:\\\/\\\/montemedio.com\\\/en\\\/#website\"},\"primaryImageOfPage\":{\"@id\":\"https:\\\/\\\/montemedio.com\\\/en\\\/courses\\\/#primaryimage\"},\"image\":{\"@id\":\"https:\\\/\\\/montemedio.com\\\/en\\\/courses\\\/#primaryimage\"},\"thumbnailUrl\":\"https:\\\/\\\/montemedio.com\\\/wp-content\\\/uploads\\\/2018\\\/07\\\/P7111151-1.jpg\",\"datePublished\":\"2020-12-11T11:40:56+00:00\",\"dateModified\":\"2022-12-09T11:09:17+00:00\",\"breadcrumb\":{\"@id\":\"https:\\\/\\\/montemedio.com\\\/en\\\/courses\\\/#breadcrumb\"},\"inLanguage\":\"en-US\",\"potentialAction\":[{\"@type\":\"ReadAction\",\"target\":[\"https:\\\/\\\/montemedio.com\\\/en\\\/courses\\\/\"]}]},{\"@type\":\"ImageObject\",\"inLanguage\":\"en-US\",\"@id\":\"https:\\\/\\\/montemedio.com\\\/en\\\/courses\\\/#primaryimage\",\"url\":\"https:\\\/\\\/montemedio.com\\\/wp-content\\\/uploads\\\/2018\\\/07\\\/P7111151-1.jpg\",\"contentUrl\":\"https:\\\/\\\/montemedio.com\\\/wp-content\\\/uploads\\\/2018\\\/07\\\/P7111151-1.jpg\",\"width\":1333,\"height\":1000,\"caption\":\"Les enfants r\u00e9unis tous ensemble !\"},{\"@type\":\"BreadcrumbList\",\"@id\":\"https:\\\/\\\/montemedio.com\\\/en\\\/courses\\\/#breadcrumb\",\"itemListElement\":[{\"@type\":\"ListItem\",\"position\":1,\"name\":\"Homepage\",\"item\":\"https:\\\/\\\/montemedio.com\\\/en\\\/\"},{\"@type\":\"ListItem\",\"position\":2,\"name\":\"Mont\u00e9 M\u00e9dio Courses\"}]},{\"@type\":\"WebSite\",\"@id\":\"https:\\\/\\\/montemedio.com\\\/en\\\/#website\",\"url\":\"https:\\\/\\\/montemedio.com\\\/en\\\/\",\"name\":\"Canyoning Annecy et Sport Mont\u00e9 M\u00e9dio\",\"description\":\"Partez en qu\u00eate d&#039;\u00e9chapp\u00e9es belles\",\"potentialAction\":[{\"@type\":\"SearchAction\",\"target\":{\"@type\":\"EntryPoint\",\"urlTemplate\":\"https:\\\/\\\/montemedio.com\\\/en\\\/?s={search_term_string}\"},\"query-input\":{\"@type\":\"PropertyValueSpecification\",\"valueRequired\":true,\"valueName\":\"search_term_string\"}}],\"inLanguage\":\"en-US\"}]}<\/script>\n<!-- \/ Yoast SEO Premium plugin. -->","yoast_head_json":{"title":"Mont\u00e9 M\u00e9dio Courses &#8211; Canyoning Annecy et Sport Mont\u00e9 M\u00e9dio","robots":{"index":"index","follow":"follow","max-snippet":"max-snippet:-1","max-image-preview":"max-image-preview:large","max-video-preview":"max-video-preview:-1"},"canonical":"https:\/\/montemedio.com\/en\/courses\/","og_locale":"en_US","og_type":"article","og_title":"Mont\u00e9 M\u00e9dio Courses","og_description":"Mont\u00e9 M\u00e9dio uses all its knowledge and technique to organize training courses around Annecy. Whether for climbing, canyoning or multi-activity, our offer, which is growing year after year, offers a variety of courses adapted to the age and level of each individual. In the program : Several days of activities supervised by passionate instructors. For [&hellip;]","og_url":"https:\/\/montemedio.com\/en\/courses\/","og_site_name":"Canyoning Annecy et Sport Mont\u00e9 M\u00e9dio","article_publisher":"https:\/\/www.facebook.com\/montemedio\/","article_modified_time":"2022-12-09T11:09:17+00:00","og_image":[{"width":1333,"height":1000,"url":"https:\/\/montemedio.com\/wp-content\/uploads\/2018\/07\/P7111151-1.jpg","type":"image\/jpeg"}],"twitter_card":"summary_large_image","twitter_misc":{"Est. reading time":"1 minute"},"schema":{"@context":"https:\/\/schema.org","@graph":[{"@type":"WebPage","@id":"https:\/\/montemedio.com\/en\/courses\/","url":"https:\/\/montemedio.com\/en\/courses\/","name":"Mont\u00e9 M\u00e9dio Courses &#8211; Canyoning Annecy et Sport Mont\u00e9 M\u00e9dio","isPartOf":{"@id":"https:\/\/montemedio.com\/en\/#website"},"primaryImageOfPage":{"@id":"https:\/\/montemedio.com\/en\/courses\/#primaryimage"},"image":{"@id":"https:\/\/montemedio.com\/en\/courses\/#primaryimage"},"thumbnailUrl":"https:\/\/montemedio.com\/wp-content\/uploads\/2018\/07\/P7111151-1.jpg","datePublished":"2020-12-11T11:40:56+00:00","dateModified":"2022-12-09T11:09:17+00:00","breadcrumb":{"@id":"https:\/\/montemedio.com\/en\/courses\/#breadcrumb"},"inLanguage":"en-US","potentialAction":[{"@type":"ReadAction","target":["https:\/\/montemedio.com\/en\/courses\/"]}]},{"@type":"ImageObject","inLanguage":"en-US","@id":"https:\/\/montemedio.com\/en\/courses\/#primaryimage","url":"https:\/\/montemedio.com\/wp-content\/uploads\/2018\/07\/P7111151-1.jpg","contentUrl":"https:\/\/montemedio.com\/wp-content\/uploads\/2018\/07\/P7111151-1.jpg","width":1333,"height":1000,"caption":"Les enfants r\u00e9unis tous ensemble !"},{"@type":"BreadcrumbList","@id":"https:\/\/montemedio.com\/en\/courses\/#breadcrumb","itemListElement":[{"@type":"ListItem","position":1,"name":"Homepage","item":"https:\/\/montemedio.com\/en\/"},{"@type":"ListItem","position":2,"name":"Mont\u00e9 M\u00e9dio Courses"}]},{"@type":"WebSite","@id":"https:\/\/montemedio.com\/en\/#website","url":"https:\/\/montemedio.com\/en\/","name":"Canyoning Annecy et Sport Mont\u00e9 M\u00e9dio","description":"Partez en qu\u00eate d&#039;\u00e9chapp\u00e9es belles","potentialAction":[{"@type":"SearchAction","target":{"@type":"EntryPoint","urlTemplate":"https:\/\/montemedio.com\/en\/?s={search_term_string}"},"query-input":{"@type":"PropertyValueSpecification","valueRequired":true,"valueName":"search_term_string"}}],"inLanguage":"en-US"}]}},"_links":{"self":[{"href":"https:\/\/montemedio.com\/en\/wp-json\/wp\/v2\/pages\/24571","targetHints":{"allow":["GET"]}}],"collection":[{"href":"https:\/\/montemedio.com\/en\/wp-json\/wp\/v2\/pages"}],"about":[{"href":"https:\/\/montemedio.com\/en\/wp-json\/wp\/v2\/types\/page"}],"author":[{"embeddable":true,"href":"https:\/\/montemedio.com\/en\/wp-json\/wp\/v2\/users\/1"}],"replies":[{"embeddable":true,"href":"https:\/\/montemedio.com\/en\/wp-json\/wp\/v2\/comments?post=24571"}],"version-history":[{"count":19,"href":"https:\/\/montemedio.com\/en\/wp-json\/wp\/v2\/pages\/24571\/revisions"}],"predecessor-version":[{"id":29032,"href":"https:\/\/montemedio.com\/en\/wp-json\/wp\/v2\/pages\/24571\/revisions\/29032"}],"wp:featuredmedia":[{"embeddable":true,"href":"https:\/\/montemedio.com\/en\/wp-json\/wp\/v2\/media\/17806"}],"wp:attachment":[{"href":"https:\/\/montemedio.com\/en\/wp-json\/wp\/v2\/media?parent=24571"}],"curies":[{"name":"wp","href":"https:\/\/api.w.org\/{rel}","templated":true}]}}