{"id":25343,"date":"2021-01-19T10:51:09","date_gmt":"2021-01-19T09:51:09","guid":{"rendered":"https:\/\/montemedio.com\/?page_id=25343"},"modified":"2023-03-14T09:32:02","modified_gmt":"2023-03-14T08:32:02","slug":"monte-medio-annecy-activiteiten","status":"publish","type":"page","link":"https:\/\/montemedio.com\/nl\/","title":{"rendered":"Mont\u00e9 M\u00e9dio &#8211; Annecy activiteiten"},"content":{"rendered":"<div id=\"pl-25343\"  class=\"panel-layout\" ><div id=\"pg-25343-0\"  class=\"panel-grid panel-no-style\" ><div id=\"pgc-25343-0-0\"  class=\"panel-grid-cell\" ><div id=\"panel-25343-0-0-0\" class=\"so-panel widget widget_media_video panel-first-child panel-last-child\" data-index=\"0\" ><div style=\"width:100%;\" class=\"wp-video\"><video class=\"wp-video-shortcode\" id=\"video-25343-1\" preload=\"metadata\" controls=\"controls\"><source type=\"video\/youtube\" src=\"https:\/\/www.youtube.com\/watch?v=EfqG5HdJplo&#038;_=1\" \/><a href=\"https:\/\/www.youtube.com\/watch?v=EfqG5HdJplo\">https:\/\/www.youtube.com\/watch?v=EfqG5HdJplo<\/a><\/video><\/div><\/div><\/div><div id=\"pgc-25343-0-1\"  class=\"panel-grid-cell\" ><div id=\"panel-25343-0-1-0\" class=\"so-panel widget widget_black-studio-tinymce widget_black_studio_tinymce panel-first-child panel-last-child\" data-index=\"1\" ><div class=\"textwidget\"><p>Met 25 jaar ervaring in de bergsport rondom Annecy, is Mont\u00e9 M\u00e9dio een bekende in de omgeving. Wij willen graag onze technische kennis en de kennis van de omgeving delen met alle mensen die op zoek zijn naar activiteiten in Annecy en naar nieuwe ervaringen.<\/p>\n<\/div><\/div><\/div><\/div><div id=\"pg-25343-1\"  class=\"panel-grid panel-has-style\" ><div class=\"siteorigin-panels-stretch panel-row-style panel-row-style-for-25343-1\" id=\"nos-activites-outdoor\" data-stretch-type=\"full\" ><div id=\"pgc-25343-1-0\"  class=\"panel-grid-cell\" ><div id=\"panel-25343-1-0-0\" class=\"so-panel widget widget_text panel-first-child panel-last-child\" data-index=\"2\" ><h2 class=\"widget-title\">Onze outdoor activiteiten<\/h2>\t\t\t<div class=\"textwidget\"><\/div>\n\t\t<\/div><\/div><\/div><\/div><div id=\"pg-25343-2\"  class=\"panel-grid panel-has-style\" ><div class=\"siteorigin-panels-stretch panel-row-style panel-row-style-for-25343-2\" data-stretch-type=\"full\" ><div id=\"pgc-25343-2-0\"  class=\"panel-grid-cell\" ><div class=\"home-activities panel-cell-style panel-cell-style-for-25343-2-0\" ><div id=\"panel-25343-2-0-0\" class=\"so-panel widget widget_text panel-first-child panel-last-child\" data-index=\"3\" ><div class=\"panel-widget-style panel-widget-style-for-25343-2-0-0\" >\t\t\t<div class=\"textwidget\"><h3 class=\"box-icon-classic-title\"><a href=\"https:\/\/montemedio.com\/nl\/canyoning-annecy\/\">Canyoning<\/a><\/h3>\n<\/div>\n\t\t<\/div><\/div><\/div><\/div><div id=\"pgc-25343-2-1\"  class=\"panel-grid-cell\" ><div class=\"home-activities panel-cell-style panel-cell-style-for-25343-2-1\" ><div id=\"panel-25343-2-1-0\" class=\"so-panel widget widget_text panel-first-child panel-last-child\" data-index=\"4\" ><div class=\"panel-widget-style panel-widget-style-for-25343-2-1-0\" >\t\t\t<div class=\"textwidget\"><h3 class=\"box-icon-classic-title\"><a href=\"https:\/\/montemedio.com\/nl\/via-ferrata-annecy\/\">Via Ferrata<\/a><\/h3>\n<\/div>\n\t\t<\/div><\/div><\/div><\/div><\/div><\/div><div id=\"pg-25343-3\"  class=\"panel-grid panel-has-style\" ><div class=\"siteorigin-panels-stretch panel-row-style panel-row-style-for-25343-3\" data-stretch-type=\"full\" ><div id=\"pgc-25343-3-0\"  class=\"panel-grid-cell\" ><div class=\"home-activities panel-cell-style panel-cell-style-for-25343-3-0\" ><div id=\"panel-25343-3-0-0\" class=\"so-panel widget widget_text panel-first-child panel-last-child\" data-index=\"5\" ><div class=\"panel-widget-style panel-widget-style-for-25343-3-0-0\" >\t\t\t<div class=\"textwidget\"><h3 class=\"box-icon-classic-title\"><a href=\"https:\/\/montemedio.com\/nl\/paragliden\/\">Paragliden<\/a><\/h3>\n<\/div>\n\t\t<\/div><\/div><\/div><\/div><div id=\"pgc-25343-3-1\"  class=\"panel-grid-cell\" ><div class=\"home-activities panel-cell-style panel-cell-style-for-25343-3-1\" ><div id=\"panel-25343-3-1-0\" class=\"so-panel widget widget_text panel-first-child panel-last-child\" data-index=\"6\" ><div class=\"panel-widget-style panel-widget-style-for-25343-3-1-0\" >\t\t\t<div class=\"textwidget\"><h3 class=\"box-icon-classic-title\"><a href=\"https:\/\/montemedio.com\/nl\/rotsklimmen-annecy\/\">Rotsklimmen<\/a><\/h3>\n<\/div>\n\t\t<\/div><\/div><\/div><\/div><div id=\"pgc-25343-3-2\"  class=\"panel-grid-cell\" ><div class=\"home-activities panel-cell-style panel-cell-style-for-25343-3-2\" ><div id=\"panel-25343-3-2-0\" class=\"so-panel widget widget_text panel-first-child panel-last-child\" data-index=\"7\" ><div class=\"panel-widget-style panel-widget-style-for-25343-3-2-0\" >\t\t\t<div class=\"textwidget\"><h3 class=\"box-icon-classic-title\"><a href=\"https:\/\/montemedio.com\/nl\/speleologie-annecy\/\">Speleologie<\/a><\/h3>\n<\/div>\n\t\t<\/div><\/div><\/div><\/div><\/div><\/div><div id=\"pg-25343-4\"  class=\"panel-grid panel-has-style\" ><div class=\"red-section-faded siteorigin-panels-stretch panel-row-style panel-row-style-for-25343-4\" data-stretch-type=\"full\" ><div id=\"pgc-25343-4-0\"  class=\"panel-grid-cell\" ><div class=\"home-activities panel-cell-style panel-cell-style-for-25343-4-0\" ><div id=\"panel-25343-4-0-0\" class=\"so-panel widget widget_text panel-first-child panel-last-child\" data-index=\"8\" ><div class=\"panel-widget-style panel-widget-style-for-25343-4-0-0\" >\t\t\t<div class=\"textwidget\"><h3 class=\"box-icon-classic-title\"><a href=\"https:\/\/montemedio.com\/nl\/tokkelbaan-annecy\/\">Tokkelbaan<\/a><\/h3>\n<\/div>\n\t\t<\/div><\/div><\/div><\/div><div id=\"pgc-25343-4-1\"  class=\"panel-grid-cell\" ><div class=\"home-activities text panel-cell-style panel-cell-style-for-25343-4-1\" ><div id=\"panel-25343-4-1-0\" class=\"so-panel widget widget_text panel-first-child panel-last-child\" data-index=\"9\" ><div class=\"text-center panel-widget-style panel-widget-style-for-25343-4-1-0\" >\t\t\t<div class=\"textwidget\"><p><span class=\"box-icon-classic-title\"><a href=\"#\">Een ecologisch verantwoorde benadering van de berg, topgidsen, een canyoning-basis en een verfrissingsbar aan het meer, een unieke via ferrata met zijn tokkelbanen&#8230;<\/a><\/span><\/p>\n<\/div>\n\t\t<\/div><\/div><\/div><\/div><\/div><\/div><div id=\"pg-25343-5\"  class=\"panel-grid panel-no-style\" ><div id=\"pgc-25343-5-0\"  class=\"panel-grid-cell\" ><div id=\"panel-25343-5-0-0\" class=\"so-panel widget widget_mm-widget-team-members panel-first-child panel-last-child\" data-index=\"10\" ><div\n\t\t\t\n\t\t\tclass=\"so-widget-mm-widget-team-members so-widget-mm-widget-team-members-base\"\n\t\t\t\n\t\t>  <div class=\"row\">\n    <div class=\"col-12\">\n      <h2 class=\"widget-title\">Ons team <\/h2>\n    <\/div>\n  <\/div>\n\n<div class=\"row row-sm row-30\">\n    <div class=\"col-12 col-md-4\">\n    <article class=\"team-classic float-left-d\"><div class=\"team-classic-figure\"><img decoding=\"async\" width=\"300\" height=\"300\" src=\"https:\/\/montemedio.com\/wp-content\/uploads\/2020\/04\/Anais-monte-medio.jpg\" class=\"attachment-square-medium size-square-medium\" alt=\"Anais-monte-medio\" srcset=\"https:\/\/montemedio.com\/wp-content\/uploads\/2020\/04\/Anais-monte-medio.jpg 300w, https:\/\/montemedio.com\/wp-content\/uploads\/2020\/04\/Anais-monte-medio-150x150.jpg 150w\" sizes=\"(max-width: 300px) 100vw, 300px\" \/><\/div>\n      <div class=\"team-classic-caption\">\n        <h3 class=\"team-classic-name\">Ana\u00efs<\/h3>\n        <p class=\"team-classic-status\"><\/p>\n      <\/div>\n    <\/article>\n  <\/div>\n    <div class=\"col-12 col-md-4\">\n    <article class=\"team-classic\"><div class=\"team-classic-figure\"><img decoding=\"async\" width=\"350\" height=\"350\" src=\"https:\/\/montemedio.com\/wp-content\/uploads\/2020\/04\/Romain-Monte\u0301-Me\u0301dio-350x350.jpg\" class=\"attachment-square-medium size-square-medium\" alt=\"romain-monte-medio\" srcset=\"https:\/\/montemedio.com\/wp-content\/uploads\/2020\/04\/Romain-Monte\u0301-Me\u0301dio-350x350.jpg 350w, https:\/\/montemedio.com\/wp-content\/uploads\/2020\/04\/Romain-Monte\u0301-Me\u0301dio-150x150.jpg 150w\" sizes=\"(max-width: 350px) 100vw, 350px\" \/><\/div>\n      <div class=\"team-classic-caption\">\n        <h3 class=\"team-classic-name\">Romain<\/h3>\n        <p class=\"team-classic-status\"><\/p>\n      <\/div>\n    <\/article>\n  <\/div>\n    <div class=\"col-12 col-md-4\">\n    <article class=\"team-classic float-right-d\"><div class=\"team-classic-figure\"><img decoding=\"async\" width=\"300\" height=\"300\" src=\"https:\/\/montemedio.com\/wp-content\/uploads\/2020\/04\/Yves-monte-medio.jpg\" class=\"attachment-square-medium size-square-medium\" alt=\"yves-monte-medio\" srcset=\"https:\/\/montemedio.com\/wp-content\/uploads\/2020\/04\/Yves-monte-medio.jpg 300w, https:\/\/montemedio.com\/wp-content\/uploads\/2020\/04\/Yves-monte-medio-150x150.jpg 150w\" sizes=\"(max-width: 300px) 100vw, 300px\" \/><\/div>\n      <div class=\"team-classic-caption\">\n        <h3 class=\"team-classic-name\">Yves<\/h3>\n        <p class=\"team-classic-status\"><\/p>\n      <\/div>\n    <\/article>\n  <\/div>\n  <\/div><\/div><\/div><\/div><\/div><div id=\"pg-25343-6\"  class=\"panel-grid panel-no-style\" ><div id=\"pgc-25343-6-0\"  class=\"panel-grid-cell\" ><div id=\"panel-25343-6-0-0\" class=\"so-panel widget widget_sow-editor panel-first-child panel-last-child\" data-index=\"11\" ><div\n\t\t\t\n\t\t\tclass=\"so-widget-sow-editor so-widget-sow-editor-base\"\n\t\t\t\n\t\t><h2 class=\"widget-title\">Wil je meer informatie ?<\/h2>\n<div class=\"siteorigin-widget-tinymce textwidget\">\n\t<div class=\"siteorigin-widget-tinymce textwidget\">\n\n<div class=\"wpcf7 no-js\" id=\"wpcf7-f30207-o1\" lang=\"nl-NL\" dir=\"ltr\" data-wpcf7-id=\"30207\">\n<div class=\"screen-reader-response\"><p role=\"status\" aria-live=\"polite\" aria-atomic=\"true\"><\/p> <ul><\/ul><\/div>\n<form action=\"\/nl\/wp-json\/wp\/v2\/pages\/25343#wpcf7-f30207-o1\" method=\"post\" class=\"wpcf7-form init\" aria-label=\"Contactformulier\" novalidate=\"novalidate\" data-status=\"init\">\n<fieldset class=\"hidden-fields-container\"><input type=\"hidden\" name=\"_wpcf7\" value=\"30207\" \/><input type=\"hidden\" name=\"_wpcf7_version\" value=\"6.1.5\" \/><input type=\"hidden\" name=\"_wpcf7_locale\" value=\"nl_NL\" \/><input type=\"hidden\" name=\"_wpcf7_unit_tag\" value=\"wpcf7-f30207-o1\" \/><input type=\"hidden\" name=\"_wpcf7_container_post\" value=\"0\" \/><input type=\"hidden\" name=\"_wpcf7_posted_data_hash\" value=\"\" \/><input type=\"hidden\" name=\"_wpcf7_recaptcha_response\" value=\"\" \/>\n<\/fieldset>\n<div class=\"wpcf7-response-output\" aria-hidden=\"true\"><\/div>\n\n      <div class=\"row row-14 gutters-14\">\n        <div class=\"col-md-6\">\n          <div class=\"row row-14 gutters-14\">\n            <div class=\"col-md-6\">\n              <div class=\"form-wrap\">\n                <label class=\"form-label\" for=\"prenom\">Voornaam<span>*<\/span><\/label>\n                <span class=\"wpcf7-form-control-wrap\" data-name=\"prenom\"><input size=\"40\" maxlength=\"400\" class=\"wpcf7-form-control wpcf7-text wpcf7-validates-as-required form-input\" id=\"prenom\" aria-required=\"true\" aria-invalid=\"false\" placeholder=\"Ex : John\" value=\"\" type=\"text\" name=\"prenom\" \/><\/span>\n              <\/div>\n            <\/div>\n            <div class=\"col-md-6\">\n              <div class=\"form-wrap\">\n                <label class=\"form-label\" for=\"nom\">Naam<span>*<\/span><\/label>\n                <span class=\"wpcf7-form-control-wrap\" data-name=\"nom\"><input size=\"40\" maxlength=\"400\" class=\"wpcf7-form-control wpcf7-text wpcf7-validates-as-required form-input\" id=\"nom\" aria-required=\"true\" aria-invalid=\"false\" placeholder=\"Ex : Doe\" value=\"\" type=\"text\" name=\"nom\" \/><\/span>\n              <\/div>\n            <\/div>\n          <\/div>\n          <div class=\"row row-14 gutters-14\">\n            <div class=\"col-md-6\">\n              <div class=\"form-wrap\">\n                <label class=\"form-label\" for=\"mail\">Email<span>*<\/span><\/label>\n                <span class=\"wpcf7-form-control-wrap\" data-name=\"mail\"><input size=\"40\" maxlength=\"400\" class=\"wpcf7-form-control wpcf7-email wpcf7-validates-as-required wpcf7-text wpcf7-validates-as-email form-input\" id=\"mail\" aria-required=\"true\" aria-invalid=\"false\" placeholder=\"Ex : john.doe@example.com\" value=\"\" type=\"email\" name=\"mail\" \/><\/span>\n              <\/div>\n            <\/div>\n            <div class=\"col-md-6\">\n              <div class=\"form-wrap\">\n                <label class=\"form-label\" for=\"telephone\">Telefoon<\/label>\n                <span class=\"wpcf7-form-control-wrap\" data-name=\"telephone\"><input size=\"40\" maxlength=\"400\" class=\"wpcf7-form-control wpcf7-text form-input\" id=\"telephone\" aria-invalid=\"false\" placeholder=\"Ex : 06 12 13 05 30\" value=\"\" type=\"text\" name=\"telephone\" \/><\/span>\n              <\/div>\n            <\/div>\n          <\/div>\n        <\/div>\n        <div class=\"col-md-6\">\n          <div class=\"form-wrap\">\n            <label class=\"form-label\" for=\"message\">Message<span>*<\/span><\/label>\n            <span class=\"wpcf7-form-control-wrap\" data-name=\"message\"><textarea cols=\"40\" rows=\"10\" maxlength=\"2000\" class=\"wpcf7-form-control wpcf7-textarea wpcf7-validates-as-required form-input textarea-lg\" id=\"message\" aria-required=\"true\" aria-invalid=\"false\" placeholder=\"Jouw bericht hier ...\" name=\"message\"><\/textarea><\/span>\n          <\/div>\n        <\/div>\n        <div class=\"col-12\">\n          <div class=\"form-wrap\">\n            <label class=\"checkbox-inline\">\n              <span class=\"wpcf7-form-control-wrap\" data-name=\"agree\"><span class=\"wpcf7-form-control wpcf7-checkbox\"><span class=\"wpcf7-list-item first last\"><input type=\"checkbox\" name=\"agree[]\" value=\"Ik accepteer uw privacybeleid\" \/><span class=\"wpcf7-list-item-label\">Ik accepteer uw privacybeleid<\/span><\/span><\/span><\/span>\n            <\/label>\n          <\/div>\n        <\/div>\n      <\/div>\n      <button id=\"submit\" class=\"wpcf7-form-control wpcf7-submit button button-primary button-pipaluk\" type=\"submit\">Sturen<\/button>\n<input class=\"wpcf7-form-control wpcf7-hidden\" value=\"\" type=\"hidden\" name=\"page-title\" \/>\n<input class=\"wpcf7-form-control wpcf7-hidden\" value=\"\" type=\"hidden\" name=\"page-url\" \/>\n<\/form>\n<\/div>\n\n<\/div>\n<\/div>\n<\/div><\/div><\/div><\/div><\/div>","protected":false},"excerpt":{"rendered":"<p>Met 25 jaar ervaring in de bergsport rondom Annecy, is Mont\u00e9 M\u00e9dio een bekende in de omgeving. Wij willen graag onze technische kennis en de kennis van de omgeving delen met alle mensen die op zoek zijn naar activiteiten in Annecy en naar nieuwe ervaringen.<\/p>\n","protected":false},"author":1,"featured_media":12347,"parent":0,"menu_order":0,"comment_status":"closed","ping_status":"closed","template":"page-accueil.php","meta":{"footnotes":""},"class_list":["post-25343","page","type-page","status-publish","has-post-thumbnail","hentry"],"yoast_head":"<!-- This site is optimized with the Yoast SEO Premium plugin v27.3 (Yoast SEO v27.4) - https:\/\/yoast.com\/product\/yoast-seo-premium-wordpress\/ -->\n<title>Mont\u00e9 M\u00e9dio - Annecy activiteiten<\/title>\n<meta name=\"robots\" content=\"index, follow, max-snippet:-1, max-image-preview:large, max-video-preview:-1\" \/>\n<link rel=\"canonical\" href=\"https:\/\/montemedio.com\/nl\/\" \/>\n<meta property=\"og:locale\" content=\"nl_NL\" \/>\n<meta property=\"og:type\" content=\"article\" \/>\n<meta property=\"og:title\" content=\"Mont\u00e9 M\u00e9dio - Annecy activiteiten\" \/>\n<meta property=\"og:description\" content=\"Met 25 jaar ervaring in de bergsport rondom Annecy, is Mont\u00e9 M\u00e9dio een bekende in de omgeving. Wij willen graag onze technische kennis en de kennis van de omgeving delen met alle mensen die op zoek zijn naar activiteiten in Annecy en naar nieuwe ervaringen.\" \/>\n<meta property=\"og:url\" content=\"https:\/\/montemedio.com\/nl\/\" \/>\n<meta property=\"og:site_name\" content=\"Canyoning Annecy et Sport Mont\u00e9 M\u00e9dio\" \/>\n<meta property=\"article:publisher\" content=\"https:\/\/www.facebook.com\/montemedio\/\" \/>\n<meta property=\"article:modified_time\" content=\"2023-03-14T08:32:02+00:00\" \/>\n<meta name=\"twitter:card\" content=\"summary_large_image\" \/>\n<meta name=\"twitter:label1\" content=\"Geschatte leestijd\" \/>\n\t<meta name=\"twitter:data1\" content=\"1 minuut\" \/>\n<script type=\"application\/ld+json\" class=\"yoast-schema-graph\">{\"@context\":\"https:\\\/\\\/schema.org\",\"@graph\":[{\"@type\":\"WebPage\",\"@id\":\"https:\\\/\\\/montemedio.com\\\/nl\\\/\",\"url\":\"https:\\\/\\\/montemedio.com\\\/nl\\\/\",\"name\":\"Mont\u00e9 M\u00e9dio - Annecy activiteiten\",\"isPartOf\":{\"@id\":\"https:\\\/\\\/montemedio.com\\\/nl\\\/#website\"},\"primaryImageOfPage\":{\"@id\":\"https:\\\/\\\/montemedio.com\\\/nl\\\/#primaryimage\"},\"image\":{\"@id\":\"https:\\\/\\\/montemedio.com\\\/nl\\\/#primaryimage\"},\"thumbnailUrl\":\"https:\\\/\\\/montemedio.com\\\/wp-content\\\/uploads\\\/2020\\\/04\\\/Activite\u0301-Annecy.jpg\",\"datePublished\":\"2021-01-19T09:51:09+00:00\",\"dateModified\":\"2023-03-14T08:32:02+00:00\",\"breadcrumb\":{\"@id\":\"https:\\\/\\\/montemedio.com\\\/nl\\\/#breadcrumb\"},\"inLanguage\":\"nl-NL\",\"potentialAction\":[{\"@type\":\"ReadAction\",\"target\":[\"https:\\\/\\\/montemedio.com\\\/nl\\\/\"]}]},{\"@type\":\"ImageObject\",\"inLanguage\":\"nl-NL\",\"@id\":\"https:\\\/\\\/montemedio.com\\\/nl\\\/#primaryimage\",\"url\":\"https:\\\/\\\/montemedio.com\\\/wp-content\\\/uploads\\\/2020\\\/04\\\/Activite\u0301-Annecy.jpg\",\"contentUrl\":\"https:\\\/\\\/montemedio.com\\\/wp-content\\\/uploads\\\/2020\\\/04\\\/Activite\u0301-Annecy.jpg\",\"width\":1200,\"height\":675,\"caption\":\"activite-annecy\"},{\"@type\":\"BreadcrumbList\",\"@id\":\"https:\\\/\\\/montemedio.com\\\/nl\\\/#breadcrumb\",\"itemListElement\":[{\"@type\":\"ListItem\",\"position\":1,\"name\":\"Accueil\",\"item\":\"https:\\\/\\\/montemedio.com\\\/nl\\\/\"},{\"@type\":\"ListItem\",\"position\":2,\"name\":\"Mont\u00e9 M\u00e9dio &#8211; Annecy activiteiten\"}]},{\"@type\":\"WebSite\",\"@id\":\"https:\\\/\\\/montemedio.com\\\/nl\\\/#website\",\"url\":\"https:\\\/\\\/montemedio.com\\\/nl\\\/\",\"name\":\"Canyoning Annecy et Sport Mont\u00e9 M\u00e9dio\",\"description\":\"Partez en qu\u00eate d&#039;\u00e9chapp\u00e9es belles\",\"potentialAction\":[{\"@type\":\"SearchAction\",\"target\":{\"@type\":\"EntryPoint\",\"urlTemplate\":\"https:\\\/\\\/montemedio.com\\\/nl\\\/?s={search_term_string}\"},\"query-input\":{\"@type\":\"PropertyValueSpecification\",\"valueRequired\":true,\"valueName\":\"search_term_string\"}}],\"inLanguage\":\"nl-NL\"}]}<\/script>\n<!-- \/ Yoast SEO Premium plugin. -->","yoast_head_json":{"title":"Mont\u00e9 M\u00e9dio - Annecy activiteiten","robots":{"index":"index","follow":"follow","max-snippet":"max-snippet:-1","max-image-preview":"max-image-preview:large","max-video-preview":"max-video-preview:-1"},"canonical":"https:\/\/montemedio.com\/nl\/","og_locale":"nl_NL","og_type":"article","og_title":"Mont\u00e9 M\u00e9dio - Annecy activiteiten","og_description":"Met 25 jaar ervaring in de bergsport rondom Annecy, is Mont\u00e9 M\u00e9dio een bekende in de omgeving. Wij willen graag onze technische kennis en de kennis van de omgeving delen met alle mensen die op zoek zijn naar activiteiten in Annecy en naar nieuwe ervaringen.","og_url":"https:\/\/montemedio.com\/nl\/","og_site_name":"Canyoning Annecy et Sport Mont\u00e9 M\u00e9dio","article_publisher":"https:\/\/www.facebook.com\/montemedio\/","article_modified_time":"2023-03-14T08:32:02+00:00","twitter_card":"summary_large_image","twitter_misc":{"Geschatte leestijd":"1 minuut"},"schema":{"@context":"https:\/\/schema.org","@graph":[{"@type":"WebPage","@id":"https:\/\/montemedio.com\/nl\/","url":"https:\/\/montemedio.com\/nl\/","name":"Mont\u00e9 M\u00e9dio - Annecy activiteiten","isPartOf":{"@id":"https:\/\/montemedio.com\/nl\/#website"},"primaryImageOfPage":{"@id":"https:\/\/montemedio.com\/nl\/#primaryimage"},"image":{"@id":"https:\/\/montemedio.com\/nl\/#primaryimage"},"thumbnailUrl":"https:\/\/montemedio.com\/wp-content\/uploads\/2020\/04\/Activite\u0301-Annecy.jpg","datePublished":"2021-01-19T09:51:09+00:00","dateModified":"2023-03-14T08:32:02+00:00","breadcrumb":{"@id":"https:\/\/montemedio.com\/nl\/#breadcrumb"},"inLanguage":"nl-NL","potentialAction":[{"@type":"ReadAction","target":["https:\/\/montemedio.com\/nl\/"]}]},{"@type":"ImageObject","inLanguage":"nl-NL","@id":"https:\/\/montemedio.com\/nl\/#primaryimage","url":"https:\/\/montemedio.com\/wp-content\/uploads\/2020\/04\/Activite\u0301-Annecy.jpg","contentUrl":"https:\/\/montemedio.com\/wp-content\/uploads\/2020\/04\/Activite\u0301-Annecy.jpg","width":1200,"height":675,"caption":"activite-annecy"},{"@type":"BreadcrumbList","@id":"https:\/\/montemedio.com\/nl\/#breadcrumb","itemListElement":[{"@type":"ListItem","position":1,"name":"Accueil","item":"https:\/\/montemedio.com\/nl\/"},{"@type":"ListItem","position":2,"name":"Mont\u00e9 M\u00e9dio &#8211; Annecy activiteiten"}]},{"@type":"WebSite","@id":"https:\/\/montemedio.com\/nl\/#website","url":"https:\/\/montemedio.com\/nl\/","name":"Canyoning Annecy et Sport Mont\u00e9 M\u00e9dio","description":"Partez en qu\u00eate d&#039;\u00e9chapp\u00e9es belles","potentialAction":[{"@type":"SearchAction","target":{"@type":"EntryPoint","urlTemplate":"https:\/\/montemedio.com\/nl\/?s={search_term_string}"},"query-input":{"@type":"PropertyValueSpecification","valueRequired":true,"valueName":"search_term_string"}}],"inLanguage":"nl-NL"}]}},"_links":{"self":[{"href":"https:\/\/montemedio.com\/nl\/wp-json\/wp\/v2\/pages\/25343","targetHints":{"allow":["GET"]}}],"collection":[{"href":"https:\/\/montemedio.com\/nl\/wp-json\/wp\/v2\/pages"}],"about":[{"href":"https:\/\/montemedio.com\/nl\/wp-json\/wp\/v2\/types\/page"}],"author":[{"embeddable":true,"href":"https:\/\/montemedio.com\/nl\/wp-json\/wp\/v2\/users\/1"}],"replies":[{"embeddable":true,"href":"https:\/\/montemedio.com\/nl\/wp-json\/wp\/v2\/comments?post=25343"}],"version-history":[{"count":58,"href":"https:\/\/montemedio.com\/nl\/wp-json\/wp\/v2\/pages\/25343\/revisions"}],"predecessor-version":[{"id":30230,"href":"https:\/\/montemedio.com\/nl\/wp-json\/wp\/v2\/pages\/25343\/revisions\/30230"}],"wp:featuredmedia":[{"embeddable":true,"href":"https:\/\/montemedio.com\/nl\/wp-json\/wp\/v2\/media\/12347"}],"wp:attachment":[{"href":"https:\/\/montemedio.com\/nl\/wp-json\/wp\/v2\/media?parent=25343"}],"curies":[{"name":"wp","href":"https:\/\/api.w.org\/{rel}","templated":true}]}}