{"id":25354,"date":"2021-01-27T23:24:05","date_gmt":"2021-01-27T22:24:05","guid":{"rendered":"https:\/\/montemedio.com\/?page_id=25354"},"modified":"2021-01-27T23:24:05","modified_gmt":"2021-01-27T22:24:05","slug":"algemene-voorwaarden","status":"publish","type":"page","link":"https:\/\/montemedio.com\/nl\/algemene-voorwaarden\/","title":{"rendered":"Algemene voorwaarden"},"content":{"rendered":"<div id=\"pl-25354\"  class=\"panel-layout\" >\n<div id=\"pg-25354-0\"  class=\"panel-grid panel-no-style\" >\n<div id=\"pgc-25354-0-0\"  class=\"panel-grid-cell\"  data-weight=\"1\" >\n<div id=\"panel-25354-0-0-0\" class=\"so-panel widget widget_text panel-first-child panel-last-child\" data-index=\"0\" data-style=\"{&quot;background_image_attachment&quot;:false,&quot;background_display&quot;:&quot;tile&quot;}\" >\n<div class=\"textwidget\">\n<h2><strong>De algemene voorwaarden van Mont\u00e9 M\u00e9dio<\/strong><\/h2>\n<p><strong>Inschrijvingen en reserveringen :\u00a0 <\/strong>Om deel te nemen aan \u00e9\u00e9n van onze activiteiten is het verplicht om vooraf te reserveren, op basis van beschikbaarheid.<\/p>\n<p>In de zomer kunnen reserveringen rechtstreeks worden gedaan bij onze canyoningbasis in Angon-Talloires of bij de winkel P\u00e9dal Douce in Annecy. Je kunt ook<br \/>\ncontact met ons opnemen via e-mail op <a href=\"mailto:contact@montemedio.com\">contact@montemedio.com<\/a> of telefonisch op <a href=\"tel:0033612130530\">+33 6 12 13 05 30<\/a><\/p>\n<p>Je reservering wordt bevestigd na ontvangst van de gevraagde aanbetaling of de betaling van het volledige bedrag. Wij accepteren de volgende betalingsmiddelen: contant geld, bankoverschrijvingen, creditcard (online of ter plaatse).<\/p>\n<p>Wanneer je reserveert, erken je de algemene voorwaarden te hebben gelezen en te aanvaarden.<\/p>\n<p>Als je voor een groep van meerdere personen reserveert, dien je de alledeelnemers te informeren over de inhoud van de activiteiten en de voorwaarden.<\/p>\n<p>Onze prijzen zijn inclusief begeleiding door een gekwalificeerde gids (documenten ter verificatie beschikbaar) en het lenen van de juiste uitrusting, maar exclusief vervoer naar het vertrekpunt, accommodatie, eten, drinken of andere persoonlijke uitgaven.<\/p>\n<p><span style=\"font-size: large;\"><b>Voorwaarden voor deelname: <\/b><\/span>Onze activiteiten zijn voor iedereen toegankelijk, maar afhankelijk van de activiteiten en routes moet er rekening gehouden worden met bepaalde voorwaarden: leeftijdsgrens, lengte, gewicht, zwemvaardigheid, technisch of fysiek niveau, geen hoogtevrees voor abseilen of klimmen via ferrata &#8230;<\/p>\n<p>Het is ook absoluut noodzakelijk dat elke deelnemer op de dag van de activiteit in goede gezondheid en in goede conditie verkeert. Aan de andere kant dient elke deelnemer de instructies van de gids tijdens de activiteit nauwkeurig op te volgen.<\/p>\n<p>Voor activiteiten in wildwater (canyoning, raften) is het noodzakelijk om minimaal 50 meter te kunnen zwemmen en niet bang te zijn om je hoofd onder water te houden (een test kan worden gedaan vooraf de canyoning in het meer van Annecy).<br \/>\nJe dient geen medische contra-indicatie te hebben voor het uitoefenen van de gekozen activiteit.<br \/>\nBelangrijk: je hebt geen medische contra-indicatie, maar je bent onder behandeling van een specialist of je hebt last van specifieke klachten (rugpijn, gewrichtsproblemen), dien je de gids hierover te informeren voor aanvang van de activiteit.<\/p>\n<p>De activiteiten die wij u aanbieden, worden beoefend in een natuurlijke omgeving: rivieren, canyons, kliffen, bergen\u2026 Het is daarom noodzakelijk om op de hoogte te zijn van de risico&#8217;s die verbonden zijn aan het beoefenen van de activiteiten.<\/p>\n<p><span style=\"font-size: large;\"><b>Audiovisueel eigendom en beeldrechten :<\/b><\/span>\u00a0door deel te nemen aan een van onze activiteiten, accepteer je uitdrukkelijk en zonder beperking dat je afbeelding kan worden gebruikt voor promotie- en reclamedoeleinden op al onze onze brochures en communicatiemiddelen (video&#8217;s, foto&#8217;s, website, sociale netwerken), behalve door een schriftelijk verzoek per aangetekende brief met ontvangstbevestiging en een foto ter identificatie.<br \/>\nIn overeenstemming met wet nr. 78-17 van 6 januari 1978 met betrekking tot informathiek, bestanden en vrijheden, heb je het recht om informatie over jou in te zien, te corrigeren of te verwijderen.<\/p>\n<p><span style=\"font-size: large;\"><b>Verzekeringen : <\/b><\/span>Mont\u00e9 M\u00e9dio heeft een aansprakelijkheidsverzekering voor alle activiteiten (elke gids heeft bovendien ook zijn eigen aansprakelijkheidsverzekering).<\/p>\n<p>Mont\u00e9 M\u00e9dio sluit voor individuele ongevallenverzekering voor je af, zodat je verzekert bent tijdens de activiteiten die wij begeleiden (met uitzondering van activiteiten die door een partner worden uitgevoerd\u00a0; zie onderstaande lijst).<\/p>\n<p>Mont\u00e9 M\u00e9dio heeft tevens een aansprakelijkheidsverzekering betreffende de organisatie van het bureau, de verkoop van begeleide sportactiviteiten van Mont\u00e9 Medio, maar ook van partnerorganisaties tot het begin van de activiteit.<\/p>\n<p>Mont\u00e9 M\u00e9dio is niet aansprakelijk voor activiteiten die bij zijn partners zijn gereserveerd.<\/p>\n<p>Lijst van onze partners:<\/p>\n<p><a href=\"https:\/\/www.grandsespaces.com\/\" target=\"_blank\" rel=\"noopener noreferrer\">Les Grands Espaces<\/a>\u00a0 voor paragliden<\/p>\n<p><a href=\"http:\/\/www.coureurs-rivieres.com\/fr\/\" target=\"_blank\" rel=\"noopener noreferrer\">Coureurs de rivi\u00e8re<\/a> voor raften, hydrospeed, kano-raften, wildwatervaren<\/p>\n<p><a href=\"https:\/\/pedaledouce.com\/\" target=\"_blank\" rel=\"noopener noreferrer\">P\u00e9dal douce<\/a> voor fietsverhuur<\/p>\n<p><a href=\"https:\/\/lamaisonduvelo.com\/\" target=\"_blank\" rel=\"noopener noreferrer\">La maison du v\u00e9lo<\/a> voor uitstapjes met de mountainbike of elektrische mountainbike<\/p>\n<p><a href=\"http:\/\/www.stand-up-paddle-annecy.com\/\" target=\"_blank\" rel=\"noopener noreferrer\">Gliss Cool<\/a> voor verhuur van supboards (Stand up paddle)<\/p>\n<p><a href=\"http:\/\/www.annecy-deltaplane.com\/\" target=\"_blank\" rel=\"noopener noreferrer\">Annecy Deltaplane<\/a> voor deltavliegen<\/p>\n<p>Yannick Dacheux ou Sylvain Quinot voor de luchtballonvaarten<\/p>\n<p><strong>Cadeaubonnen: <\/strong>De ontvanger van een cadeaubon dient 15 dagen voor de geplande datum contact met ons opnemen om de beschikbaarheid te garanderen.<br \/>\nDe cadeaubon is geldig als betaalmiddel bij Mont\u00e9 M\u00e9dio. De cadeaubon is niet persoonlijk, dus hij kan overgedragen worden aan de persoon van uw keuze. De cadeaubon is niet inwisselbaar voor contant geld of restitueerbaar. De cadeaubon is 1 jaar geldig. Je kunt een cadeaubon betalen met een creditcard, contant of met een bankoverschrijving.<\/p>\n<p><strong>Annuleringsvoorwaarden voor individuele klanten (minder dan 6 personen):<\/strong><b><\/b><\/p>\n<p>Als je beslist om te annuleren, dien je ons hiervan schriftelijk , per e-mail, te informeren.<br \/>\nDe volgende annuleringsvoorwaarden zijn van toepassing\u00a0:<\/p>\n<p>&#8211; Meer dan 15 dagen voor de geplande activiteit: volledige teruggave van de aanbetaling,<br \/>\n&#8211; Tussen 15 en 8 dagen: 50%<br \/>\n&#8211; Minder dan 7 dagen: 100%, geen terugbetaling<\/p>\n<p>Gedeeltelijke annulering: als een deel van de groep zich terugtrekt, heb je tot 7 dagen voor aanvang van de activiteit om een \u200b\u200bbijgewerkt tarief te krijgen. Daarna wordt het volledige bedrag van de prijsopgave gefactureerd.<\/p>\n<p>De terugbetaling gebeurt alleen op vertoon van een medische verklaring dat die persoon niet in de gelegenheid is om mee te doen aan de activiteit. De vergoeding heeft alleen betrekking op de persoon die genoemd wordt in de medische verklaring; met uitzondering van minderjarige deelnemers, die onder de verantwoordelijkheid van hun begeledier vallen.<\/p>\n<p><strong>Annuleringsvoorwaarden voor klanten van seminars en groepen van meer dan 6 personen::<\/strong><\/p>\n<p>Als je beslist om te annuleren, dien je ons hiervan schriftelijk ,per e-mail, te informeren.<br \/>\nDe volgende annuleringsvoorwaarden zijn van toepassing\u00a0:<\/p>\n<p>Meer dan 30 dagen voor de geplande activiteit: volledige teruggave van de aanbetaling,<br \/>\n&#8211; Van 30 tot 16 dagen: 30% wordt ingehouden, 70% terug betaald<br \/>\n&#8211; Van 15 tot 8 dagen: 50%<br \/>\n&#8211; Van 7 tot 2 dagen: 90% wordt ingehouden, 10% terug betaald<br \/>\n&#8211; Minder dan 2 dagen: geen terugbetaling<\/p>\n<p>Gedeeltelijke annulering van klanten van seminars en groepen van meer dan 6 personen: Als een deel van de groep zich terugtrekt, heb je tot 15 dagen voor aanvang van de activiteit om ons dit per e-mail te laten weten en een bijgewerkt tarief te ontvangen. Daarna wordt het volledige bedrag van de prijsopgave gefactureerd.<\/p>\n<p>De terugbetaling gebeurt alleen op vertoon van een medische verklaring dat die persoon niet in de gelegenheid is om mee te doen aan de activiteit. De vergoeding heeft alleen betrekking op de persoon die genoemd wordt in de medische verklaring; met uitzondering van minderjarige deelnemers, die onder de verantwoordelijkheid van hun begeledier vallen .<\/p>\n<p><strong>Bijzondere annuleringsvoorwaarden : <\/strong>de gidsen van Mont\u00e9 M\u00e9dio behouden het recht om een \u200b\u200bactiviteit te annuleren wegens veiligheidsredenen (weersomstandigheden, water loslaten door dam van de elektriciteitscentrale, overstromingen, enz.) of alle andere gevallen van overmacht. In elk geval wordt, indien mogelijk, een vervangende activiteit georganiseerd of wordt er een andere datum aangeboden. Als de activiteit echt niet kan doorgaan, wordt het betaalde bedrag volledig terugbetaald, zonder aanspraak te kunnen maken op enige andere vergoeding. ALLEEN DE GIDS KAN EEN ACTIVITEIT ANNULEREN IN GEVAL VAN SLECHT WEER.<\/p>\n<p>Mont\u00e9 M\u00e9dio behoudt het recht om een \u200b\u200bactiviteit te annuleren als het minimum aantal deelnemers niet wordt bereikt.<\/p>\n<p><strong>Aanvangst-tijd en vertragingen :<\/strong><br \/>\nVoor elke activiteit wordt altijd een tijd gecommuniceerd wanneer u aanwezig dient te zijn voor de activiteit. Voor een goed verloop van de activiteiten en uit respect voor de andere deelnemers en de gids tolereren wij geen vertraging.<br \/>\nDE GIDS ZAL MET DE GROEP OP TIJD VERTREKKEN EN ZAL ER GEEN ENKELE TERUGBETALING OF SCHADELOOSSTELLING WORDEN VERSTREKT.<\/p>\n<p>De ondertekenaar van dit document verklaart de algemene en bijzondere voorwaarden te hebben gelezen en te accepteren en garandeert de andere deelnemers van zijn groep over deze voorwaarden te informeren.<\/p>\n<\/div><\/div>\n<\/div>\n<\/div>\n<\/div>\n","protected":false},"excerpt":{"rendered":"<p>De algemene voorwaarden van Mont\u00e9 M\u00e9dio Inschrijvingen en reserveringen :\u00a0 Om deel te nemen aan \u00e9\u00e9n van onze activiteiten is het verplicht om vooraf te reserveren, op basis van beschikbaarheid. In de zomer kunnen reserveringen rechtstreeks worden gedaan bij onze canyoningbasis in Angon-Talloires of bij de winkel P\u00e9dal Douce in Annecy. Je kunt ook contact [&hellip;]<\/p>\n","protected":false},"author":1,"featured_media":0,"parent":0,"menu_order":0,"comment_status":"closed","ping_status":"closed","template":"","meta":{"footnotes":""},"class_list":["post-25354","page","type-page","status-publish","hentry"],"yoast_head":"<!-- This site is optimized with the Yoast SEO Premium plugin v26.8 (Yoast SEO v27.3) - https:\/\/yoast.com\/product\/yoast-seo-premium-wordpress\/ -->\n<title>Algemene voorwaarden &#8211; Canyoning Annecy et Sport Mont\u00e9 M\u00e9dio<\/title>\n<meta name=\"robots\" content=\"noindex, nofollow\" \/>\n<meta property=\"og:locale\" content=\"nl_NL\" \/>\n<meta property=\"og:type\" content=\"article\" \/>\n<meta property=\"og:title\" content=\"Algemene voorwaarden\" \/>\n<meta property=\"og:description\" content=\"De algemene voorwaarden van Mont\u00e9 M\u00e9dio Inschrijvingen en reserveringen :\u00a0 Om deel te nemen aan \u00e9\u00e9n van onze activiteiten is het verplicht om vooraf te reserveren, op basis van beschikbaarheid. In de zomer kunnen reserveringen rechtstreeks worden gedaan bij onze canyoningbasis in Angon-Talloires of bij de winkel P\u00e9dal Douce in Annecy. Je kunt ook contact [&hellip;]\" \/>\n<meta property=\"og:url\" content=\"https:\/\/montemedio.com\/nl\/algemene-voorwaarden\/\" \/>\n<meta property=\"og:site_name\" content=\"Canyoning Annecy et Sport Mont\u00e9 M\u00e9dio\" \/>\n<meta property=\"article:publisher\" content=\"https:\/\/www.facebook.com\/montemedio\/\" \/>\n<meta name=\"twitter:card\" content=\"summary_large_image\" \/>\n<meta name=\"twitter:label1\" content=\"Geschatte leestijd\" \/>\n\t<meta name=\"twitter:data1\" content=\"6 minuten\" \/>\n<script type=\"application\/ld+json\" class=\"yoast-schema-graph\">{\"@context\":\"https:\\\/\\\/schema.org\",\"@graph\":[{\"@type\":\"WebPage\",\"@id\":\"https:\\\/\\\/montemedio.com\\\/nl\\\/algemene-voorwaarden\\\/\",\"url\":\"https:\\\/\\\/montemedio.com\\\/nl\\\/algemene-voorwaarden\\\/\",\"name\":\"Algemene voorwaarden &#8211; Canyoning Annecy et Sport Mont\u00e9 M\u00e9dio\",\"isPartOf\":{\"@id\":\"https:\\\/\\\/montemedio.com\\\/nl\\\/#website\"},\"datePublished\":\"2021-01-27T22:24:05+00:00\",\"breadcrumb\":{\"@id\":\"https:\\\/\\\/montemedio.com\\\/nl\\\/algemene-voorwaarden\\\/#breadcrumb\"},\"inLanguage\":\"nl-NL\",\"potentialAction\":[{\"@type\":\"ReadAction\",\"target\":[\"https:\\\/\\\/montemedio.com\\\/nl\\\/algemene-voorwaarden\\\/\"]}]},{\"@type\":\"BreadcrumbList\",\"@id\":\"https:\\\/\\\/montemedio.com\\\/nl\\\/algemene-voorwaarden\\\/#breadcrumb\",\"itemListElement\":[{\"@type\":\"ListItem\",\"position\":1,\"name\":\"Accueil\",\"item\":\"https:\\\/\\\/montemedio.com\\\/nl\\\/\"},{\"@type\":\"ListItem\",\"position\":2,\"name\":\"Algemene voorwaarden\"}]},{\"@type\":\"WebSite\",\"@id\":\"https:\\\/\\\/montemedio.com\\\/nl\\\/#website\",\"url\":\"https:\\\/\\\/montemedio.com\\\/nl\\\/\",\"name\":\"Canyoning Annecy et Sport Mont\u00e9 M\u00e9dio\",\"description\":\"Partez en qu\u00eate d&#039;\u00e9chapp\u00e9es belles\",\"potentialAction\":[{\"@type\":\"SearchAction\",\"target\":{\"@type\":\"EntryPoint\",\"urlTemplate\":\"https:\\\/\\\/montemedio.com\\\/nl\\\/?s={search_term_string}\"},\"query-input\":{\"@type\":\"PropertyValueSpecification\",\"valueRequired\":true,\"valueName\":\"search_term_string\"}}],\"inLanguage\":\"nl-NL\"}]}<\/script>\n<!-- \/ Yoast SEO Premium plugin. -->","yoast_head_json":{"title":"Algemene voorwaarden &#8211; Canyoning Annecy et Sport Mont\u00e9 M\u00e9dio","robots":{"index":"noindex","follow":"nofollow"},"og_locale":"nl_NL","og_type":"article","og_title":"Algemene voorwaarden","og_description":"De algemene voorwaarden van Mont\u00e9 M\u00e9dio Inschrijvingen en reserveringen :\u00a0 Om deel te nemen aan \u00e9\u00e9n van onze activiteiten is het verplicht om vooraf te reserveren, op basis van beschikbaarheid. In de zomer kunnen reserveringen rechtstreeks worden gedaan bij onze canyoningbasis in Angon-Talloires of bij de winkel P\u00e9dal Douce in Annecy. Je kunt ook contact [&hellip;]","og_url":"https:\/\/montemedio.com\/nl\/algemene-voorwaarden\/","og_site_name":"Canyoning Annecy et Sport Mont\u00e9 M\u00e9dio","article_publisher":"https:\/\/www.facebook.com\/montemedio\/","twitter_card":"summary_large_image","twitter_misc":{"Geschatte leestijd":"6 minuten"},"schema":{"@context":"https:\/\/schema.org","@graph":[{"@type":"WebPage","@id":"https:\/\/montemedio.com\/nl\/algemene-voorwaarden\/","url":"https:\/\/montemedio.com\/nl\/algemene-voorwaarden\/","name":"Algemene voorwaarden &#8211; Canyoning Annecy et Sport Mont\u00e9 M\u00e9dio","isPartOf":{"@id":"https:\/\/montemedio.com\/nl\/#website"},"datePublished":"2021-01-27T22:24:05+00:00","breadcrumb":{"@id":"https:\/\/montemedio.com\/nl\/algemene-voorwaarden\/#breadcrumb"},"inLanguage":"nl-NL","potentialAction":[{"@type":"ReadAction","target":["https:\/\/montemedio.com\/nl\/algemene-voorwaarden\/"]}]},{"@type":"BreadcrumbList","@id":"https:\/\/montemedio.com\/nl\/algemene-voorwaarden\/#breadcrumb","itemListElement":[{"@type":"ListItem","position":1,"name":"Accueil","item":"https:\/\/montemedio.com\/nl\/"},{"@type":"ListItem","position":2,"name":"Algemene voorwaarden"}]},{"@type":"WebSite","@id":"https:\/\/montemedio.com\/nl\/#website","url":"https:\/\/montemedio.com\/nl\/","name":"Canyoning Annecy et Sport Mont\u00e9 M\u00e9dio","description":"Partez en qu\u00eate d&#039;\u00e9chapp\u00e9es belles","potentialAction":[{"@type":"SearchAction","target":{"@type":"EntryPoint","urlTemplate":"https:\/\/montemedio.com\/nl\/?s={search_term_string}"},"query-input":{"@type":"PropertyValueSpecification","valueRequired":true,"valueName":"search_term_string"}}],"inLanguage":"nl-NL"}]}},"_links":{"self":[{"href":"https:\/\/montemedio.com\/nl\/wp-json\/wp\/v2\/pages\/25354","targetHints":{"allow":["GET"]}}],"collection":[{"href":"https:\/\/montemedio.com\/nl\/wp-json\/wp\/v2\/pages"}],"about":[{"href":"https:\/\/montemedio.com\/nl\/wp-json\/wp\/v2\/types\/page"}],"author":[{"embeddable":true,"href":"https:\/\/montemedio.com\/nl\/wp-json\/wp\/v2\/users\/1"}],"replies":[{"embeddable":true,"href":"https:\/\/montemedio.com\/nl\/wp-json\/wp\/v2\/comments?post=25354"}],"version-history":[{"count":6,"href":"https:\/\/montemedio.com\/nl\/wp-json\/wp\/v2\/pages\/25354\/revisions"}],"predecessor-version":[{"id":25514,"href":"https:\/\/montemedio.com\/nl\/wp-json\/wp\/v2\/pages\/25354\/revisions\/25514"}],"wp:attachment":[{"href":"https:\/\/montemedio.com\/nl\/wp-json\/wp\/v2\/media?parent=25354"}],"curies":[{"name":"wp","href":"https:\/\/api.w.org\/{rel}","templated":true}]}}