{"id":25361,"date":"2021-01-28T16:30:56","date_gmt":"2021-01-28T15:30:56","guid":{"rendered":"https:\/\/montemedio.com\/?page_id=25361"},"modified":"2023-03-14T10:11:28","modified_gmt":"2023-03-14T09:11:28","slug":"contact-reserveringen","status":"publish","type":"page","link":"https:\/\/montemedio.com\/nl\/contact-reserveringen\/","title":{"rendered":"Contact &#038; reserveringen"},"content":{"rendered":"<div id=\"pl-25361\"  class=\"panel-layout\" ><div id=\"pg-25361-0\"  class=\"panel-grid panel-no-style\" ><div id=\"pgc-25361-0-0\"  class=\"panel-grid-cell\" ><div id=\"panel-25361-0-0-0\" class=\"so-panel widget widget_sow-editor panel-first-child\" data-index=\"0\" ><div\n\t\t\t\n\t\t\tclass=\"so-widget-sow-editor so-widget-sow-editor-base\"\n\t\t\t\n\t\t><h2 class=\"widget-title\">Contact<\/h2>\n<div class=\"siteorigin-widget-tinymce textwidget\">\n\t<div class=\"siteorigin-widget-tinymce textwidget\">\n<p>Je kunt eenvoudig online reserveren. Mocht de gewenste datum of tijd niet beschikbaar is, neem dan contact met ons op.<\/p>\n<\/div>\n<\/div>\n<\/div><\/div><div id=\"panel-25361-0-0-1\" class=\"so-panel widget widget_mm-widget-book-now panel-last-child\" data-index=\"1\" ><div\n\t\t\t\n\t\t\tclass=\"so-widget-mm-widget-book-now so-widget-mm-widget-book-now-base\"\n\t\t\t\n\t\t>\n<a class=\"button button-primary button-pipaluk\" href=\"#\" data-toggle=\"modal\" data-target=\"#mm-widget-book-now-2536110001\">Online reserveren<\/a>\n\n<div class=\"modal fade\" id=\"mm-widget-book-now-2536110001\" tabindex=\"-1\" role=\"dialog\" aria-labelledby=\"mm-widget-book-now-2536110001-title\" aria-hidden=\"true\">\n  <div class=\"modal-dialog modal-dialog-centered modal-lg\" role=\"document\">\n    <div class=\"modal-content\">\n      <div class=\"modal-header\">\n        <span class=\"modal-title\" id=\"mm-widget-book-now-2536110001-title\">Online reserveren<\/span>\n        <button type=\"button\" class=\"close\" data-dismiss=\"modal\" aria-label=\"Close\">\n          <span aria-hidden=\"true\">&times;<\/span>\n        <\/button>\n      <\/div>\n      <div class=\"modal-body\">\n        <div style=\"margin:0 auto; width:auto;\"><script src=\"https:\/\/widget.yoplanning.com\/id\/13614.js\"><\/script><\/div>\n      <\/div>\n      <div class=\"modal-footer\">\n        <button type=\"button\" class=\"btn btn-secondary\" data-dismiss=\"modal\">Close<\/button>\n      <\/div>\n    <\/div>\n  <\/div>\n<\/div>\n<\/div><\/div><\/div><\/div><div id=\"pg-25361-1\"  class=\"panel-grid panel-no-style\" ><div id=\"pgc-25361-1-0\"  class=\"panel-grid-cell\" ><div id=\"panel-25361-1-0-0\" class=\"so-panel widget widget_sow-editor panel-first-child panel-last-child\" data-index=\"2\" ><div\n\t\t\t\n\t\t\tclass=\"so-widget-sow-editor so-widget-sow-editor-base\"\n\t\t\t\n\t\t>\n<div class=\"siteorigin-widget-tinymce textwidget\">\n\t\n<div class=\"wpcf7 no-js\" id=\"wpcf7-f30207-o1\" lang=\"nl-NL\" dir=\"ltr\" data-wpcf7-id=\"30207\">\n<div class=\"screen-reader-response\"><p role=\"status\" aria-live=\"polite\" aria-atomic=\"true\"><\/p> <ul><\/ul><\/div>\n<form action=\"\/nl\/wp-json\/wp\/v2\/pages\/25361#wpcf7-f30207-o1\" method=\"post\" class=\"wpcf7-form init\" aria-label=\"Contactformulier\" novalidate=\"novalidate\" data-status=\"init\">\n<fieldset class=\"hidden-fields-container\"><input type=\"hidden\" name=\"_wpcf7\" value=\"30207\" \/><input type=\"hidden\" name=\"_wpcf7_version\" value=\"6.1.5\" \/><input type=\"hidden\" name=\"_wpcf7_locale\" value=\"nl_NL\" \/><input type=\"hidden\" name=\"_wpcf7_unit_tag\" value=\"wpcf7-f30207-o1\" \/><input type=\"hidden\" name=\"_wpcf7_container_post\" value=\"0\" \/><input type=\"hidden\" name=\"_wpcf7_posted_data_hash\" value=\"\" \/><input type=\"hidden\" name=\"_wpcf7_recaptcha_response\" value=\"\" \/>\n<\/fieldset>\n<div class=\"wpcf7-response-output\" aria-hidden=\"true\"><\/div>\n\n      <div class=\"row row-14 gutters-14\">\n        <div class=\"col-md-6\">\n          <div class=\"row row-14 gutters-14\">\n            <div class=\"col-md-6\">\n              <div class=\"form-wrap\">\n                <label class=\"form-label\" for=\"prenom\">Voornaam<span>*<\/span><\/label>\n                <span class=\"wpcf7-form-control-wrap\" data-name=\"prenom\"><input size=\"40\" maxlength=\"400\" class=\"wpcf7-form-control wpcf7-text wpcf7-validates-as-required form-input\" id=\"prenom\" aria-required=\"true\" aria-invalid=\"false\" placeholder=\"Ex : John\" value=\"\" type=\"text\" name=\"prenom\" \/><\/span>\n              <\/div>\n            <\/div>\n            <div class=\"col-md-6\">\n              <div class=\"form-wrap\">\n                <label class=\"form-label\" for=\"nom\">Naam<span>*<\/span><\/label>\n                <span class=\"wpcf7-form-control-wrap\" data-name=\"nom\"><input size=\"40\" maxlength=\"400\" class=\"wpcf7-form-control wpcf7-text wpcf7-validates-as-required form-input\" id=\"nom\" aria-required=\"true\" aria-invalid=\"false\" placeholder=\"Ex : Doe\" value=\"\" type=\"text\" name=\"nom\" \/><\/span>\n              <\/div>\n            <\/div>\n          <\/div>\n          <div class=\"row row-14 gutters-14\">\n            <div class=\"col-md-6\">\n              <div class=\"form-wrap\">\n                <label class=\"form-label\" for=\"mail\">Email<span>*<\/span><\/label>\n                <span class=\"wpcf7-form-control-wrap\" data-name=\"mail\"><input size=\"40\" maxlength=\"400\" class=\"wpcf7-form-control wpcf7-email wpcf7-validates-as-required wpcf7-text wpcf7-validates-as-email form-input\" id=\"mail\" aria-required=\"true\" aria-invalid=\"false\" placeholder=\"Ex : john.doe@example.com\" value=\"\" type=\"email\" name=\"mail\" \/><\/span>\n              <\/div>\n            <\/div>\n            <div class=\"col-md-6\">\n              <div class=\"form-wrap\">\n                <label class=\"form-label\" for=\"telephone\">Telefoon<\/label>\n                <span class=\"wpcf7-form-control-wrap\" data-name=\"telephone\"><input size=\"40\" maxlength=\"400\" class=\"wpcf7-form-control wpcf7-text form-input\" id=\"telephone\" aria-invalid=\"false\" placeholder=\"Ex : 06 12 13 05 30\" value=\"\" type=\"text\" name=\"telephone\" \/><\/span>\n              <\/div>\n            <\/div>\n          <\/div>\n        <\/div>\n        <div class=\"col-md-6\">\n          <div class=\"form-wrap\">\n            <label class=\"form-label\" for=\"message\">Message<span>*<\/span><\/label>\n            <span class=\"wpcf7-form-control-wrap\" data-name=\"message\"><textarea cols=\"40\" rows=\"10\" maxlength=\"2000\" class=\"wpcf7-form-control wpcf7-textarea wpcf7-validates-as-required form-input textarea-lg\" id=\"message\" aria-required=\"true\" aria-invalid=\"false\" placeholder=\"Jouw bericht hier ...\" name=\"message\"><\/textarea><\/span>\n          <\/div>\n        <\/div>\n        <div class=\"col-12\">\n          <div class=\"form-wrap\">\n            <label class=\"checkbox-inline\">\n              <span class=\"wpcf7-form-control-wrap\" data-name=\"agree\"><span class=\"wpcf7-form-control wpcf7-checkbox\"><span class=\"wpcf7-list-item first last\"><input type=\"checkbox\" name=\"agree[]\" value=\"Ik accepteer uw privacybeleid\" \/><span class=\"wpcf7-list-item-label\">Ik accepteer uw privacybeleid<\/span><\/span><\/span><\/span>\n            <\/label>\n          <\/div>\n        <\/div>\n      <\/div>\n      <button id=\"submit\" class=\"wpcf7-form-control wpcf7-submit button button-primary button-pipaluk\" type=\"submit\">Sturen<\/button>\n<input class=\"wpcf7-form-control wpcf7-hidden\" value=\"\" type=\"hidden\" name=\"page-title\" \/>\n<input class=\"wpcf7-form-control wpcf7-hidden\" value=\"\" type=\"hidden\" name=\"page-url\" \/>\n<\/form>\n<\/div>\n\n<\/div>\n<\/div><\/div><\/div><div id=\"pgc-25361-1-1\"  class=\"panel-grid-cell\" ><div id=\"panel-25361-1-1-0\" class=\"so-panel widget widget_sow-editor panel-first-child panel-last-child\" data-index=\"3\" ><div\n\t\t\t\n\t\t\tclass=\"so-widget-sow-editor so-widget-sow-editor-base\"\n\t\t\t\n\t\t>\n<div class=\"siteorigin-widget-tinymce textwidget\">\n\t<ul class=\"footer-contacts d-inline-block d-sm-block pt-5\">\n<li>\n<div class=\"unit\">\n<div class=\"unit-left\"><span class=\"icon fas fa-phone\">&nbsp;<\/span><\/div>\n<div class=\"unit-body\"><a class=\"link-phone\" href=\"tel:0033612130530\">(+33) 06 12 13 05 30<\/a><\/div>\n<\/div>\n<\/li>\n<li>\n<div class=\"unit\">\n<div class=\"unit-left\"><span class=\"icon fas fa-envelope\">&nbsp;<\/span><\/div>\n<div class=\"unit-body\"><a class=\"link-email\" href=\"mailto:contact@montemedio.com\">contact@montemedio.com<\/a><\/div>\n<\/div>\n<\/li>\n<li>\n<div class=\"unit\">\n<div class=\"unit-left\"><span class=\"icon fas fa-map-marker-alt\">&nbsp;<\/span><\/div>\n<div class=\"unit-body\"><a class=\"\" href=\"https:\/\/g.page\/MonteMedioCanyoningAnnecy?share\" target=\"_blank\" rel=\"noopener\">228 route du ponton, 74290 Talloires<\/a><\/div>\n<\/div>\n<\/li>\n<\/ul>\n<\/div>\n<\/div><\/div><\/div><\/div><div id=\"pg-25361-2\"  class=\"panel-grid panel-has-style\" ><div class=\"siteorigin-panels-stretch panel-row-style panel-row-style-for-25361-2\" data-stretch-type=\"full\" ><div id=\"pgc-25361-2-0\"  class=\"panel-grid-cell\" ><div id=\"panel-25361-2-0-0\" class=\"so-panel widget widget_sow-editor panel-first-child panel-last-child\" data-index=\"4\" ><div class=\"panel-widget-style panel-widget-style-for-25361-2-0-0\" ><div\n\t\t\t\n\t\t\tclass=\"so-widget-sow-editor so-widget-sow-editor-base\"\n\t\t\t\n\t\t>\n<div class=\"siteorigin-widget-tinymce textwidget\">\n\t<p><span class=\"mb-3 d-block d-md-inline\" style=\"font-size: 40px; line-height: 1.2; color: #222222;\">Volg ons op sociale media<\/span><\/p>\n<div class=\"group-social float-none float-md-right\">\n<div class=\"group-md group-middle group-social\">\n<div class=\"group-social\">\n<ul class=\"list-inline list-inline-sm social-list\">\n<li><a class=\"icon fab fa-instagram\" href=\"https:\/\/www.instagram.com\/monte_medio\/\">\u00a0<\/a><\/li>\n<li><a class=\"icon fab fa-facebook\" href=\"https:\/\/www.facebook.com\/montemedio\/\">\u00a0<\/a><\/li>\n<li><a class=\"icon fab fa-youtube\" href=\"https:\/\/www.youtube.com\/channel\/UCb_PvIlUcxivCp5TUehUNLg\">\u00a0<\/a><\/li>\n<\/ul>\n<\/div>\n<\/div>\n<\/div>\n<\/div>\n<\/div><\/div><\/div><\/div><\/div><\/div><div id=\"pg-25361-3\"  class=\"panel-grid panel-has-style\" ><div class=\"red-section-faded siteorigin-panels-stretch panel-row-style panel-row-style-for-25361-3\" data-stretch-type=\"full\" ><div id=\"pgc-25361-3-0\"  class=\"panel-grid-cell\" ><div\n\t\t\t\n\t\t\tclass=\"so-widget-mm-widget-activities so-widget-mm-widget-activities-base\"\n\t\t\t\n\t\t>  <div class=\"row row-30\">\n    <div class=\"col-12\">\n      <h2 class=\"text-left widget-title\">Onze top van activiteiten rondom Annecy<\/h2>\n    <\/div>\n  <\/div>\n\n    <div class=\"row row-30 justify-content-left\">      <div class=\"col-md-6 col-lg-4\">\n        <article class=\"canyoning-item text-center\" style=\"background: url('https:\/\/montemedio.com\/wp-content\/uploads\/2020\/04\/Via-Ferrata-Annecy-Via-Tyro-1-350x350.jpg'), linear-gradient(rgba(0,0,0, 0.3), rgba(0,0,0, 0.3));\">\n          <div class=\"canyoning\">\n            <span class=\"niv\">Level : Accessible<\/span>\n            <h3 class=\"title\">\n              <a href=\"https:\/\/montemedio.com\/nl\/activite\/via-tyro-van-annecy-via-ferrata-tokkelbanen\/\">De Via-Tyro van Annecy &#8211; Via ferrata en tokkelbanen<\/a>\n            <\/h3>\n            <a class=\"button button-primary button-pipaluk\" href=\"https:\/\/montemedio.com\/nl\/activite\/via-tyro-van-annecy-via-ferrata-tokkelbanen\/\">Book Now<\/a>\n            <p class=\"price\">69\u20ac<\/p>\n          <\/div>\n        <\/article>\n      <\/div>\n      <div class=\"col-md-6 col-lg-4\">\n        <article class=\"canyoning-item text-center\" style=\"background: url('https:\/\/montemedio.com\/wp-content\/uploads\/2020\/04\/Canyoning-Annecy-Angon-Boi\u0302te-aux-Lettres-350x350.jpg'), linear-gradient(rgba(0,0,0, 0.3), rgba(0,0,0, 0.3));\">\n          <div class=\"canyoning\">\n            <span class=\"niv\">Level : Accessible<\/span>\n            <h3 class=\"title\">\n              <a href=\"https:\/\/montemedio.com\/nl\/activite\/canyoning-annecy-boite-aux-lettres-angon-brievenbus\/\">Canyoning Annecy Boite aux Lettres Angon &#8220;Brievenbus&#8221;<\/a>\n            <\/h3>\n            <a class=\"button button-primary button-pipaluk\" href=\"https:\/\/montemedio.com\/nl\/activite\/canyoning-annecy-boite-aux-lettres-angon-brievenbus\/\">Book Now<\/a>\n            <p class=\"price\">Vanaf 52\u20ac<\/p>\n          <\/div>\n        <\/article>\n      <\/div>\n      <div class=\"col-md-6 col-lg-4\">\n        <article class=\"canyoning-item text-center\" style=\"background: url('https:\/\/montemedio.com\/wp-content\/uploads\/2020\/04\/Canyoning-Annecy-Angon-Perfectionnement-Angon-7-350x350.jpg'), linear-gradient(rgba(0,0,0, 0.3), rgba(0,0,0, 0.3));\">\n          <div class=\"canyoning\">\n            <span class=\"niv\">Level : Accessible<\/span>\n            <h3 class=\"title\">\n              <a href=\"https:\/\/montemedio.com\/nl\/activite\/canyoning-annecy-angon-ontwikkeling\/\">Canyoning Annecy Angon Ontwikkeling<\/a>\n            <\/h3>\n            <a class=\"button button-primary button-pipaluk\" href=\"https:\/\/montemedio.com\/nl\/activite\/canyoning-annecy-angon-ontwikkeling\/\">Book Now<\/a>\n            <p class=\"price\">69\u20ac<\/p>\n          <\/div>\n        <\/article>\n      <\/div>\n      <div class=\"col-md-6 col-lg-4\">\n        <article class=\"canyoning-item text-center\" style=\"background: url('https:\/\/montemedio.com\/wp-content\/uploads\/2020\/04\/Canyoning-Annecy-Montmin-Sportif-1-350x350.jpg'), linear-gradient(rgba(0,0,0, 0.3), rgba(0,0,0, 0.3));\">\n          <div class=\"canyoning\">\n            <span class=\"niv\">Level : Accessible<\/span>\n            <h3 class=\"title\">\n              <a href=\"https:\/\/montemedio.com\/nl\/activite\/canyoning-annecy-montmin-joch\/\">Canyoning Annecy Montmin Joch<\/a>\n            <\/h3>\n            <a class=\"button button-primary button-pipaluk\" href=\"https:\/\/montemedio.com\/nl\/activite\/canyoning-annecy-montmin-joch\/\">Book Now<\/a>\n            <p class=\"price\">69\u20ac<\/p>\n          <\/div>\n        <\/article>\n      <\/div>\n      <div class=\"col-md-6 col-lg-4\">\n        <article class=\"canyoning-item text-center\" style=\"background: url('https:\/\/montemedio.com\/wp-content\/uploads\/2020\/04\/Cours-escalade-annecy-350x350.jpg'), linear-gradient(rgba(0,0,0, 0.3), rgba(0,0,0, 0.3));\">\n          <div class=\"canyoning\">\n            <span class=\"niv\">Level : Accessible<\/span>\n            <h3 class=\"title\">\n              <a href=\"https:\/\/montemedio.com\/nl\/activite\/escalade-annecy-cours-escalade-falaise\/\">Escalade Annecy &#8211; Cours collectif d&#8217;escalade en falaise<\/a>\n            <\/h3>\n            <a class=\"button button-primary button-pipaluk\" href=\"https:\/\/montemedio.com\/nl\/activite\/escalade-annecy-cours-escalade-falaise\/\">Book Now<\/a>\n            <p class=\"price\">49\u20ac<\/p>\n          <\/div>\n        <\/article>\n      <\/div>\n      <div class=\"col-md-6 col-lg-4\">\n        <article class=\"canyoning-item text-center\" style=\"background: url('https:\/\/montemedio.com\/wp-content\/uploads\/2020\/04\/Parapente-Annecy-Vol-Ascendance-Copie-350x350.jpg'), linear-gradient(rgba(0,0,0, 0.3), rgba(0,0,0, 0.3));\">\n          <div class=\"canyoning\">\n            <span class=\"niv\">Level : Accessible<\/span>\n            <h3 class=\"title\">\n              <a href=\"https:\/\/montemedio.com\/nl\/activite\/parapente-annecy-vol-ascendance\/\">Parapente Annecy Vol Ascendance<\/a>\n            <\/h3>\n            <a class=\"button button-primary button-pipaluk\" href=\"https:\/\/montemedio.com\/nl\/activite\/parapente-annecy-vol-ascendance\/\">Book Now<\/a>\n            <p class=\"price\">145\u20ac<\/p>\n          <\/div>\n        <\/article>\n      <\/div>\n    <\/div><\/div><\/div><\/div><\/div><\/div>","protected":false},"excerpt":{"rendered":"<p>Je kunt eenvoudig online reserveren. Mocht de gewenste datum of tijd niet beschikbaar is, neem dan contact met ons op. &nbsp; (+33) 06 12 13 05 30 &nbsp; contact@montemedio.com &nbsp; 228 route du ponton, 74290 Talloires<\/p>\n","protected":false},"author":1,"featured_media":0,"parent":0,"menu_order":0,"comment_status":"closed","ping_status":"closed","template":"","meta":{"footnotes":""},"class_list":["post-25361","page","type-page","status-publish","hentry"],"yoast_head":"<!-- This site is optimized with the Yoast SEO Premium plugin v26.8 (Yoast SEO v27.3) - https:\/\/yoast.com\/product\/yoast-seo-premium-wordpress\/ -->\n<title>Contact &amp; reserveringen &#8211; Canyoning Annecy et Sport Mont\u00e9 M\u00e9dio<\/title>\n<meta name=\"robots\" content=\"index, follow, max-snippet:-1, max-image-preview:large, max-video-preview:-1\" \/>\n<link rel=\"canonical\" href=\"https:\/\/montemedio.com\/nl\/contact-reserveringen\/\" \/>\n<meta property=\"og:locale\" content=\"nl_NL\" \/>\n<meta property=\"og:type\" content=\"article\" \/>\n<meta property=\"og:title\" content=\"Contact &amp; reserveringen\" \/>\n<meta property=\"og:description\" content=\"Je kunt eenvoudig online reserveren. Mocht de gewenste datum of tijd niet beschikbaar is, neem dan contact met ons op. &nbsp; (+33) 06 12 13 05 30 &nbsp; contact@montemedio.com &nbsp; 228 route du ponton, 74290 Talloires\" \/>\n<meta property=\"og:url\" content=\"https:\/\/montemedio.com\/nl\/contact-reserveringen\/\" \/>\n<meta property=\"og:site_name\" content=\"Canyoning Annecy et Sport Mont\u00e9 M\u00e9dio\" \/>\n<meta property=\"article:publisher\" content=\"https:\/\/www.facebook.com\/montemedio\/\" \/>\n<meta property=\"article:modified_time\" content=\"2023-03-14T09:11:28+00:00\" \/>\n<meta name=\"twitter:card\" content=\"summary_large_image\" \/>\n<meta name=\"twitter:label1\" content=\"Geschatte leestijd\" \/>\n\t<meta name=\"twitter:data1\" content=\"1 minuut\" \/>\n<script type=\"application\/ld+json\" class=\"yoast-schema-graph\">{\"@context\":\"https:\\\/\\\/schema.org\",\"@graph\":[{\"@type\":\"WebPage\",\"@id\":\"https:\\\/\\\/montemedio.com\\\/nl\\\/contact-reserveringen\\\/\",\"url\":\"https:\\\/\\\/montemedio.com\\\/nl\\\/contact-reserveringen\\\/\",\"name\":\"Contact & reserveringen &#8211; Canyoning Annecy et Sport Mont\u00e9 M\u00e9dio\",\"isPartOf\":{\"@id\":\"https:\\\/\\\/montemedio.com\\\/nl\\\/#website\"},\"datePublished\":\"2021-01-28T15:30:56+00:00\",\"dateModified\":\"2023-03-14T09:11:28+00:00\",\"breadcrumb\":{\"@id\":\"https:\\\/\\\/montemedio.com\\\/nl\\\/contact-reserveringen\\\/#breadcrumb\"},\"inLanguage\":\"nl-NL\",\"potentialAction\":[{\"@type\":\"ReadAction\",\"target\":[\"https:\\\/\\\/montemedio.com\\\/nl\\\/contact-reserveringen\\\/\"]}]},{\"@type\":\"BreadcrumbList\",\"@id\":\"https:\\\/\\\/montemedio.com\\\/nl\\\/contact-reserveringen\\\/#breadcrumb\",\"itemListElement\":[{\"@type\":\"ListItem\",\"position\":1,\"name\":\"Accueil\",\"item\":\"https:\\\/\\\/montemedio.com\\\/nl\\\/\"},{\"@type\":\"ListItem\",\"position\":2,\"name\":\"Contact &#038; reserveringen\"}]},{\"@type\":\"WebSite\",\"@id\":\"https:\\\/\\\/montemedio.com\\\/nl\\\/#website\",\"url\":\"https:\\\/\\\/montemedio.com\\\/nl\\\/\",\"name\":\"Canyoning Annecy et Sport Mont\u00e9 M\u00e9dio\",\"description\":\"Partez en qu\u00eate d&#039;\u00e9chapp\u00e9es belles\",\"potentialAction\":[{\"@type\":\"SearchAction\",\"target\":{\"@type\":\"EntryPoint\",\"urlTemplate\":\"https:\\\/\\\/montemedio.com\\\/nl\\\/?s={search_term_string}\"},\"query-input\":{\"@type\":\"PropertyValueSpecification\",\"valueRequired\":true,\"valueName\":\"search_term_string\"}}],\"inLanguage\":\"nl-NL\"}]}<\/script>\n<!-- \/ Yoast SEO Premium plugin. -->","yoast_head_json":{"title":"Contact & reserveringen &#8211; Canyoning Annecy et Sport Mont\u00e9 M\u00e9dio","robots":{"index":"index","follow":"follow","max-snippet":"max-snippet:-1","max-image-preview":"max-image-preview:large","max-video-preview":"max-video-preview:-1"},"canonical":"https:\/\/montemedio.com\/nl\/contact-reserveringen\/","og_locale":"nl_NL","og_type":"article","og_title":"Contact & reserveringen","og_description":"Je kunt eenvoudig online reserveren. Mocht de gewenste datum of tijd niet beschikbaar is, neem dan contact met ons op. &nbsp; (+33) 06 12 13 05 30 &nbsp; contact@montemedio.com &nbsp; 228 route du ponton, 74290 Talloires","og_url":"https:\/\/montemedio.com\/nl\/contact-reserveringen\/","og_site_name":"Canyoning Annecy et Sport Mont\u00e9 M\u00e9dio","article_publisher":"https:\/\/www.facebook.com\/montemedio\/","article_modified_time":"2023-03-14T09:11:28+00:00","twitter_card":"summary_large_image","twitter_misc":{"Geschatte leestijd":"1 minuut"},"schema":{"@context":"https:\/\/schema.org","@graph":[{"@type":"WebPage","@id":"https:\/\/montemedio.com\/nl\/contact-reserveringen\/","url":"https:\/\/montemedio.com\/nl\/contact-reserveringen\/","name":"Contact & reserveringen &#8211; Canyoning Annecy et Sport Mont\u00e9 M\u00e9dio","isPartOf":{"@id":"https:\/\/montemedio.com\/nl\/#website"},"datePublished":"2021-01-28T15:30:56+00:00","dateModified":"2023-03-14T09:11:28+00:00","breadcrumb":{"@id":"https:\/\/montemedio.com\/nl\/contact-reserveringen\/#breadcrumb"},"inLanguage":"nl-NL","potentialAction":[{"@type":"ReadAction","target":["https:\/\/montemedio.com\/nl\/contact-reserveringen\/"]}]},{"@type":"BreadcrumbList","@id":"https:\/\/montemedio.com\/nl\/contact-reserveringen\/#breadcrumb","itemListElement":[{"@type":"ListItem","position":1,"name":"Accueil","item":"https:\/\/montemedio.com\/nl\/"},{"@type":"ListItem","position":2,"name":"Contact &#038; reserveringen"}]},{"@type":"WebSite","@id":"https:\/\/montemedio.com\/nl\/#website","url":"https:\/\/montemedio.com\/nl\/","name":"Canyoning Annecy et Sport Mont\u00e9 M\u00e9dio","description":"Partez en qu\u00eate d&#039;\u00e9chapp\u00e9es belles","potentialAction":[{"@type":"SearchAction","target":{"@type":"EntryPoint","urlTemplate":"https:\/\/montemedio.com\/nl\/?s={search_term_string}"},"query-input":{"@type":"PropertyValueSpecification","valueRequired":true,"valueName":"search_term_string"}}],"inLanguage":"nl-NL"}]}},"_links":{"self":[{"href":"https:\/\/montemedio.com\/nl\/wp-json\/wp\/v2\/pages\/25361","targetHints":{"allow":["GET"]}}],"collection":[{"href":"https:\/\/montemedio.com\/nl\/wp-json\/wp\/v2\/pages"}],"about":[{"href":"https:\/\/montemedio.com\/nl\/wp-json\/wp\/v2\/types\/page"}],"author":[{"embeddable":true,"href":"https:\/\/montemedio.com\/nl\/wp-json\/wp\/v2\/users\/1"}],"replies":[{"embeddable":true,"href":"https:\/\/montemedio.com\/nl\/wp-json\/wp\/v2\/comments?post=25361"}],"version-history":[{"count":13,"href":"https:\/\/montemedio.com\/nl\/wp-json\/wp\/v2\/pages\/25361\/revisions"}],"predecessor-version":[{"id":30250,"href":"https:\/\/montemedio.com\/nl\/wp-json\/wp\/v2\/pages\/25361\/revisions\/30250"}],"wp:attachment":[{"href":"https:\/\/montemedio.com\/nl\/wp-json\/wp\/v2\/media?parent=25361"}],"curies":[{"name":"wp","href":"https:\/\/api.w.org\/{rel}","templated":true}]}}