{"id":25371,"date":"2021-02-02T12:42:32","date_gmt":"2021-02-02T11:42:32","guid":{"rendered":"https:\/\/montemedio.com\/?page_id=25371"},"modified":"2021-02-02T12:42:32","modified_gmt":"2021-02-02T11:42:32","slug":"juridische-informatie","status":"publish","type":"page","link":"https:\/\/montemedio.com\/nl\/juridische-informatie\/","title":{"rendered":"Juridische informatie"},"content":{"rendered":"<div id=\"pl-25371\"  class=\"panel-layout\" >\n<div id=\"pg-25371-0\"  class=\"panel-grid panel-no-style\"  data-style=\"{&quot;background_image_attachment&quot;:false,&quot;background_display&quot;:&quot;tile&quot;,&quot;cell_alignment&quot;:&quot;flex-start&quot;}\"  data-ratio=\"1\"  data-ratio-direction=\"right\" >\n<div id=\"pgc-25371-0-0\"  class=\"panel-grid-cell\"  data-weight=\"1\" >\n<div id=\"panel-25371-0-0-0\" class=\"so-panel widget widget_text panel-first-child panel-last-child\" data-index=\"0\" data-style=\"{&quot;background_image_attachment&quot;:false,&quot;background_display&quot;:&quot;tile&quot;}\" >\n<div class=\"textwidget\">\n<p><strong>De website van Mont\u00e9 M\u00e9dio <\/strong><a href=\"https:\/\/www.montemedio.com\/\" target=\"_blank\" rel=\"noopener noreferrer\">https:\/\/www.montemedio.com<\/a><\/p>\n<p>is\u00a0 eigendom van <strong>SYNDICAT LOCAL MONTE MEDIO en van SARL MONTEMEDIO; <\/strong>redactiechef: Romain Isnart<\/p>\n<p><strong>De website wordt gehost<\/strong> door OVH \u2013 Hoofdkantoor : 2 rue Kellermann \u2013 59100 Roubaix \u2013 Frankrijk<\/p>\n<p><strong>Hoofdkantoor SYNDICAT LOCAL MONTE MEDIO<\/strong> en <strong>SARL MONTEMEDIO<\/strong> 432 route des Vignes 74290 TALLOIRES- MONTMIN &#8211; Frankrijk<\/p>\n<p><strong>SIRET-nummer<\/strong>\u00a0817 696 420 00014<\/p>\n<p><strong>Hoofdactiviteit<\/strong>\u00a09411Z Activiteiten van werkgevers- en consulaire organisaties<\/p>\n<p><strong>E-mail adres<\/strong> : <a href=\"mailto:contact@montemedio.com\">contact@montemedio.com<\/a><\/p>\n<p><strong>Telefoon<\/strong>\u00a0: <a href=\"tel:0033612130530\">+33 6 12 13 05 30<\/a><\/p>\n<p><strong>Copyright :\u00a0<\/strong>Deze website valt onder de Franse en internationale wetgeving inzake copyright. Alle reproductierechten zijn voorbehouden, all rights reserved, inclusief de downloadbare documenten en alle foto&#8217;s. (copyright Mont\u00e9 M\u00e9dio, VVV meer van Annecy of partners).<br \/>\nReproductie van de gehele of een deel van deze site is op welke manier dan ook\u00a0 strikt verboden zonder de uitdrukkelijke toestemming van de redactiechef.<\/p>\n<p><strong>Wijzigingen :\u00a0<\/strong>De redactie behoudt zich het recht voor om de inhoud van de sites en deze juridische informatie op elk moment en zonder kennisgeving te wijzigen of te corrigeren.<\/p>\n<p><strong>Links naar andere websites :\u00a0<\/strong>Links naar andere websites op deze site zijn uitsluitend bedoeld om u de meest volledige informatie te verstrekken.<br \/>\nOm deze reden zijn wij niet verantwoordelijk voor deze sites, de informatie die erop staat, de software die gebruikt wordt of andere documenten die je daar aantreft, of voor de gevolgen van het gebruik ervan. Als je besluit externe sites te bezoeken die aan onze site gelinkt zijn, is dat je eigen verantwoordelijkheid.<\/p>\n<p><strong>Disclaimer :\u00a0<\/strong>De gebruiker van deze site is zelf verantwoordelijk voor de bescherming van zijn persoonlijke gegevens en\/of software\u00a0 tegen besmetting door virussen.<br \/>\nMont\u00e9 M\u00e9dio kan niet aansprakelijk worden gesteld voor enige directe of indirecte schade die voortvloeit uit het gebruik van de deze website of gelinkte sites; met name de niet-toegankelijkheid, storingen in verband met het internetnetwerk, onderhoud of updates van de host.<br \/>\nDeze website valt onder de Franse wetgeving.<\/p>\n<\/div><\/div>\n<\/div>\n<\/div>\n<\/div>\n","protected":false},"excerpt":{"rendered":"<p>De website van Mont\u00e9 M\u00e9dio https:\/\/www.montemedio.com is\u00a0 eigendom van SYNDICAT LOCAL MONTE MEDIO en van SARL MONTEMEDIO; redactiechef: Romain Isnart De website wordt gehost door OVH \u2013 Hoofdkantoor : 2 rue Kellermann \u2013 59100 Roubaix \u2013 Frankrijk Hoofdkantoor SYNDICAT LOCAL MONTE MEDIO en SARL MONTEMEDIO 432 route des Vignes 74290 TALLOIRES- MONTMIN &#8211; Frankrijk SIRET-nummer\u00a0817 [&hellip;]<\/p>\n","protected":false},"author":1,"featured_media":0,"parent":0,"menu_order":0,"comment_status":"closed","ping_status":"closed","template":"","meta":{"footnotes":""},"class_list":["post-25371","page","type-page","status-publish","hentry"],"yoast_head":"<!-- This site is optimized with the Yoast SEO Premium plugin v26.8 (Yoast SEO v27.3) - https:\/\/yoast.com\/product\/yoast-seo-premium-wordpress\/ -->\n<title>Juridische informatie &#8211; Canyoning Annecy et Sport Mont\u00e9 M\u00e9dio<\/title>\n<meta name=\"robots\" content=\"noindex, nofollow\" \/>\n<meta property=\"og:locale\" content=\"nl_NL\" \/>\n<meta property=\"og:type\" content=\"article\" \/>\n<meta property=\"og:title\" content=\"Juridische informatie\" \/>\n<meta property=\"og:description\" content=\"De website van Mont\u00e9 M\u00e9dio https:\/\/www.montemedio.com is\u00a0 eigendom van SYNDICAT LOCAL MONTE MEDIO en van SARL MONTEMEDIO; redactiechef: Romain Isnart De website wordt gehost door OVH \u2013 Hoofdkantoor : 2 rue Kellermann \u2013 59100 Roubaix \u2013 Frankrijk Hoofdkantoor SYNDICAT LOCAL MONTE MEDIO en SARL MONTEMEDIO 432 route des Vignes 74290 TALLOIRES- MONTMIN &#8211; Frankrijk SIRET-nummer\u00a0817 [&hellip;]\" \/>\n<meta property=\"og:url\" content=\"https:\/\/montemedio.com\/nl\/juridische-informatie\/\" \/>\n<meta property=\"og:site_name\" content=\"Canyoning Annecy et Sport Mont\u00e9 M\u00e9dio\" \/>\n<meta property=\"article:publisher\" content=\"https:\/\/www.facebook.com\/montemedio\/\" \/>\n<meta name=\"twitter:card\" content=\"summary_large_image\" \/>\n<meta name=\"twitter:label1\" content=\"Geschatte leestijd\" \/>\n\t<meta name=\"twitter:data1\" content=\"2 minuten\" \/>\n<script type=\"application\/ld+json\" class=\"yoast-schema-graph\">{\"@context\":\"https:\\\/\\\/schema.org\",\"@graph\":[{\"@type\":\"WebPage\",\"@id\":\"https:\\\/\\\/montemedio.com\\\/nl\\\/juridische-informatie\\\/\",\"url\":\"https:\\\/\\\/montemedio.com\\\/nl\\\/juridische-informatie\\\/\",\"name\":\"Juridische informatie &#8211; Canyoning Annecy et Sport Mont\u00e9 M\u00e9dio\",\"isPartOf\":{\"@id\":\"https:\\\/\\\/montemedio.com\\\/nl\\\/#website\"},\"datePublished\":\"2021-02-02T11:42:32+00:00\",\"breadcrumb\":{\"@id\":\"https:\\\/\\\/montemedio.com\\\/nl\\\/juridische-informatie\\\/#breadcrumb\"},\"inLanguage\":\"nl-NL\",\"potentialAction\":[{\"@type\":\"ReadAction\",\"target\":[\"https:\\\/\\\/montemedio.com\\\/nl\\\/juridische-informatie\\\/\"]}]},{\"@type\":\"BreadcrumbList\",\"@id\":\"https:\\\/\\\/montemedio.com\\\/nl\\\/juridische-informatie\\\/#breadcrumb\",\"itemListElement\":[{\"@type\":\"ListItem\",\"position\":1,\"name\":\"Accueil\",\"item\":\"https:\\\/\\\/montemedio.com\\\/nl\\\/\"},{\"@type\":\"ListItem\",\"position\":2,\"name\":\"Juridische informatie\"}]},{\"@type\":\"WebSite\",\"@id\":\"https:\\\/\\\/montemedio.com\\\/nl\\\/#website\",\"url\":\"https:\\\/\\\/montemedio.com\\\/nl\\\/\",\"name\":\"Canyoning Annecy et Sport Mont\u00e9 M\u00e9dio\",\"description\":\"Partez en qu\u00eate d&#039;\u00e9chapp\u00e9es belles\",\"potentialAction\":[{\"@type\":\"SearchAction\",\"target\":{\"@type\":\"EntryPoint\",\"urlTemplate\":\"https:\\\/\\\/montemedio.com\\\/nl\\\/?s={search_term_string}\"},\"query-input\":{\"@type\":\"PropertyValueSpecification\",\"valueRequired\":true,\"valueName\":\"search_term_string\"}}],\"inLanguage\":\"nl-NL\"}]}<\/script>\n<!-- \/ Yoast SEO Premium plugin. -->","yoast_head_json":{"title":"Juridische informatie &#8211; Canyoning Annecy et Sport Mont\u00e9 M\u00e9dio","robots":{"index":"noindex","follow":"nofollow"},"og_locale":"nl_NL","og_type":"article","og_title":"Juridische informatie","og_description":"De website van Mont\u00e9 M\u00e9dio https:\/\/www.montemedio.com is\u00a0 eigendom van SYNDICAT LOCAL MONTE MEDIO en van SARL MONTEMEDIO; redactiechef: Romain Isnart De website wordt gehost door OVH \u2013 Hoofdkantoor : 2 rue Kellermann \u2013 59100 Roubaix \u2013 Frankrijk Hoofdkantoor SYNDICAT LOCAL MONTE MEDIO en SARL MONTEMEDIO 432 route des Vignes 74290 TALLOIRES- MONTMIN &#8211; Frankrijk SIRET-nummer\u00a0817 [&hellip;]","og_url":"https:\/\/montemedio.com\/nl\/juridische-informatie\/","og_site_name":"Canyoning Annecy et Sport Mont\u00e9 M\u00e9dio","article_publisher":"https:\/\/www.facebook.com\/montemedio\/","twitter_card":"summary_large_image","twitter_misc":{"Geschatte leestijd":"2 minuten"},"schema":{"@context":"https:\/\/schema.org","@graph":[{"@type":"WebPage","@id":"https:\/\/montemedio.com\/nl\/juridische-informatie\/","url":"https:\/\/montemedio.com\/nl\/juridische-informatie\/","name":"Juridische informatie &#8211; Canyoning Annecy et Sport Mont\u00e9 M\u00e9dio","isPartOf":{"@id":"https:\/\/montemedio.com\/nl\/#website"},"datePublished":"2021-02-02T11:42:32+00:00","breadcrumb":{"@id":"https:\/\/montemedio.com\/nl\/juridische-informatie\/#breadcrumb"},"inLanguage":"nl-NL","potentialAction":[{"@type":"ReadAction","target":["https:\/\/montemedio.com\/nl\/juridische-informatie\/"]}]},{"@type":"BreadcrumbList","@id":"https:\/\/montemedio.com\/nl\/juridische-informatie\/#breadcrumb","itemListElement":[{"@type":"ListItem","position":1,"name":"Accueil","item":"https:\/\/montemedio.com\/nl\/"},{"@type":"ListItem","position":2,"name":"Juridische informatie"}]},{"@type":"WebSite","@id":"https:\/\/montemedio.com\/nl\/#website","url":"https:\/\/montemedio.com\/nl\/","name":"Canyoning Annecy et Sport Mont\u00e9 M\u00e9dio","description":"Partez en qu\u00eate d&#039;\u00e9chapp\u00e9es belles","potentialAction":[{"@type":"SearchAction","target":{"@type":"EntryPoint","urlTemplate":"https:\/\/montemedio.com\/nl\/?s={search_term_string}"},"query-input":{"@type":"PropertyValueSpecification","valueRequired":true,"valueName":"search_term_string"}}],"inLanguage":"nl-NL"}]}},"_links":{"self":[{"href":"https:\/\/montemedio.com\/nl\/wp-json\/wp\/v2\/pages\/25371","targetHints":{"allow":["GET"]}}],"collection":[{"href":"https:\/\/montemedio.com\/nl\/wp-json\/wp\/v2\/pages"}],"about":[{"href":"https:\/\/montemedio.com\/nl\/wp-json\/wp\/v2\/types\/page"}],"author":[{"embeddable":true,"href":"https:\/\/montemedio.com\/nl\/wp-json\/wp\/v2\/users\/1"}],"replies":[{"embeddable":true,"href":"https:\/\/montemedio.com\/nl\/wp-json\/wp\/v2\/comments?post=25371"}],"version-history":[{"count":3,"href":"https:\/\/montemedio.com\/nl\/wp-json\/wp\/v2\/pages\/25371\/revisions"}],"predecessor-version":[{"id":25600,"href":"https:\/\/montemedio.com\/nl\/wp-json\/wp\/v2\/pages\/25371\/revisions\/25600"}],"wp:attachment":[{"href":"https:\/\/montemedio.com\/nl\/wp-json\/wp\/v2\/media?parent=25371"}],"curies":[{"name":"wp","href":"https:\/\/api.w.org\/{rel}","templated":true}]}}