{"id":25404,"date":"2021-02-06T17:08:42","date_gmt":"2021-02-06T16:08:42","guid":{"rendered":"https:\/\/montemedio.com\/?page_id=25404"},"modified":"2023-03-14T12:27:17","modified_gmt":"2023-03-14T11:27:17","slug":"stand-up-paddle-sup","status":"publish","type":"page","link":"https:\/\/montemedio.com\/nl\/stand-up-paddle-sup\/","title":{"rendered":"Stand Up Paddle (SUP)"},"content":{"rendered":"<div id=\"pl-25404\"  class=\"panel-layout\" ><div id=\"pg-25404-0\"  class=\"panel-grid panel-no-style\" ><div id=\"pgc-25404-0-0\"  class=\"panel-grid-cell\" ><div id=\"panel-25404-0-0-0\" class=\"so-panel widget widget_text panel-first-child panel-last-child\" data-index=\"0\" >\t\t\t<div class=\"textwidget\"><p>De Stand Up Paddle, of suppen,\u00a0 verscheen een aantal geleden op het meer van Annecy. Oorspronkelijk wordt deze board- sport beoefend in de golven van de zee&#8230;<\/p>\n<\/div>\n\t\t<\/div><\/div><\/div><div id=\"pg-25404-1\"  class=\"panel-grid panel-no-style\" ><div id=\"pgc-25404-1-0\"  class=\"panel-grid-cell\" ><div id=\"panel-25404-1-0-0\" class=\"so-panel widget widget_text panel-first-child panel-last-child\" data-index=\"1\" >\t\t\t<div class=\"textwidget\"><h2 class=\"red\">Angon, het mooiste startpunt voor een Stand Up Paddle-tochtje op het meer van Annecy.<\/h2>\n<p>De Stand Up Paddle, of het suppen, is een heerlijke en actieve manier om over het blauwe water van het meer van Annecy te glijden: op je board staande en peddelen maar!<\/p>\n<p>Wij bevinden ons in Angon bij Talloires (30 minuten van Annecy). Het is een prachtplek om te suppen: de baai van Talloires is heel mooi en het water is kalm&#8230; We zullen je een briefing geven om je de techniek van het suppen te leren of bij te spijkeren&#8230;. en je kunt gaan genieten!<\/p>\n<p>Met <a href=\"http:\/\/www.stand-up-paddle-annecy.com\/\" target=\"_blank\" rel=\"noopener\">Gliss&#8217;cool<\/a><\/p>\n<\/div>\n\t\t<\/div><\/div><div id=\"pgc-25404-1-1\"  class=\"panel-grid-cell\" ><div id=\"panel-25404-1-1-0\" class=\"so-panel widget widget_media_image panel-first-child panel-last-child\" data-index=\"2\" ><img decoding=\"async\" width=\"500\" height=\"334\" src=\"https:\/\/montemedio.com\/wp-content\/uploads\/2020\/04\/Stand-Up-Paddle-Annecy-Monte-Medio.jpg\" class=\"image wp-image-11161 rounded attachment-full size-full\" alt=\"stand-up-paddle-annecy\" style=\"max-width: 100%; height: auto;\" srcset=\"https:\/\/montemedio.com\/wp-content\/uploads\/2020\/04\/Stand-Up-Paddle-Annecy-Monte-Medio.jpg 500w, https:\/\/montemedio.com\/wp-content\/uploads\/2020\/04\/Stand-Up-Paddle-Annecy-Monte-Medio-300x200.jpg 300w, https:\/\/montemedio.com\/wp-content\/uploads\/2020\/04\/Stand-Up-Paddle-Annecy-Monte-Medio-272x182.jpg 272w\" sizes=\"(max-width: 500px) 100vw, 500px\" \/><\/div><\/div><\/div><div id=\"pg-25404-2\"  class=\"panel-grid panel-no-style\" ><div id=\"pgc-25404-2-0\"  class=\"panel-grid-cell\" ><div id=\"panel-25404-2-0-0\" class=\"so-panel widget widget_media_video panel-first-child panel-last-child\" data-index=\"3\" ><div style=\"width:100%;\" class=\"wp-video\"><video class=\"wp-video-shortcode\" id=\"video-25404-1\" preload=\"metadata\" controls=\"controls\"><source type=\"video\/vimeo\" src=\"https:\/\/vimeo.com\/226517524?loop=0&#038;_=1\" \/><a href=\"https:\/\/vimeo.com\/226517524?loop=0\">https:\/\/vimeo.com\/226517524?loop=0<\/a><\/video><\/div><\/div><\/div><\/div><div id=\"pg-25404-3\"  class=\"panel-grid panel-no-style\" ><div id=\"pgc-25404-3-0\"  class=\"panel-grid-cell\" ><div id=\"panel-25404-3-0-0\" class=\"so-panel widget widget_black-studio-tinymce widget_black_studio_tinymce panel-first-child panel-last-child\" data-index=\"4\" ><div class=\"text-center rounded panel-widget-style panel-widget-style-for-25404-3-0-0\" ><div class=\"textwidget\">&nbsp;\n<div class=\"svg-icon mb-3\"><img decoding=\"async\" src=\"https:\/\/montemedio.com\/wp-content\/themes\/monte-medio\/assets\/images\/insurance 2.svg\" alt=\"\" \/><\/div>\n<h2 class=\"info-box-title vert\">Kom in Angon suppen op een droomplek<\/h2><\/div><\/div><\/div><\/div><div id=\"pgc-25404-3-1\"  class=\"panel-grid-cell\" ><div id=\"panel-25404-3-1-0\" class=\"so-panel widget widget_black-studio-tinymce widget_black_studio_tinymce panel-first-child panel-last-child\" data-index=\"5\" ><div class=\"text-center rounded panel-widget-style panel-widget-style-for-25404-3-1-0\" ><div class=\"textwidget\">&nbsp;\n<div class=\"svg-icon mb-3\"><img decoding=\"async\" src=\"https:\/\/montemedio.com\/wp-content\/themes\/monte-medio\/assets\/images\/map.svg\" alt=\"\" \/><\/div>\n<h2 class=\"info-box-title vert\">De eerste stand-up paddle basis aan het meer van Annecy<\/h2><\/div><\/div><\/div><\/div><div id=\"pgc-25404-3-2\"  class=\"panel-grid-cell\" ><div id=\"panel-25404-3-2-0\" class=\"so-panel widget widget_black-studio-tinymce widget_black_studio_tinymce panel-first-child panel-last-child\" data-index=\"6\" ><div class=\"text-center rounded panel-widget-style panel-widget-style-for-25404-3-2-0\" ><div class=\"textwidget\">&nbsp;\n<div class=\"svg-icon mb-3\"><img decoding=\"async\" src=\"https:\/\/montemedio.com\/wp-content\/themes\/monte-medio\/assets\/images\/beach.svg\" alt=\"\" \/><\/div>\n<h2 class=\"info-box-title vert\">Kom na het suppen genieten van onze snack met uitzicht op het meer<\/h2><\/div><\/div><\/div><\/div><\/div><div id=\"pg-25404-4\"  class=\"panel-grid panel-no-style\" ><div id=\"pgc-25404-4-0\"  class=\"panel-grid-cell\" ><div id=\"panel-25404-4-0-0\" class=\"so-panel widget widget_black-studio-tinymce widget_black_studio_tinymce panel-first-child panel-last-child\" data-index=\"7\" ><div class=\"text-center text-md-left rounded panel-widget-style panel-widget-style-for-25404-4-0-0\" ><div class=\"textwidget\"><div class=\"svg-icon mb-3 mb-md-0\"><img decoding=\"async\" src=\"https:\/\/montemedio.com\/wp-content\/themes\/monte-medio\/assets\/images\/casque.svg\" alt=\"\" \/><\/div>\n<h2 class=\"info-box-title d-block d-md-inline ml-md-2 align-top\">Topmateriaal en uitrusting<\/h2><\/div><\/div><\/div><\/div><div id=\"pgc-25404-4-1\"  class=\"panel-grid-cell\" ><div id=\"panel-25404-4-1-0\" class=\"so-panel widget widget_black-studio-tinymce widget_black_studio_tinymce panel-first-child panel-last-child\" data-index=\"8\" ><div class=\"text-center text-md-left rounded panel-widget-style panel-widget-style-for-25404-4-1-0\" ><div class=\"textwidget\"><div class=\"svg-icon mb-3 mb-md-0\"><img decoding=\"async\" src=\"https:\/\/montemedio.com\/wp-content\/themes\/monte-medio\/assets\/images\/happy.svg\" alt=\"\" \/><\/div>\n<h2 class=\"info-box-title d-block d-md-inline ml-md-2 align-top\">10 jaar ervaring<\/h2><\/div><\/div><\/div><\/div><\/div><div id=\"pg-25404-5\"  class=\"panel-grid panel-has-style\" ><div class=\"siteorigin-panels-stretch panel-row-style panel-row-style-for-25404-5\" data-stretch-type=\"full\" ><div id=\"pgc-25404-5-0\"  class=\"panel-grid-cell\" ><div id=\"panel-25404-5-0-0\" class=\"so-panel widget widget_text panel-first-child panel-last-child\" data-index=\"9\" ><h2 class=\"widget-title\">Onze andere activiteiten<\/h2>\t\t\t<div class=\"textwidget\"><\/div>\n\t\t<\/div><\/div><\/div><\/div><div id=\"pg-25404-6\"  class=\"panel-grid panel-has-style\" ><div class=\"red-section-faded siteorigin-panels-stretch panel-row-style panel-row-style-for-25404-6\" data-stretch-type=\"full\" ><div id=\"pgc-25404-6-0\"  class=\"panel-grid-cell\" ><div class=\"home-activities panel-cell-style panel-cell-style-for-25404-6-0\" ><div id=\"panel-25404-6-0-0\" class=\"so-panel widget widget_text panel-first-child panel-last-child\" data-index=\"10\" ><div class=\"panel-widget-style panel-widget-style-for-25404-6-0-0\" >\t\t\t<div class=\"textwidget\"><h2 class=\"box-icon-classic-title\"><a href=\"https:\/\/montemedio.com\/canyoning-annecy\/\">Canyoning<\/a><\/h2>\n<\/div>\n\t\t<\/div><\/div><\/div><\/div><div id=\"pgc-25404-6-1\"  class=\"panel-grid-cell\" ><div class=\"home-activities panel-cell-style panel-cell-style-for-25404-6-1\" ><div id=\"panel-25404-6-1-0\" class=\"so-panel widget widget_text panel-first-child panel-last-child\" data-index=\"11\" ><div class=\"panel-widget-style panel-widget-style-for-25404-6-1-0\" >\t\t\t<div class=\"textwidget\"><h2 class=\"box-icon-classic-title\"><a href=\"https:\/\/montemedio.com\/escalade-annecy\/\">Rotsklimmen<\/a><\/h2>\n<\/div>\n\t\t<\/div><\/div><\/div><\/div><div id=\"pgc-25404-6-2\"  class=\"panel-grid-cell\" ><div class=\"home-activities panel-cell-style panel-cell-style-for-25404-6-2\" ><div id=\"panel-25404-6-2-0\" class=\"so-panel widget widget_text panel-first-child panel-last-child\" data-index=\"12\" ><div class=\"panel-widget-style panel-widget-style-for-25404-6-2-0\" >\t\t\t<div class=\"textwidget\"><h2 class=\"box-icon-classic-title\"><a href=\"https:\/\/montemedio.com\/parapente-annecy\/\">Paragliden<\/a><\/h2>\n<\/div>\n\t\t<\/div><\/div><\/div><\/div><div id=\"pgc-25404-6-3\"  class=\"panel-grid-cell\" ><div class=\"home-activities panel-cell-style panel-cell-style-for-25404-6-3\" ><div id=\"panel-25404-6-3-0\" class=\"so-panel widget widget_text panel-first-child panel-last-child\" data-index=\"13\" ><div class=\"panel-widget-style panel-widget-style-for-25404-6-3-0\" >\t\t\t<div class=\"textwidget\"><h2 class=\"box-icon-classic-title\"><a href=\"https:\/\/montemedio.com\/via-ferrata-annecy\/\">Via Ferrata<\/a><\/h2>\n<\/div>\n\t\t<\/div><\/div><\/div><\/div><\/div><\/div><div id=\"pg-25404-7\"  class=\"panel-grid panel-has-style\" ><div id=\"contact\" class=\"panel-row-style panel-row-style-for-25404-7\" ><div id=\"pgc-25404-7-0\"  class=\"panel-grid-cell\" ><div id=\"panel-25404-7-0-0\" class=\"so-panel widget widget_text panel-first-child panel-last-child\" data-index=\"14\" ><h2 class=\"widget-title\">Wil je meer informatie?<\/h2>\t\t\t<div class=\"textwidget\">\n<div class=\"wpcf7 no-js\" id=\"wpcf7-f111-o1\" lang=\"fr-FR\" dir=\"ltr\" data-wpcf7-id=\"111\">\n<div class=\"screen-reader-response\"><p role=\"status\" aria-live=\"polite\" aria-atomic=\"true\"><\/p> <ul><\/ul><\/div>\n<form action=\"\/nl\/wp-json\/wp\/v2\/pages\/25404#wpcf7-f111-o1\" method=\"post\" class=\"wpcf7-form init\" aria-label=\"Formulaire de contact\" novalidate=\"novalidate\" data-status=\"init\">\n<fieldset class=\"hidden-fields-container\"><input type=\"hidden\" name=\"_wpcf7\" value=\"111\" \/><input type=\"hidden\" name=\"_wpcf7_version\" value=\"6.1.5\" \/><input type=\"hidden\" name=\"_wpcf7_locale\" value=\"fr_FR\" \/><input type=\"hidden\" name=\"_wpcf7_unit_tag\" value=\"wpcf7-f111-o1\" \/><input type=\"hidden\" name=\"_wpcf7_container_post\" value=\"0\" \/><input type=\"hidden\" name=\"_wpcf7_posted_data_hash\" value=\"\" \/><input type=\"hidden\" name=\"_wpcf7_recaptcha_response\" value=\"\" \/>\n<\/fieldset>\n<div class=\"wpcf7-response-output\" aria-hidden=\"true\"><\/div>\n\n      <div class=\"row row-14 gutters-14\">\n        <div class=\"col-md-6\">\n          <div class=\"row row-14 gutters-14\">\n            <div class=\"col-md-6\">\n              <div class=\"form-wrap\">\n                <label class=\"form-label\" for=\"prenom\">Pr\u00e9nom<span>*<\/span><\/label>\n                <span class=\"wpcf7-form-control-wrap\" data-name=\"prenom\"><input size=\"40\" maxlength=\"400\" class=\"wpcf7-form-control wpcf7-text wpcf7-validates-as-required form-input\" id=\"prenom\" aria-required=\"true\" aria-invalid=\"false\" placeholder=\"Ex : John\" value=\"\" type=\"text\" name=\"prenom\" \/><\/span>\n              <\/div>\n            <\/div>\n            <div class=\"col-md-6\">\n              <div class=\"form-wrap\">\n                <label class=\"form-label\" for=\"nom\">Nom<span>*<\/span><\/label>\n                <span class=\"wpcf7-form-control-wrap\" data-name=\"nom\"><input size=\"40\" maxlength=\"400\" class=\"wpcf7-form-control wpcf7-text wpcf7-validates-as-required form-input\" id=\"nom\" aria-required=\"true\" aria-invalid=\"false\" placeholder=\"Ex : Doe\" value=\"\" type=\"text\" name=\"nom\" \/><\/span>\n              <\/div>\n            <\/div>\n          <\/div>\n          <div class=\"row row-14 gutters-14\">\n            <div class=\"col-md-6\">\n              <div class=\"form-wrap\">\n                <label class=\"form-label\" for=\"mail\">Email<span>*<\/span><\/label>\n                <span class=\"wpcf7-form-control-wrap\" data-name=\"mail\"><input size=\"40\" maxlength=\"400\" class=\"wpcf7-form-control wpcf7-email wpcf7-validates-as-required wpcf7-text wpcf7-validates-as-email form-input\" id=\"mail\" aria-required=\"true\" aria-invalid=\"false\" placeholder=\"Ex : john.doe@example.com\" value=\"\" type=\"email\" name=\"mail\" \/><\/span>\n              <\/div>\n            <\/div>\n            <div class=\"col-md-6\">\n              <div class=\"form-wrap\">\n                <label class=\"form-label\" for=\"telephone\">Telephone<\/label>\n                <span class=\"wpcf7-form-control-wrap\" data-name=\"telephone\"><input size=\"40\" maxlength=\"400\" class=\"wpcf7-form-control wpcf7-text form-input\" id=\"telephone\" aria-invalid=\"false\" placeholder=\"Ex : 06 12 13 05 30\" value=\"\" type=\"text\" name=\"telephone\" \/><\/span>\n              <\/div>\n            <\/div>\n          <\/div>\n        <\/div>\n        <div class=\"col-md-6\">\n          <div class=\"form-wrap\">\n            <label class=\"form-label\" for=\"message\">Message<span>*<\/span><\/label>\n            <span class=\"wpcf7-form-control-wrap\" data-name=\"message\"><textarea cols=\"40\" rows=\"10\" maxlength=\"2000\" class=\"wpcf7-form-control wpcf7-textarea wpcf7-validates-as-required form-input textarea-lg\" id=\"message\" aria-required=\"true\" aria-invalid=\"false\" placeholder=\"Votre message ici ...\" name=\"message\"><\/textarea><\/span>\n          <\/div>\n        <\/div>\n        <div class=\"col-12\">\n          <div class=\"form-wrap\">\n            <label class=\"checkbox-inline\">\n              <span class=\"wpcf7-form-control-wrap\" data-name=\"agree\"><span class=\"wpcf7-form-control wpcf7-checkbox\"><span class=\"wpcf7-list-item first last\"><input type=\"checkbox\" name=\"agree[]\" value=\"J\u2019accepte votre politique de confidentialit\u00e9\" \/><span class=\"wpcf7-list-item-label\">J\u2019accepte votre politique de confidentialit\u00e9<\/span><\/span><\/span><\/span>\n            <\/label>\n          <\/div>\n        <\/div>\n      <\/div>\n      <button id=\"submit\" class=\"wpcf7-form-control wpcf7-submit button button-primary button-pipaluk\" type=\"submit\">Envoyer<\/button>\n<input class=\"wpcf7-form-control wpcf7-hidden\" value=\"\" type=\"hidden\" name=\"page-title\" \/>\n<input class=\"wpcf7-form-control wpcf7-hidden\" value=\"\" type=\"hidden\" name=\"page-url\" \/>\n<\/form>\n<\/div>\n\n<\/div>\n\t\t<\/div><\/div><\/div><\/div><div id=\"pg-25404-8\"  class=\"panel-grid panel-no-style\" ><div id=\"pgc-25404-8-0\"  class=\"panel-grid-cell\" ><div id=\"panel-25404-8-0-0\" class=\"so-panel widget widget_mm-widget-faq panel-first-child panel-last-child\" data-index=\"15\" ><div\n\t\t\t\n\t\t\tclass=\"so-widget-mm-widget-faq so-widget-mm-widget-faq-base\"\n\t\t\t\n\t\t>  <div class=\"row row-30\">\n    <div class=\"col-12\">\n      <h2 class=\"text-left widget-title\">Meestgestelde vragen over Stand Up Paddle Annecy<\/h2>\n    <\/div>\n  <\/div>\n\n<div class=\"row row-50 justify-content-center justify-content-xl-between row-faq position-relative\">\n    <div class=\"col-md-6 row-faq\">\n    <h3 class=\"red-text\">O\u00f9 se trouve la base de Stand Up Paddle Annecy?<\/h3>\n    <p>La base de Stand Up Paddle \u201cGliss cool\u201d se trouve \u00e0 Angon \u00e0 cot\u00e9 du village de Talloires \u00e0 environ 30 minutes depuis Annecy, pour nous situer jetez un coup d\u2019oeil \u00e0 la carte juste en dessous.\nVoici notre adresse : 228 route du ponton, 74290 Talloires Point GPS 45.828408, 6.218670\nSe rendre jusqu\u2019\u00e0 Angon, commune de Talloires 74290 puis prendre l\u2019entr\u00e9e du camping du Lanfonnet, et suivre la route goudronn\u00e9e jusqu\u2019au lac.\nPossibilit\u00e9 de venir en bus depuis Annecy (ligne 61) ou en v\u00e9lo par la piste cyclable.<\/p>\n  <\/div>\n    <div class=\"col-md-6 row-faq\">\n    <h3 class=\"red-text\">Que doit on pr\u00e9voir?<\/h3>\n    <p>Pour venir faire du Stand Up Paddle, vous aurez seulement besoin de votre maillot de bain et de cr\u00e8me solaire. Nous vous fournissons le mat\u00e9riel, planche, pagaie et gilet de sauvetage.\nNous vous ferons un briefing, pour vous expliquer la technique, les zones o\u00f9 naviguer et les dangers \u00e0 \u00e9viter.\nSi vous portez des lunettes pr\u00e9voyez un cordon pour ne pas les perdre car elle pourraient couler au fond du lac...<\/p>\n  <\/div>\n    <div class=\"col-md-6 row-faq\">\n    <h3 class=\"red-text\">Quand est ce que l'on peut faire du Stand Up Paddle \u00e0 Annecy?<\/h3>\n    <p>Dans la r\u00e9gion d\u2019Annecy, la saison pour faire du Stand Up Paddle est juillet aout\u2026 En dehors de cette p\u00e9riode, l\u2019eau du lac est trop fraiche.<\/p>\n  <\/div>\n  <\/div>\n\n<div class=\"row\">\n  <div class=\"col-12 text-center mt-4\" data-wow-delay=\".1s\">\n    <a href=\"#\" class=\"more-faq fa fa-angle-down active\"><\/a>\n  <\/div>\n<\/div><\/div><\/div><\/div><\/div><\/div>","protected":false},"excerpt":{"rendered":"<p>De Stand Up Paddle, of suppen,\u00a0 verscheen een aantal geleden op het meer van Annecy. Oorspronkelijk wordt deze board- sport beoefend in de golven van de zee&#8230; Angon, het mooiste startpunt voor een Stand Up Paddle-tochtje op het meer van Annecy. De Stand Up Paddle, of het suppen, is een heerlijke en actieve manier om [&hellip;]<\/p>\n","protected":false},"author":1,"featured_media":0,"parent":0,"menu_order":0,"comment_status":"closed","ping_status":"closed","template":"","meta":{"footnotes":""},"class_list":["post-25404","page","type-page","status-publish","hentry","type-activiteiten","type-water-2"],"yoast_head":"<!-- This site is optimized with the Yoast SEO Premium plugin v27.3 (Yoast SEO v27.3) - https:\/\/yoast.com\/product\/yoast-seo-premium-wordpress\/ -->\n<title>Stand Up Paddle (SUP) &#8211; Canyoning Annecy et Sport Mont\u00e9 M\u00e9dio<\/title>\n<meta name=\"robots\" content=\"index, follow, max-snippet:-1, max-image-preview:large, max-video-preview:-1\" \/>\n<link rel=\"canonical\" href=\"https:\/\/montemedio.com\/nl\/stand-up-paddle-sup\/\" \/>\n<meta property=\"og:locale\" content=\"nl_NL\" \/>\n<meta property=\"og:type\" content=\"article\" \/>\n<meta property=\"og:title\" content=\"Stand Up Paddle (SUP)\" \/>\n<meta property=\"og:description\" content=\"De Stand Up Paddle, of suppen,\u00a0 verscheen een aantal geleden op het meer van Annecy. Oorspronkelijk wordt deze board- sport beoefend in de golven van de zee... Angon, het mooiste startpunt voor een Stand Up Paddle-tochtje op het meer van Annecy. De Stand Up Paddle, of het suppen, is een heerlijke en actieve manier om [&hellip;]\" \/>\n<meta property=\"og:url\" content=\"https:\/\/montemedio.com\/nl\/stand-up-paddle-sup\/\" \/>\n<meta property=\"og:site_name\" content=\"Canyoning Annecy et Sport Mont\u00e9 M\u00e9dio\" \/>\n<meta property=\"article:publisher\" content=\"https:\/\/www.facebook.com\/montemedio\/\" \/>\n<meta property=\"article:modified_time\" content=\"2023-03-14T11:27:17+00:00\" \/>\n<meta property=\"og:image\" content=\"https:\/\/montemedio.com\/wp-content\/themes\/monte-medio\/assets\/images\/map.svg\" \/>\n<meta name=\"twitter:card\" content=\"summary_large_image\" \/>\n<meta name=\"twitter:label1\" content=\"Geschatte leestijd\" \/>\n\t<meta name=\"twitter:data1\" content=\"1 minuut\" \/>\n<script type=\"application\/ld+json\" class=\"yoast-schema-graph\">{\"@context\":\"https:\\\/\\\/schema.org\",\"@graph\":[{\"@type\":\"WebPage\",\"@id\":\"https:\\\/\\\/montemedio.com\\\/nl\\\/stand-up-paddle-sup\\\/\",\"url\":\"https:\\\/\\\/montemedio.com\\\/nl\\\/stand-up-paddle-sup\\\/\",\"name\":\"Stand Up Paddle (SUP) &#8211; Canyoning Annecy et Sport Mont\u00e9 M\u00e9dio\",\"isPartOf\":{\"@id\":\"https:\\\/\\\/montemedio.com\\\/nl\\\/#website\"},\"primaryImageOfPage\":{\"@id\":\"https:\\\/\\\/montemedio.com\\\/nl\\\/stand-up-paddle-sup\\\/#primaryimage\"},\"image\":{\"@id\":\"https:\\\/\\\/montemedio.com\\\/nl\\\/stand-up-paddle-sup\\\/#primaryimage\"},\"thumbnailUrl\":\"https:\\\/\\\/montemedio.com\\\/wp-content\\\/themes\\\/monte-medio\\\/assets\\\/images\\\/map.svg\",\"datePublished\":\"2021-02-06T16:08:42+00:00\",\"dateModified\":\"2023-03-14T11:27:17+00:00\",\"breadcrumb\":{\"@id\":\"https:\\\/\\\/montemedio.com\\\/nl\\\/stand-up-paddle-sup\\\/#breadcrumb\"},\"inLanguage\":\"nl-NL\",\"potentialAction\":[{\"@type\":\"ReadAction\",\"target\":[\"https:\\\/\\\/montemedio.com\\\/nl\\\/stand-up-paddle-sup\\\/\"]}]},{\"@type\":\"ImageObject\",\"inLanguage\":\"nl-NL\",\"@id\":\"https:\\\/\\\/montemedio.com\\\/nl\\\/stand-up-paddle-sup\\\/#primaryimage\",\"url\":\"https:\\\/\\\/montemedio.com\\\/wp-content\\\/themes\\\/monte-medio\\\/assets\\\/images\\\/map.svg\",\"contentUrl\":\"https:\\\/\\\/montemedio.com\\\/wp-content\\\/themes\\\/monte-medio\\\/assets\\\/images\\\/map.svg\"},{\"@type\":\"BreadcrumbList\",\"@id\":\"https:\\\/\\\/montemedio.com\\\/nl\\\/stand-up-paddle-sup\\\/#breadcrumb\",\"itemListElement\":[{\"@type\":\"ListItem\",\"position\":1,\"name\":\"Accueil\",\"item\":\"https:\\\/\\\/montemedio.com\\\/nl\\\/\"},{\"@type\":\"ListItem\",\"position\":2,\"name\":\"Stand Up Paddle (SUP)\"}]},{\"@type\":\"WebSite\",\"@id\":\"https:\\\/\\\/montemedio.com\\\/nl\\\/#website\",\"url\":\"https:\\\/\\\/montemedio.com\\\/nl\\\/\",\"name\":\"Canyoning Annecy et Sport Mont\u00e9 M\u00e9dio\",\"description\":\"Partez en qu\u00eate d&#039;\u00e9chapp\u00e9es belles\",\"potentialAction\":[{\"@type\":\"SearchAction\",\"target\":{\"@type\":\"EntryPoint\",\"urlTemplate\":\"https:\\\/\\\/montemedio.com\\\/nl\\\/?s={search_term_string}\"},\"query-input\":{\"@type\":\"PropertyValueSpecification\",\"valueRequired\":true,\"valueName\":\"search_term_string\"}}],\"inLanguage\":\"nl-NL\"}]}<\/script>\n<!-- \/ Yoast SEO Premium plugin. -->","yoast_head_json":{"title":"Stand Up Paddle (SUP) &#8211; Canyoning Annecy et Sport Mont\u00e9 M\u00e9dio","robots":{"index":"index","follow":"follow","max-snippet":"max-snippet:-1","max-image-preview":"max-image-preview:large","max-video-preview":"max-video-preview:-1"},"canonical":"https:\/\/montemedio.com\/nl\/stand-up-paddle-sup\/","og_locale":"nl_NL","og_type":"article","og_title":"Stand Up Paddle (SUP)","og_description":"De Stand Up Paddle, of suppen,\u00a0 verscheen een aantal geleden op het meer van Annecy. Oorspronkelijk wordt deze board- sport beoefend in de golven van de zee... Angon, het mooiste startpunt voor een Stand Up Paddle-tochtje op het meer van Annecy. De Stand Up Paddle, of het suppen, is een heerlijke en actieve manier om [&hellip;]","og_url":"https:\/\/montemedio.com\/nl\/stand-up-paddle-sup\/","og_site_name":"Canyoning Annecy et Sport Mont\u00e9 M\u00e9dio","article_publisher":"https:\/\/www.facebook.com\/montemedio\/","article_modified_time":"2023-03-14T11:27:17+00:00","og_image":[{"url":"https:\/\/montemedio.com\/wp-content\/themes\/monte-medio\/assets\/images\/map.svg","type":"","width":"","height":""}],"twitter_card":"summary_large_image","twitter_misc":{"Geschatte leestijd":"1 minuut"},"schema":{"@context":"https:\/\/schema.org","@graph":[{"@type":"WebPage","@id":"https:\/\/montemedio.com\/nl\/stand-up-paddle-sup\/","url":"https:\/\/montemedio.com\/nl\/stand-up-paddle-sup\/","name":"Stand Up Paddle (SUP) &#8211; Canyoning Annecy et Sport Mont\u00e9 M\u00e9dio","isPartOf":{"@id":"https:\/\/montemedio.com\/nl\/#website"},"primaryImageOfPage":{"@id":"https:\/\/montemedio.com\/nl\/stand-up-paddle-sup\/#primaryimage"},"image":{"@id":"https:\/\/montemedio.com\/nl\/stand-up-paddle-sup\/#primaryimage"},"thumbnailUrl":"https:\/\/montemedio.com\/wp-content\/themes\/monte-medio\/assets\/images\/map.svg","datePublished":"2021-02-06T16:08:42+00:00","dateModified":"2023-03-14T11:27:17+00:00","breadcrumb":{"@id":"https:\/\/montemedio.com\/nl\/stand-up-paddle-sup\/#breadcrumb"},"inLanguage":"nl-NL","potentialAction":[{"@type":"ReadAction","target":["https:\/\/montemedio.com\/nl\/stand-up-paddle-sup\/"]}]},{"@type":"ImageObject","inLanguage":"nl-NL","@id":"https:\/\/montemedio.com\/nl\/stand-up-paddle-sup\/#primaryimage","url":"https:\/\/montemedio.com\/wp-content\/themes\/monte-medio\/assets\/images\/map.svg","contentUrl":"https:\/\/montemedio.com\/wp-content\/themes\/monte-medio\/assets\/images\/map.svg"},{"@type":"BreadcrumbList","@id":"https:\/\/montemedio.com\/nl\/stand-up-paddle-sup\/#breadcrumb","itemListElement":[{"@type":"ListItem","position":1,"name":"Accueil","item":"https:\/\/montemedio.com\/nl\/"},{"@type":"ListItem","position":2,"name":"Stand Up Paddle (SUP)"}]},{"@type":"WebSite","@id":"https:\/\/montemedio.com\/nl\/#website","url":"https:\/\/montemedio.com\/nl\/","name":"Canyoning Annecy et Sport Mont\u00e9 M\u00e9dio","description":"Partez en qu\u00eate d&#039;\u00e9chapp\u00e9es belles","potentialAction":[{"@type":"SearchAction","target":{"@type":"EntryPoint","urlTemplate":"https:\/\/montemedio.com\/nl\/?s={search_term_string}"},"query-input":{"@type":"PropertyValueSpecification","valueRequired":true,"valueName":"search_term_string"}}],"inLanguage":"nl-NL"}]}},"_links":{"self":[{"href":"https:\/\/montemedio.com\/nl\/wp-json\/wp\/v2\/pages\/25404","targetHints":{"allow":["GET"]}}],"collection":[{"href":"https:\/\/montemedio.com\/nl\/wp-json\/wp\/v2\/pages"}],"about":[{"href":"https:\/\/montemedio.com\/nl\/wp-json\/wp\/v2\/types\/page"}],"author":[{"embeddable":true,"href":"https:\/\/montemedio.com\/nl\/wp-json\/wp\/v2\/users\/1"}],"replies":[{"embeddable":true,"href":"https:\/\/montemedio.com\/nl\/wp-json\/wp\/v2\/comments?post=25404"}],"version-history":[{"count":11,"href":"https:\/\/montemedio.com\/nl\/wp-json\/wp\/v2\/pages\/25404\/revisions"}],"predecessor-version":[{"id":25727,"href":"https:\/\/montemedio.com\/nl\/wp-json\/wp\/v2\/pages\/25404\/revisions\/25727"}],"wp:attachment":[{"href":"https:\/\/montemedio.com\/nl\/wp-json\/wp\/v2\/media?parent=25404"}],"curies":[{"name":"wp","href":"https:\/\/api.w.org\/{rel}","templated":true}]}}